{"id":72139,"date":"2025-07-29T08:59:29","date_gmt":"2025-07-29T08:59:29","guid":{"rendered":"https:\/\/fv6qoy3ls0.wpdns.site\/produto\/autel-evo-ii-protectores-de-helice\/"},"modified":"2025-11-04T17:36:40","modified_gmt":"2025-11-04T17:36:40","slug":"autel-evo-ii-protectores-de-helice","status":"publish","type":"product","link":"https:\/\/hi-techwonder.com\/es\/producto\/autel-evo-ii-protectores-de-helice\/","title":{"rendered":"AUTEL EVO II &#8211; Protectores de h\u00e9lice"},"content":{"rendered":"<p><strong>AUTEL EVO II &#8211; Protectores de h\u00e9lice<\/strong><\/p>\n<p><strong>Caracter\u00edsticas principales:<\/strong><\/p>\n<ul>\n<li>Los protectores de h\u00e9lices est\u00e1n dise\u00f1ados para proteger la seguridad de la aeronave y los peatones circundantes.<\/li>\n<li>Alta intensidad y resistencia.<\/li>\n<li>Los protectores divididos son port\u00e1tiles y f\u00e1ciles de instalar.<\/li>\n<\/ul>\n<p><strong>Contenido del paquete:<\/strong><\/p>\n<ul>\n<li><strong>1 x <\/strong>Protectores de h\u00e9lice EVO II<\/li>\n<li><strong>1 x<\/strong> Manual de instrucciones de protectores de h\u00e9lice<\/li>\n<\/ul>\n<p style=\"text-align: justify;\">Los protectores de h\u00e9lices EVO II de Autel Robotics est\u00e1n dise\u00f1ados para drones EVO II para mejorar la seguridad del vuelo. Instale o retire r\u00e1pidamente los protectores de la h\u00e9lice con un mecanismo de bloqueo simple y seguro. Los protectores de h\u00e9lices de la serie EVO 2 est\u00e1n construidos para durar con materiales fuertes y duraderos.  <\/p>\n<p style=\"text-align: justify;\">Los protectores de h\u00e9lice para drones EVO II est\u00e1n dise\u00f1ados para funcionar solo con drones de la serie EVO II, incluidos EVO II, EVO II Pro, EVO II Dual.<\/p>\n<p style=\"text-align: justify;\"><iframe loading=\"lazy\" style=\"min-height: 500px; width: 100%; height: auto;\" src=\"https:\/\/www.youtube.com\/embed\/B5oXRoEQz-Y\" width=\"560\" height=\"314\" allowfullscreen=\"allowfullscreen\"><\/iframe><\/p>\n<p><strong>Caracter\u00edsticas t\u00e9cnicas:<\/strong><\/p>\n<ul>\n<li>Tama\u00f1o: 251 X 164 mm<\/li>\n<li>Material: PC +10% Fibra de vidrio<\/li>\n<\/ul>\n","protected":false},"excerpt":{"rendered":"<p>AUTEL EVO II &#8211; Protectores de h\u00e9lice Caracter\u00edsticas principales: Los protectores de h\u00e9lices est\u00e1n dise\u00f1ados para proteger la seguridad de<\/p>\n","protected":false},"featured_media":43666,"comment_status":"closed","ping_status":"open","template":"","meta":{"_acf_changed":false},"product_brand":[2671],"product_cat":[936],"product_tag":[],"class_list":{"0":"post-72139","1":"product","2":"type-product","3":"status-publish","4":"has-post-thumbnail","6":"product_brand-autel-es","7":"product_cat-accesorios-drones","9":"first","10":"instock","11":"taxable","12":"shipping-taxable","13":"purchasable","14":"product-type-simple"},"bundled_by":[],"bundle_stock_status":"instock","bundle_stock_quantity":1,"bundle_virtual":false,"bundle_layout":"","bundle_add_to_cart_form_location":"","bundle_editable_in_cart":false,"bundle_sold_individually_context":"","bundle_item_grouping":"","bundle_min_size":"","bundle_max_size":"","bundle_price":[],"bundled_items":[],"bundle_sell_ids":[],"acf":[],"_links":{"self":[{"href":"https:\/\/hi-techwonder.com\/es\/wp-json\/wp\/v2\/product\/72139","targetHints":{"allow":["GET"]}}],"collection":[{"href":"https:\/\/hi-techwonder.com\/es\/wp-json\/wp\/v2\/product"}],"about":[{"href":"https:\/\/hi-techwonder.com\/es\/wp-json\/wp\/v2\/types\/product"}],"replies":[{"embeddable":true,"href":"https:\/\/hi-techwonder.com\/es\/wp-json\/wp\/v2\/comments?post=72139"}],"wp:featuredmedia":[{"embeddable":true,"href":"https:\/\/hi-techwonder.com\/es\/wp-json\/wp\/v2\/media\/43666"}],"wp:attachment":[{"href":"https:\/\/hi-techwonder.com\/es\/wp-json\/wp\/v2\/media?parent=72139"}],"wp:term":[{"taxonomy":"product_brand","embeddable":true,"href":"https:\/\/hi-techwonder.com\/es\/wp-json\/wp\/v2\/product_brand?post=72139"},{"taxonomy":"product_cat","embeddable":true,"href":"https:\/\/hi-techwonder.com\/es\/wp-json\/wp\/v2\/product_cat?post=72139"},{"taxonomy":"product_tag","embeddable":true,"href":"https:\/\/hi-techwonder.com\/es\/wp-json\/wp\/v2\/product_tag?post=72139"}],"curies":[{"name":"wp","href":"https:\/\/api.w.org\/{rel}","templated":true}]}}