{"id":72140,"date":"2025-07-28T23:56:35","date_gmt":"2025-07-28T23:56:35","guid":{"rendered":"https:\/\/fv6qoy3ls0.wpdns.site\/produto\/soporte-de-muneca-b-i-g-big\/"},"modified":"2026-01-31T03:19:33","modified_gmt":"2026-01-31T03:19:33","slug":"b-i-g-soporte-de-muneca-b-i-g-big","status":"publish","type":"product","link":"https:\/\/hi-techwonder.com\/es\/producto\/b-i-g-soporte-de-muneca-b-i-g-big\/","title":{"rendered":"Soporte de mu\u00f1eca B.I.G. BIG"},"content":{"rendered":"<p>No m\u00e1s preocupaciones por llevar la c\u00e1mara en la mano, con este accesorio GRANDE siempre estar\u00e1 segura en tu mu\u00f1eca y con toda la comodidad.<\/p>\n","protected":false},"excerpt":{"rendered":"<p>No m\u00e1s preocupaciones por llevar la c\u00e1mara en la mano, con este accesorio GRANDE siempre estar\u00e1 segura en tu mu\u00f1eca<\/p>\n","protected":false},"featured_media":30513,"comment_status":"closed","ping_status":"closed","template":"","meta":{"_acf_changed":false},"product_brand":[2589],"product_cat":[903],"product_tag":[],"class_list":{"0":"post-72140","1":"product","2":"type-product","3":"status-publish","4":"has-post-thumbnail","6":"product_brand-b-i-g-es","7":"product_cat-correas-y-tirantes","8":"pa_cor-negro","10":"first","11":"instock","12":"taxable","13":"shipping-taxable","14":"purchasable","15":"product-type-simple"},"bundled_by":[],"bundle_stock_status":"instock","bundle_stock_quantity":1,"bundle_virtual":false,"bundle_layout":"","bundle_add_to_cart_form_location":"","bundle_editable_in_cart":false,"bundle_sold_individually_context":"","bundle_item_grouping":"","bundle_min_size":"","bundle_max_size":"","bundle_price":[],"bundled_items":[],"bundle_sell_ids":[],"acf":[],"_links":{"self":[{"href":"https:\/\/hi-techwonder.com\/es\/wp-json\/wp\/v2\/product\/72140","targetHints":{"allow":["GET"]}}],"collection":[{"href":"https:\/\/hi-techwonder.com\/es\/wp-json\/wp\/v2\/product"}],"about":[{"href":"https:\/\/hi-techwonder.com\/es\/wp-json\/wp\/v2\/types\/product"}],"replies":[{"embeddable":true,"href":"https:\/\/hi-techwonder.com\/es\/wp-json\/wp\/v2\/comments?post=72140"}],"wp:featuredmedia":[{"embeddable":true,"href":"https:\/\/hi-techwonder.com\/es\/wp-json\/wp\/v2\/media\/30513"}],"wp:attachment":[{"href":"https:\/\/hi-techwonder.com\/es\/wp-json\/wp\/v2\/media?parent=72140"}],"wp:term":[{"taxonomy":"product_brand","embeddable":true,"href":"https:\/\/hi-techwonder.com\/es\/wp-json\/wp\/v2\/product_brand?post=72140"},{"taxonomy":"product_cat","embeddable":true,"href":"https:\/\/hi-techwonder.com\/es\/wp-json\/wp\/v2\/product_cat?post=72140"},{"taxonomy":"product_tag","embeddable":true,"href":"https:\/\/hi-techwonder.com\/es\/wp-json\/wp\/v2\/product_tag?post=72140"}],"curies":[{"name":"wp","href":"https:\/\/api.w.org\/{rel}","templated":true}]}}