{"id":72143,"date":"2025-07-29T10:57:57","date_gmt":"2025-07-29T10:57:57","guid":{"rendered":"https:\/\/fv6qoy3ls0.wpdns.site\/produto\/expansion-de-red-wifi-sdi-de-atomos-connect-para-ninja-v-v\/"},"modified":"2026-03-02T17:37:55","modified_gmt":"2026-03-02T17:37:55","slug":"atomos-expansion-de-red-wifi-sdi-de-atomos-connect-para-ninja-v-v","status":"publish","type":"product","link":"https:\/\/hi-techwonder.com\/es\/producto\/atomos-expansion-de-red-wifi-sdi-de-atomos-connect-para-ninja-v-v\/","title":{"rendered":"Expansi\u00f3n de red\/WiFi\/SDI de ATOMOS CONNECT para Ninja V\/V+"},"content":{"rendered":"<p><strong style=\"font-size: 14.4px;text-align: justify;color: #ba372a;font-family: 'arial black', sans-serif\">La venta de este art\u00edculo, por parte de Hi-Techwonder, est\u00e1 limitada a profesionales\/empresas. Monitor\/Grabador no incluido. <\/strong><\/p>\n<p><strong>Expansi\u00f3n de red\/WiFi\/SDI de ATOMOS CONNECT para Ninja V\/V+<\/strong><\/p>\n<p>Ampl\u00ede las capacidades de video y redes de su monitor Ninja V o Ninja V+ con Atomos CONNECT. Dise\u00f1ado para caber en la parte posterior de su monitor compatible y asegurado mediante dos tornillos, CONNECT cuenta con una entrada 12G-SDI y antenas para capacidades Wi-Fi 6. CONNECT es compatible con Bluetooth LE y Gigabit Ethernet con la entrada LAN incorporada para que pueda transmitir a conmutadores de video en red, pantallas adicionales o destinos en la nube.  <\/p>\n<p>El dispositivo admite el c\u00f3digo de tiempo inal\u00e1mbrico Atomos Sync para sincronizar perfectamente el c\u00f3digo de tiempo de su c\u00e1mara conectada para una mejor integraci\u00f3n del sistema. Una ranura para bater\u00eda de la serie L puede alimentar el accesorio. El perfil delgado de CONNECT complementa el factor de forma compacto de los monitores Ninja V y Ninja V+ para evitar agregar volumen a la configuraci\u00f3n de su equipo preexistente.  <\/p>\n<p><iframe loading=\"lazy\" src=\"https:\/\/www.youtube.com\/embed\/Yp_0lXH68cc\" width=\"560\" height=\"314\" allowfullscreen=\"allowfullscreen\"><\/iframe><\/p>\n","protected":false},"excerpt":{"rendered":"<p>La venta de este art\u00edculo, por parte de Hi-Techwonder, est\u00e1 limitada a profesionales\/empresas. Monitor\/Grabador no incluido. Expansi\u00f3n de red\/WiFi\/SDI de<\/p>\n","protected":false},"featured_media":70124,"comment_status":"closed","ping_status":"open","template":"","meta":{"_acf_changed":false},"product_brand":[2719],"product_cat":[1117],"product_tag":[],"class_list":{"0":"post-72143","1":"product","2":"type-product","3":"status-publish","4":"has-post-thumbnail","6":"product_brand-atomos-es","7":"product_cat-monitores-grabadores","9":"first","10":"instock","11":"taxable","12":"shipping-taxable","13":"purchasable","14":"product-type-simple"},"bundled_by":[],"bundle_stock_status":"instock","bundle_stock_quantity":1,"bundle_virtual":false,"bundle_layout":"","bundle_add_to_cart_form_location":"","bundle_editable_in_cart":false,"bundle_sold_individually_context":"","bundle_item_grouping":"","bundle_min_size":"","bundle_max_size":"","bundle_price":[],"bundled_items":[],"bundle_sell_ids":[],"acf":[],"_links":{"self":[{"href":"https:\/\/hi-techwonder.com\/es\/wp-json\/wp\/v2\/product\/72143","targetHints":{"allow":["GET"]}}],"collection":[{"href":"https:\/\/hi-techwonder.com\/es\/wp-json\/wp\/v2\/product"}],"about":[{"href":"https:\/\/hi-techwonder.com\/es\/wp-json\/wp\/v2\/types\/product"}],"replies":[{"embeddable":true,"href":"https:\/\/hi-techwonder.com\/es\/wp-json\/wp\/v2\/comments?post=72143"}],"wp:featuredmedia":[{"embeddable":true,"href":"https:\/\/hi-techwonder.com\/es\/wp-json\/wp\/v2\/media\/70124"}],"wp:attachment":[{"href":"https:\/\/hi-techwonder.com\/es\/wp-json\/wp\/v2\/media?parent=72143"}],"wp:term":[{"taxonomy":"product_brand","embeddable":true,"href":"https:\/\/hi-techwonder.com\/es\/wp-json\/wp\/v2\/product_brand?post=72143"},{"taxonomy":"product_cat","embeddable":true,"href":"https:\/\/hi-techwonder.com\/es\/wp-json\/wp\/v2\/product_cat?post=72143"},{"taxonomy":"product_tag","embeddable":true,"href":"https:\/\/hi-techwonder.com\/es\/wp-json\/wp\/v2\/product_tag?post=72143"}],"curies":[{"name":"wp","href":"https:\/\/api.w.org\/{rel}","templated":true}]}}