{"id":72145,"date":"2025-07-28T23:45:27","date_gmt":"2025-07-28T23:45:27","guid":{"rendered":"https:\/\/fv6qoy3ls0.wpdns.site\/produto\/ars-imago-revelador-de-pelicula-monobath-2x500ml\/"},"modified":"2026-01-08T15:31:34","modified_gmt":"2026-01-08T15:31:34","slug":"ars-imago-revelador-de-pelicula-monobath-2x500ml","status":"publish","type":"product","link":"https:\/\/hi-techwonder.com\/es\/producto\/ars-imago-revelador-de-pelicula-monobath-2x500ml\/","title":{"rendered":"ARS-IMAGO Revelador de Pel\u00edcula Monobath 2x500ml"},"content":{"rendered":"<p>El Monobath permite el revelado y la fijaci\u00f3n simult\u00e1neos de una pel\u00edcula en blanco y negro, de forma muy f\u00e1cil y c\u00f3moda.<\/p>\n<p>Como su nombre indica, un desarrollador fixer es una soluci\u00f3n \u00fanica que combina las acciones de desarrollo y reparaci\u00f3n.<\/p>\n<p>No hay necesidad de ba\u00f1os separados. Con este tipo de desarrollo, la velocidad de inclinaci\u00f3n, la temperatura (siempre que est\u00e9 entre 20\u00b0 y 25\u00b0) y otras condiciones del proceso no son relevantes. <\/p>\n<p>Al mezclar la parte A con la parte B, la qu\u00edmica est\u00e1 lista para usar y dura m\u00e1s de 14 d\u00edas y tambi\u00e9n permite el revelado de hasta 15 pel\u00edculas.<\/p>\n<p>El revelador consigue hermosos resultados con contraste medio-alto y tonos equilibrados a una temperatura entre 20\u00b0 y 25\u00b0.<\/p>\n<p><strong>Pr\u00e1ctico<\/strong>: una soluci\u00f3n de trabajo, 10 minutos y su pel\u00edcula est\u00e1 revelada.&nbsp;<\/p>\n<p><strong>Econ\u00f3mico<\/strong>: alto rendimiento<\/p>\n<p><strong>Eficiente<\/strong>: altos contrastes, hermosos resultados<\/p>\n<p><strong>Punta para mayor durabilidad<\/strong><\/p>\n<p>Una vez que se mezclan las dos soluciones monobath, los productos qu\u00edmicos comienzan a reaccionar entre s\u00ed. Si se almacena de esta manera durante demasiado tiempo, se acumular\u00e1n sedimentos oscuros en el fondo de los contenedores. Estos deben separarse cuidadosamente del resto del l\u00edquido (usando un filtro de caf\u00e9 o decantando con cuidado). Despu\u00e9s de eso, el monoba\u00f1o puede seguir utiliz\u00e1ndose. Garantizamos el funcionamiento impecable de la qu\u00edmica durante dos semanas y 15 pel\u00edculas. Sin embargo, nuestra experiencia actual muestra que el monoba\u00f1o se puede usar por m\u00e1s tiempo y para m\u00e1s pel\u00edculas, pero los resultados pueden variar.     <\/p>\n<p><strong>Modo de empleo<\/strong><\/p>\n<p><strong>Almacenamiento<\/strong><\/p>\n<p>Despu\u00e9s de mezclar la parte A y la parte B (1+1), puede reutilizar la soluci\u00f3n varias veces en el transcurso de dos semanas. El tiempo de desarrollo recomendado es de 8 minutos con un ritmo de inclinaci\u00f3n de 10 segundos por minuto. <\/p>\n<p><strong>Diluci\u00f3n<\/strong><\/p>\n<p>Para obtener una soluci\u00f3n diluida 1:1, la soluci\u00f3n (A+B) se mezcla con la misma cantidad de agua. Recomendamos utilizar esta diluci\u00f3n como un solo desarrollo, aunque seg\u00fan las pruebas actuales de ars-imago, tambi\u00e9n es posible el uso m\u00faltiple de esta soluci\u00f3n. El tiempo de desarrollo recomendado es de 10 minutos con un ritmo de inclinaci\u00f3n de 10 segundos por minuto.  <\/p>\n<p><strong>Temperatura:<\/strong><\/p>\n<p>La temperatura no es relevante siempre que est\u00e9 entre 20\u00b0 y 25\u00b0.<\/p>\n<p><strong>Lavado<\/strong><\/p>\n<p>Enjuague normalmente despu\u00e9s del desarrollo.<\/p>\n","protected":false},"excerpt":{"rendered":"<p>El Monobath permite el revelado y la fijaci\u00f3n simult\u00e1neos de una pel\u00edcula en blanco y negro, de forma muy f\u00e1cil<\/p>\n","protected":false},"featured_media":27250,"comment_status":"closed","ping_status":"open","template":"","meta":{"_acf_changed":false},"product_brand":[2606],"product_cat":[886],"product_tag":[],"class_list":{"0":"post-72145","1":"product","2":"type-product","3":"status-publish","4":"has-post-thumbnail","6":"product_brand-ars-imago-es","7":"product_cat-quimicos-es","9":"first","10":"instock","11":"taxable","12":"shipping-taxable","13":"purchasable","14":"product-type-simple"},"bundled_by":[],"bundle_stock_status":"instock","bundle_stock_quantity":1,"bundle_virtual":false,"bundle_layout":"","bundle_add_to_cart_form_location":"","bundle_editable_in_cart":false,"bundle_sold_individually_context":"","bundle_item_grouping":"","bundle_min_size":"","bundle_max_size":"","bundle_price":[],"bundled_items":[],"bundle_sell_ids":[],"acf":[],"_links":{"self":[{"href":"https:\/\/hi-techwonder.com\/es\/wp-json\/wp\/v2\/product\/72145","targetHints":{"allow":["GET"]}}],"collection":[{"href":"https:\/\/hi-techwonder.com\/es\/wp-json\/wp\/v2\/product"}],"about":[{"href":"https:\/\/hi-techwonder.com\/es\/wp-json\/wp\/v2\/types\/product"}],"replies":[{"embeddable":true,"href":"https:\/\/hi-techwonder.com\/es\/wp-json\/wp\/v2\/comments?post=72145"}],"wp:featuredmedia":[{"embeddable":true,"href":"https:\/\/hi-techwonder.com\/es\/wp-json\/wp\/v2\/media\/27250"}],"wp:attachment":[{"href":"https:\/\/hi-techwonder.com\/es\/wp-json\/wp\/v2\/media?parent=72145"}],"wp:term":[{"taxonomy":"product_brand","embeddable":true,"href":"https:\/\/hi-techwonder.com\/es\/wp-json\/wp\/v2\/product_brand?post=72145"},{"taxonomy":"product_cat","embeddable":true,"href":"https:\/\/hi-techwonder.com\/es\/wp-json\/wp\/v2\/product_cat?post=72145"},{"taxonomy":"product_tag","embeddable":true,"href":"https:\/\/hi-techwonder.com\/es\/wp-json\/wp\/v2\/product_tag?post=72145"}],"curies":[{"name":"wp","href":"https:\/\/api.w.org\/{rel}","templated":true}]}}