{"id":72154,"date":"2025-07-29T10:32:00","date_gmt":"2025-07-29T10:32:00","guid":{"rendered":"https:\/\/fv6qoy3ls0.wpdns.site\/produto\/kit-benro-fif19aib0-ifoto-serie-1\/"},"modified":"2026-01-31T01:32:12","modified_gmt":"2026-01-31T01:32:12","slug":"benro-kit-benro-fif19aib0-ifoto-serie-1","status":"publish","type":"product","link":"https:\/\/hi-techwonder.com\/es\/producto\/benro-kit-benro-fif19aib0-ifoto-serie-1\/","title":{"rendered":"Kit BENRO FIF19AIB0 iFoto Serie 1"},"content":{"rendered":"<p>Este tr\u00edpode tiene 5 secciones, lo que lo hace m\u00e1s compacto e ideal para viajar. Tiene una capacidad de carga m\u00e1xima de 8 kg, que es suficiente para la mayor\u00eda de las c\u00e1maras DSLR y sin espejo. <\/p>\n<p>La serie FIF19 ofrece caracter\u00edsticas de la serie Travel Angel a un precio m\u00e1s bajo.<\/p>\n<p>Este tr\u00edpode cuenta con una construcci\u00f3n de aluminio y una cabeza de r\u00f3tula Benro IB0. Tambi\u00e9n tiene una pata desmontable que, al combinarse con la columna central, se puede convertir en un monopie. <\/p>\n<p>Las patas tienen cerraduras para una m\u00e1xima estabilidad.<\/p>\n<p>Incluye pies puntiagudos y estuche de transporte.<\/p>\n<table style=\"border-color: #000000;border-width: 1px\" border=\"1\" cellpadding=\"5\">\n<tbody>\n<tr>\n<td>N\u00famero de secciones<\/td>\n<td>5<\/td>\n<\/tr>\n<tr>\n<td>Altura m\u00e1xima <\/td>\n<td>1470 mil\u00edmetros<\/td>\n<\/tr>\n<tr>\n<td>Ordenado<\/td>\n<td>530 mil\u00edmetros<\/td>\n<\/tr>\n<tr>\n<td>Altura m\u00ednima <\/td>\n<td>350 mil\u00edmetros<\/td>\n<\/tr>\n<tr>\n<td>Peso<\/td>\n<td>1.64Kg<\/td>\n<\/tr>\n<tr>\n<td>Carga m\u00e1xima<\/td>\n<td>8Kg<\/td>\n<\/tr>\n<\/tbody>\n<\/table>\n","protected":false},"excerpt":{"rendered":"<p>Este tr\u00edpode tiene 5 secciones, lo que lo hace m\u00e1s compacto e ideal para viajar. Tiene una capacidad de carga<\/p>\n","protected":false},"featured_media":64398,"comment_status":"closed","ping_status":"open","template":"","meta":{"_acf_changed":false},"product_brand":[2700],"product_cat":[1092],"product_tag":[],"class_list":{"0":"post-72154","1":"product","2":"type-product","3":"status-publish","4":"has-post-thumbnail","6":"product_brand-benro-es","7":"product_cat-kits-foto-es","9":"first","10":"onbackorder","11":"taxable","12":"shipping-taxable","13":"purchasable","14":"product-type-simple"},"bundled_by":[],"bundle_stock_status":"onbackorder","bundle_stock_quantity":null,"bundle_virtual":false,"bundle_layout":"","bundle_add_to_cart_form_location":"","bundle_editable_in_cart":false,"bundle_sold_individually_context":"","bundle_item_grouping":"","bundle_min_size":"","bundle_max_size":"","bundle_price":[],"bundled_items":[],"bundle_sell_ids":[],"acf":[],"_links":{"self":[{"href":"https:\/\/hi-techwonder.com\/es\/wp-json\/wp\/v2\/product\/72154","targetHints":{"allow":["GET"]}}],"collection":[{"href":"https:\/\/hi-techwonder.com\/es\/wp-json\/wp\/v2\/product"}],"about":[{"href":"https:\/\/hi-techwonder.com\/es\/wp-json\/wp\/v2\/types\/product"}],"replies":[{"embeddable":true,"href":"https:\/\/hi-techwonder.com\/es\/wp-json\/wp\/v2\/comments?post=72154"}],"wp:featuredmedia":[{"embeddable":true,"href":"https:\/\/hi-techwonder.com\/es\/wp-json\/wp\/v2\/media\/64398"}],"wp:attachment":[{"href":"https:\/\/hi-techwonder.com\/es\/wp-json\/wp\/v2\/media?parent=72154"}],"wp:term":[{"taxonomy":"product_brand","embeddable":true,"href":"https:\/\/hi-techwonder.com\/es\/wp-json\/wp\/v2\/product_brand?post=72154"},{"taxonomy":"product_cat","embeddable":true,"href":"https:\/\/hi-techwonder.com\/es\/wp-json\/wp\/v2\/product_cat?post=72154"},{"taxonomy":"product_tag","embeddable":true,"href":"https:\/\/hi-techwonder.com\/es\/wp-json\/wp\/v2\/product_tag?post=72154"}],"curies":[{"name":"wp","href":"https:\/\/api.w.org\/{rel}","templated":true}]}}