{"id":72171,"date":"2025-07-29T10:26:21","date_gmt":"2025-07-29T10:26:21","guid":{"rendered":"https:\/\/fv6qoy3ls0.wpdns.site\/produto\/zapata-rapida-benro-ph10-bh-2-m-ball-y-cabezales-pan-hd-38m\/"},"modified":"2026-01-31T01:36:01","modified_gmt":"2026-01-31T01:36:01","slug":"benro-zapata-rapida-benro-ph10-bh-2-m-ball-y-cabezales-pan-hd-38m","status":"publish","type":"product","link":"https:\/\/hi-techwonder.com\/es\/producto\/benro-zapata-rapida-benro-ph10-bh-2-m-ball-y-cabezales-pan-hd-38m\/","title":{"rendered":"Zapata r\u00e1pida BENRO PH10-BH-2-M Ball y cabezales PAN HD-38M"},"content":{"rendered":"<p><strong>Zapata de liberaci\u00f3n r\u00e1pida Benro PH10 para cabezas esf\u00e9ricas BH-2-M y cabezales panor\u00e1micos HD-38M<\/strong><\/p>\n<p style=\"text-align: justify\">La placa de liberaci\u00f3n r\u00e1pida Benro PH-10 para cabezales esf\u00e9ricos BH-2-M y cabezales panor\u00e1micos HD-38M es un componente que se conecta al tornillo de montaje del tr\u00edpode de la c\u00e1mara para facilitar la colocaci\u00f3n dentro y fuera del cabezal del tr\u00edpode. Las cabezas esf\u00e9ricas permiten movimientos suaves de la c\u00e1mara mientras est\u00e1n montadas en el tr\u00edpode. <\/p>\n","protected":false},"excerpt":{"rendered":"<p>Zapata de liberaci\u00f3n r\u00e1pida Benro PH10 para cabezas esf\u00e9ricas BH-2-M y cabezales panor\u00e1micos HD-38M La placa de liberaci\u00f3n r\u00e1pida Benro<\/p>\n","protected":false},"featured_media":63331,"comment_status":"closed","ping_status":"open","template":"","meta":{"_acf_changed":false},"product_brand":[2700],"product_cat":[1087],"product_tag":[],"class_list":{"0":"post-72171","1":"product","2":"type-product","3":"status-publish","4":"has-post-thumbnail","6":"product_brand-benro-es","7":"product_cat-zapatas-y-tornillos","9":"first","10":"instock","11":"taxable","12":"shipping-taxable","13":"purchasable","14":"product-type-simple"},"bundled_by":[],"bundle_stock_status":"instock","bundle_stock_quantity":2,"bundle_virtual":false,"bundle_layout":"","bundle_add_to_cart_form_location":"","bundle_editable_in_cart":false,"bundle_sold_individually_context":"","bundle_item_grouping":"","bundle_min_size":"","bundle_max_size":"","bundle_price":[],"bundled_items":[],"bundle_sell_ids":[],"acf":[],"_links":{"self":[{"href":"https:\/\/hi-techwonder.com\/es\/wp-json\/wp\/v2\/product\/72171","targetHints":{"allow":["GET"]}}],"collection":[{"href":"https:\/\/hi-techwonder.com\/es\/wp-json\/wp\/v2\/product"}],"about":[{"href":"https:\/\/hi-techwonder.com\/es\/wp-json\/wp\/v2\/types\/product"}],"replies":[{"embeddable":true,"href":"https:\/\/hi-techwonder.com\/es\/wp-json\/wp\/v2\/comments?post=72171"}],"wp:featuredmedia":[{"embeddable":true,"href":"https:\/\/hi-techwonder.com\/es\/wp-json\/wp\/v2\/media\/63331"}],"wp:attachment":[{"href":"https:\/\/hi-techwonder.com\/es\/wp-json\/wp\/v2\/media?parent=72171"}],"wp:term":[{"taxonomy":"product_brand","embeddable":true,"href":"https:\/\/hi-techwonder.com\/es\/wp-json\/wp\/v2\/product_brand?post=72171"},{"taxonomy":"product_cat","embeddable":true,"href":"https:\/\/hi-techwonder.com\/es\/wp-json\/wp\/v2\/product_cat?post=72171"},{"taxonomy":"product_tag","embeddable":true,"href":"https:\/\/hi-techwonder.com\/es\/wp-json\/wp\/v2\/product_tag?post=72171"}],"curies":[{"name":"wp","href":"https:\/\/api.w.org\/{rel}","templated":true}]}}