{"id":72195,"date":"2025-07-29T08:52:33","date_gmt":"2025-07-29T08:52:33","guid":{"rendered":"https:\/\/fv6qoy3ls0.wpdns.site\/produto\/bilora-olympus-fb5-o1-disparador-5m\/"},"modified":"2025-12-16T17:39:58","modified_gmt":"2025-12-16T17:39:58","slug":"bilora-olympus-fb5-o1-disparador-5m","status":"publish","type":"product","link":"https:\/\/hi-techwonder.com\/es\/producto\/bilora-olympus-fb5-o1-disparador-5m\/","title":{"rendered":"BILORA Olympus FB5-O1 Disparador &#8211; 5m"},"content":{"rendered":"<p style=\"color: #000000; font-family: Verdana; font-size: 10.6667px; font-style: normal; font-variant: normal; font-weight: normal; letter-spacing: normal; line-height: normal; orphans: auto; text-align: left; text-indent: 0px; text-transform: none; white-space: normal; widows: 1; word-spacing: 0px; -webkit-text-stroke-width: 0px;\"><span style=\"font-family: verdana, geneva;\">Un interruptor remoto compacto con todas las funciones del disparador de la c\u00e1mara. Particularmente importante para evitar el movimiento de la c\u00e1mara, lo que la hace conveniente y f\u00e1cil de usar al tomar fotos de larga exposici\u00f3n. <\/span><\/p>\n<p style=\"color: #000000; font-family: Verdana; font-size: 10.6667px; font-style: normal; font-variant: normal; font-weight: normal; letter-spacing: normal; line-height: normal; orphans: auto; text-align: left; text-indent: 0px; text-transform: none; white-space: normal; widows: 1; word-spacing: 0px; -webkit-text-stroke-width: 0px;\"><span style=\"font-family: verdana, geneva;\">Presionar hasta la mitad del bot\u00f3n del obturador har\u00e1 que la c\u00e1mara enfoque, presionarlo hasta el final activar\u00e1 el obturador y har\u00e1 que la c\u00e1mara tome una foto. Para exposiciones largas, presione el bot\u00f3n de liberaci\u00f3n por completo y desl\u00edcelo en la direcci\u00f3n de la flecha para bloquear el bot\u00f3n en la posici\u00f3n presionada. Para desbloquear el bot\u00f3n, desl\u00edcelo de nuevo a su posici\u00f3n original.  <\/span><\/p>\n<p style=\"color: #000000; font-family: Verdana; font-size: 10.6667px; font-style: normal; font-variant: normal; font-weight: normal; letter-spacing: normal; line-height: normal; orphans: auto; text-align: left; text-indent: 0px; text-transform: none; white-space: normal; widows: 1; word-spacing: 0px; -webkit-text-stroke-width: 0px;\"><span style=\"font-family: verdana, geneva;\"><strong>Compatible con:<\/strong><\/span><\/p>\n<p style=\"color: #000000; font-family: Verdana; font-size: 10.6667px; font-style: normal; font-variant: normal; font-weight: normal; letter-spacing: normal; line-height: normal; orphans: auto; text-align: left; text-indent: 0px; text-transform: none; white-space: normal; widows: 1; word-spacing: 0px; -webkit-text-stroke-width: 0px;\">Olympus E-400 \/ E-410 \/ E-420 \/ E-510 \/ E-520 \/ E-30 \/ EP-1 \/ EP-2 \/ EP-L \/ EP-L2 \/ SP-510UZ \/ SP-550UZ \/ SP-560UZ \/ SP-65UZ \/ SP-570UZ<\/p>\n<p style=\"color: #000000; font-family: Verdana; font-size: 10.6667px; font-style: normal; font-variant: normal; font-weight: normal; letter-spacing: normal; line-height: normal; orphans: auto; text-align: left; text-indent: 0px; text-transform: none; white-space: normal; widows: 1; word-spacing: 0px; -webkit-text-stroke-width: 0px;\"><span style=\"font-family: verdana, geneva;\">&nbsp;<\/span><\/p>\n","protected":false},"excerpt":{"rendered":"<p>Un interruptor remoto compacto con todas las funciones del disparador de la c\u00e1mara. Particularmente importante para evitar el movimiento de<\/p>\n","protected":false},"featured_media":42084,"comment_status":"closed","ping_status":"open","template":"","meta":{"_acf_changed":false},"product_brand":[2662],"product_cat":[919],"product_tag":[],"class_list":{"0":"post-72195","1":"product","2":"type-product","3":"status-publish","4":"has-post-thumbnail","6":"product_brand-bilora-es","7":"product_cat-disparadores-es","9":"first","10":"instock","11":"taxable","12":"shipping-taxable","13":"purchasable","14":"product-type-simple"},"bundled_by":[],"bundle_stock_status":"instock","bundle_stock_quantity":1,"bundle_virtual":false,"bundle_layout":"","bundle_add_to_cart_form_location":"","bundle_editable_in_cart":false,"bundle_sold_individually_context":"","bundle_item_grouping":"","bundle_min_size":"","bundle_max_size":"","bundle_price":[],"bundled_items":[],"bundle_sell_ids":[],"acf":[],"_links":{"self":[{"href":"https:\/\/hi-techwonder.com\/es\/wp-json\/wp\/v2\/product\/72195","targetHints":{"allow":["GET"]}}],"collection":[{"href":"https:\/\/hi-techwonder.com\/es\/wp-json\/wp\/v2\/product"}],"about":[{"href":"https:\/\/hi-techwonder.com\/es\/wp-json\/wp\/v2\/types\/product"}],"replies":[{"embeddable":true,"href":"https:\/\/hi-techwonder.com\/es\/wp-json\/wp\/v2\/comments?post=72195"}],"wp:featuredmedia":[{"embeddable":true,"href":"https:\/\/hi-techwonder.com\/es\/wp-json\/wp\/v2\/media\/42084"}],"wp:attachment":[{"href":"https:\/\/hi-techwonder.com\/es\/wp-json\/wp\/v2\/media?parent=72195"}],"wp:term":[{"taxonomy":"product_brand","embeddable":true,"href":"https:\/\/hi-techwonder.com\/es\/wp-json\/wp\/v2\/product_brand?post=72195"},{"taxonomy":"product_cat","embeddable":true,"href":"https:\/\/hi-techwonder.com\/es\/wp-json\/wp\/v2\/product_cat?post=72195"},{"taxonomy":"product_tag","embeddable":true,"href":"https:\/\/hi-techwonder.com\/es\/wp-json\/wp\/v2\/product_tag?post=72195"}],"curies":[{"name":"wp","href":"https:\/\/api.w.org\/{rel}","templated":true}]}}