{"id":72200,"date":"2025-07-29T10:53:09","date_gmt":"2025-07-29T10:53:09","guid":{"rendered":"https:\/\/fv6qoy3ls0.wpdns.site\/produto\/blackmagic-atem-mini-pro\/"},"modified":"2026-03-26T15:33:46","modified_gmt":"2026-03-26T15:33:46","slug":"blackmagic-atem-mini-pro","status":"publish","type":"product","link":"https:\/\/hi-techwonder.com\/es\/producto\/blackmagic-atem-mini-pro\/","title":{"rendered":"BLACKMAGIC ATEM Mini Pro"},"content":{"rendered":"<p><\/p>\n<p>BLACKMAGIC <strong>ATEM Mini Pro<\/strong><\/p>\n<p><strong>Funciones:<\/strong><\/p>\n<ul>\n<li>Conecte hasta 4 c\u00e1maras o computadoras<\/li>\n<li>Transmisi\u00f3n en vivo a trav\u00e9s de Ethernet<\/li>\n<li>Grabaci\u00f3n directa con discos flash USB H.264<\/li>\n<li>La salida USB funciona como una c\u00e1mara web para todo el software de video<\/li>\n<\/ul>\n<p><strong>Contenido del paquete:  <\/strong><\/p>\n<ul>\n<li>Blackmagic ATEM Mini Pro &#8211; Conmutador de transmisi\u00f3n en vivo<\/li>\n<li>Fuente de alimentaci\u00f3n de 12 V con adaptadores internacionales<\/li>\n<li>Control Panel Software<\/li>\n<\/ul>\n<p>Este modelo incluye todas las caracter\u00edsticas que se encuentran en ATEM Mini y m\u00e1s. Puede obtener grabaci\u00f3n directa con discos flash USB H.264, adem\u00e1s de transmisi\u00f3n en vivo a trav\u00e9s de Ethernet a YouTube Live.   <\/p>\n<p>En el panel frontal incluye botones para el control de grabaci\u00f3n y transmisi\u00f3n, as\u00ed como botones de selecci\u00f3n que le permiten cambiar la salida de video entre c\u00e1maras, programa y vista m\u00faltiple. El panel trasero incluye conexiones HDMI para c\u00e1maras u ordenadores, entradas de micr\u00f3fono adicionales, USB para salida de c\u00e1mara web, adem\u00e1s de una salida HDMI &#8220;auxiliar&#8221; para v\u00eddeo de programa. <\/p>\n<p><strong>Transmisi\u00f3n en vivo a trav\u00e9s de Ethernet en ATEM Mini Pro<\/strong><br \/>El modelo ATEM Mini Pro tiene un motor de transmisi\u00f3n de hardware incorporado para la transmisi\u00f3n en vivo a trav\u00e9s de la conexi\u00f3n Ethernet incorporada. Significa que puede transmitir en vivo a YouTube, Facebook y Twitch en mayor calidad, sin fotogramas perdidos y configuraciones mucho m\u00e1s simples. Simplemente seleccione el servicio de transmisi\u00f3n e ingrese la clave de transmisi\u00f3n en vivo. Hay paletas en el control de software ATEM para la configuraci\u00f3n y el estado de transmisi\u00f3n. El estado de transmisi\u00f3n en vivo tambi\u00e9n se muestra en la vista m\u00faltiple. Es f\u00e1cil ver el estado de la transmisi\u00f3n, ya que el indicador de velocidad de datos muestra la velocidad de Internet requerida para el formato de video que se utilizar\u00e1.     <\/p>\n<p><strong>Grabe directamente en unidades flash USB con ATEM Mini Pro<\/strong><br \/>El modelo ATEM Mini Pro tambi\u00e9n admite la grabaci\u00f3n directa de sus datos de transmisi\u00f3n en vivo en unidades flash USB. Significa que puede realizar grabaciones muy largas de los mismos archivos H.264 con audio AAC de la transmisi\u00f3n realizada para que pueda cargarlos directamente en cualquier sitio de Internet, como YouTube y Vimeo. ATEM Mini Pro admite m\u00faltiples unidades cuando se usa con un concentrador USB o Blackmagic MultiDock, por lo que cuando se llena una primera unidad, la grabaci\u00f3n puede continuar en una segunda unidad sin interrupciones. La configuraci\u00f3n de guardado y la selecci\u00f3n de unidades se realizan en el control de software ATEM. Y tambi\u00e9n puede realizar un seguimiento del estado de la grabaci\u00f3n en el visor m\u00faltiple incorporado. Incluso puede grabar im\u00e1genes con c\u00e1maras externas Blackmagic Pocket Cinema.     <\/p>\n<p><strong>Monitoree las fuentes y el estado con el multivisor de ATEM Mini Pro<\/strong><br \/>Cuando se realizan producciones en vivo m\u00e1s grandes con varias c\u00e1maras, es muy \u00fatil ver todas sus fuentes de video al mismo tiempo en un solo monitor. El modelo ATEM Mini Pro cuenta con un visor m\u00faltiple profesional que le permite realizar un seguimiento de las cuatro entradas de video, adem\u00e1s de la vista previa y el programa, en un solo televisor o monitor HDMI. Simplemente seleccione M\/V en los botones de control de salida de video del panel frontal para habilitar el visor m\u00faltiple.<br \/>Todas las vistas de c\u00e1mara incluyen indicadores de conteo para que sepa cu\u00e1ndo cada fuente est\u00e1 activa. Cada pantalla tambi\u00e9n tiene etiquetas personalizadas y medidores de audio. Puede obtener una vista previa del reproductor multimedia para saber qu\u00e9 gr\u00e1fico se ha seleccionado. Adem\u00e1s, el visor m\u00faltiple incluso incluye el estado para grabaci\u00f3n, transmisi\u00f3n y el mezclador de audio Fairlight.     <\/p>\n<p><strong>Utilice el control Ethernet para la transmisi\u00f3n inal\u00e1mbrica por Internet<\/strong><br \/>Simplemente conecte ATEM Mini Pro a trav\u00e9s de Ethernet y configure su computadora para compartir su conexi\u00f3n a Internet. Si est\u00e1 transmitiendo en ATEM Mini Pro, deber\u00e1 configurar su computadora para compartir Internet. Obtendr\u00e1 control y transmisi\u00f3n a trav\u00e9s de un solo cable Ethernet. Esto te ofrecer\u00e1 una movilidad incre\u00edble, ya que podr\u00e1s conectar tu ordenador a Internet mediante conexiones inal\u00e1mbricas como Wi-Fi o incluso a trav\u00e9s de conexiones 4G y 5G desde Smartphones.   <\/p>\n<p><strong>\u00a1Graba en una grabadora HyperDeck externa!<\/strong><br \/>La salida de programa HDMI es perfecta para conectar ATEM Mini Pro a una grabadora o monitor externo. ATEM Mini Pro es compatible con grabadoras como Blackmagic Video Assist. Si conecta ATEM Software Control, puede realizar grabaciones ISO desde una de las entradas y generar varios formatos grabando desde la salida del programa HDMI en ProRes mientras graba simult\u00e1neamente la transmisi\u00f3n de video H.264 desde la transmisi\u00f3n a una unidad flash USB.  <\/p>\n<p><strong>Caracter\u00edsticas t\u00e9cnicas:<\/strong><\/p>\n<p><strong> <\/strong><\/p>\n<p><strong>Efectos de fusi\u00f3n<\/strong><\/p>\n<table border=\"0\" width=\"100%\" cellspacing=\"0\" cellpadding=\"2\">\n<colgroup>\n<col width=\"99*\">\n<col width=\"157*\"> <\/colgroup>\n<tbody>\n<tr>\n<td width=\"39%\"> Capas M\/E disponibles: <\/td>\n<td width=\"61%\"> 5 M\/E <\/td>\n<\/tr>\n<tr>\n<td width=\"39%\"> Tipos de efectos: <\/td>\n<td width=\"61%\"> 1 x DVE, Gr\u00e1fico, Transici\u00f3n, Clave de croma, Clave alfab\u00e9tica, Clave de luminancia <\/td>\n<\/tr>\n<tr>\n<td>&nbsp;<\/td>\n<td>&nbsp;<\/td>\n<\/tr>\n<tr>\n<td width=\"39%\"> Claves descendentes <\/td>\n<td width=\"61%\"> 1 x Chroma, DVE<br \/>2 x Luminancia <\/td>\n<\/tr>\n<tr>\n<td>&nbsp;<\/td>\n<td>&nbsp;<\/td>\n<\/tr>\n<tr>\n<td width=\"39%\"> Mezcla de audio: <\/td>\n<td width=\"61%\"> 2- Canales de mezcla <\/td>\n<\/tr>\n<\/tbody>\n<\/table>\n<p> <\/p>\n<p><strong>Tratamiento<\/strong><\/p>\n<table border=\"0\" width=\"100%\" cellspacing=\"0\" cellpadding=\"2\">\n<colgroup>\n<col width=\"99*\">\n<col width=\"157*\"> <\/colgroup>\n<tbody>\n<tr>\n<td width=\"39%\"> Tipo de conmutaci\u00f3n <\/td>\n<td width=\"61%\"> Bot\u00f3n <\/td>\n<\/tr>\n<\/tbody>\n<\/table>\n<p> <\/p>\n<p><strong>Entrada<\/strong><\/p>\n<table border=\"0\" width=\"100%\" cellspacing=\"0\" cellpadding=\"2\">\n<colgroup>\n<col width=\"99*\">\n<col width=\"157*\"> <\/colgroup>\n<tbody>\n<tr>\n<td width=\"39%\"> N\u00famero de fuentes de entrada de v\u00eddeo: <\/td>\n<td width=\"61%\"> 4 <\/td>\n<\/tr>\n<tr>\n<td width=\"39%\"> Conectores de entrada de video: <\/td>\n<td width=\"61%\"> 4 x HDMI hembra <\/td>\n<\/tr>\n<tr>\n<td>&nbsp;<\/td>\n<td>&nbsp;<\/td>\n<\/tr>\n<tr>\n<td width=\"39%\"> Formato de entrada de video: <\/td>\n<td width=\"61%\"><strong>HDMI (10 bits 4:2:2 YUV)<\/strong><br \/>1080p: 23,98\/24\/25\/29,97\/30\/50\/59,94\/60 fps <br \/>1080i: 50\/59,94\/60 fps <br \/>720p: 50\/59,94\/60 fps <\/td>\n<\/tr>\n<tr>\n<td>&nbsp;<\/td>\n<td>&nbsp;<\/td>\n<\/tr>\n<tr>\n<td width=\"39%\"> Conectores de entrada de audio: <\/td>\n<td width=\"61%\"> 2 x 1\/8&#8243; \/ 3.5 mm TRS Hembra Est\u00e9reo Anal\u00f3gico <\/td>\n<\/tr>\n<tr>\n<td width=\"39%\"> Entrada de audio incorporada: <\/td>\n<td width=\"61%\"> HDMI: 2 canales (por entrada) <\/td>\n<\/tr>\n<\/tbody>\n<\/table>\n<p> <\/p>\n<p><strong>Salida<\/strong><\/p>\n<table border=\"0\" width=\"100%\" cellspacing=\"0\" cellpadding=\"2\">\n<colgroup>\n<col width=\"100*\">\n<col width=\"156*\"> <\/colgroup>\n<tbody>\n<tr>\n<td width=\"39%\"> Canales de salida de video: <\/td>\n<td width=\"61%\"> 1 <\/td>\n<\/tr>\n<tr>\n<td width=\"39%\"> Conectores de salida de video: <\/td>\n<td width=\"61%\"> 1 x HDMI <\/td>\n<\/tr>\n<tr>\n<td>&nbsp;<\/td>\n<td>&nbsp;<\/td>\n<\/tr>\n<tr>\n<td width=\"39%\"> Formato de salida de video: <\/td>\n<td width=\"61%\"><strong>HDMI\/RJ45 (10 bits 4:2:2 YUV)<\/strong><br \/>1080p: 23,98\/24\/25\/29,97\/30\/50\/59,94\/60 fps <\/td>\n<\/tr>\n<tr>\n<td>&nbsp;<\/td>\n<td>&nbsp;<\/td>\n<\/tr>\n<tr>\n<td width=\"39%\"> Salida de audio incorporada: <\/td>\n<td width=\"61%\"> HDMI: 2 canales (por salida) <\/td>\n<\/tr>\n<tr>\n<td width=\"39%\"> Salida multivista: <\/td>\n<td width=\"61%\"> S\u00ed <\/td>\n<\/tr>\n<tr>\n<td width=\"39%\"> Salida del monitor: <\/td>\n<td width=\"61%\"> 1 x HDMI <\/td>\n<\/tr>\n<\/tbody>\n<\/table>\n<p> <\/p>\n<p><strong>Conectividad<\/strong><\/p>\n<table border=\"0\" width=\"642\" cellspacing=\"0\" cellpadding=\"2\">\n<colgroup>\n<col width=\"248\">\n<col width=\"386\"> <\/colgroup>\n<tbody>\n<tr>\n<td width=\"248\"> Otras E\/S: <\/td>\n<td width=\"386\"> 1 x RJ45 LAN, sincronizaci\u00f3n, tallado, c\u00f3digo de tiempo, firmware, entrada\/salida de control<br \/>1 x firmware USB tipo C, entrada\/salida de control <\/td>\n<\/tr>\n<\/tbody>\n<\/table>\n<p> <\/p>\n<p><strong>Hardware<\/strong><\/p>\n<table border=\"0\" width=\"642\" cellspacing=\"0\" cellpadding=\"2\">\n<colgroup>\n<col width=\"249\">\n<col width=\"385\"> <\/colgroup>\n<tbody>\n<tr>\n<td width=\"249\"> Compatibilidad del sistema operativo: <\/td>\n<td width=\"385\"> macOS 10.14 o posterior<br \/>Windows 10 <\/td>\n<\/tr>\n<\/tbody>\n<\/table>\n<p> <\/p>\n<p><strong>Poder<\/strong><\/p>\n<table border=\"0\" width=\"642\" cellspacing=\"0\" cellpadding=\"2\">\n<colgroup>\n<col width=\"249\">\n<col width=\"385\"> <\/colgroup>\n<tbody>\n<tr>\n<td width=\"249\"> Conector: <\/td>\n<td width=\"385\"> 1 x entrada de barril (12 VDC) <\/td>\n<\/tr>\n<tr>\n<td width=\"249\"> Consumo: <\/td>\n<td width=\"385\"> 36 W <\/td>\n<\/tr>\n<\/tbody>\n<\/table>\n<p> <\/p>\n<p><strong>Medio ambiente<\/strong><\/p>\n<table border=\"0\" width=\"642\" cellspacing=\"0\" cellpadding=\"2\">\n<colgroup>\n<col width=\"249\">\n<col width=\"385\"> <\/colgroup>\n<tbody>\n<tr>\n<td width=\"249\"> Temperatura de funcionamiento: <\/td>\n<td width=\"385\"> De 5 a 40 \u00b0C <\/td>\n<\/tr>\n<tr>\n<td width=\"249\"> Temperatura de almacenamiento: <\/td>\n<td width=\"385\"> De -10 a 60 \u00b0C <\/td>\n<\/tr>\n<tr>\n<td width=\"249\"> Humedad de funcionamiento: <\/td>\n<td width=\"385\"> De 0 a 90% <\/td>\n<\/tr>\n<\/tbody>\n<\/table>\n<p> <\/p>\n<p><strong>General<\/strong><\/p>\n<table border=\"0\" width=\"642\" cellspacing=\"0\" cellpadding=\"2\">\n<colgroup>\n<col width=\"250\">\n<col width=\"384\"> <\/colgroup>\n<tbody>\n<tr>\n<td width=\"250\"> Dimensiones: <\/td>\n<td width=\"384\"> 23,75 x 10,34 x 3,51 cm <\/td>\n<\/tr>\n<tr>\n<td width=\"250\"> Peso: <\/td>\n<td width=\"384\"> 550 gramos <\/td>\n<\/tr>\n<\/tbody>\n<\/table>\n","protected":false},"excerpt":{"rendered":"<p>BLACKMAGIC ATEM Mini Pro Funciones: Conecte hasta 4 c\u00e1maras o computadoras Transmisi\u00f3n en vivo a trav\u00e9s de Ethernet Grabaci\u00f3n directa<\/p>\n","protected":false},"featured_media":68826,"comment_status":"closed","ping_status":"open","template":"","meta":{"_acf_changed":false},"product_brand":[2658],"product_cat":[1110],"product_tag":[],"class_list":{"0":"post-72200","1":"product","2":"type-product","3":"status-publish","4":"has-post-thumbnail","6":"product_brand-blackmagic-es","7":"product_cat-consolas-switchers-es","9":"first","10":"onbackorder","11":"taxable","12":"shipping-taxable","13":"purchasable","14":"product-type-simple"},"bundled_by":[],"bundle_stock_status":"onbackorder","bundle_stock_quantity":null,"bundle_virtual":false,"bundle_layout":"","bundle_add_to_cart_form_location":"","bundle_editable_in_cart":false,"bundle_sold_individually_context":"","bundle_item_grouping":"","bundle_min_size":"","bundle_max_size":"","bundle_price":[],"bundled_items":[],"bundle_sell_ids":[],"acf":[],"_links":{"self":[{"href":"https:\/\/hi-techwonder.com\/es\/wp-json\/wp\/v2\/product\/72200","targetHints":{"allow":["GET"]}}],"collection":[{"href":"https:\/\/hi-techwonder.com\/es\/wp-json\/wp\/v2\/product"}],"about":[{"href":"https:\/\/hi-techwonder.com\/es\/wp-json\/wp\/v2\/types\/product"}],"replies":[{"embeddable":true,"href":"https:\/\/hi-techwonder.com\/es\/wp-json\/wp\/v2\/comments?post=72200"}],"wp:featuredmedia":[{"embeddable":true,"href":"https:\/\/hi-techwonder.com\/es\/wp-json\/wp\/v2\/media\/68826"}],"wp:attachment":[{"href":"https:\/\/hi-techwonder.com\/es\/wp-json\/wp\/v2\/media?parent=72200"}],"wp:term":[{"taxonomy":"product_brand","embeddable":true,"href":"https:\/\/hi-techwonder.com\/es\/wp-json\/wp\/v2\/product_brand?post=72200"},{"taxonomy":"product_cat","embeddable":true,"href":"https:\/\/hi-techwonder.com\/es\/wp-json\/wp\/v2\/product_cat?post=72200"},{"taxonomy":"product_tag","embeddable":true,"href":"https:\/\/hi-techwonder.com\/es\/wp-json\/wp\/v2\/product_tag?post=72200"}],"curies":[{"name":"wp","href":"https:\/\/api.w.org\/{rel}","templated":true}]}}