{"id":72208,"date":"2025-07-29T10:53:15","date_gmt":"2025-07-29T10:53:15","guid":{"rendered":"https:\/\/fv6qoy3ls0.wpdns.site\/produto\/diseno-blackmagic-atem-mini-iso-extremo\/"},"modified":"2026-01-31T01:22:05","modified_gmt":"2026-01-31T01:22:05","slug":"blackmagic-diseno-blackmagic-atem-mini-iso-extremo","status":"publish","type":"product","link":"https:\/\/hi-techwonder.com\/es\/producto\/blackmagic-diseno-blackmagic-atem-mini-iso-extremo\/","title":{"rendered":"Dise\u00f1o BLACKMAGIC ATEM Mini ISO Extremo"},"content":{"rendered":"<p><\/p>\n<p><strong>Dise\u00f1o BLACKMAGIC ATEM Mini ISO Extremo<\/strong><\/p>\n<p>Incluye todas las caracter\u00edsticas de ATEM Mini Extreme m\u00e1s 9 flujos de grabaci\u00f3n con feeds limpios de todas las entradas. Se guarda un proyecto de DaVinci Resolve para que pueda editar y volver a vincular archivos Blackmagic RAW para un acabado Ultra HD. <\/p>\n<p>________________________________________________________________________________________________________________________________________________________________________<\/p>\n<div class=\"group_K7YrQottgVsRZ4B6zAaGG\" data-darkreader-inline-bgcolor=\"\">\n<div class=\"group_K7YrQottgVsRZ4B6zAaGG\" data-darkreader-inline-bgcolor=\"\">Caracter\u00edsticas principales:<\/div>\n<div class=\"group_K7YrQottgVsRZ4B6zAaGG\" data-darkreader-inline-bgcolor=\"\">&nbsp;<\/div>\n<div class=\"group_K7YrQottgVsRZ4B6zAaGG\" data-darkreader-inline-bgcolor=\"\">Conmutador de transmisi\u00f3n en vivo HDMI de 8 canales<\/div>\n<div class=\"group_K7YrQottgVsRZ4B6zAaGG\" data-darkreader-inline-bgcolor=\"\">Admite hasta 1080p60<\/div>\n<div class=\"group_K7YrQottgVsRZ4B6zAaGG\" data-darkreader-inline-bgcolor=\"\">Transmisi\u00f3n RTMP a trav\u00e9s de Ethernet o USB-C<\/div>\n<div class=\"group_K7YrQottgVsRZ4B6zAaGG\" data-darkreader-inline-bgcolor=\"\">Grabaci\u00f3n de la salida del programa y entradas individuales<\/div>\n<div class=\"group_K7YrQottgVsRZ4B6zAaGG\" data-darkreader-inline-bgcolor=\"\">Mezclador de audio de 11 entradas y 2 canales<\/div>\n<div class=\"group_K7YrQottgVsRZ4B6zAaGG\" data-darkreader-inline-bgcolor=\"\">Convertidor de formato y velocidad de fotogramas de entrada<\/div>\n<div class=\"group_K7YrQottgVsRZ4B6zAaGG\" data-darkreader-inline-bgcolor=\"\">Vuelva a sincronizar en todas las entradas HDMI<\/div>\n<div class=\"group_K7YrQottgVsRZ4B6zAaGG\" data-darkreader-inline-bgcolor=\"\">Salida multivista HD con hasta 16 vistas<\/div>\n<div class=\"group_K7YrQottgVsRZ4B6zAaGG\" data-darkreader-inline-bgcolor=\"\">Cambio local y de software<\/div>\n<div class=\"group_K7YrQottgVsRZ4B6zAaGG\" data-darkreader-inline-bgcolor=\"\">4 x aguas arriba, 2 x incrustadores aguas abajo<\/div>\n<div class=\"group_K7YrQottgVsRZ4B6zAaGG\" data-darkreader-inline-bgcolor=\"\">&nbsp;<\/div>\n<div class=\"group_K7YrQottgVsRZ4B6zAaGG\" data-darkreader-inline-bgcolor=\"\">&nbsp;<\/div>\n<div class=\"group_K7YrQottgVsRZ4B6zAaGG\" data-darkreader-inline-bgcolor=\"\">En la caja:<\/div>\n<div class=\"group_K7YrQottgVsRZ4B6zAaGG\" data-darkreader-inline-bgcolor=\"\">&nbsp;<\/div>\n<div class=\"group_K7YrQottgVsRZ4B6zAaGG\" data-darkreader-inline-bgcolor=\"\">Blackmagic Design ATEM Mini ISO Extremo<\/div>\n<div class=\"group_K7YrQottgVsRZ4B6zAaGG\" data-darkreader-inline-bgcolor=\"\">Fuente de alimentaci\u00f3n de 12 V CC con enchufes internacionales<\/div>\n<div class=\"group_K7YrQottgVsRZ4B6zAaGG\" data-darkreader-inline-bgcolor=\"\">&nbsp;<\/div>\n<div class=\"group_K7YrQottgVsRZ4B6zAaGG\" data-darkreader-inline-bgcolor=\"\">&nbsp;<\/div>\n<div class=\"group_K7YrQottgVsRZ4B6zAaGG\" data-darkreader-inline-bgcolor=\"\">Blackmagic Design ATEM Mini Extreme ISO es un conmutador de producci\u00f3n en vivo de 8 entradas para transmisi\u00f3n en vivo. Tiene un panel de control incorporado y capacidades de transmisi\u00f3n avanzadas. Adem\u00e1s de la transmisi\u00f3n en vivo mediante protocolos RTMP, tambi\u00e9n puede enviar su programa como si fuera una c\u00e1mara web a trav\u00e9s de USB. La etiqueta ISO del conmutador significa que puede grabar individualmente cada uno de los ocho videos de entrada como MP4, as\u00ed como la salida del programa a trav\u00e9s de uno de los puertos USB tipo C. El conmutador genera autom\u00e1ticamente un archivo de proyecto de DaVinci Resolve, para que puedas limpiarlo y realizar cambios m\u00e1s tarde. Las ocho entradas HDMI independientes de este vers\u00e1til conmutador aceptan todas las se\u00f1ales HD populares hasta 1080p60. Cada entrada cuenta con convertidores discretos de formato y velocidad de fotogramas y admite la resincronizaci\u00f3n para cambiar sin problemas entre una variedad de c\u00e1maras profesionales y de consumo, consolas de juegos y fuentes de computadora.      <\/div>\n<div class=\"group_K7YrQottgVsRZ4B6zAaGG\" data-darkreader-inline-bgcolor=\"\">&nbsp;<\/div>\n<div class=\"group_K7YrQottgVsRZ4B6zAaGG\" data-darkreader-inline-bgcolor=\"\">Alterna, agrega efectos, gradaci\u00f3n de color y escribe en tiempo real usando los botones en la superficie de control o a trav\u00e9s del panel de control del software. Las funciones de CCU est\u00e1n disponibles para controlar las c\u00e1maras Blackmagic Studio y URSA Mini\/Broadcast\/Micro Studio desde el conmutador. ATEM Mini Extreme ISO admite hasta nueve capas, con cuatro keyers ascendentes y dos descendentes, hasta cuatro keyers crom\u00e1ticos, hasta cuatro keyers lineales, dos DVE con bordes y sombras paralelas, cinco generadores de patrones y dos generadores de color. Dise\u00f1ado para transmisi\u00f3n en vivo o c\u00e1mara web, el Mini Extreme ISO cuenta con salidas HDMI para alimentar pantallas y admite vista m\u00faltiple de hasta 16 pantallas.   <\/div>\n<div class=\"group_K7YrQottgVsRZ4B6zAaGG\" data-darkreader-inline-bgcolor=\"\">&nbsp;<\/div>\n<div class=\"group_K7YrQottgVsRZ4B6zAaGG\" data-darkreader-inline-bgcolor=\"\">&nbsp;<\/div>\n<div class=\"group_K7YrQottgVsRZ4B6zAaGG\" data-darkreader-inline-bgcolor=\"\">&nbsp;<\/div>\n<div class=\"group_K7YrQottgVsRZ4B6zAaGG\" data-darkreader-inline-bgcolor=\"\">Transmisi\u00f3n en vivo<\/div>\n<div class=\"group_K7YrQottgVsRZ4B6zAaGG\" data-darkreader-inline-bgcolor=\"\">&nbsp;<\/div>\n<div class=\"group_K7YrQottgVsRZ4B6zAaGG\" data-darkreader-inline-bgcolor=\"\">Transmisi\u00f3n en vivo a YouTube, Facebook Live, Skype, Twitch, Zoom, Microsoft Teams y otras plataformas que admiten protocolos RTMP.<\/div>\n<div class=\"group_K7YrQottgVsRZ4B6zAaGG\" data-darkreader-inline-bgcolor=\"\">&nbsp;<\/div>\n<div class=\"group_K7YrQottgVsRZ4B6zAaGG\" data-darkreader-inline-bgcolor=\"\">&nbsp;<\/div>\n<div class=\"group_K7YrQottgVsRZ4B6zAaGG\" data-darkreader-inline-bgcolor=\"\">&nbsp;<\/div>\n<div class=\"group_K7YrQottgVsRZ4B6zAaGG\" data-darkreader-inline-bgcolor=\"\">Interfaz de control<\/div>\n<div class=\"group_K7YrQottgVsRZ4B6zAaGG\" data-darkreader-inline-bgcolor=\"\">&nbsp;<\/div>\n<div class=\"group_K7YrQottgVsRZ4B6zAaGG\" data-darkreader-inline-bgcolor=\"\">El panel frontal incluye botones f\u00e1ciles de usar para seleccionar fuentes, efectos de video y transiciones. Los botones de fuente son grandes, lo que le permite operarlos al tacto. Con ATEM Extreme ISO se incluyen botones para mezclar audio, grabar y controlar la transmisi\u00f3n, as\u00ed como botones de selecci\u00f3n de salida que le permiten cambiar la salida de video entre c\u00e1maras, programa y vista m\u00faltiple. En el panel trasero, hay conexiones HDMI para c\u00e1maras u ordenadores, entradas de micr\u00f3fono adicionales, USB para la salida de la c\u00e1mara web, as\u00ed como una salida HDMI \u00abAUX\u00bb para el v\u00eddeo del programa.   <\/div>\n<div class=\"group_K7YrQottgVsRZ4B6zAaGG\" data-darkreader-inline-bgcolor=\"\">&nbsp;<\/div>\n<div class=\"group_K7YrQottgVsRZ4B6zAaGG\" data-darkreader-inline-bgcolor=\"\">&nbsp;<\/div>\n<div class=\"group_K7YrQottgVsRZ4B6zAaGG\" data-darkreader-inline-bgcolor=\"\">&nbsp;<\/div>\n<div class=\"group_K7YrQottgVsRZ4B6zAaGG\" data-darkreader-inline-bgcolor=\"\">Salida<\/div>\n<div class=\"group_K7YrQottgVsRZ4B6zAaGG\" data-darkreader-inline-bgcolor=\"\">&nbsp;<\/div>\n<div class=\"group_K7YrQottgVsRZ4B6zAaGG\" data-darkreader-inline-bgcolor=\"\">Puede enviar usando la conexi\u00f3n Ethernet a su red, o usar la salida USB Type-C para que su programa conmutado sea reconocido como una entrada de c\u00e1mara web por casi cualquier software de video, como Zoom, Microsoft Teams, Skype, Open Broadcaster, XSplit Broadcaster y otros.<\/div>\n<div class=\"group_K7YrQottgVsRZ4B6zAaGG\" data-darkreader-inline-bgcolor=\"\">&nbsp;<\/div>\n<div class=\"group_K7YrQottgVsRZ4B6zAaGG\" data-darkreader-inline-bgcolor=\"\">&nbsp;<\/div>\n<div class=\"group_K7YrQottgVsRZ4B6zAaGG\" data-darkreader-inline-bgcolor=\"\">&nbsp;<\/div>\n<div class=\"group_K7YrQottgVsRZ4B6zAaGG\" data-darkreader-inline-bgcolor=\"\">Soporte telef\u00f3nico 4G y 5G<\/div>\n<div class=\"group_K7YrQottgVsRZ4B6zAaGG\" data-darkreader-inline-bgcolor=\"\">&nbsp;<\/div>\n<div class=\"group_K7YrQottgVsRZ4B6zAaGG\" data-darkreader-inline-bgcolor=\"\">Si est\u00e1 produciendo en vivo en el lugar, los modelos ATEM Mini Extreme admiten la conexi\u00f3n de un tel\u00e9fono Apple o Android al puerto USB para usar datos m\u00f3viles. Tambi\u00e9n es una gran copia de seguridad para la conexi\u00f3n Ethernet principal, por lo que no perder\u00e1s tu transmisi\u00f3n si se interrumpe tu conexi\u00f3n por cable. El conmutador cambiar\u00e1 autom\u00e1ticamente para usar el tel\u00e9fono como conexi\u00f3n principal, y el puerto USB tambi\u00e9n alimentar\u00e1 su tel\u00e9fono, por lo que la bater\u00eda no se agotar\u00e1.  <\/div>\n<div class=\"group_K7YrQottgVsRZ4B6zAaGG\" data-darkreader-inline-bgcolor=\"\">&nbsp;<\/div>\n<div class=\"group_K7YrQottgVsRZ4B6zAaGG\" data-darkreader-inline-bgcolor=\"\">&nbsp;<\/div>\n<div class=\"group_K7YrQottgVsRZ4B6zAaGG\" data-darkreader-inline-bgcolor=\"\">&nbsp;<\/div>\n<div class=\"group_K7YrQottgVsRZ4B6zAaGG\" data-darkreader-inline-bgcolor=\"\">Monitoreo de m\u00faltiples vistas<\/div>\n<div class=\"group_K7YrQottgVsRZ4B6zAaGG\" data-darkreader-inline-bgcolor=\"\">&nbsp;<\/div>\n<div class=\"group_K7YrQottgVsRZ4B6zAaGG\" data-darkreader-inline-bgcolor=\"\">Puede configurar la salida HDMI para multivista con 4, 7, 10, 13, hasta 16 vistas, incluyendo Programa, Vista previa, ocho entradas HDMI, SuperSource, alimentaci\u00f3n limpia, reproductor multimedia, estado de transmisi\u00f3n, estado de grabaci\u00f3n y medidores de audio.<\/div>\n<div class=\"group_K7YrQottgVsRZ4B6zAaGG\" data-darkreader-inline-bgcolor=\"\">&nbsp;<\/div>\n<div class=\"group_K7YrQottgVsRZ4B6zAaGG\" data-darkreader-inline-bgcolor=\"\">&nbsp;<\/div>\n<div class=\"group_K7YrQottgVsRZ4B6zAaGG\" data-darkreader-inline-bgcolor=\"\">&nbsp;<\/div>\n<div class=\"group_K7YrQottgVsRZ4B6zAaGG\" data-darkreader-inline-bgcolor=\"\">Control de c\u00e1mara<\/div>\n<div class=\"group_K7YrQottgVsRZ4B6zAaGG\" data-darkreader-inline-bgcolor=\"\">&nbsp;<\/div>\n<div class=\"group_K7YrQottgVsRZ4B6zAaGG\" data-darkreader-inline-bgcolor=\"\">ATEM Mini Extreme ISO puede controlar los modelos Blackmagic Pocket Cinema Camera 4K y 6K cuando se actualizan al software m\u00e1s reciente y se conectan a trav\u00e9s de las entradas HDMI. Puede controlar la configuraci\u00f3n de la c\u00e1mara HDMI, como el iris, la ganancia, el enfoque, los detalles y el control del zoom en lentes compatibles. Adem\u00e1s, puedes equilibrar los colores de las c\u00e1maras, as\u00ed como crear looks \u00fanicos utilizando el corrector de color primario DaVinci Resolve integrado en la Blackmagic Pocket Cinema Camera 4K y 6K.  <\/div>\n<div class=\"group_K7YrQottgVsRZ4B6zAaGG\" data-darkreader-inline-bgcolor=\"\">&nbsp;<\/div>\n<div class=\"group_K7YrQottgVsRZ4B6zAaGG\" data-darkreader-inline-bgcolor=\"\">&nbsp;<\/div>\n<div class=\"group_K7YrQottgVsRZ4B6zAaGG\" data-darkreader-inline-bgcolor=\"\">&nbsp;<\/div>\n<div class=\"group_K7YrQottgVsRZ4B6zAaGG\" data-darkreader-inline-bgcolor=\"\">Grupo de medios<\/div>\n<div class=\"group_K7YrQottgVsRZ4B6zAaGG\" data-darkreader-inline-bgcolor=\"\">&nbsp;<\/div>\n<div class=\"group_K7YrQottgVsRZ4B6zAaGG\" data-darkreader-inline-bgcolor=\"\">El conmutador puede almacenar hasta 20 im\u00e1genes con relleno y clave y admite formatos de archivo PNG, TGA, BMP, GIF, JPEG y TIFF.<\/div>\n<div class=\"group_K7YrQottgVsRZ4B6zAaGG\" data-darkreader-inline-bgcolor=\"\">&nbsp;<\/div>\n<div class=\"group_K7YrQottgVsRZ4B6zAaGG\" data-darkreader-inline-bgcolor=\"\">&nbsp;<\/div>\n<div class=\"group_K7YrQottgVsRZ4B6zAaGG\" data-darkreader-inline-bgcolor=\"\">&nbsp;<\/div>\n<div class=\"group_K7YrQottgVsRZ4B6zAaGG\" data-darkreader-inline-bgcolor=\"\">Compatibilidad<\/div>\n<div class=\"group_K7YrQottgVsRZ4B6zAaGG\" data-darkreader-inline-bgcolor=\"\">&nbsp;<\/div>\n<div class=\"group_K7YrQottgVsRZ4B6zAaGG\" data-darkreader-inline-bgcolor=\"\">Incluye el panel de control de software ATEM y tambi\u00e9n es compatible con los paneles avanzados ATEM 1 M\/E, ATEM 2 M\/E Y ATEM 4 M\/E. ATEM Mini Extreme ISO se puede configurar utilizando la utilidad de configuraci\u00f3n del panel de hardware Videohub de Blackmagic para enrutar fuentes a destinos utilizando Videohub Smart Control Pro y Videohub Master Control Pro. <\/div>\n<div class=\"group_K7YrQottgVsRZ4B6zAaGG\" data-darkreader-inline-bgcolor=\"\">&nbsp;<\/div>\n<div class=\"group_K7YrQottgVsRZ4B6zAaGG\" data-darkreader-inline-bgcolor=\"\">&nbsp;<\/div>\n<div class=\"group_K7YrQottgVsRZ4B6zAaGG\" data-darkreader-inline-bgcolor=\"\">&nbsp;<\/div>\n<div class=\"group_K7YrQottgVsRZ4B6zAaGG\" data-darkreader-inline-bgcolor=\"\">Grabaci\u00f3n<\/div>\n<div class=\"group_K7YrQottgVsRZ4B6zAaGG\" data-darkreader-inline-bgcolor=\"\">&nbsp;<\/div>\n<div class=\"group_K7YrQottgVsRZ4B6zAaGG\" data-darkreader-inline-bgcolor=\"\">Los modelos ATEM Mini Extreme admiten la grabaci\u00f3n directa de sus datos de transmisi\u00f3n en discos flash USB utilizando los mismos archivos de video H.264 con audio AAC que transmiti\u00f3. El Mini Extreme ISO tambi\u00e9n le permite grabar los ocho canales de video de entrada como archivos MP4. Esto le permite subir directamente a cualquier sitio de videos en l\u00ednea, como YouTube o Vimeo.  <\/div>\n<\/div>\n","protected":false},"excerpt":{"rendered":"<p>Dise\u00f1o BLACKMAGIC ATEM Mini ISO Extremo Incluye todas las caracter\u00edsticas de ATEM Mini Extreme m\u00e1s 9 flujos de grabaci\u00f3n con<\/p>\n","protected":false},"featured_media":68846,"comment_status":"closed","ping_status":"open","template":"","meta":{"_acf_changed":false},"product_brand":[2658],"product_cat":[1110],"product_tag":[],"class_list":{"0":"post-72208","1":"product","2":"type-product","3":"status-publish","4":"has-post-thumbnail","6":"product_brand-blackmagic-es","7":"product_cat-consolas-switchers-es","9":"first","10":"pre-order","11":"taxable","12":"shipping-taxable","13":"purchasable","14":"product-type-simple"},"bundled_by":[],"bundle_stock_status":"pre-order","bundle_stock_quantity":null,"bundle_virtual":false,"bundle_layout":"","bundle_add_to_cart_form_location":"","bundle_editable_in_cart":false,"bundle_sold_individually_context":"","bundle_item_grouping":"","bundle_min_size":"","bundle_max_size":"","bundle_price":[],"bundled_items":[],"bundle_sell_ids":[],"acf":[],"_links":{"self":[{"href":"https:\/\/hi-techwonder.com\/es\/wp-json\/wp\/v2\/product\/72208","targetHints":{"allow":["GET"]}}],"collection":[{"href":"https:\/\/hi-techwonder.com\/es\/wp-json\/wp\/v2\/product"}],"about":[{"href":"https:\/\/hi-techwonder.com\/es\/wp-json\/wp\/v2\/types\/product"}],"replies":[{"embeddable":true,"href":"https:\/\/hi-techwonder.com\/es\/wp-json\/wp\/v2\/comments?post=72208"}],"wp:featuredmedia":[{"embeddable":true,"href":"https:\/\/hi-techwonder.com\/es\/wp-json\/wp\/v2\/media\/68846"}],"wp:attachment":[{"href":"https:\/\/hi-techwonder.com\/es\/wp-json\/wp\/v2\/media?parent=72208"}],"wp:term":[{"taxonomy":"product_brand","embeddable":true,"href":"https:\/\/hi-techwonder.com\/es\/wp-json\/wp\/v2\/product_brand?post=72208"},{"taxonomy":"product_cat","embeddable":true,"href":"https:\/\/hi-techwonder.com\/es\/wp-json\/wp\/v2\/product_cat?post=72208"},{"taxonomy":"product_tag","embeddable":true,"href":"https:\/\/hi-techwonder.com\/es\/wp-json\/wp\/v2\/product_tag?post=72208"}],"curies":[{"name":"wp","href":"https:\/\/api.w.org\/{rel}","templated":true}]}}