{"id":72211,"date":"2025-07-28T23:53:47","date_gmt":"2025-07-28T23:53:47","guid":{"rendered":"https:\/\/fv6qoy3ls0.wpdns.site\/produto\/boya-by-c03-soporte-de-microfono-de-montaje-de-choque\/"},"modified":"2025-11-04T17:37:45","modified_gmt":"2025-11-04T17:37:45","slug":"boya-by-c03-soporte-de-microfono-de-montaje-de-choque","status":"publish","type":"product","link":"https:\/\/hi-techwonder.com\/es\/producto\/boya-by-c03-soporte-de-microfono-de-montaje-de-choque\/","title":{"rendered":"BOYA BY-C03 Soporte de micr\u00f3fono de montaje de choque"},"content":{"rendered":"<p>Adaptador con zapata de soporte de c\u00e1mara (en la zapata de la c\u00e1mara).<\/p>\n<p>Este adaptador es compatible con: Todos los micr\u00f3fonos entre 40mm-48mm.<\/p>\n<p><strong>Contenido de la caja<\/strong>:<\/p>\n<p>1x BY-C03 Soporte de micr\u00f3fono de montaje antivibratorio<\/p>\n<p>3x El\u00e1sticos de separaci\u00f3n<\/p>\n","protected":false},"excerpt":{"rendered":"<p>Adaptador con zapata de soporte de c\u00e1mara (en la zapata de la c\u00e1mara). Este adaptador es compatible con: Todos los<\/p>\n","protected":false},"featured_media":29578,"comment_status":"closed","ping_status":"open","template":"","meta":{"_acf_changed":false},"product_brand":[2621],"product_cat":[899],"product_tag":[],"class_list":{"0":"post-72211","1":"product","2":"type-product","3":"status-publish","4":"has-post-thumbnail","6":"product_brand-boya-es","7":"product_cat-otros-accesorios","9":"first","10":"instock","11":"taxable","12":"shipping-taxable","13":"purchasable","14":"product-type-simple"},"bundled_by":[],"bundle_stock_status":"instock","bundle_stock_quantity":1,"bundle_virtual":false,"bundle_layout":"","bundle_add_to_cart_form_location":"","bundle_editable_in_cart":false,"bundle_sold_individually_context":"","bundle_item_grouping":"","bundle_min_size":"","bundle_max_size":"","bundle_price":[],"bundled_items":[],"bundle_sell_ids":[],"acf":[],"_links":{"self":[{"href":"https:\/\/hi-techwonder.com\/es\/wp-json\/wp\/v2\/product\/72211","targetHints":{"allow":["GET"]}}],"collection":[{"href":"https:\/\/hi-techwonder.com\/es\/wp-json\/wp\/v2\/product"}],"about":[{"href":"https:\/\/hi-techwonder.com\/es\/wp-json\/wp\/v2\/types\/product"}],"replies":[{"embeddable":true,"href":"https:\/\/hi-techwonder.com\/es\/wp-json\/wp\/v2\/comments?post=72211"}],"wp:featuredmedia":[{"embeddable":true,"href":"https:\/\/hi-techwonder.com\/es\/wp-json\/wp\/v2\/media\/29578"}],"wp:attachment":[{"href":"https:\/\/hi-techwonder.com\/es\/wp-json\/wp\/v2\/media?parent=72211"}],"wp:term":[{"taxonomy":"product_brand","embeddable":true,"href":"https:\/\/hi-techwonder.com\/es\/wp-json\/wp\/v2\/product_brand?post=72211"},{"taxonomy":"product_cat","embeddable":true,"href":"https:\/\/hi-techwonder.com\/es\/wp-json\/wp\/v2\/product_cat?post=72211"},{"taxonomy":"product_tag","embeddable":true,"href":"https:\/\/hi-techwonder.com\/es\/wp-json\/wp\/v2\/product_tag?post=72211"}],"curies":[{"name":"wp","href":"https:\/\/api.w.org\/{rel}","templated":true}]}}