{"id":72216,"date":"2025-07-28T23:52:51","date_gmt":"2025-07-28T23:52:51","guid":{"rendered":"https:\/\/fv6qoy3ls0.wpdns.site\/produto\/boya-by-bmm300-microfono-de-conferencia-omnidireccional\/"},"modified":"2025-11-04T17:37:42","modified_gmt":"2025-11-04T17:37:42","slug":"boya-by-bmm300-microfono-de-conferencia-omnidireccional","status":"publish","type":"product","link":"https:\/\/hi-techwonder.com\/es\/producto\/boya-by-bmm300-microfono-de-conferencia-omnidireccional\/","title":{"rendered":"BOYA BY-BMM300 Micr\u00f3fono de conferencia omnidireccional"},"content":{"rendered":"<p><strong>BY-BMM300<\/strong> <strong>Altavoz de micr\u00f3fono de conferencia omnidireccional <\/strong><\/p>\n<p><strong style=\"text-align: justify;\">Funciones:<\/strong><\/p>\n<ul>\n<li>Micr\u00f3fono de conferencia omnidireccional para montaje de interfaz, aplicaciones de videoconferencia y conferencias telef\u00f3nicas<\/li>\n<li>Compatible con smartphones, tablets, PC y otros.<\/li>\n<li>Radio de captaci\u00f3n de 2 m, cobertura de voz 360 ?? Grados<\/li>\n<li>Dise\u00f1o port\u00e1til y compacto, ofrece una excelente calidad de sonido<\/li>\n<li>Micr\u00f3fono y altavoz incorporados, salida de auriculares de 3,5 mm, bater\u00eda de litio incorporada<\/li>\n<li>Conexi\u00f3n y conectividad USB-C sencillas<\/li>\n<li>Incluye cable de salida de audio TRRS de 3,5 mm, cable USB tipo C a USB-A, cable USB tipo C a USB tipo C<\/li>\n<\/ul>\n<p>El BOYA BY-BMM300 es un micr\u00f3fono de conferencia omnidireccional con altavoz, que se puede utilizar en diversas situaciones, como una aplicaci\u00f3n de ensamblaje de interfaz, videoconferencia, llamada telef\u00f3nica y m\u00e1s.<\/p>\n<p>Configurado con todos los cables necesarios, el BY-BMM300 puede funcionar con tel\u00e9fonos inteligentes, tabletas, computadoras, reproducci\u00f3n de MP3 y otros. Un cuerpo port\u00e1til y compacto, puede llevar el BY-BMM300 a cualquier lugar y comenzar f\u00e1cilmente su conferencia en cualquier momento y en cualquier lugar. <\/p>\n<p>Con capacidad para captar sonido en un radio de 2m y con una cobertura de voz 360?? Grados. Es la opci\u00f3n ideal para videoconferencias y puede captar simult\u00e1neamente todas las voces dentro del rango efectivo.<\/p>\n<p>El altavoz incorporado incorporado y el dise\u00f1o de la perilla de control de ganancia de volumen incorporada ayudan a los tel\u00e9fonos inteligentes, tabletas y computadoras a brindar un sonido m\u00e1s fuerte durante la llamada telef\u00f3nica \/ videoconferencia y aseguran que se pueda escuchar el contenido de la llamada telef\u00f3nica \/ videoconferencia.<\/p>\n<p><strong>Qu\u00e9 hay en la caja:<\/strong><\/p>\n<ul>\n<li>Micr\u00f3fono BY-BMM300<\/li>\n<li>-Cable de salida de audio TRRS de 3,5 mm<\/li>\n<li>Cable USB tipo C a USB-A<\/li>\n<li>Manual de usuario<\/li>\n<\/ul>\n<p><strong>Especificaciones de BY-BMM300<\/strong> <strong><\/strong><\/p>\n<table style=\"border-collapse: collapse; width: 33.7308%;\" border=\"1\">\n<tbody>\n<tr>\n<td style=\"width: 43.573%;\">Transductor<\/td>\n<td style=\"width: 56.2757%;\">Condensador<\/td>\n<\/tr>\n<tr>\n<td style=\"width: 43.573%;\">Patr\u00f3n<\/td>\n<p> polar<\/p>\n<td style=\"width: 56.2757%;\">Omnidireccional<\/td>\n<\/tr>\n<tr>\n<td style=\"width: 43.573%;\">Respuesta de frecuencia<\/td>\n<td style=\"width: 56.2757%;\">40-15000 Hz<\/td>\n<\/tr>\n<tr>\n<td style=\"width: 43.573%;\">Potencia de salida<\/td>\n<td style=\"width: 56.2757%;\">2,5 W<\/td>\n<\/tr>\n<tr>\n<td style=\"width: 43.573%;\">Requisitos potentes<\/td>\n<td style=\"width: 56.2757%;\">Bater\u00eda de litio incorporada o CC 5V \/ 500mA<\/td>\n<\/tr>\n<tr>\n<td style=\"width: 43.573%;\">&nbsp;Tap\u00f3n<\/td>\n<td style=\"width: 56.2757%;\">\n<p>Interfaz de audio TRRS de 3,5 mm<\/p>\n<p>Interfaz de audio USB tipo C<\/p>\n<p>Interfaz de audio USB-A<\/p>\n<\/td>\n<\/tr>\n<tr>\n<td style=\"width: 43.573%;\">Tiempo de carga<\/td>\n<td style=\"width: 56.2757%;\">Aprox. 2,5 h <\/td>\n<\/tr>\n<tr>\n<td style=\"width: 43.573%;\">Duraci\u00f3n de la bater\u00eda incorporada<\/td>\n<td style=\"width: 56.2757%;\">Aprox. 4,5 h <\/td>\n<\/tr>\n<tr>\n<td style=\"width: 43.573%;\">Rango de cobertura<\/td>\n<td style=\"width: 56.2757%;\">Radio de 2 m<\/td>\n<\/tr>\n<tr>\n<td style=\"width: 43.573%;\">Longitud del cable<\/td>\n<td style=\"width: 56.2757%;\">1,2 millones<\/td>\n<\/tr>\n<tr>\n<td style=\"width: 43.573%;\">Tama\u00f1o<\/td>\n<td style=\"width: 56.2757%;\">95 * 35 mm (3.7\u00d71.4 \u00ab)<\/td>\n<\/tr>\n<tr>\n<td style=\"width: 43.573%;\">Peso<\/td>\n<td style=\"width: 56.2757%;\">200g<\/td>\n<\/tr>\n<\/tbody>\n<\/table>\n","protected":false},"excerpt":{"rendered":"<p>BY-BMM300 Altavoz de micr\u00f3fono de conferencia omnidireccional Funciones: Micr\u00f3fono de conferencia omnidireccional para montaje de interfaz, aplicaciones de videoconferencia y<\/p>\n","protected":false},"featured_media":29316,"comment_status":"closed","ping_status":"open","template":"","meta":{"_acf_changed":false},"product_brand":[2621],"product_cat":[897],"product_tag":[],"class_list":{"0":"post-72216","1":"product","2":"type-product","3":"status-publish","4":"has-post-thumbnail","6":"product_brand-boya-es","7":"product_cat-sobremesa","9":"first","10":"instock","11":"taxable","12":"shipping-taxable","13":"purchasable","14":"product-type-simple"},"bundled_by":[],"bundle_stock_status":"instock","bundle_stock_quantity":1,"bundle_virtual":false,"bundle_layout":"","bundle_add_to_cart_form_location":"","bundle_editable_in_cart":false,"bundle_sold_individually_context":"","bundle_item_grouping":"","bundle_min_size":"","bundle_max_size":"","bundle_price":[],"bundled_items":[],"bundle_sell_ids":[],"acf":[],"_links":{"self":[{"href":"https:\/\/hi-techwonder.com\/es\/wp-json\/wp\/v2\/product\/72216","targetHints":{"allow":["GET"]}}],"collection":[{"href":"https:\/\/hi-techwonder.com\/es\/wp-json\/wp\/v2\/product"}],"about":[{"href":"https:\/\/hi-techwonder.com\/es\/wp-json\/wp\/v2\/types\/product"}],"replies":[{"embeddable":true,"href":"https:\/\/hi-techwonder.com\/es\/wp-json\/wp\/v2\/comments?post=72216"}],"wp:featuredmedia":[{"embeddable":true,"href":"https:\/\/hi-techwonder.com\/es\/wp-json\/wp\/v2\/media\/29316"}],"wp:attachment":[{"href":"https:\/\/hi-techwonder.com\/es\/wp-json\/wp\/v2\/media?parent=72216"}],"wp:term":[{"taxonomy":"product_brand","embeddable":true,"href":"https:\/\/hi-techwonder.com\/es\/wp-json\/wp\/v2\/product_brand?post=72216"},{"taxonomy":"product_cat","embeddable":true,"href":"https:\/\/hi-techwonder.com\/es\/wp-json\/wp\/v2\/product_cat?post=72216"},{"taxonomy":"product_tag","embeddable":true,"href":"https:\/\/hi-techwonder.com\/es\/wp-json\/wp\/v2\/product_tag?post=72216"}],"curies":[{"name":"wp","href":"https:\/\/api.w.org\/{rel}","templated":true}]}}