{"id":72217,"date":"2025-07-28T23:48:21","date_gmt":"2025-07-28T23:48:21","guid":{"rendered":"https:\/\/fv6qoy3ls0.wpdns.site\/produto\/boya-by-a7h-microfono-de-canon-compacto-para-telefonos-inteligentes\/"},"modified":"2026-02-11T16:30:29","modified_gmt":"2026-02-11T16:30:29","slug":"boya-by-a7h-microfono-de-canon-compacto-para-telefonos-inteligentes","status":"publish","type":"product","link":"https:\/\/hi-techwonder.com\/es\/producto\/boya-by-a7h-microfono-de-canon-compacto-para-telefonos-inteligentes\/","title":{"rendered":"BOYA BY-A7H Micr\u00f3fono de ca\u00f1\u00f3n compacto para tel\u00e9fonos inteligentes"},"content":{"rendered":"<p>Micr\u00f3fono compacto para tel\u00e9fonos Android o iOS con <strong><span style=\"text-decoration: underline;\">entrada jack de 3,5 mm<\/strong> .<\/span><\/p>\n<p> <strong><span style=\"font-family: arial, helvetica, sans-serif;\">IMPORTANTE: Para el mismo lado del tel\u00e9fono, es posible que el micr\u00f3fono ingrese la imagen.<\/strong><\/span><\/p>\n<p> <strong>Productos destacados<\/strong><\/p>\n<ul>\n<li>  Para dispositivos iOS\/la mayor\u00eda de los dispositivos Android<\/li>\n<li>  Compatible con tel\u00e9fonos inteligentes o tabletas<\/li>\n<li>  Patr\u00f3n polar cardioide<\/li>\n<li>  Grabaci\u00f3n de alta calidad para sus tel\u00e9fonos inteligentes<\/li>\n<li>  Plug and play<\/li>\n<li>  El dise\u00f1o de f\u00e9rula de goma garantiza una posici\u00f3n fija del micr\u00f3fono<\/li>\n<li>  Conector TRRS de 3,5 mm<\/li>\n<li>  Incluye bolsa de transporte<\/li>\n<\/ul>\n<p>  El BOYA BY-A7H es un micr\u00f3fono de condensador cardioide enchufable compacto que transforma su dispositivo inteligente en un dispositivo de grabaci\u00f3n de alta calidad.<\/p>\n<p>  Con una c\u00e1psula de 6 mm, proporciona una frecuencia rica, un sonido de audio n\u00edtido y claro para sus entrevistas, videos, notas de voz, discursos y m\u00e1s. El dise\u00f1o de la f\u00e9rula de goma garantiza una posici\u00f3n fija del micr\u00f3fono para evitar la rotaci\u00f3n accidental durante la grabaci\u00f3n de video o audio. Cuenta con TRRS de 3,5 mm, le permite simplemente conectar y usar, y funciona con la mayor\u00eda de los dispositivos iOS y Android o cualquier otro equipo de audio\/video con un conector de 3,5 mm.    <\/p>\n<table style=\"border-spacing: 0px; font-family: Arial, Helvetica, sans-serif; font-size: 14px; background-color: #ffffff; border-color: #e2e2e2; width: 600px;\" border=\"1\" cellspacing=\"0\" cellpadding=\"2\">\n<tbody>\n<tr>\n<td style=\"padding: 0px;\"> Transductor:<\/td>\n<td style=\"padding: 0px;\"> Capacitancia Electret<\/td>\n<\/tr>\n<tr>\n<td style=\"padding: 0px;\"> Patr\u00f3n polar:<\/td>\n<td style=\"padding: 0px;\"> cardioide<\/td>\n<\/tr>\n<tr>\n<td style=\"padding: 0px;\"> Rango de frecuencia:<\/td>\n<td style=\"padding: 0px;\"> 65Hz-18KHz<\/td>\n<\/tr>\n<tr>\n<td style=\"padding: 0px;\"> Se\u00f1al \/ Ruido:<\/td>\n<td style=\"padding: 0px;\"> 74db SPL<\/td>\n<\/tr>\n<tr>\n<td style=\"padding: 0px;\"> Sensibilidad:<\/td>\n<td style=\"padding: 0px;\"> 30dB \u00b1 3dB = 1V \/ Pa, 1kHz<\/td>\n<\/tr>\n<tr>\n<td style=\"padding: 0px;\"> Impedancia de salida<\/td>\n<td style=\"padding: 0px;\"> : 1000 ohmios o menos<\/td>\n<\/tr>\n<tr>\n<td style=\"padding: 0px;\">  Tama\u00f1o:  <\/td>\n<td style=\"padding: 0px;\">\n<p style=\"margin: 0px auto; line-height: 24px; padding: 0px; border: 0px; list-style: none;\">  Conexi\u00f3n TRRS de 3,5 mm<\/p>\n<\/td>\n<\/tr>\n<tr>\n<td style=\"padding: 0px;\"> Entrada:<\/td>\n<td style=\"padding: 0px;\"> 66,8 * 32 * 46 mm<\/td>\n<\/tr>\n<tr>\n<td style=\"padding: 0px;\"> Peso:<\/td>\n<td style=\"padding: 0px;\"> 0,7 oz (20 g)<\/td>\n<\/tr>\n<\/tbody>\n<\/table>\n","protected":false},"excerpt":{"rendered":"<p>Micr\u00f3fono compacto para tel\u00e9fonos Android o iOS con entrada jack de 3,5 mm . IMPORTANTE: Para el mismo lado del<\/p>\n","protected":false},"featured_media":28025,"comment_status":"closed","ping_status":"open","template":"","meta":{"_acf_changed":false},"product_brand":[2621],"product_cat":[894],"product_tag":[],"class_list":{"0":"post-72217","1":"product","2":"type-product","3":"status-publish","4":"has-post-thumbnail","6":"product_brand-boya-es","7":"product_cat-microfonos","9":"first","10":"instock","11":"taxable","12":"shipping-taxable","13":"purchasable","14":"product-type-simple"},"bundled_by":[],"bundle_stock_status":"instock","bundle_stock_quantity":9,"bundle_virtual":false,"bundle_layout":"","bundle_add_to_cart_form_location":"","bundle_editable_in_cart":false,"bundle_sold_individually_context":"","bundle_item_grouping":"","bundle_min_size":"","bundle_max_size":"","bundle_price":[],"bundled_items":[],"bundle_sell_ids":[],"acf":[],"_links":{"self":[{"href":"https:\/\/hi-techwonder.com\/es\/wp-json\/wp\/v2\/product\/72217","targetHints":{"allow":["GET"]}}],"collection":[{"href":"https:\/\/hi-techwonder.com\/es\/wp-json\/wp\/v2\/product"}],"about":[{"href":"https:\/\/hi-techwonder.com\/es\/wp-json\/wp\/v2\/types\/product"}],"replies":[{"embeddable":true,"href":"https:\/\/hi-techwonder.com\/es\/wp-json\/wp\/v2\/comments?post=72217"}],"wp:featuredmedia":[{"embeddable":true,"href":"https:\/\/hi-techwonder.com\/es\/wp-json\/wp\/v2\/media\/28025"}],"wp:attachment":[{"href":"https:\/\/hi-techwonder.com\/es\/wp-json\/wp\/v2\/media?parent=72217"}],"wp:term":[{"taxonomy":"product_brand","embeddable":true,"href":"https:\/\/hi-techwonder.com\/es\/wp-json\/wp\/v2\/product_brand?post=72217"},{"taxonomy":"product_cat","embeddable":true,"href":"https:\/\/hi-techwonder.com\/es\/wp-json\/wp\/v2\/product_cat?post=72217"},{"taxonomy":"product_tag","embeddable":true,"href":"https:\/\/hi-techwonder.com\/es\/wp-json\/wp\/v2\/product_tag?post=72217"}],"curies":[{"name":"wp","href":"https:\/\/api.w.org\/{rel}","templated":true}]}}