{"id":72220,"date":"2025-07-28T23:51:03","date_gmt":"2025-07-28T23:51:03","guid":{"rendered":"https:\/\/fv6qoy3ls0.wpdns.site\/produto\/boya-by-bm58-microfono-de-mano-dinamico-cardioide\/"},"modified":"2026-03-02T17:57:18","modified_gmt":"2026-03-02T17:57:18","slug":"boya-by-bm58-microfono-de-mano-dinamico-cardioide","status":"publish","type":"product","link":"https:\/\/hi-techwonder.com\/es\/producto\/boya-by-bm58-microfono-de-mano-dinamico-cardioide\/","title":{"rendered":"BOYA BY-BM58 Micr\u00f3fono de mano din\u00e1mico cardioide"},"content":{"rendered":"<p><strong>BOYA BY-BM58 Micr\u00f3fono de mano din\u00e1mico cardioide<\/strong><\/p>\n<p><strong>Funciones:<\/strong><\/p>\n<ul>\n<li>Ideal para la grabaci\u00f3n de voz y las interpretaciones de instrumentos, como cantar y hablar<\/li>\n<li>Excelente patr\u00f3n polar cardioide<\/li>\n<li>La c\u00e1psula de aislamiento ayuda a reducir el ruido de funcionamiento<\/li>\n<li>Filtro antipop incorporado<\/li>\n<li>Cuerpo duradero de aleaci\u00f3n de aluminio y zinc<\/li>\n<li>Respuesta de frecuencia personalizada<\/li>\n<li>Cable XLR\/Jack de 6,5 mm y soporte para micr\u00f3fono incluidos<\/li>\n<\/ul>\n<p><strong>Contenido del paquete:<\/strong><\/p>\n<ul>\n<li>1 x micr\u00f3fono de mano<\/li>\n<li>1 x Soporte de micr\u00f3fono con sistema de inclinaci\u00f3n integrado<\/li>\n<li>1 x XLR hembra \/ Jack 6.5mm macho cable &#8211; 5m<\/li>\n<li>1 x cinta de cable de velcro<\/li>\n<li>1 x Bolsa de almacenamiento de piel sint\u00e9tica<\/li>\n<\/ul>\n<p>El BOYA BY-BM58 es un micr\u00f3fono de mano din\u00e1mico port\u00e1til cardioide, perfectamente adecuado para grabaciones vocales.&nbsp;<\/p>\n<p>El paquete incluye un soporte de micr\u00f3fono con un sistema de inclinaci\u00f3n integrado y un cable XLR a jack de 6,5 mm de longitud.<\/p>\n<p>El micr\u00f3fono capta sonidos n\u00edtidos y claros y filtra el ruido de fondo.&nbsp;<\/p>\n<p>El amplio rango din\u00e1mico (la diferencia entre los sonidos m\u00e1s bajos y m\u00e1s altos que el micr\u00f3fono puede capturar correctamente) hace que el BY-BM58 sea extremadamente adecuado para grabaciones de voz.<\/p>\n<p>La caracter\u00edstica direccional cardioide garantiza que los sonidos sean claramente audibles y que se filtre el ruido ambiental.&nbsp;<\/p>\n<p>El BY-BM58 le permite grabar sonidos de calidad profesional.<\/p>\n<p><strong>Caracter\u00edsticas t\u00e9cnicas:<\/strong><\/p>\n<table style=\"width: 470px;\" border=\"0\" width=\"392\" cellspacing=\"0\" cellpadding=\"2\">\n<colgroup>\n<col style=\"width: 207.5px;\" width=\"165\">\n<col style=\"width: 261.5px;\" width=\"219\"> <\/colgroup>\n<tbody>\n<tr>\n<td width=\"165\"> <span style=\"font-size: medium;\">Transductor <\/span><\/td>\n<td width=\"219\"> <span style=\"font-size: medium;\">Din\u00e1mico <\/span><\/td>\n<\/tr>\n<tr>\n<td width=\"165\"> <span style=\"font-size: medium;\">Patr\u00f3n <\/span><\/td>\n<p> polar<\/p>\n<td width=\"219\"> <span style=\"font-size: medium;\">Cardioide <\/span><\/td>\n<\/tr>\n<tr>\n<td width=\"165\"> <span style=\"font-size: medium;\">Rango de <\/span><\/td>\n<p> frecuencia<\/p>\n<td width=\"219\"> <span style=\"font-size: medium;\">50Hz-15kHz <\/span><\/td>\n<\/tr>\n<tr>\n<td width=\"165\"> <span style=\"font-size: medium;\">Impedancia de <\/span><\/td>\n<p> salida <\/p>\n<td width=\"219\"> <span style=\"font-size: medium;\">300\u03a9 <\/span><\/td>\n<\/tr>\n<tr>\n<td width=\"165\"> <span style=\"font-size: medium;\">Sensibilidad <\/span><\/td>\n<td width=\"219\"> <span style=\"font-size: medium;\">-65\u00b13dB, 0dB=1V\/Pa, 1kHz <\/span><\/td>\n<\/tr>\n<tr>\n<td width=\"165\"> <span style=\"font-size: medium;\">Conexi\u00f3n <\/span><\/td>\n<td width=\"219\"> <span style=\"font-size: medium;\">XLR hembra \/ Jack 6.5mm macho <\/span><\/td>\n<\/tr>\n<tr>\n<td width=\"165\"> <span style=\"font-size: medium;\">Longitud del cable <\/span><\/td>\n<td width=\"219\"> <span style=\"font-size: medium;\">5 millones <\/span><\/td>\n<\/tr>\n<tr>\n<td width=\"165\"> <span style=\"font-size: medium;\">Dimensiones <\/span><\/td>\n<td width=\"219\"> <span style=\"font-size: medium;\">\u03a653 mm x 164 mm <\/span><\/td>\n<\/tr>\n<tr>\n<td width=\"165\"> <span style=\"font-size: medium;\">Peso <\/span><\/td>\n<td width=\"219\"> <span style=\"font-size: medium;\">310 gramos <\/span><\/td>\n<\/tr>\n<\/tbody>\n<\/table>\n","protected":false},"excerpt":{"rendered":"<p>BOYA BY-BM58 Micr\u00f3fono de mano din\u00e1mico cardioide Funciones: Ideal para la grabaci\u00f3n de voz y las interpretaciones de instrumentos, como<\/p>\n","protected":false},"featured_media":29047,"comment_status":"closed","ping_status":"open","template":"","meta":{"_acf_changed":false},"product_brand":[2621],"product_cat":[898],"product_tag":[],"class_list":{"0":"post-72220","1":"product","2":"type-product","3":"status-publish","4":"has-post-thumbnail","6":"product_brand-boya-es","7":"product_cat-mano","9":"first","10":"instock","11":"taxable","12":"shipping-taxable","13":"purchasable","14":"product-type-simple"},"bundled_by":[],"bundle_stock_status":"instock","bundle_stock_quantity":1,"bundle_virtual":false,"bundle_layout":"","bundle_add_to_cart_form_location":"","bundle_editable_in_cart":false,"bundle_sold_individually_context":"","bundle_item_grouping":"","bundle_min_size":"","bundle_max_size":"","bundle_price":[],"bundled_items":[],"bundle_sell_ids":[],"acf":[],"_links":{"self":[{"href":"https:\/\/hi-techwonder.com\/es\/wp-json\/wp\/v2\/product\/72220","targetHints":{"allow":["GET"]}}],"collection":[{"href":"https:\/\/hi-techwonder.com\/es\/wp-json\/wp\/v2\/product"}],"about":[{"href":"https:\/\/hi-techwonder.com\/es\/wp-json\/wp\/v2\/types\/product"}],"replies":[{"embeddable":true,"href":"https:\/\/hi-techwonder.com\/es\/wp-json\/wp\/v2\/comments?post=72220"}],"wp:featuredmedia":[{"embeddable":true,"href":"https:\/\/hi-techwonder.com\/es\/wp-json\/wp\/v2\/media\/29047"}],"wp:attachment":[{"href":"https:\/\/hi-techwonder.com\/es\/wp-json\/wp\/v2\/media?parent=72220"}],"wp:term":[{"taxonomy":"product_brand","embeddable":true,"href":"https:\/\/hi-techwonder.com\/es\/wp-json\/wp\/v2\/product_brand?post=72220"},{"taxonomy":"product_cat","embeddable":true,"href":"https:\/\/hi-techwonder.com\/es\/wp-json\/wp\/v2\/product_cat?post=72220"},{"taxonomy":"product_tag","embeddable":true,"href":"https:\/\/hi-techwonder.com\/es\/wp-json\/wp\/v2\/product_tag?post=72220"}],"curies":[{"name":"wp","href":"https:\/\/api.w.org\/{rel}","templated":true}]}}