{"id":72227,"date":"2025-07-29T10:50:46","date_gmt":"2025-07-29T10:50:46","guid":{"rendered":"https:\/\/fv6qoy3ls0.wpdns.site\/produto\/plato-de-roseta-blackmagic-pyxis-6k\/"},"modified":"2026-01-31T01:24:51","modified_gmt":"2026-01-31T01:24:51","slug":"blackmagic-plato-de-roseta-blackmagic-pyxis-6k","status":"publish","type":"product","link":"https:\/\/hi-techwonder.com\/es\/producto\/blackmagic-plato-de-roseta-blackmagic-pyxis-6k\/","title":{"rendered":"Plato de roseta BLACKMAGIC Pyxis 6K"},"content":{"rendered":"<h3 data-start=\"0\" data-end=\"56\"><strong data-start=\"4\" data-end=\"56\">Placa de roseta Blackmagic Pyxis 6K<\/strong><\/h3>\n<hr data-start=\"58\" data-end=\"61\">\n<h3 data-start=\"63\" data-end=\"86\"><strong data-start=\"67\" data-end=\"86\">Funciones<\/strong><\/h3>\n<ul data-start=\"87\" data-end=\"479\">\n<li data-start=\"87\" data-end=\"139\"><strong data-start=\"89\" data-end=\"109\">Compatibilidad:<\/strong> C\u00e1maras Blackmagic PYXIS 6K<\/li>\n<li data-start=\"140\" data-end=\"288\"><strong data-start=\"142\" data-end=\"169\">Accesorios de montaje:<\/strong>\n<ul data-start=\"173\" data-end=\"288\">\n<li data-start=\"173\" data-end=\"226\">1x Roseta lateral para asas y brazos de extensi\u00f3n<\/li>\n<li data-start=\"229\" data-end=\"257\">5 x 1\/4&#8243;-20 agujeros<\/li>\n<li data-start=\"260\" data-end=\"288\">4 x 3\/8&#8243;-16 agujeros<\/li>\n<\/ul>\n<\/li>\n<li data-start=\"289\" data-end=\"363\"><strong data-start=\"291\" data-end=\"314\">Construcci\u00f3n robusta:<\/strong> Hecho de aluminio de grado aeron\u00e1utico<\/li>\n<li data-start=\"364\" data-end=\"479\"><strong data-start=\"366\" data-end=\"388\">Expansi\u00f3n vers\u00e1til:<\/strong> Le permite agregar micr\u00f3fonos, soportes, monitores y otros accesorios de cine o video<\/li>\n<\/ul>\n<hr data-start=\"481\" data-end=\"484\">\n<h3 data-start=\"486\" data-end=\"515\"><strong data-start=\"490\" data-end=\"515\">Contenido del paquete<\/strong><\/h3>\n<ul data-start=\"516\" data-end=\"567\">\n<li data-start=\"516\" data-end=\"567\"><strong data-start=\"518\" data-end=\"526\">1Un.<\/strong>  Placa de roseta Blackmagic para PYXIS 6K<\/li>\n<\/ul>\n<hr data-start=\"569\" data-end=\"572\">\n<h3 data-start=\"574\" data-end=\"601\"><strong data-start=\"578\" data-end=\"601\">Descripci\u00f3n detallada<\/strong><\/h3>\n<p data-start=\"602\" data-end=\"896\">La <strong data-start=\"604\" data-end=\"634\">placa de roseta Blackmagic<\/strong> est\u00e1 especialmente dise\u00f1ada para la c\u00e1mara <strong data-start=\"677\" data-end=\"689\">PYXIS 6K<\/strong>, lo que le brinda m\u00e1s posibilidades de montaje de accesorios. Con una <strong data-start=\"757\" data-end=\"775\">roseta lateral<\/strong> integrada, es f\u00e1cil agregar manijas o extensiones a su equipo, lo que garantiza la estabilidad y la ergonom\u00eda en el control de la c\u00e1mara. <\/p>\n<p data-start=\"900\" data-end=\"1289\">Su <strong data-start=\"906\" data-end=\"948\">dise\u00f1o de aluminio de grado aeron\u00e1utico<\/strong> proporciona una alta resistencia manteniendo un bajo peso para no comprometer la movilidad del conjunto. Tambi\u00e9n cuenta con <strong data-start=\"1079\" data-end=\"1123\">m\u00faltiples orificios de 1\/4&#8243;-20 y 3\/8&#8243;-16<\/strong>, lo que permite instalar micr\u00f3fonos, brazos articulados, iluminadores o cualquier otro accesorio necesario en un flujo de trabajo profesional de video o cine. <\/p>\n<hr data-start=\"1291\" data-end=\"1294\">\n<h3 data-start=\"1296\" data-end=\"1327\"><strong data-start=\"1300\" data-end=\"1327\">Especificaciones t\u00e9cnicas<\/strong><\/h3>\n<ul data-start=\"1328\" data-end=\"1613\">\n<li data-start=\"1328\" data-end=\"1379\"><strong data-start=\"1330\" data-end=\"1343\">Material:<\/strong> Aluminio de grado aeron\u00e1utico<\/li>\n<li data-start=\"1380\" data-end=\"1423\"><strong data-start=\"1382\" data-end=\"1401\">Compatible con:<\/strong> Blackmagic PYXIS 6K<\/li>\n<li data-start=\"1424\" data-end=\"1466\"><strong data-start=\"1426\" data-end=\"1451\">Roseta para montaje:<\/strong> 1x (lateral)<\/li>\n<li data-start=\"1467\" data-end=\"1529\"><strong data-start=\"1469\" data-end=\"1492\">Roscas de montaje:<\/strong>\n<ul data-start=\"1496\" data-end=\"1529\">\n<li data-start=\"1496\" data-end=\"1511\">5 x 1\/4&#8243;-20<\/li>\n<li data-start=\"1514\" data-end=\"1529\">4 x 3\/8&#8243;-16<\/li>\n<\/ul>\n<\/li>\n<li data-start=\"1530\" data-end=\"1613\"><strong data-start=\"1532\" data-end=\"1553\">Funci\u00f3n principal:<\/strong> Agregue asas, brazos de extensi\u00f3n y soportes adicionales<\/li>\n<\/ul>\n<p data-start=\"1615\" data-end=\"1686\"><em data-start=\"1615\" data-end=\"1686\">(No se proporcion\u00f3 informaci\u00f3n adicional como peso o dimensiones).<\/em><\/p>\n<hr data-start=\"1764\" data-end=\"1767\">\n<h3 data-start=\"1769\" data-end=\"1799\"><strong data-start=\"1773\" data-end=\"1799\">Informaci\u00f3n adicional<\/strong><\/h3>\n<p data-start=\"1800\" data-end=\"1939\">Nota: Im\u00e1genes ilustrativas. Equipo adicional no incluido. Consulte el contenido y las especificaciones del paquete para obtener m\u00e1s detalles.  <\/p>\n","protected":false},"excerpt":{"rendered":"<p>Placa de roseta Blackmagic Pyxis 6K Funciones Compatibilidad: C\u00e1maras Blackmagic PYXIS 6K Accesorios de montaje: 1x Roseta lateral para asas<\/p>\n","protected":false},"featured_media":68352,"comment_status":"closed","ping_status":"open","template":"","meta":{"_acf_changed":false},"product_brand":[2658],"product_cat":[1097],"product_tag":[],"class_list":{"0":"post-72227","1":"product","2":"type-product","3":"status-publish","4":"has-post-thumbnail","6":"product_brand-blackmagic-es","7":"product_cat-bases-zapatas","9":"first","10":"onbackorder","11":"taxable","12":"shipping-taxable","13":"purchasable","14":"product-type-simple"},"bundled_by":[],"bundle_stock_status":"onbackorder","bundle_stock_quantity":null,"bundle_virtual":false,"bundle_layout":"","bundle_add_to_cart_form_location":"","bundle_editable_in_cart":false,"bundle_sold_individually_context":"","bundle_item_grouping":"","bundle_min_size":"","bundle_max_size":"","bundle_price":[],"bundled_items":[],"bundle_sell_ids":[],"acf":[],"_links":{"self":[{"href":"https:\/\/hi-techwonder.com\/es\/wp-json\/wp\/v2\/product\/72227","targetHints":{"allow":["GET"]}}],"collection":[{"href":"https:\/\/hi-techwonder.com\/es\/wp-json\/wp\/v2\/product"}],"about":[{"href":"https:\/\/hi-techwonder.com\/es\/wp-json\/wp\/v2\/types\/product"}],"replies":[{"embeddable":true,"href":"https:\/\/hi-techwonder.com\/es\/wp-json\/wp\/v2\/comments?post=72227"}],"wp:featuredmedia":[{"embeddable":true,"href":"https:\/\/hi-techwonder.com\/es\/wp-json\/wp\/v2\/media\/68352"}],"wp:attachment":[{"href":"https:\/\/hi-techwonder.com\/es\/wp-json\/wp\/v2\/media?parent=72227"}],"wp:term":[{"taxonomy":"product_brand","embeddable":true,"href":"https:\/\/hi-techwonder.com\/es\/wp-json\/wp\/v2\/product_brand?post=72227"},{"taxonomy":"product_cat","embeddable":true,"href":"https:\/\/hi-techwonder.com\/es\/wp-json\/wp\/v2\/product_cat?post=72227"},{"taxonomy":"product_tag","embeddable":true,"href":"https:\/\/hi-techwonder.com\/es\/wp-json\/wp\/v2\/product_tag?post=72227"}],"curies":[{"name":"wp","href":"https:\/\/api.w.org\/{rel}","templated":true}]}}