{"id":72229,"date":"2025-07-29T10:44:24","date_gmt":"2025-07-29T10:44:24","guid":{"rendered":"https:\/\/fv6qoy3ls0.wpdns.site\/produto\/blackmagic-mini-converter-hdmi-a-4k-6g-sdi\/"},"modified":"2025-09-18T10:57:42","modified_gmt":"2025-09-18T10:57:42","slug":"blackmagic-mini-converter-hdmi-a-4k-6g-sdi","status":"publish","type":"product","link":"https:\/\/hi-techwonder.com\/es\/producto\/blackmagic-mini-converter-hdmi-a-4k-6g-sdi\/","title":{"rendered":"BLACKMAGIC Mini Converter HDMI a 4K 6G SDI"},"content":{"rendered":"<p>El convertidor de Mini HDMI a SDI de Blackmagic Design le permite convertir HDMI a SD, HD, 3G o 6G-SDI a resoluciones de hasta Ultra HD 4K (3840 x 2160) y DCI 4K (4096 x 2160). Esto es \u00fatil para conectar dispositivos de consumo que emiten se\u00f1ales HDMI con equipos de video SDI profesionales. Con un factor de forma compacto y controles f\u00e1ciles de usar, el Mini Converter es ideal para una variedad de aplicaciones audiovisuales profesionales, de postproducci\u00f3n y de transmisi\u00f3n.  <\/p>\n<p>Utilizando tecnolog\u00edas 4K HDMI y 6G-SDI, el Mini Converter admite resoluciones de hasta UHD 4K a hasta 30 fps y DCI 4K a 24 fps. Detecta autom\u00e1ticamente el formato de video de entrada y cambia instant\u00e1neamente entre los formatos SD, HD y UHD \/ DCI 4K. Las dos salidas 6G-SDI tambi\u00e9n admiten se\u00f1ales SD y HD-SDI para su integraci\u00f3n en los flujos de trabajo existentes. Ambas salidas 6G-SDI env\u00edan se\u00f1ales duplicadas. El audio est\u00e1 integrado en la salida SDI, ya sea desde la entrada HDMI o desde los dos conectores de entrada de 1\/4&#8243; que admiten audio digital AES\/EBU de 2 canales o audio anal\u00f3gico balanceado.    <\/p>\n<p>La configuraci\u00f3n del miniconvertidor se controla mediante los interruptores DIP incorporados o mediante USB mediante el software de control para computadoras Mac OS X o Windows, que se puede descargar desde el sitio web de Blackmagic Design. El puerto USB tambi\u00e9n permite actualizar el firmware. Para alimentar el dispositivo, se incluye una fuente de alimentaci\u00f3n de 12 V.  <\/p>\n<p><strong>Caracter\u00edsticas adicionales<\/strong><\/p>\n<ul>\n<li>Muestreo 4:2:2 y precisi\u00f3n de color<\/li>\n<li>Escalador HD y conversi\u00f3n SD hacia abajo<\/li>\n<li>Muestreo de audio de 24 bits y 48 kHz<\/li>\n<li>Cumple con los est\u00e1ndares SMPTE 292M, SMPTE 259M, SMPTE 296M, ITU-R BT.656 e ITU-R BT.601<\/li>\n<\/ul>\n<h2 class=\"western\" style=\"font-style: normal; font-weight: normal;\"><strong><span style=\"font-family: OpenSans, Segoe UI, Helvetica, Roboto, Arial, sans-serif;\"><span style=\"font-size: medium;\">Especificaciones de Blackmagic Design CONVMBHS<\/span><\/span><\/strong><\/h2>\n<table border=\"0\" width=\"642\" cellspacing=\"0\" cellpadding=\"2\">\n<colgroup>\n<col width=\"155\">\n<col width=\"479\"> <\/colgroup>\n<tbody>\n<tr>\n<td width=\"155\">\n<p style=\"border: none; padding: 0cm; font-weight: normal;\" align=\"LEFT\">Entrada de video<\/p>\n<\/td>\n<td width=\"479\">\n<p style=\"border: none; padding: 0cm; font-weight: normal;\">1 x HDMI, tipo A<\/p>\n<\/td>\n<\/tr>\n<tr>\n<td width=\"155\">\n<p style=\"border: none; padding: 0cm; font-weight: normal;\" align=\"LEFT\">Salida de video<\/p>\n<\/td>\n<td width=\"479\">\n<p style=\"border: none; padding: 0cm; font-weight: normal;\">2 x 6G-SDI<\/p>\n<p>Nota: Ambas salidas 6G env\u00edan se\u00f1ales duplicadas y no se pueden usar para admitir formatos Dual Link<\/p>\n<\/td>\n<\/tr>\n<tr>\n<td width=\"155\">\n<p style=\"border: none; padding: 0cm; font-weight: normal;\" align=\"LEFT\">Soporte de tarifas m\u00faltiples<\/p>\n<\/td>\n<td width=\"479\">\n<p style=\"border: none; padding: 0cm; font-weight: normal;\">Detecci\u00f3n autom\u00e1tica de se\u00f1ales SD, HD, 3G o 6G SDI<\/p>\n<\/td>\n<\/tr>\n<tr>\n<td width=\"155\">\n<p style=\"border: none; padding: 0cm; font-weight: normal;\" align=\"LEFT\">Resincronizaci\u00f3n<\/p>\n<\/td>\n<td width=\"479\">\n<p style=\"border: none; padding: 0cm; font-weight: normal;\">S\u00ed<\/p>\n<\/td>\n<\/tr>\n<tr>\n<td width=\"155\">\n<p style=\"border: none; padding: 0cm; font-weight: normal;\" align=\"LEFT\">Entrada de audio<\/p>\n<\/td>\n<td width=\"479\">\n<p style=\"border: none; padding: 0cm; font-weight: normal;\">2 x jack de 1\/4&#8243;, 2 canales de audio anal\u00f3gico o digital AES\/EBU<\/p>\n<\/td>\n<\/tr>\n<tr>\n<td width=\"155\">\n<p style=\"border: none; padding: 0cm; font-weight: normal;\" align=\"LEFT\">Soporte de formato<\/p>\n<\/td>\n<td width=\"479\">\n<p style=\"border: none; padding: 0cm; font-weight: normal;\"><strong>SD:<\/strong><br \/>NTSC 525\/29.97 y 525\/23.98<br \/>PAL 625\/25<\/p>\n<p><strong>Disco duro:<\/strong><br \/>720p 59.94\/60<br \/>1080i 50\/59.94\/60<br \/>1080PsF 23.98\/24\/25\/29.97\/30<br \/>1080p 23.98\/24\/25\/29.97\/30\/50\/59.94\/60<\/p>\n<p><strong>2K:<\/strong><br \/>2048x1080PsF 23.98\/24\/25<br \/>2048\/1080p 23.98\/24\/25<\/p>\n<p><strong>UHD\/4K<\/strong><br \/>3840x2160p 23.98\/24\/25\/29.97\/30<br \/>4096x2160p 24<\/p>\n<\/td>\n<\/tr>\n<tr>\n<td width=\"155\">\n<p style=\"border: none; padding: 0cm; font-weight: normal;\" align=\"LEFT\">Cumplimiento de SDI<\/p>\n<\/td>\n<td width=\"479\">\n<p style=\"border: none; padding: 0cm; font-weight: normal;\">SMPTE 292M, SMPTE 259M, SMPTE 296M, UIT-R BT.656 y UIT-R BT.601<\/p>\n<\/td>\n<\/tr>\n<tr>\n<td width=\"155\">\n<p style=\"border: none; padding: 0cm; font-weight: normal;\" align=\"LEFT\">Velocidades de video SDI<\/p>\n<\/td>\n<td width=\"479\">\n<p style=\"border: none; padding: 0cm; font-weight: normal;\">Conmutable entre SD, HD y 6G-SDI<\/p>\n<\/td>\n<\/tr>\n<tr>\n<td width=\"155\">\n<p style=\"border: none; padding: 0cm; font-weight: normal;\" align=\"LEFT\">Muestreo de video SDI<\/p>\n<\/td>\n<td width=\"479\">\n<p style=\"border: none; padding: 0cm; font-weight: normal;\">4:2:2<\/p>\n<\/td>\n<\/tr>\n<tr>\n<td width=\"155\">\n<p style=\"border: none; padding: 0cm; font-weight: normal;\" align=\"LEFT\">Muestreo de audio SDI<\/p>\n<\/td>\n<td width=\"479\">\n<p style=\"border: none; padding: 0cm; font-weight: normal;\">24 bits, 48 kHz<\/p>\n<\/td>\n<\/tr>\n<tr>\n<td width=\"155\">\n<p style=\"border: none; padding: 0cm; font-weight: normal;\" align=\"LEFT\">Precisi\u00f3n de color SDI<\/p>\n<\/td>\n<td width=\"479\">\n<p style=\"border: none; padding: 0cm; font-weight: normal;\">4:2:2<\/p>\n<\/td>\n<\/tr>\n<tr>\n<td width=\"155\">\n<p style=\"border: none; padding: 0cm; font-weight: normal;\" align=\"LEFT\">Espacio de color SDI<\/p>\n<\/td>\n<td width=\"479\">\n<p style=\"border: none; padding: 0cm; font-weight: normal;\">YUV<\/p>\n<\/td>\n<\/tr>\n<tr>\n<td width=\"155\">\n<p style=\"border: none; padding: 0cm; font-weight: normal;\" align=\"LEFT\">Conmutaci\u00f3n autom\u00e1tica SDI<\/p>\n<\/td>\n<td width=\"479\">\n<p style=\"border: none; padding: 0cm; font-weight: normal;\">Detecta autom\u00e1ticamente SD, HD o 6G-SDI<\/p>\n<\/td>\n<\/tr>\n<tr>\n<td width=\"155\">\n<p style=\"border: none; padding: 0cm; font-weight: normal;\" align=\"LEFT\">Soporte de formato HDMI<\/p>\n<\/td>\n<td width=\"479\">\n<p style=\"border: none; padding: 0cm; font-weight: normal;\"><strong>SD:<\/strong><br \/>NTSC 525\/23.98 y 525\/29.97<br \/>PAL 625\/25<\/p>\n<p><strong>Disco duro:<\/strong><br \/>720p 50\/59.94\/60<br \/>1080i 50\/59.94\/60<br \/>1080p 23.98\/24\/25\/29.97\/30\/50\/59.94\/60<\/p>\n<p><strong>2K:<\/strong><br \/>2048x1080p 23.98\/24\/25<\/p>\n<p><strong>UHD\/4K<\/strong><br \/>3840x2160p 23.98\/24\/25\/29.97\/30<br \/>4096x2160p 24<\/p>\n<\/td>\n<\/tr>\n<tr>\n<td width=\"155\">\n<p style=\"border: none; padding: 0cm; font-weight: normal;\" align=\"LEFT\">Espacio de color HDMI<\/p>\n<\/td>\n<td width=\"479\">\n<p style=\"border: none; padding: 0cm; font-weight: normal;\">YUV y RGB<\/p>\n<\/td>\n<\/tr>\n<tr>\n<td width=\"155\">\n<p style=\"border: none; padding: 0cm; font-weight: normal;\" align=\"LEFT\">Precisi\u00f3n de color HDMI<\/p>\n<\/td>\n<td width=\"479\">\n<p style=\"border: none; padding: 0cm; font-weight: normal;\">4:2:2<\/p>\n<\/td>\n<\/tr>\n<tr>\n<td width=\"155\">\n<p style=\"border: none; padding: 0cm; font-weight: normal;\" align=\"LEFT\">Cumplimiento de HDCP<\/p>\n<\/td>\n<td width=\"479\">\n<p style=\"border: none; padding: 0cm; font-weight: normal;\">No. La entrada HDMI no puede capturar desde fuentes HDMI protegidas contra copia <\/p>\n<\/td>\n<\/tr>\n<tr>\n<td width=\"155\">\n<p style=\"border: none; padding: 0cm; font-weight: normal;\" align=\"LEFT\">Conversi\u00f3n de formato<\/p>\n<\/td>\n<td width=\"479\">\n<p style=\"border: none; padding: 0cm; font-weight: normal;\">Escalador HD y conversi\u00f3n SD hacia abajo<\/p>\n<\/td>\n<\/tr>\n<tr>\n<td width=\"155\">\n<p style=\"border: none; padding: 0cm; font-weight: normal;\" align=\"LEFT\">Control de configuraci\u00f3n<\/p>\n<\/td>\n<td width=\"479\">\n<p style=\"border: none; padding: 0cm; font-weight: normal;\">Conmutadores DIP o software USB para Mac OS X y Windows<\/p>\n<\/td>\n<\/tr>\n<tr>\n<td width=\"155\">\n<p style=\"border: none; padding: 0cm; font-weight: normal;\" align=\"LEFT\">Firmware actualizable<\/p>\n<\/td>\n<td width=\"479\">\n<p style=\"border: none; padding: 0cm; font-weight: normal;\">A trav\u00e9s de USB 2.0<\/p>\n<\/td>\n<\/tr>\n<tr>\n<td width=\"155\">\n<p style=\"border: none; padding: 0cm; font-weight: normal;\" align=\"LEFT\">Fuente de alimentaci\u00f3n<\/p>\n<\/td>\n<td width=\"479\">\n<p style=\"border: none; padding: 0cm; font-weight: normal;\">12 VCC<\/p>\n<\/td>\n<\/tr>\n<tr>\n<td width=\"155\">\n<p style=\"border: none; padding: 0cm; font-weight: normal;\" align=\"LEFT\">Consumo de energ\u00eda<\/p>\n<\/td>\n<td width=\"479\">\n<p style=\"border: none; padding: 0cm; font-weight: normal;\">4,44 W<\/p>\n<\/td>\n<\/tr>\n<tr>\n<td width=\"155\">\n<p style=\"border: none; padding: 0cm; font-weight: normal;\" align=\"LEFT\">Rango de voltaje operativo<\/p>\n<\/td>\n<td width=\"479\">\n<p style=\"border: none; padding: 0cm; font-weight: normal;\">De 12 a 31 VCC<\/p>\n<\/td>\n<\/tr>\n<tr>\n<td width=\"155\">\n<p style=\"border: none; padding: 0cm; font-weight: normal;\" align=\"LEFT\">Temperatura de funcionamiento<\/p>\n<\/td>\n<td width=\"479\">\n<p style=\"border: none; padding: 0cm; font-weight: normal;\">De 0 a 40 \u00b0C (32 a 104 \u00b0F)<\/p>\n<\/td>\n<\/tr>\n<tr>\n<td width=\"155\">\n<p style=\"border: none; padding: 0cm; font-weight: normal;\" align=\"LEFT\">Temperatura de almacenamiento<\/p>\n<\/td>\n<td width=\"479\">\n<p style=\"border: none; padding: 0cm; font-weight: normal;\">-4 a 113 \u00b0F (-20 a 45 \u00b0C)<\/p>\n<\/td>\n<\/tr>\n<tr>\n<td width=\"155\">\n<p style=\"border: none; padding: 0cm; font-weight: normal;\" align=\"LEFT\">Humedad relativa<\/p>\n<\/td>\n<td width=\"479\">\n<p style=\"border: none; padding: 0cm; font-weight: normal;\">0 a 90% sin condensaci\u00f3n<\/p>\n<\/td>\n<\/tr>\n<tr>\n<td width=\"155\">\n<p style=\"border: none; padding: 0cm; font-weight: normal;\" align=\"LEFT\">Dimensiones<\/p>\n<\/td>\n<td width=\"479\">\n<p style=\"border: none; padding: 0cm; font-weight: normal;\">4,49 x 3,63 x 0,90&#8243; (11,40 x 9,22 x 2,29 cm)<\/p>\n<\/td>\n<\/tr>\n<tr>\n<td width=\"155\">\n<p style=\"border: none; padding: 0cm; font-weight: normal;\" align=\"LEFT\">Peso<\/p>\n<\/td>\n<td width=\"479\">\n<p style=\"border: none; padding: 0cm; font-weight: normal;\">8,6 oz (243,8 g)<\/p>\n<\/td>\n<\/tr>\n<\/tbody>\n<\/table>\n","protected":false},"excerpt":{"rendered":"<p>El convertidor de Mini HDMI a SDI de Blackmagic Design le permite convertir HDMI a SD, HD, 3G o 6G-SDI<\/p>\n","protected":false},"featured_media":66863,"comment_status":"closed","ping_status":"open","template":"","meta":{"_acf_changed":false},"product_brand":[2658],"product_cat":[1102],"product_tag":[],"class_list":{"0":"post-72229","1":"product","2":"type-product","3":"status-publish","4":"has-post-thumbnail","6":"product_brand-blackmagic-es","7":"product_cat-cables-y-conversores","9":"first","10":"pre-order","11":"taxable","12":"shipping-taxable","13":"purchasable","14":"product-type-simple"},"bundled_by":[],"bundle_stock_status":"pre-order","bundle_stock_quantity":null,"bundle_virtual":false,"bundle_layout":"","bundle_add_to_cart_form_location":"","bundle_editable_in_cart":false,"bundle_sold_individually_context":"","bundle_item_grouping":"","bundle_min_size":"","bundle_max_size":"","bundle_price":[],"bundled_items":[],"bundle_sell_ids":[],"acf":[],"_links":{"self":[{"href":"https:\/\/hi-techwonder.com\/es\/wp-json\/wp\/v2\/product\/72229","targetHints":{"allow":["GET"]}}],"collection":[{"href":"https:\/\/hi-techwonder.com\/es\/wp-json\/wp\/v2\/product"}],"about":[{"href":"https:\/\/hi-techwonder.com\/es\/wp-json\/wp\/v2\/types\/product"}],"replies":[{"embeddable":true,"href":"https:\/\/hi-techwonder.com\/es\/wp-json\/wp\/v2\/comments?post=72229"}],"wp:featuredmedia":[{"embeddable":true,"href":"https:\/\/hi-techwonder.com\/es\/wp-json\/wp\/v2\/media\/66863"}],"wp:attachment":[{"href":"https:\/\/hi-techwonder.com\/es\/wp-json\/wp\/v2\/media?parent=72229"}],"wp:term":[{"taxonomy":"product_brand","embeddable":true,"href":"https:\/\/hi-techwonder.com\/es\/wp-json\/wp\/v2\/product_brand?post=72229"},{"taxonomy":"product_cat","embeddable":true,"href":"https:\/\/hi-techwonder.com\/es\/wp-json\/wp\/v2\/product_cat?post=72229"},{"taxonomy":"product_tag","embeddable":true,"href":"https:\/\/hi-techwonder.com\/es\/wp-json\/wp\/v2\/product_tag?post=72229"}],"curies":[{"name":"wp","href":"https:\/\/api.w.org\/{rel}","templated":true}]}}