{"id":72230,"date":"2025-07-29T10:44:29","date_gmt":"2025-07-29T10:44:29","guid":{"rendered":"https:\/\/fv6qoy3ls0.wpdns.site\/produto\/blackmagic-micro-converter-sdi-a-hdmi-3g\/"},"modified":"2025-07-29T10:44:29","modified_gmt":"2025-07-29T10:44:29","slug":"blackmagic-micro-converter-sdi-a-hdmi-3g","status":"publish","type":"product","link":"https:\/\/hi-techwonder.com\/es\/producto\/blackmagic-micro-converter-sdi-a-hdmi-3g\/","title":{"rendered":"BLACKMAGIC Micro Converter SDI a HDMI 3G"},"content":{"rendered":"<p>S\u00faper compacto y resistente, el microconvertidor HDMI a SDI 3G de Blackmagic Design le permite conectar c\u00e1maras o computadoras HDMI a monitores o componentes SDI (BNC) de estilo profesional. Tambi\u00e9n puede usar varias unidades para extender la conexi\u00f3n HDMI a largas distancias usando el cable SDI. Este convertidor compacto tiene una entrada HDMI y dos salidas 3G-SD\/HD\/SDI que se pueden configurar en el nivel A o B. Detecta y combina autom\u00e1ticamente la entrada HDMI con la salida SDI y admite resoluciones de entrada\/salida de hasta 1080p60. El HDMI to SDI 3G Micro Converter es compatible con el c\u00f3digo de tiempo HDMI, la resincronizaci\u00f3n SDI para mayor estabilidad en cables largos y la compatibilidad con una amplia gama de resoluciones de transmisi\u00f3n profesionales, incluido el cine de 48 fps.   <\/p>\n<p>Este microconvertidor cuenta con una carcasa met\u00e1lica resistente con indicadores de estado LED de alimentaci\u00f3n y se\u00f1al e interfaces de conector resistentes. Un puerto USB tipo C permite que el convertidor HDMI a SDI 3G se conecte f\u00e1cilmente y sea alimentado por monitores de pantalla grande, computadoras port\u00e1tiles, computadoras de escritorio o proyectores. Tambi\u00e9n puede alimentar este convertidor utilizando la fuente de alimentaci\u00f3n de 100-240 VAC incluida.  <\/p>\n<h3 class=\"western\" style=\"margin-top: 0cm; margin-bottom: 0cm; border: none; padding: 0cm; line-height: 175%;\"><span style=\"font-family: OpenSans, Segoe UI, Helvetica, Roboto, Arial, sans-serif;\"><span style=\"font-size: medium;\">Salidas SDI duales<\/span><\/span><\/h3>\n<ul>\n<li>\n<p style=\"margin-bottom: 0cm; border: none; padding: 0cm; line-height: 175%;\"><span style=\"font-family: OpenSans, Segoe UI, Helvetica, Roboto, Arial, sans-serif;\">Una entrada HDMI<\/span><\/p>\n<\/li>\n<li>\n<p style=\"margin-bottom: 0cm; border: none; padding: 0cm; line-height: 175%;\"><span style=\"font-family: OpenSans, Segoe UI, Helvetica, Roboto, Arial, sans-serif;\">Dos salidas 3G-SDI<\/span><\/p>\n<\/li>\n<li>\n<p style=\"border: none; padding: 0cm; line-height: 175%;\"><span style=\"font-family: OpenSans, Segoe UI, Helvetica, Roboto, Arial, sans-serif;\">Formatos seleccionables de nivel A y B<\/span><\/p>\n<\/li>\n<\/ul>\n<h3 class=\"western\" style=\"margin-top: 0cm; margin-bottom: 0cm; border: none; padding: 0cm; line-height: 175%;\"><span style=\"font-family: OpenSans, Segoe UI, Helvetica, Roboto, Arial, sans-serif;\"><span style=\"font-size: medium;\">Dise\u00f1o compacto y resistente<\/span><\/span><\/h3>\n<ul>\n<li>\n<p style=\"margin-bottom: 0cm; border: none; padding: 0cm; line-height: 175%;\"><span style=\"font-family: OpenSans, Segoe UI, Helvetica, Roboto, Arial, sans-serif;\">Carcasa met\u00e1lica robusta y conectores resistentes<\/span><\/p>\n<\/li>\n<li>\n<p style=\"margin-bottom: 0cm; border: none; padding: 0cm; line-height: 175%;\"><span style=\"font-family: OpenSans, Segoe UI, Helvetica, Roboto, Arial, sans-serif;\">Puerto USB tipo C para alimentar a trav\u00e9s de un componente compatible como un monitor o una computadora port\u00e1til<\/span><\/p>\n<\/li>\n<li>\n<p style=\"border: none; padding: 0cm; line-height: 175%;\"><span style=\"font-family: OpenSans, Segoe UI, Helvetica, Roboto, Arial, sans-serif;\">Actualizable a trav\u00e9s del puerto USB tipo C y su Mac o PC<\/span><\/p>\n<\/li>\n<\/ul>\n<h3 class=\"western\" style=\"margin-top: 0cm; margin-bottom: 0cm; border: none; padding: 0cm; line-height: 175%;\"><span style=\"font-family: OpenSans, Segoe UI, Helvetica, Roboto, Arial, sans-serif;\"><span style=\"font-size: medium;\">C\u00f3digo de tiempo SDI y HDMI<\/span><\/span><\/h3>\n<ul>\n<li>\n<p style=\"margin-bottom: 0cm; border: none; padding: 0cm; line-height: 175%;\"><span style=\"font-family: OpenSans, Segoe UI, Helvetica, Roboto, Arial, sans-serif;\">Compatibilidad con c\u00f3digo de tiempo HD y SD<\/span><\/p>\n<\/li>\n<li>\n<p style=\"border: none; padding: 0cm; line-height: 175%;\"><span style=\"font-family: OpenSans, Segoe UI, Helvetica, Roboto, Arial, sans-serif;\">Convierte el c\u00f3digo de tiempo HDMI a SDI<\/span><\/p>\n<\/li>\n<\/ul>\n<h3 class=\"western\" style=\"margin-top: 0cm; margin-bottom: 0cm; border: none; padding: 0cm; line-height: 175%;\"><span style=\"font-family: OpenSans, Segoe UI, Helvetica, Roboto, Arial, sans-serif;\"><span style=\"font-size: medium;\">Resincronizaci\u00f3n SDI<\/span><\/span><\/h3>\n<ul>\n<li>\n<p style=\"margin-bottom: 0cm; border: none; padding: 0cm; line-height: 175%;\"><span style=\"font-family: OpenSans, Segoe UI, Helvetica, Roboto, Arial, sans-serif;\">El re-clocking incorporado en la salida 3G-SDI permite una salida estable en tramos de cable m\u00e1s largos<\/span><\/p>\n<\/li>\n<li>\n<p style=\"border: none; padding: 0cm; line-height: 175%;\"><span style=\"font-family: OpenSans, Segoe UI, Helvetica, Roboto, Arial, sans-serif;\">Compatible con SMPTE 259M\/292M\/296M\/424M\/425M nivel A y B<\/span><\/p>\n<\/li>\n<\/ul>\n<h3 class=\"western\" style=\"margin-top: 0cm; margin-bottom: 0cm; border: none; padding: 0cm; line-height: 175%;\"><span style=\"font-family: OpenSans, Segoe UI, Helvetica, Roboto, Arial, sans-serif;\"><span style=\"font-size: medium;\">Soporte de resoluci\u00f3n m\u00e1s amplia<\/span><\/span><\/h3>\n<ul>\n<li>\n<p style=\"margin-bottom: 0cm; border: none; padding: 0cm; line-height: 175%;\"><span style=\"font-family: OpenSans, Segoe UI, Helvetica, Roboto, Arial, sans-serif;\">Soporte SDI desde NTSC y PAL hasta DCI 2Kp60<\/span><\/p>\n<\/li>\n<li>\n<p style=\"border: none; padding: 0cm; line-height: 175%;\"><span style=\"font-family: OpenSans, Segoe UI, Helvetica, Roboto, Arial, sans-serif;\">Compatibilidad con HDMI desde NTSC y PAL hasta 1080p60<\/span><\/p>\n<\/li>\n<\/ul>\n<h3 class=\"western\" style=\"margin-top: 0cm; margin-bottom: 0cm; border: none; padding: 0cm; line-height: 175%;\"><span style=\"font-family: OpenSans, Segoe UI, Helvetica, Roboto, Arial, sans-serif;\"><span style=\"font-size: medium;\">Audio integrado<\/span><\/span><\/h3>\n<ul>\n<li>\n<p style=\"border: none; padding: 0cm; line-height: 175%;\"><span style=\"font-family: OpenSans, Segoe UI, Helvetica, Roboto, Arial, sans-serif;\">Admite entrada HDMI integrada y salida SDI integrada<\/span><\/p>\n<\/li>\n<\/ul>\n<h3 class=\"western\" style=\"margin-top: 0cm; margin-bottom: 0cm; border: none; padding: 0cm; line-height: 175%;\"><span style=\"font-family: OpenSans, Segoe UI, Helvetica, Roboto, Arial, sans-serif;\"><span style=\"font-size: medium;\">Indicadores LED<\/span><\/span><\/h3>\n<ul>\n<li>\n<p style=\"border: none; padding: 0cm; line-height: 175%;\"><span style=\"font-family: OpenSans, Segoe UI, Helvetica, Roboto, Arial, sans-serif;\">Indicadores LED para se\u00f1ales de v\u00eddeo y alimentaci\u00f3n<\/span><\/p>\n<\/li>\n<\/ul>\n<h3 class=\"western\" style=\"margin-top: 0cm; margin-bottom: 0cm; border: none; padding: 0cm; line-height: 175%;\"><span style=\"font-family: OpenSans, Segoe UI, Helvetica, Roboto, Arial, sans-serif;\"><span style=\"font-size: medium;\">Opciones de energ\u00eda vers\u00e1tiles<\/span><\/span><\/h3>\n<ul>\n<li>\n<p style=\"margin-bottom: 0cm; border: none; padding: 0cm; line-height: 175%;\"><span style=\"font-family: OpenSans, Segoe UI, Helvetica, Roboto, Arial, sans-serif;\">Alimentaci\u00f3n desde un monitor, computadora port\u00e1til u otro componente mediante el puerto USB tipo C<\/span><\/p>\n<\/li>\n<li>\n<p style=\"border: none; padding: 0cm; line-height: 175%;\"><span style=\"font-family: OpenSans, Segoe UI, Helvetica, Roboto, Arial, sans-serif;\">Incluye una fuente de alimentaci\u00f3n de CA de 100-240 con cuatro adaptadores de enchufe<\/span><\/p>\n<\/li>\n<\/ul>\n<h2 class=\"western\" style=\"font-weight: normal;\"><strong><span style=\"font-family: OpenSans, Segoe UI, Helvetica, Roboto, Arial, sans-serif;\"><span style=\"font-size: medium;\">Especificaciones del Micro Convertidor Blackmagic Design<\/span><\/span><\/strong><\/h2>\n<p style=\"margin-bottom: 0cm; border-top: none; border-bottom: 1pt solid #cdcdcd; border-left: none; border-right: none; padding: 0cm 0cm 0.05cm; line-height: 200%;\"><span style=\"font-family: OpenSans, Segoe UI, Helvetica, Roboto, Arial, sans-serif;\">Entrada<\/span><\/p>\n<table border=\"0\" width=\"518\" cellspacing=\"0\" cellpadding=\"2\">\n<colgroup>\n<col width=\"157\">\n<col width=\"352\"> <\/colgroup>\n<tbody>\n<tr>\n<td width=\"157\">\n<p style=\"border: none; padding: 0cm;\" align=\"LEFT\">Conectores de entrada de video<\/p>\n<\/td>\n<td width=\"352\">\n<p style=\"border: none; padding: 0cm;\"><strong>1 x <\/strong>HDMI (HDMI 2.0)<\/p>\n<\/td>\n<\/tr>\n<tr>\n<td width=\"157\">\n<p style=\"border: none; padding: 0cm;\" align=\"LEFT\">Formato de video de entrada<\/p>\n<\/td>\n<td width=\"352\">\n<p style=\"border: none; padding: 0cm;\"><strong>HDMI (8\/10 bits 4:2:2 RGB, YUV)<\/strong><br \/>1080p: 23,98\/24\/25\/29,97\/30\/47,95\/48\/50\/59,94\/60 fps<br \/>1080i: 50\/59,94\/60 fps<br \/>720p: 50\/59,94\/60 fps<br \/>NTSC: 29,97 fps<br \/>PAL: 25 fps<\/p>\n<\/td>\n<\/tr>\n<tr>\n<td width=\"157\">\n<p style=\"border: none; padding: 0cm;\" align=\"LEFT\">Conectores de entrada de audio<\/p>\n<\/td>\n<td width=\"352\">\n<p style=\"border: none; padding: 0cm;\"><em>Ninguno<\/em><\/p>\n<\/td>\n<\/tr>\n<tr>\n<td width=\"157\">\n<p style=\"border: none; padding: 0cm;\" align=\"LEFT\">Entrada de audio integrada<\/p>\n<\/td>\n<td width=\"352\">\n<p style=\"border: none; padding: 0cm;\">HDMI<\/p>\n<\/td>\n<\/tr>\n<\/tbody>\n<\/table>\n<p style=\"margin-bottom: 0cm; border-top: none; border-bottom: 1pt solid #cdcdcd; border-left: none; border-right: none; padding: 0cm 0cm 0.05cm; line-height: 200%;\"><span style=\"font-family: OpenSans, Segoe UI, Helvetica, Roboto, Arial, sans-serif;\">Salida<\/span><\/p>\n<table border=\"0\" width=\"539\" cellspacing=\"0\" cellpadding=\"2\">\n<colgroup>\n<col width=\"168\">\n<col width=\"363\"> <\/colgroup>\n<tbody>\n<tr>\n<td width=\"168\">\n<p style=\"border: none; padding: 0cm;\" align=\"LEFT\">Conectores de salida de video<\/p>\n<\/td>\n<td width=\"363\">\n<p style=\"border: none; padding: 0cm;\"><strong>2 x <\/strong>BNC (3G-SDI \/ HD-SDI \/ SD-SDI)<\/p>\n<\/td>\n<\/tr>\n<tr>\n<td width=\"168\">\n<p style=\"border: none; padding: 0cm;\" align=\"LEFT\">Formato de video de salida<\/p>\n<\/td>\n<td width=\"363\">\n<p style=\"border: none; padding: 0cm;\"><strong>SDI (8\/10 bits 4:2:2 RGB, YUV)<\/strong><br \/>DCI 2K: 23,98\/24\/25\/29,97\/30\/47,95\/48\/50\/59,94\/60 fps<br \/>DCI 2KPsF: 25\/29,97\/30 fps<br \/>1080p: 23,98\/24\/25\/29,97\/30\/47,95\/48\/50\/59,94\/60 fps<br \/>1080PsF: 25\/29,97\/30 fps<br \/>1080i: 50\/59,94\/60 fps<br \/>720p: 50\/59,94\/60 fps<br \/>NTSC: 29,97 fps<br \/>PAL (768 x 576): 25 fps<\/p>\n<\/td>\n<\/tr>\n<tr>\n<td width=\"168\">\n<p style=\"border: none; padding: 0cm;\" align=\"LEFT\">Conectores de salida de audio<\/p>\n<\/td>\n<td width=\"363\">\n<p style=\"border: none; padding: 0cm;\"><em>Ninguno<\/em><\/p>\n<\/td>\n<\/tr>\n<tr>\n<td width=\"168\">\n<p style=\"border: none; padding: 0cm;\" align=\"LEFT\">Salida de audio integrada<\/p>\n<\/td>\n<td width=\"363\">\n<p style=\"border: none; padding: 0cm;\">SDI<\/p>\n<\/td>\n<\/tr>\n<\/tbody>\n<\/table>\n<p style=\"margin-bottom: 0cm; border-top: none; border-bottom: 1pt solid #cdcdcd; border-left: none; border-right: none; padding: 0cm 0cm 0.05cm; line-height: 200%;\"><span style=\"font-family: OpenSans, Segoe UI, Helvetica, Roboto, Arial, sans-serif;\">Normas<\/span><\/p>\n<table border=\"0\" width=\"459\" cellspacing=\"0\" cellpadding=\"2\">\n<colgroup>\n<col width=\"184\">\n<col width=\"267\"> <\/colgroup>\n<tbody>\n<tr>\n<td width=\"184\">\n<p style=\"border: none; padding: 0cm;\" align=\"LEFT\">Cumplimiento de est\u00e1ndares de video<\/p>\n<\/td>\n<td width=\"267\">\n<p style=\"border: none; padding: 0cm;\">SMPTE 259M\/292M\/296M\/424M\/425M<\/p>\n<\/td>\n<\/tr>\n<tr>\n<td width=\"184\">\n<p style=\"border: none; padding: 0cm;\" align=\"LEFT\">Compatibilidad con HDCP<\/p>\n<\/td>\n<td width=\"267\">\n<p style=\"border: none; padding: 0cm;\">Versi\u00f3n 2.2<\/p>\n<\/td>\n<\/tr>\n<\/tbody>\n<\/table>\n<p style=\"margin-bottom: 0cm; border-top: none; border-bottom: 1pt solid #cdcdcd; border-left: none; border-right: none; padding: 0cm 0cm 0.05cm; line-height: 200%;\"><span style=\"font-family: OpenSans, Segoe UI, Helvetica, Roboto, Arial, sans-serif;\">Conectividad<\/span><\/p>\n<table border=\"0\" width=\"265\" cellspacing=\"0\" cellpadding=\"2\">\n<colgroup>\n<col width=\"107\">\n<col width=\"150\"> <\/colgroup>\n<tbody>\n<tr>\n<td width=\"107\">\n<p style=\"border: none; padding: 0cm;\" align=\"LEFT\">Otras E\/S<\/p>\n<\/td>\n<td width=\"150\">\n<p style=\"border: none; padding: 0cm;\"><strong>1 x <\/strong>Entrada USB tipo C<\/p>\n<\/td>\n<\/tr>\n<tr>\n<td width=\"107\">\n<p style=\"border: none; padding: 0cm;\" align=\"LEFT\">Ranuras de expansi\u00f3n<\/p>\n<\/td>\n<td width=\"150\">\n<p style=\"border: none; padding: 0cm;\"><em>Ninguno<\/em><\/p>\n<\/td>\n<\/tr>\n<\/tbody>\n<\/table>\n<p style=\"margin-bottom: 0cm; border-top: none; border-bottom: 1pt solid #cdcdcd; border-left: none; border-right: none; padding: 0cm 0cm 0.05cm; line-height: 200%;\"><span style=\"font-family: OpenSans, Segoe UI, Helvetica, Roboto, Arial, sans-serif;\">Hardware<\/span><\/p>\n<table border=\"0\" width=\"292\" cellspacing=\"0\" cellpadding=\"2\">\n<colgroup>\n<col width=\"117\">\n<col width=\"168\"> <\/colgroup>\n<tbody>\n<tr>\n<td width=\"117\">\n<p style=\"border: none; padding: 0cm;\" align=\"LEFT\">Compatibilidad del sistema operativo<\/p>\n<\/td>\n<td width=\"168\">\n<p style=\"border: none; padding: 0cm;\">macOS 10.14.15 o posterior<br \/>Windows 10<\/p>\n<\/td>\n<\/tr>\n<\/tbody>\n<\/table>\n<p style=\"margin-bottom: 0cm; border-top: none; border-bottom: 1pt solid #cdcdcd; border-left: none; border-right: none; padding: 0cm 0cm 0.05cm; line-height: 200%;\"><span style=\"font-family: OpenSans, Segoe UI, Helvetica, Roboto, Arial, sans-serif;\">Poder<\/span><\/p>\n<table border=\"0\" width=\"404\" cellspacing=\"0\" cellpadding=\"2\">\n<colgroup>\n<col width=\"134\">\n<col width=\"262\"> <\/colgroup>\n<tbody>\n<tr>\n<td width=\"134\">\n<p style=\"border: none; padding: 0cm;\" align=\"LEFT\">Conector de alimentaci\u00f3n<\/p>\n<\/td>\n<td width=\"262\">\n<p style=\"border: none; padding: 0cm;\"><strong>1 x <\/strong>Entrada USB tipo C (4,4 a 5,2 VCC)<\/p>\n<\/td>\n<\/tr>\n<tr>\n<td width=\"134\">\n<p style=\"border: none; padding: 0cm;\" align=\"LEFT\">Consumo de energ\u00eda<\/p>\n<\/td>\n<td width=\"262\">\n<p style=\"border: none; padding: 0cm;\">2 W<\/p>\n<\/td>\n<\/tr>\n<\/tbody>\n<\/table>\n<p style=\"margin-bottom: 0cm; border-top: none; border-bottom: 1pt solid #cdcdcd; border-left: none; border-right: none; padding: 0cm 0cm 0.05cm; line-height: 200%;\"><span style=\"font-family: OpenSans, Segoe UI, Helvetica, Roboto, Arial, sans-serif;\">Medioambiental<\/span><\/p>\n<table border=\"0\" width=\"325\" cellspacing=\"0\" cellpadding=\"2\">\n<colgroup>\n<col width=\"151\">\n<col width=\"166\"> <\/colgroup>\n<tbody>\n<tr>\n<td width=\"151\">\n<p style=\"border: none; padding: 0cm;\" align=\"LEFT\">Temperatura de funcionamiento<\/p>\n<\/td>\n<td width=\"166\">\n<p style=\"border: none; padding: 0cm;\">32 a 104 \u00b0F \/ 0 a 40 \u00b0C<\/p>\n<\/td>\n<\/tr>\n<tr>\n<td width=\"151\">\n<p style=\"border: none; padding: 0cm;\" align=\"LEFT\">Temperatura de almacenamiento<\/p>\n<\/td>\n<td width=\"166\">\n<p style=\"border: none; padding: 0cm;\">-4 a 140 \u00b0F \/ -20 a 60 \u00b0C<\/p>\n<\/td>\n<\/tr>\n<tr>\n<td width=\"151\">\n<p style=\"border: none; padding: 0cm;\" align=\"LEFT\">Humedad de funcionamiento<\/p>\n<\/td>\n<td width=\"166\">\n<p style=\"border: none; padding: 0cm;\">De 0 a 90%<\/p>\n<\/td>\n<\/tr>\n<\/tbody>\n<\/table>\n<p style=\"margin-bottom: 0cm; border-top: none; border-bottom: 1pt solid #cdcdcd; border-left: none; border-right: none; padding: 0cm 0cm 0.05cm; line-height: 200%;\"><span style=\"font-family: OpenSans, Segoe UI, Helvetica, Roboto, Arial, sans-serif;\">General<\/span><\/p>\n<table border=\"0\" width=\"406\" cellspacing=\"0\" cellpadding=\"2\">\n<colgroup>\n<col width=\"111\">\n<col width=\"287\"> <\/colgroup>\n<tbody>\n<tr>\n<td width=\"111\">\n<p style=\"border: none; padding: 0cm;\" align=\"LEFT\">Dimensiones<\/p>\n<\/td>\n<td width=\"287\">\n<p style=\"border: none; padding: 0cm;\">3,01 x 1,8 x 0,98&#8243; \/ 76,45 x 45,7 x 24,89 mm<\/p>\n<\/td>\n<\/tr>\n<tr>\n<td width=\"111\">\n<p style=\"border: none; padding: 0cm;\" align=\"LEFT\">Peso<\/p>\n<\/td>\n<td width=\"287\">\n<p style=\"border: none; padding: 0cm;\">5.29 onzas \/ 150 g<\/p>\n<\/td>\n<\/tr>\n<tr>\n<td width=\"111\">\n<p style=\"border: none; padding: 0cm;\" align=\"LEFT\">Duraci\u00f3n de la garant\u00eda<\/p>\n<\/td>\n<td width=\"287\">\n<p style=\"border: none; padding: 0cm;\">Garant\u00eda limitada de 3 a\u00f1os<\/p>\n<\/td>\n<\/tr>\n<\/tbody>\n<\/table>\n","protected":false},"excerpt":{"rendered":"<p>S\u00faper compacto y resistente, el microconvertidor HDMI a SDI 3G de Blackmagic Design le permite conectar c\u00e1maras o computadoras HDMI<\/p>\n","protected":false},"featured_media":66873,"comment_status":"closed","ping_status":"open","template":"","meta":{"_acf_changed":false},"product_brand":[2658],"product_cat":[1102],"product_tag":[],"class_list":{"0":"post-72230","1":"product","2":"type-product","3":"status-publish","4":"has-post-thumbnail","6":"product_brand-blackmagic-es","7":"product_cat-cables-y-conversores","9":"first","10":"instock","11":"taxable","12":"shipping-taxable","13":"purchasable","14":"product-type-simple"},"bundled_by":[],"bundle_stock_status":"instock","bundle_stock_quantity":1,"bundle_virtual":false,"bundle_layout":"","bundle_add_to_cart_form_location":"","bundle_editable_in_cart":false,"bundle_sold_individually_context":"","bundle_item_grouping":"","bundle_min_size":"","bundle_max_size":"","bundle_price":[],"bundled_items":[],"bundle_sell_ids":[],"acf":[],"_links":{"self":[{"href":"https:\/\/hi-techwonder.com\/es\/wp-json\/wp\/v2\/product\/72230","targetHints":{"allow":["GET"]}}],"collection":[{"href":"https:\/\/hi-techwonder.com\/es\/wp-json\/wp\/v2\/product"}],"about":[{"href":"https:\/\/hi-techwonder.com\/es\/wp-json\/wp\/v2\/types\/product"}],"replies":[{"embeddable":true,"href":"https:\/\/hi-techwonder.com\/es\/wp-json\/wp\/v2\/comments?post=72230"}],"wp:featuredmedia":[{"embeddable":true,"href":"https:\/\/hi-techwonder.com\/es\/wp-json\/wp\/v2\/media\/66873"}],"wp:attachment":[{"href":"https:\/\/hi-techwonder.com\/es\/wp-json\/wp\/v2\/media?parent=72230"}],"wp:term":[{"taxonomy":"product_brand","embeddable":true,"href":"https:\/\/hi-techwonder.com\/es\/wp-json\/wp\/v2\/product_brand?post=72230"},{"taxonomy":"product_cat","embeddable":true,"href":"https:\/\/hi-techwonder.com\/es\/wp-json\/wp\/v2\/product_cat?post=72230"},{"taxonomy":"product_tag","embeddable":true,"href":"https:\/\/hi-techwonder.com\/es\/wp-json\/wp\/v2\/product_tag?post=72230"}],"curies":[{"name":"wp","href":"https:\/\/api.w.org\/{rel}","templated":true}]}}