{"id":72234,"date":"2025-07-28T23:48:21","date_gmt":"2025-07-28T23:48:21","guid":{"rendered":"https:\/\/fv6qoy3ls0.wpdns.site\/produto\/boya-by-dm100-usb-c-microfono-para-telefono-inteligente-android\/"},"modified":"2026-05-06T10:35:18","modified_gmt":"2026-05-06T09:35:18","slug":"boya-by-dm100-usb-c-microfono-para-telefono-inteligente-android","status":"publish","type":"product","link":"https:\/\/hi-techwonder.com\/es\/producto\/boya-by-dm100-usb-c-microfono-para-telefono-inteligente-android\/","title":{"rendered":"BOYA BY-DM100 USB-C Micr\u00f3fono para tel\u00e9fono inteligente Android"},"content":{"rendered":"<p><strong>BOYA BY-DM100 Micr\u00f3fono de ca\u00f1\u00f3n para Android Smartphone USB Type-C<\/strong><\/p>\n<div class=\"infoS\">\n<div> <span style=\"font-size: 16px;\"><strong>Productos destacados<\/strong><\/span><\/div>\n<div> <span style=\"font-family: ????;\">\u2022 Micr\u00f3fono de condensador est\u00e9reo digital X \/ Y<\/span><\/div>\n<div> <span style=\"font-family: ????;\">\u2022 Patr\u00f3n polar cardioide<\/span><\/div>\n<div>  \u2022 <span style=\"font-family: ????;\">Sensibilidad y se\u00f1al de ruido mejoradas<\/span><\/div>\n<div> <span style=\"font-family: ????;\">\u2022 Plug and play<\/span><\/div>\n<div> <span style=\"font-family: ????;\">\u2022 Convertidor de 24 bits\/96 KHz<\/span><\/div>\n<div> <span style=\"font-family: ????;\">\u2022 Tambi\u00e9n incluye bolsa de transporte<\/span><\/div>\n<\/div>\n<p> <span style=\"font-family: ????;\">El <strong>BOYA BY-DM100<\/strong> es un micr\u00f3fono de condensador est\u00e9reo profesional que se conecta directamente a dispositivos Android<br \/> con un conector USB tipo C.<\/span> Con dos c\u00e1psulas de micr\u00f3fono incorporadas, crea un efecto de sonido est\u00e9reo claro.<\/p>\n<p> <span style=\"font-family: ????;\">En comparaci\u00f3n con los micr\u00f3fonos integrados en dispositivos Android, Boya BY-DM100 mejora en gran medida el rendimiento del sonido<br \/> mientras grababa m\u00fasica, video y voz, etc.<\/span><\/p>\n<p> <span style=\"font-family: ????;\">El BY-DM100<\/span> <strong><span style=\"font-family: ????;\">es compatible con los dispositivos que se enumeran a continuaci\u00f3n:<\/span><\/strong><\/p>\n<ul>\n<li> <span style=\"font-family: ????;\">SAMSUNG: Galaxy S9, S9+, S8, S8+, S7+, C9 C7C5 Pro&#8230;<\/span><\/li>\n<li> <span style=\"font-family: ????;\">HUAWEI: p20, p20 pro, Mate10,9, Nova 2,2s, Honor10,9&#8230;<\/span><\/li>\n<li> <span style=\"font-family: ????;\">XIAOMI: 8, 6, Ss, Ss+, 5, 4c, Note3, Note2&#8230;<\/span><\/li>\n<li> <span style=\"font-family: ????;\">MEIZU: Pro?, Pro?+, Pro6, Pro6+, 15, 15+, M15&#8230;<\/span><\/li>\n<li> <span style=\"font-family: ????;\">LG: G6, Q6, V30, V20&#8230;<\/span><\/li>\n<li> <span style=\"font-family: ????;\">OPPO: Encuentra X&#8230; &#8211; VIVO: Vivo NEX&#8230;<\/span><\/li>\n<li> <span style=\"font-family: ????;\">Google: Pixel, Pixel 2&#8230;<\/span><\/li>\n<li> <span style=\"font-family: ????;\">Y m\u00e1s<\/span><\/li>\n<\/ul>\n","protected":false},"excerpt":{"rendered":"<p>BOYA BY-DM100 Micr\u00f3fono de ca\u00f1\u00f3n para Android Smartphone USB Type-C Productos destacados \u2022 Micr\u00f3fono de condensador est\u00e9reo digital X \/<\/p>\n","protected":false},"featured_media":28002,"comment_status":"closed","ping_status":"open","template":"","meta":{"_acf_changed":false},"product_brand":[2621],"product_cat":[894],"product_tag":[],"class_list":{"0":"post-72234","1":"product","2":"type-product","3":"status-publish","4":"has-post-thumbnail","6":"product_brand-boya-es","7":"product_cat-microfonos","9":"first","10":"instock","11":"taxable","12":"shipping-taxable","13":"purchasable","14":"product-type-simple"},"bundled_by":[],"bundle_stock_status":"instock","bundle_stock_quantity":2,"bundle_virtual":false,"bundle_layout":"","bundle_add_to_cart_form_location":"","bundle_editable_in_cart":false,"bundle_sold_individually_context":"","bundle_item_grouping":"","bundle_min_size":"","bundle_max_size":"","bundle_price":[],"bundled_items":[],"bundle_sell_ids":[],"acf":[],"_links":{"self":[{"href":"https:\/\/hi-techwonder.com\/es\/wp-json\/wp\/v2\/product\/72234","targetHints":{"allow":["GET"]}}],"collection":[{"href":"https:\/\/hi-techwonder.com\/es\/wp-json\/wp\/v2\/product"}],"about":[{"href":"https:\/\/hi-techwonder.com\/es\/wp-json\/wp\/v2\/types\/product"}],"replies":[{"embeddable":true,"href":"https:\/\/hi-techwonder.com\/es\/wp-json\/wp\/v2\/comments?post=72234"}],"wp:featuredmedia":[{"embeddable":true,"href":"https:\/\/hi-techwonder.com\/es\/wp-json\/wp\/v2\/media\/28002"}],"wp:attachment":[{"href":"https:\/\/hi-techwonder.com\/es\/wp-json\/wp\/v2\/media?parent=72234"}],"wp:term":[{"taxonomy":"product_brand","embeddable":true,"href":"https:\/\/hi-techwonder.com\/es\/wp-json\/wp\/v2\/product_brand?post=72234"},{"taxonomy":"product_cat","embeddable":true,"href":"https:\/\/hi-techwonder.com\/es\/wp-json\/wp\/v2\/product_cat?post=72234"},{"taxonomy":"product_tag","embeddable":true,"href":"https:\/\/hi-techwonder.com\/es\/wp-json\/wp\/v2\/product_tag?post=72234"}],"curies":[{"name":"wp","href":"https:\/\/api.w.org\/{rel}","templated":true}]}}