{"id":72237,"date":"2025-07-28T23:52:51","date_gmt":"2025-07-28T23:52:51","guid":{"rendered":"https:\/\/fv6qoy3ls0.wpdns.site\/produto\/boya-by-cm1-microfono-usb-de-escritorio\/"},"modified":"2025-11-04T17:37:50","modified_gmt":"2025-11-04T17:37:50","slug":"boya-by-cm1-microfono-usb-de-escritorio","status":"publish","type":"product","link":"https:\/\/hi-techwonder.com\/es\/producto\/boya-by-cm1-microfono-usb-de-escritorio\/","title":{"rendered":"BOYA BY-CM1 Micr\u00f3fono USB de Escritorio"},"content":{"rendered":"<p><strong>Micr\u00f3fono USB de Sobremesa BOYA BY-CM1<\/strong><\/p>\n<p><strong style=\"text-align: justify;\">Funciones:<\/strong><\/p>\n<ul>\n<li>Audio de alta calidad con reducci\u00f3n de ruido y tecnolog\u00eda de baja latencia<\/li>\n<li>Ideal para transmisi\u00f3n en vivo, videoconferencias, videojuegos o grabaci\u00f3n de m\u00fasica<\/li>\n<li>Soporte de micr\u00f3fono de escritorio resistente al desgaste<\/li>\n<li>Plug &amp; play con salida de audio tipo C<\/li>\n<li>Tecla de silencio para apagar r\u00e1pidamente el sonido local<\/li>\n<li>\u00c1ngulo ajustable: 60 grados hacia arriba y hacia abajo<\/li>\n<\/ul>\n<p>El micr\u00f3fono USB de escritorio BY-CM1 es un tipo de micr\u00f3fono que se puede conectar a una computadora u otro dispositivo a trav\u00e9s de un puerto USB. Esto lo hace conveniente para usar con transmisi\u00f3n en vivo, videoconferencias, juegos electr\u00f3nicos u otras actividades que requieren captura de audio de alta calidad. <\/p>\n<p><strong>Reducci\u00f3n de ruido dual: fuerte combinaci\u00f3n de f\u00edsica y magia<\/strong><\/p>\n<p>Con un chip de reducci\u00f3n de ruido DSP, un algoritmo de filtrado de ruido, cancelaci\u00f3n de ruido direccional cardioide y filtrado de ruido f\u00edsico, el BY-CM1 mejora el efecto de reducci\u00f3n de ruido en un 60% en comparaci\u00f3n con el BOYA-M1.<\/p>\n<p><strong>Micr\u00f3fono de 9,7 mm: disfrute superior<\/strong><\/p>\n<p>El BY-CM1 est\u00e1 dise\u00f1ado con un micr\u00f3fono de calidad de grabaci\u00f3n y un micr\u00f3fono de 9,7 mm para restaurar la calidad del sonido.<\/p>\n<p><strong>Milisegundos: dise\u00f1o de baja latencia&nbsp;<\/strong><\/p>\n<p>BY-CM1 adopta un dise\u00f1o de baja latencia de milisegundos, para una transmisi\u00f3n de se\u00f1al estable con baja ocupaci\u00f3n.<\/p>\n<p><strong>16 bits\/48 kHz: sonido para el o\u00eddo y m\u00e1s para el coraz\u00f3n<\/strong><\/p>\n<p>Una experiencia de llamada en capas, el sonido del BY-CM1 no es delgado y seco, sino estable en rendimiento y c\u00e1lido en tono.<\/p>\n<p><strong>Bot\u00f3n de silencio f\u00edsico: prueba de 100,000 clics<\/strong><\/p>\n<p>El BY-CM1 se puede apagar con un solo toque, para evitar la interrupci\u00f3n de las llamadas causadas por situaciones inesperadas.<\/p>\n<p><strong>Cables intercambiables y amplia compatibilidad&nbsp;<\/strong><\/p>\n<p>Con un dise\u00f1o sin unidad y cables intercambiables, el BY-CM1 es ampliamente compatible con tabletas, computadoras Mac \/ Windows o tel\u00e9fonos m\u00f3viles (interfaz tipo C).<\/p>\n<p><strong>Contenido del paquete<\/strong><\/p>\n<ul>\n<li>Micr\u00f3fono BY-CM1<\/li>\n<li>Cable USB-A a tipo C de 3,94 pies (1,2 m)<\/li>\n<li>Manual de usuario<\/li>\n<\/ul>\n<p><strong>Especificaciones BOYA BY-CM1<\/strong><\/p>\n<table style=\"border-collapse: collapse; width: 31.8826%;\" border=\"1\">\n<tbody>\n<tr>\n<td style=\"width: 42.1616%;\">Principio<\/td>\n<p> ac\u00fastico<\/p>\n<td style=\"width: 57.8646%;\">Condensador<\/td>\n<\/tr>\n<tr>\n<td style=\"width: 42.1616%;\">Patr\u00f3n<\/td>\n<p> polar<\/p>\n<td style=\"width: 57.8646%;\">Cardioide<\/td>\n<\/tr>\n<tr>\n<td style=\"width: 42.1616%;\">Respuesta de frecuencia<\/td>\n<td style=\"width: 57.8646%;\">80Hz-16KHz<\/td>\n<\/tr>\n<tr>\n<td style=\"width: 42.1616%;\">Sensibilidad<\/td>\n<td style=\"width: 57.8646%;\">-47\u00b13dB (0dB = 1V \/ Pa, 1KHz)<\/td>\n<\/tr>\n<tr>\n<td style=\"width: 42.1616%;\">Frecuencias de muestreo<\/td>\n<td style=\"width: 57.8646%;\">48 KHz\/44,1 KHz<\/td>\n<\/tr>\n<tr>\n<td style=\"width: 42.1616%;\">Tasa de<\/td>\n<p> bits<\/p>\n<td style=\"width: 57.8646%;\">16 bits<\/td>\n<\/tr>\n<tr>\n<td style=\"width: 42.1616%;\">La relaci\u00f3n se\u00f1al\/ruido<\/td>\n<td style=\"width: 57.8646%;\">&gt;72dB<\/td>\n<\/tr>\n<tr>\n<td style=\"width: 42.1616%;\">SPL<\/td>\n<td style=\"width: 57.8646%;\">110dB<\/td>\n<\/tr>\n<tr>\nSalida <\/p>\n<td style=\"width: 42.1616%;\">de audio<\/td>\n<td style=\"width: 57.8646%;\">Puerto de audio tipo C<\/td>\n<\/tr>\n<tr>\n<td style=\"width: 42.1616%;\">Dimensiones<\/td>\n<td style=\"width: 57.8646%;\">4,17 x 9,06 x 3,87&#8243; (106 x 230,1 x 98,4 mm)<\/td>\n<\/tr>\n<tr>\n<td style=\"width: 42.1616%;\">Peso<\/td>\n<td style=\"width: 57.8646%;\">Aprox. 6,17 oz (175 g) <\/td>\n<\/tr>\n<\/tbody>\n<\/table>\n","protected":false},"excerpt":{"rendered":"<p>Micr\u00f3fono USB de Sobremesa BOYA BY-CM1 Funciones: Audio de alta calidad con reducci\u00f3n de ruido y tecnolog\u00eda de baja latencia<\/p>\n","protected":false},"featured_media":29295,"comment_status":"closed","ping_status":"open","template":"","meta":{"_acf_changed":false},"product_brand":[2621],"product_cat":[897],"product_tag":[],"class_list":{"0":"post-72237","1":"product","2":"type-product","3":"status-publish","4":"has-post-thumbnail","6":"product_brand-boya-es","7":"product_cat-sobremesa","9":"first","10":"instock","11":"taxable","12":"shipping-taxable","13":"purchasable","14":"product-type-simple"},"bundled_by":[],"bundle_stock_status":"instock","bundle_stock_quantity":2,"bundle_virtual":false,"bundle_layout":"","bundle_add_to_cart_form_location":"","bundle_editable_in_cart":false,"bundle_sold_individually_context":"","bundle_item_grouping":"","bundle_min_size":"","bundle_max_size":"","bundle_price":[],"bundled_items":[],"bundle_sell_ids":[],"acf":[],"_links":{"self":[{"href":"https:\/\/hi-techwonder.com\/es\/wp-json\/wp\/v2\/product\/72237","targetHints":{"allow":["GET"]}}],"collection":[{"href":"https:\/\/hi-techwonder.com\/es\/wp-json\/wp\/v2\/product"}],"about":[{"href":"https:\/\/hi-techwonder.com\/es\/wp-json\/wp\/v2\/types\/product"}],"replies":[{"embeddable":true,"href":"https:\/\/hi-techwonder.com\/es\/wp-json\/wp\/v2\/comments?post=72237"}],"wp:featuredmedia":[{"embeddable":true,"href":"https:\/\/hi-techwonder.com\/es\/wp-json\/wp\/v2\/media\/29295"}],"wp:attachment":[{"href":"https:\/\/hi-techwonder.com\/es\/wp-json\/wp\/v2\/media?parent=72237"}],"wp:term":[{"taxonomy":"product_brand","embeddable":true,"href":"https:\/\/hi-techwonder.com\/es\/wp-json\/wp\/v2\/product_brand?post=72237"},{"taxonomy":"product_cat","embeddable":true,"href":"https:\/\/hi-techwonder.com\/es\/wp-json\/wp\/v2\/product_cat?post=72237"},{"taxonomy":"product_tag","embeddable":true,"href":"https:\/\/hi-techwonder.com\/es\/wp-json\/wp\/v2\/product_tag?post=72237"}],"curies":[{"name":"wp","href":"https:\/\/api.w.org\/{rel}","templated":true}]}}