{"id":72239,"date":"2025-07-28T23:53:05","date_gmt":"2025-07-28T23:53:05","guid":{"rendered":"https:\/\/fv6qoy3ls0.wpdns.site\/produto\/boya-by-gm18c-microfono-cardioide-de-sobremesa\/"},"modified":"2026-02-25T17:11:48","modified_gmt":"2026-02-25T17:11:48","slug":"boya-by-gm18c-microfono-cardioide-de-sobremesa","status":"publish","type":"product","link":"https:\/\/hi-techwonder.com\/es\/producto\/boya-by-gm18c-microfono-cardioide-de-sobremesa\/","title":{"rendered":"BOYA BY-GM18C Micr\u00f3fono cardioide de sobremesa"},"content":{"rendered":"<p><strong>Micr\u00f3fono cardioide de sobremesa BY-GM18C<\/strong><\/p>\n<p><strong>Funciones:<\/strong><\/p>\n<ul>\n<li>Micr\u00f3fono de cuello de cisne de condensador cardioide de 18&#8243; de alta calidad<\/li>\n<li>Ideal para charlas, videoconferencias, reuniones, etc<\/li>\n<li>Producir un sonido claro e inteligible<\/li>\n<li>Interruptor de modo (ON\/OFF)\/MUTE\/TALK\/ON<\/li>\n<li>La cabeza de ganso flexible de doble secci\u00f3n permite un f\u00e1cil uso y posicionamiento<\/li>\n<li>El indicador LED incorporado muestra el estado de Hablar\/Silenciar en cualquier momento<\/li>\n<li>Alimentaci\u00f3n fantasma de 48 V<\/li>\n<li>Protector de espuma incluido&nbsp;<\/li>\n<\/ul>\n<p>BOYA BY-GM18C es un micr\u00f3fono de cuello de cisne con condensador cardioide. Una opci\u00f3n ideal para conferencias, conferencias y reuniones, con un excelente patr\u00f3n polar cardioide, el BY-GM18C logra una captura de voz clara, frente al micr\u00f3fono, y est\u00e1 dise\u00f1ado para producir una reproducci\u00f3n de voz clara e inteligible para conferencias, videoconferencias, reuniones y m\u00e1s. <\/p>\n<p>El eje del BY-GM18C cuenta con secciones de cuello de cisne superior e inferior que le permiten colocar con precisi\u00f3n la c\u00e1psula frente al altavoz para obtener un sonido \u00f3ptimo. El interruptor de modo en la parte inferior de la base del micr\u00f3fono le permite cambiar libremente sus modos: ENCENDIDO \/ APAGADO, SILENCIO \/ HABLAR y ENCENDIDO, Hablar \/ silenciar est\u00e1 claramente indicado por el indicador LED en la base del micr\u00f3fono. El BY-GM18C puede ser alimentado por 48 Phantom power.  <\/p>\n<p><strong>Qu\u00e9 hay en la caja:<\/strong><\/p>\n<ul>\n<li>Micr\u00f3fono de cabeza de cisne de 18&#8243;<\/li>\n<li>Base del micr\u00f3fono<\/li>\n<li>Manual de usuario<\/li>\n<\/ul>\n<p><strong>Especificaciones de BY-GM18C<\/strong><\/p>\n<table style=\"border-collapse: collapse; width: 41.1816%; height: 256.927px;\" border=\"1\">\n<tbody>\n<tr style=\"height: 22.3958px;\">\n<td style=\"width: 41.7339%; height: 22.3958px;\">Principio<\/td>\n<p> ac\u00fastico<\/p>\n<td style=\"width: 58.2837%; height: 22.3958px;\">Condensador<\/td>\n<\/tr>\n<tr style=\"height: 22.3958px;\">\n<td style=\"width: 41.7339%; height: 22.3958px;\">Patr\u00f3n<\/td>\n<p> polar<\/p>\n<td style=\"width: 58.2837%; height: 22.3958px;\">Cardioide<\/td>\n<\/tr>\n<tr style=\"height: 22.3958px;\">\n<td style=\"width: 41.7339%; height: 22.3958px;\">Respuesta de frecuencia<\/td>\n<td style=\"width: 58.2837%; height: 22.3958px;\">50-16000 Hz<\/td>\n<\/tr>\n<tr style=\"height: 22.3958px;\">\n<td style=\"width: 41.7339%; height: 22.3958px;\">Sensibilidad<\/td>\n<td style=\"width: 58.2837%; height: 22.3958px;\">-35\u00b12dB (0dB = 1V \/ Pa @ 1KHz)<\/td>\n<\/tr>\n<tr style=\"height: 22.3958px;\">\n<td style=\"width: 41.7339%; height: 22.3958px;\">La relaci\u00f3n se\u00f1al\/ruido<\/td>\n<td style=\"width: 58.2837%; height: 22.3958px;\">80dB<\/td>\n<\/tr>\n<tr style=\"height: 22.3958px;\">\n<td style=\"width: 41.7339%; height: 22.3958px;\">Conector de salida<\/td>\n<td style=\"width: 58.2837%; height: 22.3958px;\">Conector XLR<\/td>\n<\/tr>\n<tr style=\"height: 22.3958px;\">\nRequisito <\/p>\n<td style=\"width: 41.7339%; height: 22.3958px;\">de energ\u00eda<\/td>\n<td style=\"width: 58.2837%; height: 22.3958px;\">Alimentaci\u00f3n fantasma 48V<\/td>\n<\/tr>\n<tr style=\"height: 77.7604px;\">\n<td style=\"width: 41.7339%; height: 77.7604px;\">Dimensiones<\/td>\n<td style=\"width: 58.2837%; height: 77.7604px;\">\n<p>Micr\u00f3fono de cuello de cisne 20 * 490 mm (0.8 \u00d7 19.9 &#8220;)<\/p>\n<p>Base del micr\u00f3fono: 141\u00d7116\u00d741 mm<\/p>\n<\/td>\n<\/tr>\n<tr style=\"height: 22.3958px;\">\n<td style=\"width: 41.7339%; height: 22.3958px;\">Peso<\/td>\n<td style=\"width: 58.2837%; height: 22.3958px;\">600 gramos<\/td>\n<\/tr>\n<\/tbody>\n<\/table>\n","protected":false},"excerpt":{"rendered":"<p>Micr\u00f3fono cardioide de sobremesa BY-GM18C Funciones: Micr\u00f3fono de cuello de cisne de condensador cardioide de 18&#8243; de alta calidad Ideal<\/p>\n","protected":false},"featured_media":29335,"comment_status":"closed","ping_status":"open","template":"","meta":{"_acf_changed":false},"product_brand":[2621],"product_cat":[897],"product_tag":[],"class_list":{"0":"post-72239","1":"product","2":"type-product","3":"status-publish","4":"has-post-thumbnail","6":"product_brand-boya-es","7":"product_cat-sobremesa","9":"first","10":"instock","11":"taxable","12":"shipping-taxable","13":"purchasable","14":"product-type-simple"},"bundled_by":[],"bundle_stock_status":"instock","bundle_stock_quantity":1,"bundle_virtual":false,"bundle_layout":"","bundle_add_to_cart_form_location":"","bundle_editable_in_cart":false,"bundle_sold_individually_context":"","bundle_item_grouping":"","bundle_min_size":"","bundle_max_size":"","bundle_price":[],"bundled_items":[],"bundle_sell_ids":[],"acf":[],"_links":{"self":[{"href":"https:\/\/hi-techwonder.com\/es\/wp-json\/wp\/v2\/product\/72239","targetHints":{"allow":["GET"]}}],"collection":[{"href":"https:\/\/hi-techwonder.com\/es\/wp-json\/wp\/v2\/product"}],"about":[{"href":"https:\/\/hi-techwonder.com\/es\/wp-json\/wp\/v2\/types\/product"}],"replies":[{"embeddable":true,"href":"https:\/\/hi-techwonder.com\/es\/wp-json\/wp\/v2\/comments?post=72239"}],"wp:featuredmedia":[{"embeddable":true,"href":"https:\/\/hi-techwonder.com\/es\/wp-json\/wp\/v2\/media\/29335"}],"wp:attachment":[{"href":"https:\/\/hi-techwonder.com\/es\/wp-json\/wp\/v2\/media?parent=72239"}],"wp:term":[{"taxonomy":"product_brand","embeddable":true,"href":"https:\/\/hi-techwonder.com\/es\/wp-json\/wp\/v2\/product_brand?post=72239"},{"taxonomy":"product_cat","embeddable":true,"href":"https:\/\/hi-techwonder.com\/es\/wp-json\/wp\/v2\/product_cat?post=72239"},{"taxonomy":"product_tag","embeddable":true,"href":"https:\/\/hi-techwonder.com\/es\/wp-json\/wp\/v2\/product_tag?post=72239"}],"curies":[{"name":"wp","href":"https:\/\/api.w.org\/{rel}","templated":true}]}}