{"id":72241,"date":"2025-07-28T23:53:05","date_gmt":"2025-07-28T23:53:05","guid":{"rendered":"https:\/\/fv6qoy3ls0.wpdns.site\/produto\/boya-by-mc2-microfono-de-conferencia\/"},"modified":"2025-11-21T18:01:09","modified_gmt":"2025-11-21T18:01:09","slug":"boya-by-mc2-microfono-de-conferencia","status":"publish","type":"product","link":"https:\/\/hi-techwonder.com\/es\/producto\/boya-by-mc2-microfono-de-conferencia\/","title":{"rendered":"BOYA BY-MC2 Micr\u00f3fono de conferencia"},"content":{"rendered":"<p><strong>MICR\u00d3FONO BOYA BY-MC2 PARA CONFERENCIAS<\/strong><\/p>\n<p><strong>Caracter\u00edsticas principales:<\/strong><\/p>\n<ul>\n<li>Para entornos de reuniones grupales<\/li>\n<li>Patr\u00f3n polar supercardioide<\/li>\n<li>Conector de monitor de auriculares\/altavoces incorporado<\/li>\n<li>No se requieren controladores ni bater\u00edas<\/li>\n<li>Indicador LED<\/li>\n<li>Carcasa de aleaci\u00f3n de aluminio duradera<\/li>\n<li>Calidad de sonido natural<\/li>\n<li>Compatible con Mac y Windows<\/li>\n<li>Incluye cable USB de 198 cm (6,6&#8242;)<\/li>\n<\/ul>\n<p>El micr\u00f3fono de conferencia BY-MC2 de BOYA es un micr\u00f3fono direccional dise\u00f1ado para salas de conferencias, seminarios y otras ocasiones. Tiene tres c\u00e1psulas de audio que pueden captar el sonido en un radio de 5 m con una cobertura de 180\u00b0. Adem\u00e1s, es adecuado para videoconferencias porque puede captar simult\u00e1neamente todas las voces dentro del rango efectivo.  <\/p>\n<p>El micr\u00f3fono de conferencia BY-MC2 se puede conectar a una computadora de escritorio o port\u00e1til. Un conector para auriculares incorporado le permite monitorear el audio que capta el micr\u00f3fono, asegurando que la grabaci\u00f3n se capture correctamente. Finalmente, se incluye un cable USB a mini-USB de 2 m.  <\/p>\n<p><strong>Contenido de la caja:<\/strong><\/p>\n<ul>\n<li>1x Micr\u00f3fono de conferencia BY-MC2<\/li>\n<li>1x Cable USB &#8211; Mini USB (2m)<\/li>\n<\/ul>\n<p><strong>Especificaciones <\/strong><strong>MICR\u00d3FONO BY-MC2<\/strong><\/p>\n<table style=\"width: 1730.99px;\" border=\"1\">\n<tbody>\n<tr>\n<td style=\"width: 851.042px;\">Material<\/td>\n<p> de construcci\u00f3n<\/p>\n<td style=\"width: 851.059px;\">Carcasa de aleaci\u00f3n de aluminio<\/td>\n<\/tr>\n<tr>\n<td style=\"width: 851.042px;\">Conector<\/td>\n<td style=\"width: 851.059px;\">USB<\/td>\n<\/tr>\n<tr>\n<td style=\"width: 851.042px;\">Patr\u00f3n<\/td>\n<p> polar<\/p>\n<td style=\"width: 851.059px;\">Supercardioide<\/td>\n<\/tr>\n<tr>\nIndicadores <\/p>\n<td style=\"width: 851.042px;\">LED<\/td>\n<td style=\"width: 851.059px;\">S\u00ed<\/td>\n<\/tr>\n<tr>\n<td style=\"width: 851.042px;\">Sensibilidad<\/td>\n<td style=\"width: 851.059px;\">-47dB +\/- 1 dB Ayuda \/ 0dB = 1V\/Pa, 1kHz<\/td>\n<\/tr>\n<tr>\n<td style=\"width: 851.042px;\">Frecuencia de respuesta<\/td>\n<td style=\"width: 851.059px;\">50Hz-20000Hz<\/td>\n<\/tr>\n<tr>\n<td style=\"width: 851.042px;\">Dimensiones<\/td>\n<td style=\"width: 851.059px;\">117x97x24mm<\/td>\n<\/tr>\n<tr>\n<td style=\"width: 851.042px;\"><span style=\"color: #666666; font-family: verdana, geneva;\"><span style=\"letter-spacing: 0.007px;\">Peso<\/span><br \/><\/span><\/td>\n<td style=\"width: 851.059px;\">250g<\/td>\n<\/tr>\n<\/tbody>\n<\/table>\n","protected":false},"excerpt":{"rendered":"<p>MICR\u00d3FONO BOYA BY-MC2 PARA CONFERENCIAS Caracter\u00edsticas principales: Para entornos de reuniones grupales Patr\u00f3n polar supercardioide Conector de monitor de auriculares\/altavoces<\/p>\n","protected":false},"featured_media":29350,"comment_status":"closed","ping_status":"open","template":"","meta":{"_acf_changed":false},"product_brand":[2621],"product_cat":[897],"product_tag":[],"class_list":{"0":"post-72241","1":"product","2":"type-product","3":"status-publish","4":"has-post-thumbnail","6":"product_brand-boya-es","7":"product_cat-sobremesa","9":"first","10":"instock","11":"taxable","12":"shipping-taxable","13":"purchasable","14":"product-type-simple"},"bundled_by":[],"bundle_stock_status":"instock","bundle_stock_quantity":1,"bundle_virtual":false,"bundle_layout":"","bundle_add_to_cart_form_location":"","bundle_editable_in_cart":false,"bundle_sold_individually_context":"","bundle_item_grouping":"","bundle_min_size":"","bundle_max_size":"","bundle_price":[],"bundled_items":[],"bundle_sell_ids":[],"acf":[],"_links":{"self":[{"href":"https:\/\/hi-techwonder.com\/es\/wp-json\/wp\/v2\/product\/72241","targetHints":{"allow":["GET"]}}],"collection":[{"href":"https:\/\/hi-techwonder.com\/es\/wp-json\/wp\/v2\/product"}],"about":[{"href":"https:\/\/hi-techwonder.com\/es\/wp-json\/wp\/v2\/types\/product"}],"replies":[{"embeddable":true,"href":"https:\/\/hi-techwonder.com\/es\/wp-json\/wp\/v2\/comments?post=72241"}],"wp:featuredmedia":[{"embeddable":true,"href":"https:\/\/hi-techwonder.com\/es\/wp-json\/wp\/v2\/media\/29350"}],"wp:attachment":[{"href":"https:\/\/hi-techwonder.com\/es\/wp-json\/wp\/v2\/media?parent=72241"}],"wp:term":[{"taxonomy":"product_brand","embeddable":true,"href":"https:\/\/hi-techwonder.com\/es\/wp-json\/wp\/v2\/product_brand?post=72241"},{"taxonomy":"product_cat","embeddable":true,"href":"https:\/\/hi-techwonder.com\/es\/wp-json\/wp\/v2\/product_cat?post=72241"},{"taxonomy":"product_tag","embeddable":true,"href":"https:\/\/hi-techwonder.com\/es\/wp-json\/wp\/v2\/product_tag?post=72241"}],"curies":[{"name":"wp","href":"https:\/\/api.w.org\/{rel}","templated":true}]}}