{"id":72245,"date":"2025-07-28T23:48:29","date_gmt":"2025-07-28T23:48:29","guid":{"rendered":"https:\/\/fv6qoy3ls0.wpdns.site\/produto\/boya-by-m4c-xlr-microfono-de-solapa\/"},"modified":"2025-09-04T07:49:26","modified_gmt":"2025-09-04T07:49:26","slug":"boya-by-m4c-xlr-microfono-de-solapa","status":"publish","type":"product","link":"https:\/\/hi-techwonder.com\/es\/producto\/boya-by-m4c-xlr-microfono-de-solapa\/","title":{"rendered":"BOYA BY-M4C XLR Micr\u00f3fono de solapa"},"content":{"rendered":"<p><strong>BOYA BY-M4C Micr\u00f3fono de solapa<\/strong><\/p>\n<p><strong><strong>Productos destacados:<\/strong><\/strong> <\/p>\n<div>\u2022 Micr\u00f3fono profesional con clip para videoc\u00e1maras,<br \/>Grabadoras de audio, etc.<\/div>\n<div>\u2022 Micr\u00f3fono de condensador cardioide<\/div>\n<div>\u2022 El micr\u00f3fono de condensador de alta calidad es ideal para uso en video<\/div>\n<div>\u2022 Incluye clip de solapa, parabrisas de espuma<\/div>\n<div>&nbsp;<\/div>\n<div><strong>El BOYA BY-M4C es un micr\u00f3fono de solapa con un<\/strong> patr\u00f3n polar cardioide, que produce una generosa \u00e1rea de captaci\u00f3n<br \/>mientras mantiene la retroalimentaci\u00f3n adecuada y el rechazo de ruido en la secci\u00f3n fuera del eje de la c\u00e1psula.<\/div>\n<div>&nbsp;<\/div>\n<div>&nbsp;<\/div>\n<div><strong>Caracter\u00edsticas t\u00e9cnicas:<\/strong><\/div>\n<div>\n<div> <\/div>\n<div> &nbsp;<\/div>\n<table style=\"border-color: #e2e2e2; width: 600px; height: 172.1px;\" border=\"1\" cellspacing=\"0\" cellpadding=\"2\">\n<tbody>\n<tr style=\"height: 22px;\">\n<td style=\"height: 22px; width: 238.517px;\">Patr\u00f3n polar:<\/td>\n<td style=\"height: 22px; width: 332.883px;\">Cardioide<\/td>\n<\/tr>\n<tr style=\"height: 22px;\">\n<td style=\"height: 22px; width: 238.517px;\">Rango de frecuencia:<\/td>\n<td style=\"height: 22px; width: 332.883px;\">35-18KHz +\/-3dB<\/td>\n<\/tr>\n<tr style=\"height: 22px;\">\n<td style=\"height: 22px; width: 238.517px;\">Se\u00f1al \/ Ruido:<\/td>\n<td style=\"height: 22px; width: 332.883px;\">78dB<\/td>\n<\/tr>\n<tr style=\"height: 22px;\">\n<td style=\"height: 22px; width: 238.517px;\">SPL m\u00e1ximo:<\/td>\n<td style=\"height: 22px; width: 332.883px;\">120dB<\/td>\n<\/tr>\n<tr style=\"height: 22px;\">\n<td style=\"height: 22px; width: 238.517px;\">Sensibilidad:<\/td>\n<td style=\"height: 22px; width: 332.883px;\">200O<\/td>\n<\/tr>\n<tr style=\"height: 22px;\">\n<td style=\"height: 22px; width: 238.517px;\">Sensibilidad de recepci\u00f3n:<\/td>\n<td style=\"height: 22px; width: 332.883px;\">-38dB\u00b13dB \/ 0dB=1V\/Pa,1KHz<\/td>\n<\/tr>\n<tr style=\"height: 22px;\">\n<td style=\"height: 22px; width: 238.517px;\">Requisito de energ\u00eda:<\/td>\n<td style=\"height: 22px; width: 332.883px;\">Alimentaci\u00f3n fantasma de 48 V<\/td>\n<\/tr>\n<\/tbody>\n<\/table>\n<\/div>\n<div>&nbsp;<\/div>\n<div>&nbsp;<\/div>\n","protected":false},"excerpt":{"rendered":"<p>BOYA BY-M4C Micr\u00f3fono de solapa Productos destacados: \u2022 Micr\u00f3fono profesional con clip para videoc\u00e1maras,Grabadoras de audio, etc. \u2022 Micr\u00f3fono de<\/p>\n","protected":false},"featured_media":28043,"comment_status":"closed","ping_status":"open","template":"","meta":{"_acf_changed":false},"product_brand":[2621],"product_cat":[896],"product_tag":[],"class_list":{"0":"post-72245","1":"product","2":"type-product","3":"status-publish","4":"has-post-thumbnail","6":"product_brand-boya-es","7":"product_cat-solapa","9":"first","10":"instock","11":"taxable","12":"shipping-taxable","13":"purchasable","14":"product-type-simple"},"bundled_by":[],"bundle_stock_status":"instock","bundle_stock_quantity":1,"bundle_virtual":false,"bundle_layout":"","bundle_add_to_cart_form_location":"","bundle_editable_in_cart":false,"bundle_sold_individually_context":"","bundle_item_grouping":"","bundle_min_size":"","bundle_max_size":"","bundle_price":[],"bundled_items":[],"bundle_sell_ids":[],"acf":[],"_links":{"self":[{"href":"https:\/\/hi-techwonder.com\/es\/wp-json\/wp\/v2\/product\/72245","targetHints":{"allow":["GET"]}}],"collection":[{"href":"https:\/\/hi-techwonder.com\/es\/wp-json\/wp\/v2\/product"}],"about":[{"href":"https:\/\/hi-techwonder.com\/es\/wp-json\/wp\/v2\/types\/product"}],"replies":[{"embeddable":true,"href":"https:\/\/hi-techwonder.com\/es\/wp-json\/wp\/v2\/comments?post=72245"}],"wp:featuredmedia":[{"embeddable":true,"href":"https:\/\/hi-techwonder.com\/es\/wp-json\/wp\/v2\/media\/28043"}],"wp:attachment":[{"href":"https:\/\/hi-techwonder.com\/es\/wp-json\/wp\/v2\/media?parent=72245"}],"wp:term":[{"taxonomy":"product_brand","embeddable":true,"href":"https:\/\/hi-techwonder.com\/es\/wp-json\/wp\/v2\/product_brand?post=72245"},{"taxonomy":"product_cat","embeddable":true,"href":"https:\/\/hi-techwonder.com\/es\/wp-json\/wp\/v2\/product_cat?post=72245"},{"taxonomy":"product_tag","embeddable":true,"href":"https:\/\/hi-techwonder.com\/es\/wp-json\/wp\/v2\/product_tag?post=72245"}],"curies":[{"name":"wp","href":"https:\/\/api.w.org\/{rel}","templated":true}]}}