{"id":72247,"date":"2025-07-28T23:48:21","date_gmt":"2025-07-28T23:48:21","guid":{"rendered":"https:\/\/fv6qoy3ls0.wpdns.site\/produto\/boya-by-m3d-microfono-de-solapa-dual-usb-tipo-c\/"},"modified":"2026-02-12T11:14:43","modified_gmt":"2026-02-12T11:14:43","slug":"boya-by-m3d-microfono-de-solapa-dual-usb-tipo-c","status":"publish","type":"product","link":"https:\/\/hi-techwonder.com\/es\/producto\/boya-by-m3d-microfono-de-solapa-dual-usb-tipo-c\/","title":{"rendered":"BOYA BY-M3D Micr\u00f3fono de solapa dual USB tipo C"},"content":{"rendered":"<p>El BOYA BY-M3D es un micr\u00f3fono de solapa dual con conexi\u00f3n USB Tipo-C.<\/p>\n<p> <strong>LUCES<\/strong><\/p>\n<ul>\n<li>  Dise\u00f1o de doble solapa, permite que 2 personas usen al mismo tiempo<\/li>\n<li>  Patr\u00f3n polar omnidireccional<\/li>\n<li>  Compatible con la mayor\u00eda de los dispositivos USB tipo C<\/li>\n<li>  Cable de 6 metros de largo, se adapta c\u00f3modamente a diversos entornos<\/li>\n<li>  Resoluci\u00f3n digital de 16 bits\/48 KHz<\/li>\n<li>  Bajo ruido de suministro<\/li>\n<li>  Cada micr\u00f3fono se dirige al canal izquierdo y al canal derecho<\/li>\n<li>  Alimentado por dispositivos tipo C<\/li>\n<\/ul>\n<p>  Dise\u00f1ado para grabar entrevistas, el BOYA BY-M3D es un micr\u00f3fono digital USB Tipo-C y compuesto por dos de los bien recibidos micr\u00f3fonos de solapa de condensador omnidireccional, especialmente dise\u00f1ados para dispositivos Android y otros dispositivos con conector Tipo-C, como iPad Pro, Mac PC.<\/p>\n<p>  Con una resoluci\u00f3n de 16 bits\/48 KHz y cada micr\u00f3fono grabando en un canal discreto, es ideal para presentaciones, podcasts, webcasts o cualquier situaci\u00f3n en la que sea necesario grabar uno o dos sujetos.<\/p>\n<p>  El paquete incluye clips de corbata que permiten la operaci\u00f3n con manos libres, mientras que los parabrisas ayudan a garantizar grabaciones silenciosas y de calidad profesional.  <\/p>\n<table style=\"width: 600px; color: #4b4b4b; text-align: justify; border-spacing: 0px; font-family: Arial, Helvetica, sans-serif; font-size: 14px; background-color: #ffffff; border-color: #e2e2e2;\" border=\"1\" cellspacing=\"0\" cellpadding=\"2\">\n<tbody style=\"box-sizing: border-box;\">\n<tr style=\"box-sizing: border-box;\">\n<td style=\"box-sizing: border-box; padding: 0px;\"> Conector:<\/td>\n<td style=\"box-sizing: border-box; padding: 0px;\"> Tipo-C (certificaci\u00f3n USB-IF)<\/td>\n<\/tr>\n<tr style=\"box-sizing: border-box;\">\n<td style=\"box-sizing: border-box; padding: 0px;\"> Sensibilidad:<\/td>\n<td style=\"box-sizing: border-box; padding: 0px;\"> -40 +\/- 3 Db (0 dB = 1 V \/ Pa, a 1 KHz)<\/td>\n<\/tr>\n<tr style=\"box-sizing: border-box;\">\n<td style=\"box-sizing: border-box; padding: 0px;\">  Patr\u00f3n polar:  <\/td>\n<td style=\"box-sizing: border-box; padding: 0px;\">\n<p style=\"box-sizing: border-box; margin: 0px auto; line-height: 24px; padding: 0px; border: 0px; list-style: none;\">  Omnidireccional<\/p>\n<\/td>\n<\/tr>\n<tr style=\"box-sizing: border-box;\">\n<td style=\"box-sizing: border-box; padding: 0px;\">La relaci\u00f3n se\u00f1al\/ruido:  <\/td>\n<td style=\"box-sizing: border-box; padding: 0px;\">\n<p style=\"box-sizing: border-box; margin: 0px auto; line-height: 24px; padding: 0px; border: 0px; list-style: none;\">  76dB o m\u00e1s<\/p>\n<\/td>\n<\/tr>\n<tr style=\"box-sizing: border-box;\">\n<td style=\"box-sizing: border-box; padding: 0px;\">Respuesta de frecuencia:  <\/td>\n<td style=\"box-sizing: border-box; padding: 0px;\">\n<p style=\"box-sizing: border-box; margin: 0px auto; line-height: 24px; padding: 0px; border: 0px; list-style: none;\">  50Hz-20kHz<\/p>\n<\/td>\n<\/tr>\n<tr style=\"box-sizing: border-box;\">\n<td style=\"box-sizing: border-box; padding: 0px;\">Tasa de bits:  <\/td>\n<td style=\"box-sizing: border-box; padding: 0px;\">\n<p style=\"box-sizing: border-box; margin: 0px auto; line-height: 24px; padding: 0px; border: 0px; list-style: none;\">  16 bits<\/p>\n<\/td>\n<\/tr>\n<tr style=\"box-sizing: border-box;\">\n<td style=\"box-sizing: border-box; padding: 0px;\">Tarifas de muestreo:  <\/td>\n<td style=\"box-sizing: border-box; padding: 0px;\">\n<p style=\"box-sizing: border-box; margin: 0px auto; line-height: 24px; padding: 0px; border: 0px; list-style: none;\">  48 kHz<\/p>\n<\/td>\n<\/tr>\n<tr style=\"box-sizing: border-box;\">\n<td style=\"box-sizing: border-box; padding: 0px;\">Requisito de energ\u00eda:  <\/td>\n<td style=\"box-sizing: border-box; padding: 0px;\">\n<p style=\"box-sizing: border-box; margin: 0px auto; line-height: 24px; padding: 0px; border: 0px; list-style: none;\">  Alimentado por dispositivos tipo C<\/p>\n<\/td>\n<\/tr>\n<tr style=\"box-sizing: border-box;\">\n<td style=\"box-sizing: border-box; padding: 0px;\">Longitud del cable:  <\/td>\n<td style=\"box-sizing: border-box; padding: 0px;\">\n<p style=\"box-sizing: border-box; margin: 0px auto; line-height: 24px; padding: 0px; border: 0px; list-style: none;\">  6 m (19,7 pies)<\/p>\n<\/td>\n<\/tr>\n<tr style=\"box-sizing: border-box;\">\n<td style=\"box-sizing: border-box; padding: 0px;\">Peso:  <\/td>\n<td style=\"box-sizing: border-box; padding: 0px;\">\n<p style=\"box-sizing: border-box; margin: 0px auto; line-height: 24px; padding: 0px; border: 0px; list-style: none;\">  78,5 g (2,82 oz)<\/p>\n<\/td>\n<\/tr>\n<\/tbody>\n<\/table>\n","protected":false},"excerpt":{"rendered":"<p>El BOYA BY-M3D es un micr\u00f3fono de solapa dual con conexi\u00f3n USB Tipo-C. LUCES Dise\u00f1o de doble solapa, permite que<\/p>\n","protected":false},"featured_media":28022,"comment_status":"closed","ping_status":"open","template":"","meta":{"_acf_changed":false},"product_brand":[2621],"product_cat":[894],"product_tag":[],"class_list":{"0":"post-72247","1":"product","2":"type-product","3":"status-publish","4":"has-post-thumbnail","6":"product_brand-boya-es","7":"product_cat-microfonos","9":"first","10":"instock","11":"taxable","12":"shipping-taxable","13":"purchasable","14":"product-type-simple"},"bundled_by":[],"bundle_stock_status":"instock","bundle_stock_quantity":3,"bundle_virtual":false,"bundle_layout":"","bundle_add_to_cart_form_location":"","bundle_editable_in_cart":false,"bundle_sold_individually_context":"","bundle_item_grouping":"","bundle_min_size":"","bundle_max_size":"","bundle_price":[],"bundled_items":[],"bundle_sell_ids":[],"acf":[],"_links":{"self":[{"href":"https:\/\/hi-techwonder.com\/es\/wp-json\/wp\/v2\/product\/72247","targetHints":{"allow":["GET"]}}],"collection":[{"href":"https:\/\/hi-techwonder.com\/es\/wp-json\/wp\/v2\/product"}],"about":[{"href":"https:\/\/hi-techwonder.com\/es\/wp-json\/wp\/v2\/types\/product"}],"replies":[{"embeddable":true,"href":"https:\/\/hi-techwonder.com\/es\/wp-json\/wp\/v2\/comments?post=72247"}],"wp:featuredmedia":[{"embeddable":true,"href":"https:\/\/hi-techwonder.com\/es\/wp-json\/wp\/v2\/media\/28022"}],"wp:attachment":[{"href":"https:\/\/hi-techwonder.com\/es\/wp-json\/wp\/v2\/media?parent=72247"}],"wp:term":[{"taxonomy":"product_brand","embeddable":true,"href":"https:\/\/hi-techwonder.com\/es\/wp-json\/wp\/v2\/product_brand?post=72247"},{"taxonomy":"product_cat","embeddable":true,"href":"https:\/\/hi-techwonder.com\/es\/wp-json\/wp\/v2\/product_cat?post=72247"},{"taxonomy":"product_tag","embeddable":true,"href":"https:\/\/hi-techwonder.com\/es\/wp-json\/wp\/v2\/product_tag?post=72247"}],"curies":[{"name":"wp","href":"https:\/\/api.w.org\/{rel}","templated":true}]}}