{"id":72248,"date":"2025-07-28T23:51:38","date_gmt":"2025-07-28T23:51:38","guid":{"rendered":"https:\/\/fv6qoy3ls0.wpdns.site\/produto\/boya-by-m100-microfono-trs-de-35-mm-con-conector-ultracompacto\/"},"modified":"2025-11-04T17:38:06","modified_gmt":"2025-11-04T17:38:06","slug":"boya-by-m100-microfono-trs-de-35-mm-con-conector-ultracompacto","status":"publish","type":"product","link":"https:\/\/hi-techwonder.com\/es\/producto\/boya-by-m100-microfono-trs-de-35-mm-con-conector-ultracompacto\/","title":{"rendered":"BOYA BY-M100 Micr\u00f3fono TRS de 3,5 mm con conector ultracompacto"},"content":{"rendered":"<p><strong>BOYA BY-M100 Micr\u00f3fono ultracompacto de 3,5 mm con conector TRS (para c\u00e1maras, grabadoras)<\/strong><\/p>\n<p> <strong>LUCES<\/strong><\/p>\n<ul>\n<li>  Vlogger, Run &amp; Gun, Periodista M\u00f3vil<\/li>\n<li>  Para c\u00e1maras, DSLR y grabadoras port\u00e1tiles<\/li>\n<li>  C\u00e1psula de condensador omnidireccional<\/li>\n<li>  Captura el sonido desde todas las direcciones<\/li>\n<li>  Conector de salida macho TRS de 3,5 mm<\/li>\n<li>  No requiere bater\u00edas ni carga<\/li>\n<li>  Cabezal de micr\u00f3fono giratorio de 180\u00b0<\/li>\n<li>  Ultracompacto y ligero<\/li>\n<li>  El parabrisas incluido reduce el ruido del viento<\/li>\n<\/ul>\n<p>  Mejora la calidad de captura de sonido de tu c\u00e1mara de acci\u00f3n, DSLR o grabadora de audio port\u00e1til mientras mantienes tu equipo simple y directo con el micr\u00f3fono de condensador ultracompacto BOYA BY-M100. Con menos de 3&#8243; de longitud, este micr\u00f3fono diminuto y extremadamente ligero puede a\u00f1adirse a tu configuraci\u00f3n y permanecer apenas perceptible. Debido a que funciona con energ\u00eda de su dispositivo y no tiene controles para configurar, ofrece una operaci\u00f3n plug-and-play realmente f\u00e1cil.  <\/p>\n<p>  El cuerpo del micr\u00f3fono tiene un mini enchufe TRS macho de 3,5 mm, que se puede conectar directamente a la entrada mini-jack de su c\u00e1mara o grabadora de audio. Esto permite que el BY-M100 evite la necesidad de montar accesorios y cables de audio. El cabezal del micr\u00f3fono gira hasta 180 grados para un posicionamiento r\u00e1pido y \u00f3ptimo. Coloque el parabrisas de espuma provisto para disminuir el ruido de la brisa y los ventiladores.   <\/p>\n<p> <strong>Para c\u00e1maras de mano y grabadoras<\/strong><\/p>\n<p>  El BY-M100 tiene un conector mini TRS de 3,5 mm conectado al cuerpo del micr\u00f3fono, lo que le permite conectarse directamente a la entrada de una DSLR, una c\u00e1mara sin espejo o una grabadora de audio port\u00e1til.<\/p>\n<p> <strong>Funcionamiento plug-and-play<\/strong><\/p>\n<p>  Debido a que funciona con la energ\u00eda suministrada por su dispositivo, el BY-M100 no requiere bater\u00edas para funcionar. Adem\u00e1s, no tiene interruptores, botones o diales para configurar. <\/p>\n<p> <strong>C\u00e1psula de condensador omnidireccional<\/strong><\/p>\n<p>  Usando una c\u00e1psula de condensador con un patr\u00f3n polar omnidireccional, el micr\u00f3fono BY-M100 es capaz de capturar sonido desde todas las direcciones. Su respuesta de frecuencia de 50 Hz a 18 kHz permite la grabaci\u00f3n de espectro completo para voz y sonido ambiental. <\/p>\n<p> <strong>Cabezal giratorio<\/strong><\/p>\n<p>  Gracias al cabezal ajustable, que gira hasta 180 grados, el micr\u00f3fono es f\u00e1cil de colocar.<\/p>\n<p> <strong>Parabrisas de espuma<\/strong><\/p>\n<p>  Deslice el parabrisas de espuma provisto para reducir el ruido causado por la brisa o los ventiladores.<\/p>\n<p> <strong>CARACTER\u00cdSTICAS T\u00c9CNICAS<\/strong> <\/p>\n<p style=\"margin-bottom: 0cm; border-top: none; border-bottom: 1pt solid #cdcdcd; border-left: none; border-right: none; padding: 0cm 0cm 0.05cm; line-height: 200%;\"> <span style=\"font-family: OpenSans, Segoe UI, Helvetica, Roboto, Arial, sans-serif;\">Micr\u00f3fono<\/span> <\/p>\n<table border=\"0\" width=\"266\" cellspacing=\"0\" cellpadding=\"2\">\n<colgroup>\n<col width=\"128\">\n<col width=\"130\"><\/colgroup>\n<tbody>\n<tr>\n<td width=\"128\">\n<p style=\"border: none; padding: 0cm;\" align=\"LEFT\">  Factor de forma<\/p>\n<\/td>\n<td width=\"130\">\n<p style=\"border: none; padding: 0cm;\">  Micr\u00f3fono de dispositivo m\u00f3vil<\/p>\n<\/td>\n<\/tr>\n<tr>\n<td width=\"128\">\n<p style=\"border: none; padding: 0cm;\" align=\"LEFT\">  Campo sonoro<\/p>\n<\/td>\n<td width=\"130\">\n<p style=\"border: none; padding: 0cm;\">  Mono<\/p>\n<\/td>\n<\/tr>\n<tr>\n<td width=\"128\">\n<p style=\"border: none; padding: 0cm;\" align=\"LEFT\">  Principio de funcionamiento<\/p>\n<\/td>\n<td width=\"130\">\n<p style=\"border: none; padding: 0cm;\">  Operado a presi\u00f3n<\/p>\n<\/td>\n<\/tr>\n<tr>\n<td width=\"128\">\n<p style=\"border: none; padding: 0cm;\" align=\"LEFT\">  C\u00e1psula<\/p>\n<\/td>\n<td width=\"130\">\n<p style=\"border: none; padding: 0cm;\">  Condensador Electret<\/p>\n<\/td>\n<\/tr>\n<tr>\n<td width=\"128\">\n<p style=\"border: none; padding: 0cm;\" align=\"LEFT\">  Patr\u00f3n polar<\/p>\n<\/td>\n<td width=\"130\">\n<p style=\"border: none; padding: 0cm;\">  Omnidireccional<\/p>\n<\/td>\n<\/tr>\n<tr>\n<td width=\"128\">\n<p style=\"border: none; padding: 0cm;\" align=\"LEFT\">  Orientaci\u00f3n<\/p>\n<\/td>\n<td width=\"130\">\n<p style=\"border: none; padding: 0cm;\">  Direcci\u00f3n final<\/p>\n<\/td>\n<\/tr>\n<tr>\n<td width=\"128\">\n<p style=\"border: none; padding: 0cm;\" align=\"LEFT\">  Circuitos<\/p>\n<\/td>\n<td width=\"130\">\n<p style=\"border: none; padding: 0cm;\">  Estado s\u00f3lido<\/p>\n<\/td>\n<\/tr>\n<tr>\n<td width=\"128\">\n<p style=\"border: none; padding: 0cm;\" align=\"LEFT\">  Coj\u00edn<\/p>\n<\/td>\n<td width=\"130\">\n<p style=\"border: none; padding: 0cm;\"> <em>Ninguno<\/em><\/p>\n<\/td>\n<\/tr>\n<tr>\n<td width=\"128\">\n<p style=\"border: none; padding: 0cm;\" align=\"LEFT\">  Filtro de paso alto<\/p>\n<\/td>\n<td width=\"130\">\n<p style=\"border: none; padding: 0cm;\"> <em>Ninguno<\/em><\/p>\n<\/td>\n<\/tr>\n<tr>\n<td width=\"128\">\n<p style=\"border: none; padding: 0cm;\" align=\"LEFT\">  Ajuste de tono<\/p>\n<\/td>\n<td width=\"130\">\n<p style=\"border: none; padding: 0cm;\"> <em>Ninguno<\/em><\/p>\n<\/td>\n<\/tr>\n<tr>\n<td width=\"128\">\n<p style=\"border: none; padding: 0cm;\" align=\"LEFT\">  Indicadores<\/p>\n<\/td>\n<td width=\"130\">\n<p style=\"border: none; padding: 0cm;\"> <em>Ninguno<\/em><\/p>\n<\/td>\n<\/tr>\n<tr>\n<td width=\"128\">\n<p style=\"border: none; padding: 0cm;\" align=\"LEFT\">  Controles integrados<\/p>\n<\/td>\n<td width=\"130\">\n<p style=\"border: none; padding: 0cm;\"> <em>Ninguno<\/em><\/p>\n<\/td>\n<\/tr>\n<tr>\n<td width=\"128\">\n<p style=\"border: none; padding: 0cm;\" align=\"LEFT\">  Parabrisas<\/p>\n<\/td>\n<td width=\"130\">\n<p style=\"border: none; padding: 0cm;\">  Espuma (incluida)  <\/p>\n<\/td>\n<\/tr>\n<\/tbody>\n<\/table>\n<p style=\"margin-bottom: 0cm; border-top: none; border-bottom: 1pt solid #cdcdcd; border-left: none; border-right: none; padding: 0cm 0cm 0.05cm; line-height: 200%;\"> <span style=\"font-family: OpenSans, Segoe UI, Helvetica, Roboto, Arial, sans-serif;\">interino<\/span> <\/p>\n<table border=\"0\" width=\"290\" cellspacing=\"0\" cellpadding=\"2\">\n<colgroup>\n<col width=\"143\">\n<col width=\"138\"><\/colgroup>\n<tbody>\n<tr>\n<td width=\"143\">\n<p style=\"border: none; padding: 0cm;\" align=\"LEFT\">  Rango de frecuencia<\/p>\n<\/td>\n<td width=\"138\">\n<p style=\"border: none; padding: 0cm;\">  De 50 Hz a 18 kHz<\/p>\n<\/td>\n<\/tr>\n<tr>\n<td width=\"143\">\n<p style=\"border: none; padding: 0cm;\" align=\"LEFT\">  Sensibilidad<\/p>\n<\/td>\n<td width=\"138\">\n<p style=\"border: none; padding: 0cm;\">  -36 dBV\/Pa a 1 kHz<\/p>\n<\/td>\n<\/tr>\n<tr>\n<td width=\"143\">\n<p style=\"border: none; padding: 0cm;\" align=\"LEFT\">  La relaci\u00f3n se\u00f1al\/ruido<\/p>\n<\/td>\n<td width=\"138\">\n<p style=\"border: none; padding: 0cm;\">  65 dB ponderaci\u00f3n A  <\/p>\n<\/td>\n<\/tr>\n<\/tbody>\n<\/table>\n<p style=\"margin-bottom: 0cm; border-top: none; border-bottom: 1pt solid #cdcdcd; border-left: none; border-right: none; padding: 0cm 0cm 0.05cm; line-height: 200%;\"> <span style=\"font-family: OpenSans, Segoe UI, Helvetica, Roboto, Arial, sans-serif;\">Conectividad<\/span> <\/p>\n<table border=\"0\" width=\"437\" cellspacing=\"0\" cellpadding=\"2\">\n<colgroup>\n<col width=\"185\">\n<col width=\"243\"><\/colgroup>\n<tbody>\n<tr>\n<td width=\"185\">\n<p style=\"border: none; padding: 0cm;\" align=\"LEFT\">  Conectores de salida (anal\u00f3gicos)<\/p>\n<\/td>\n<td width=\"243\">\n<p style=\"border: none; padding: 0cm;\"> <strong>1 x<\/strong> TRS macho de 1\/8&#8243; \/ 3,5 mm (en el micr\u00f3fono)<\/p>\n<\/td>\n<\/tr>\n<tr>\n<td width=\"185\">\n<p style=\"border: none; padding: 0cm;\" align=\"LEFT\">  Conector para auriculares<\/p>\n<\/td>\n<td width=\"243\">\n<p style=\"border: none; padding: 0cm;\"> <em>Ninguno<\/em> <\/p>\n<\/td>\n<\/tr>\n<\/tbody>\n<\/table>\n<p style=\"margin-bottom: 0cm; border-top: none; border-bottom: 1pt solid #cdcdcd; border-left: none; border-right: none; padding: 0cm 0cm 0.05cm; line-height: 200%;\"> <span style=\"font-family: OpenSans, Segoe UI, Helvetica, Roboto, Arial, sans-serif;\">Poder<\/span> <\/p>\n<table border=\"0\" width=\"331\" cellspacing=\"0\" cellpadding=\"2\">\n<colgroup>\n<col width=\"119\">\n<col width=\"204\"><\/colgroup>\n<tbody>\n<tr>\n<td width=\"119\">\n<p style=\"border: none; padding: 0cm;\" align=\"LEFT\">  Voltaje de funcionamiento<\/p>\n<\/td>\n<td width=\"204\">\n<p style=\"border: none; padding: 0cm;\">  No especificado por el fabricante  <\/p>\n<\/td>\n<\/tr>\n<\/tbody>\n<\/table>\n<p style=\"margin-bottom: 0cm; border-top: none; border-bottom: 1pt solid #cdcdcd; border-left: none; border-right: none; padding: 0cm 0cm 0.05cm; line-height: 200%;\"> <span style=\"font-family: OpenSans, Segoe UI, Helvetica, Roboto, Arial, sans-serif;\">F\u00edsico<\/span> <\/p>\n<table border=\"0\" width=\"325\" cellspacing=\"0\" cellpadding=\"2\">\n<colgroup>\n<col width=\"80\">\n<col width=\"237\"><\/colgroup>\n<tbody>\n<tr>\n<td width=\"80\">\n<p style=\"border: none; padding: 0cm;\" align=\"LEFT\">  Montura<\/p>\n<\/td>\n<td width=\"237\">\n<p style=\"border: none; padding: 0cm;\">  Conexi\u00f3n directa al dispositivo m\u00f3vil<\/p>\n<\/td>\n<\/tr>\n<tr>\n<td width=\"80\">\n<p style=\"border: none; padding: 0cm;\" align=\"LEFT\">  Dimensiones<\/p>\n<\/td>\n<td width=\"237\">\n<p style=\"border: none; padding: 0cm;\">  \u00f8: 0,7 x L: 2,9&#8243; \/ \u00f8: 1,8 x L: 7,4 cm<\/p>\n<\/td>\n<\/tr>\n<tr>\n<td width=\"80\">\n<p style=\"border: none; padding: 0cm;\" align=\"LEFT\">  Peso<\/p>\n<\/td>\n<td width=\"237\">\n<p style=\"border: none; padding: 0cm;\">  0.3 oz \/ 9 g<\/p>\n<\/td>\n<\/tr>\n<\/tbody>\n<\/table>\n","protected":false},"excerpt":{"rendered":"<p>BOYA BY-M100 Micr\u00f3fono ultracompacto de 3,5 mm con conector TRS (para c\u00e1maras, grabadoras) LUCES Vlogger, Run &amp; Gun, Periodista M\u00f3vil<\/p>\n","protected":false},"featured_media":29120,"comment_status":"closed","ping_status":"open","template":"","meta":{"_acf_changed":false},"product_brand":[2621],"product_cat":[901],"product_tag":[],"class_list":{"0":"post-72248","1":"product","2":"type-product","3":"status-publish","4":"has-post-thumbnail","6":"product_brand-boya-es","7":"product_cat-canon-microfonos","9":"first","10":"instock","11":"taxable","12":"shipping-taxable","13":"purchasable","14":"product-type-simple"},"bundled_by":[],"bundle_stock_status":"instock","bundle_stock_quantity":2,"bundle_virtual":false,"bundle_layout":"","bundle_add_to_cart_form_location":"","bundle_editable_in_cart":false,"bundle_sold_individually_context":"","bundle_item_grouping":"","bundle_min_size":"","bundle_max_size":"","bundle_price":[],"bundled_items":[],"bundle_sell_ids":[],"acf":[],"_links":{"self":[{"href":"https:\/\/hi-techwonder.com\/es\/wp-json\/wp\/v2\/product\/72248","targetHints":{"allow":["GET"]}}],"collection":[{"href":"https:\/\/hi-techwonder.com\/es\/wp-json\/wp\/v2\/product"}],"about":[{"href":"https:\/\/hi-techwonder.com\/es\/wp-json\/wp\/v2\/types\/product"}],"replies":[{"embeddable":true,"href":"https:\/\/hi-techwonder.com\/es\/wp-json\/wp\/v2\/comments?post=72248"}],"wp:featuredmedia":[{"embeddable":true,"href":"https:\/\/hi-techwonder.com\/es\/wp-json\/wp\/v2\/media\/29120"}],"wp:attachment":[{"href":"https:\/\/hi-techwonder.com\/es\/wp-json\/wp\/v2\/media?parent=72248"}],"wp:term":[{"taxonomy":"product_brand","embeddable":true,"href":"https:\/\/hi-techwonder.com\/es\/wp-json\/wp\/v2\/product_brand?post=72248"},{"taxonomy":"product_cat","embeddable":true,"href":"https:\/\/hi-techwonder.com\/es\/wp-json\/wp\/v2\/product_cat?post=72248"},{"taxonomy":"product_tag","embeddable":true,"href":"https:\/\/hi-techwonder.com\/es\/wp-json\/wp\/v2\/product_tag?post=72248"}],"curies":[{"name":"wp","href":"https:\/\/api.w.org\/{rel}","templated":true}]}}