{"id":72249,"date":"2025-07-28T23:48:21","date_gmt":"2025-07-28T23:48:21","guid":{"rendered":"https:\/\/fv6qoy3ls0.wpdns.site\/produto\/boya-by-m3-microfono-de-solapa-usb-tipo-c\/"},"modified":"2026-04-21T17:37:32","modified_gmt":"2026-04-21T16:37:32","slug":"boya-by-m3-microfono-de-solapa-usb-tipo-c","status":"publish","type":"product","link":"https:\/\/hi-techwonder.com\/es\/producto\/boya-by-m3-microfono-de-solapa-usb-tipo-c\/","title":{"rendered":"BOYA BY-M3 Micr\u00f3fono de solapa USB tipo C"},"content":{"rendered":"<p><strong>BOYA BY-M3 Micr\u00f3fono de solapa USB tipo C<\/strong><\/p>\n<p><strong>Productos destacados:<\/strong><\/p>\n<ul>\n<li>Patr\u00f3n polar omnidireccional<\/li>\n<li>Compatible con la mayor\u00eda de los dispositivos tipo C<\/li>\n<li>Cable de 6 metros de largo, c\u00f3modamente adaptable para varios entornos Resoluci\u00f3n digital de 16 bits\/48 KHz<\/li>\n<li>Bajo ruido de suministro<\/li>\n<li>Alimentado por dispositivos USB tipo C<\/li>\n<\/ul>\n<p>El BOYA BY-M3 es un micr\u00f3fono de solapa digital USB Tipo-C, especialmente dise\u00f1ado para dispositivos Android y otros dispositivos con conector Tipo-C, como iPad Pro, Mac PC. <\/p>\n<p>Con una resoluci\u00f3n de 16 bits\/48 KHz, es adecuado para podcasting, vlogging, entrevistas y m\u00e1s.<\/p>\n<p>Tiene un patr\u00f3n polar omnidireccional y un dise\u00f1o a presi\u00f3n, puede reducir eficazmente el ruido de fondo no deseado,<br \/>y ayuda enormemente a los dispositivos m\u00f3viles a capturar grabaciones de sonido de alta calidad.<\/p>\n<p>Cable de hasta 6 metros de longitud, permite a los usuarios adaptarse c\u00f3modamente a diversos entornos.<\/p>\n<p><strong>Caracter\u00edsticas t\u00e9cnicas:<\/strong><\/p>\n<table style=\"border-color: #e2e2e2; width: 600px; border-collapse: collapse; border-spacing: 0px;\" border=\"1\" cellspacing=\"0\" cellpadding=\"2\">\n<tbody>\n<tr>\n<td style=\"padding: 0px;\">Conector:<\/td>\n<td style=\"padding: 0px;\">Tipo-C (certificaci\u00f3n USB-IF)<\/td>\n<\/tr>\n<tr>\n<td style=\"padding: 0px;\">Sensibilidad:<\/td>\n<td style=\"padding: 0px;\">-40+\/-3dB (0dB=1V\/Pa, a 1KHz)<\/td>\n<\/tr>\n<tr>\n<td style=\"padding: 0px;\">Patr\u00f3n polar:<\/td>\n<td style=\"padding: 0px;\">Omnidireccional<\/td>\n<\/tr>\n<tr>\n<td style=\"padding: 0px;\">La relaci\u00f3n se\u00f1al\/ruido:<\/td>\n<td style=\"padding: 0px;\">76dB o m\u00e1s<\/td>\n<\/tr>\n<tr>\n<td style=\"padding: 0px;\">Tasa de bits:<\/td>\n<td style=\"padding: 0px;\">16 bits<\/td>\n<\/tr>\n<tr>\n<td style=\"padding: 0px;\">Tarifas de muestreo:<\/td>\n<td style=\"padding: 0px;\">48 kHz<\/td>\n<\/tr>\n<tr>\n<td style=\"padding: 0px;\">Respuesta de frecuencia:<\/td>\n<td style=\"padding: 0px;\">50Hz-20kHz<\/td>\n<\/tr>\n<tr>\n<td style=\"padding: 0px;\">Requisito de energ\u00eda:<\/td>\n<td style=\"padding: 0px;\">A trav\u00e9s de dispositivos tipo C<\/td>\n<\/tr>\n<tr>\n<td style=\"padding: 0px;\">Longitud del cable:<\/td>\n<td style=\"padding: 0px;\">6 millones<\/td>\n<\/tr>\n<tr>\n<td style=\"padding: 0px;\">Peso:<\/td>\n<td style=\"padding: 0px;\">44,5 gramos<\/td>\n<\/tr>\n<\/tbody>\n<\/table>\n","protected":false},"excerpt":{"rendered":"<p>BOYA BY-M3 Micr\u00f3fono de solapa USB tipo C Productos destacados: Patr\u00f3n polar omnidireccional Compatible con la mayor\u00eda de los dispositivos<\/p>\n","protected":false},"featured_media":28011,"comment_status":"closed","ping_status":"open","template":"","meta":{"_acf_changed":false},"product_brand":[2621],"product_cat":[894],"product_tag":[],"class_list":{"0":"post-72249","1":"product","2":"type-product","3":"status-publish","4":"has-post-thumbnail","6":"product_brand-boya-es","7":"product_cat-microfonos","9":"first","10":"instock","11":"taxable","12":"shipping-taxable","13":"purchasable","14":"product-type-simple"},"bundled_by":[],"bundle_stock_status":"instock","bundle_stock_quantity":1,"bundle_virtual":false,"bundle_layout":"","bundle_add_to_cart_form_location":"","bundle_editable_in_cart":false,"bundle_sold_individually_context":"","bundle_item_grouping":"","bundle_min_size":"","bundle_max_size":"","bundle_price":[],"bundled_items":[],"bundle_sell_ids":[],"acf":[],"_links":{"self":[{"href":"https:\/\/hi-techwonder.com\/es\/wp-json\/wp\/v2\/product\/72249","targetHints":{"allow":["GET"]}}],"collection":[{"href":"https:\/\/hi-techwonder.com\/es\/wp-json\/wp\/v2\/product"}],"about":[{"href":"https:\/\/hi-techwonder.com\/es\/wp-json\/wp\/v2\/types\/product"}],"replies":[{"embeddable":true,"href":"https:\/\/hi-techwonder.com\/es\/wp-json\/wp\/v2\/comments?post=72249"}],"wp:featuredmedia":[{"embeddable":true,"href":"https:\/\/hi-techwonder.com\/es\/wp-json\/wp\/v2\/media\/28011"}],"wp:attachment":[{"href":"https:\/\/hi-techwonder.com\/es\/wp-json\/wp\/v2\/media?parent=72249"}],"wp:term":[{"taxonomy":"product_brand","embeddable":true,"href":"https:\/\/hi-techwonder.com\/es\/wp-json\/wp\/v2\/product_brand?post=72249"},{"taxonomy":"product_cat","embeddable":true,"href":"https:\/\/hi-techwonder.com\/es\/wp-json\/wp\/v2\/product_cat?post=72249"},{"taxonomy":"product_tag","embeddable":true,"href":"https:\/\/hi-techwonder.com\/es\/wp-json\/wp\/v2\/product_tag?post=72249"}],"curies":[{"name":"wp","href":"https:\/\/api.w.org\/{rel}","templated":true}]}}