{"id":72252,"date":"2025-07-28T23:51:38","date_gmt":"2025-07-28T23:51:38","guid":{"rendered":"https:\/\/fv6qoy3ls0.wpdns.site\/produto\/boya-by-mm1-microfono-compacto\/"},"modified":"2025-11-04T17:38:33","modified_gmt":"2025-11-04T17:38:33","slug":"boya-by-mm1-microfono-compacto","status":"publish","type":"product","link":"https:\/\/hi-techwonder.com\/es\/producto\/boya-by-mm1-microfono-compacto\/","title":{"rendered":"BOYA BY-MM1+ Micr\u00f3fono compacto"},"content":{"rendered":"<p><strong>BOYA BY-MM1+ Micr\u00f3fono compacto<\/strong><\/p>\n<p>En comparaci\u00f3n con BY-MM1, la escopeta ultracompacta BOYA BY-1+ ofrece mayor precisi\u00f3n, respuesta de direccionalidad, sensibilidad y un rendimiento mejorado de se\u00f1al a ruido para mejorar la calidad de audio.<\/p>\n<p>Incluye cables de audio de 3,5 mm, un cable TRS macho\/TRS macho y otro cable TRRS macho\/TRS macho, para una conexi\u00f3n adecuada a su c\u00e1mara sin espejo, c\u00e1mara DSLR, videoc\u00e1mara, grabadora de audio, tel\u00e9fono inteligente, PC y tambi\u00e9n tiene un puerto jack adicional de 3,5 mm para auriculares dedicado al monitoreo de sonido.<\/p>\n<p><strong>Recursos:<\/strong><\/p>\n<ul>\n<li>Compatible con smartphones, tablets, DSLR, videoc\u00e1maras de consumo, PC y m\u00e1s<\/li>\n<li>Micr\u00f3fono de ca\u00f1\u00f3n de condensador supercardioide<\/li>\n<li>Mejora de la sensibilidad y la relaci\u00f3n se\u00f1al-ruido<\/li>\n<li>Operaci\u00f3n plug and play<\/li>\n<li>Construcci\u00f3n met\u00e1lica duradera<\/li>\n<li>Salida de auriculares de 3,5 mm<\/li>\n<\/ul>\n<p>El BOYA BY-MM1+ es un micr\u00f3fono de condensador supercardioide mejorado que ofrece menos ruido y un sonido de mayor sensibilidad en sus tel\u00e9fonos inteligentes, tabletas, DSLR, videoc\u00e1maras de consumo, PC y m\u00e1s.<\/p>\n<p>Debido a su funcionamiento plug and play y su dise\u00f1o sin bater\u00eda, el BY-MM1+ es una soluci\u00f3n de audio perfecta para periodistas m\u00f3viles, vloggers y aficionados al video.<\/p>\n<p>El BY-MM1+ tiene un cuerpo de aluminio compacto y robusto, aunque no es una carga pesada durante la grabaci\u00f3n.<\/p>\n<p>La salida de auriculares de 3,5 mm permite a los usuarios monitorear y reproducir audio con aplicaciones compatibles, para que pueda garantizar la integridad del audio.<\/p>\n<p>El soporte antivibratorio desmontable Rycote\u00ae Lyre\u00ae incluido proporciona una construcci\u00f3n confiable y s\u00f3lida, eliminando efectivamente el ruido de las vibraciones y el manejo de la c\u00e1mara<\/p>\n<p><strong>Caracter\u00edsticas t\u00e9cnicas:<\/strong><\/p>\n<table border=\"1\" width=\"100%\" cellspacing=\"0\" cellpadding=\"2\">\n<colgroup>\n<col width=\"121*\">\n<col width=\"135*\"><\/colgroup>\n<tbody>\n<tr>\n<td width=\"47%\">\n<p style=\"border: none; padding: 0cm;\">Transductor:<\/p>\n<\/td>\n<td width=\"53%\">\n<p style=\"border: none; padding: 0cm;\">Condensador Electret<\/p>\n<\/td>\n<\/tr>\n<tr>\n<td width=\"47%\">Patr\u00f3n polar:<\/td>\n<td width=\"53%\">Supercardioide<\/td>\n<\/tr>\n<tr>\n<td width=\"47%\">Respuesta de frecuencia:<\/td>\n<td width=\"53%\">20Hz-18kHz<\/td>\n<\/tr>\n<tr>\n<td width=\"47%\">Sensibilidad:<\/td>\n<td width=\"53%\">-36dB \u00b1 3dB (0dB = 1V \/ Pa, 1kHz)<\/td>\n<\/tr>\n<tr>\n<td width=\"47%\">La relaci\u00f3n se\u00f1al\/ruido:<\/td>\n<td width=\"53%\">78dB<\/td>\n<\/tr>\n<tr>\n<td width=\"47%\">Tap\u00f3n:<\/td>\n<td width=\"53%\">Salida de auriculares TRS de 3,5 mm con salida de l\u00ednea TRRS de 3,5 mm<\/td>\n<\/tr>\n<tr>\n<td width=\"47%\">Dimensiones:<\/td>\n<td width=\"53%\">?26\u00d7100 mm (?1\u00d73.9&#8243;)<\/td>\n<\/tr>\n<tr>\n<td width=\"47%\">Peso neto:<\/td>\n<td width=\"53%\">60 g (2,1 onzas)<\/td>\n<\/tr>\n<\/tbody>\n<\/table>\n","protected":false},"excerpt":{"rendered":"<p>BOYA BY-MM1+ Micr\u00f3fono compacto En comparaci\u00f3n con BY-MM1, la escopeta ultracompacta BOYA BY-1+ ofrece mayor precisi\u00f3n, respuesta de direccionalidad, sensibilidad<\/p>\n","protected":false},"featured_media":29091,"comment_status":"closed","ping_status":"open","template":"","meta":{"_acf_changed":false},"product_brand":[2621],"product_cat":[901],"product_tag":[],"class_list":{"0":"post-72252","1":"product","2":"type-product","3":"status-publish","4":"has-post-thumbnail","6":"product_brand-boya-es","7":"product_cat-canon-microfonos","9":"first","10":"instock","11":"taxable","12":"shipping-taxable","13":"purchasable","14":"product-type-simple"},"bundled_by":[],"bundle_stock_status":"instock","bundle_stock_quantity":1,"bundle_virtual":false,"bundle_layout":"","bundle_add_to_cart_form_location":"","bundle_editable_in_cart":false,"bundle_sold_individually_context":"","bundle_item_grouping":"","bundle_min_size":"","bundle_max_size":"","bundle_price":[],"bundled_items":[],"bundle_sell_ids":[],"acf":[],"_links":{"self":[{"href":"https:\/\/hi-techwonder.com\/es\/wp-json\/wp\/v2\/product\/72252","targetHints":{"allow":["GET"]}}],"collection":[{"href":"https:\/\/hi-techwonder.com\/es\/wp-json\/wp\/v2\/product"}],"about":[{"href":"https:\/\/hi-techwonder.com\/es\/wp-json\/wp\/v2\/types\/product"}],"replies":[{"embeddable":true,"href":"https:\/\/hi-techwonder.com\/es\/wp-json\/wp\/v2\/comments?post=72252"}],"wp:featuredmedia":[{"embeddable":true,"href":"https:\/\/hi-techwonder.com\/es\/wp-json\/wp\/v2\/media\/29091"}],"wp:attachment":[{"href":"https:\/\/hi-techwonder.com\/es\/wp-json\/wp\/v2\/media?parent=72252"}],"wp:term":[{"taxonomy":"product_brand","embeddable":true,"href":"https:\/\/hi-techwonder.com\/es\/wp-json\/wp\/v2\/product_brand?post=72252"},{"taxonomy":"product_cat","embeddable":true,"href":"https:\/\/hi-techwonder.com\/es\/wp-json\/wp\/v2\/product_cat?post=72252"},{"taxonomy":"product_tag","embeddable":true,"href":"https:\/\/hi-techwonder.com\/es\/wp-json\/wp\/v2\/product_tag?post=72252"}],"curies":[{"name":"wp","href":"https:\/\/api.w.org\/{rel}","templated":true}]}}