{"id":72254,"date":"2025-07-28T23:51:38","date_gmt":"2025-07-28T23:51:38","guid":{"rendered":"https:\/\/fv6qoy3ls0.wpdns.site\/produto\/boya-by-mm1-pro-microfono-de-canon-dual\/"},"modified":"2025-11-04T17:38:31","modified_gmt":"2025-11-04T17:38:31","slug":"boya-by-mm1-pro-microfono-de-canon-dual","status":"publish","type":"product","link":"https:\/\/hi-techwonder.com\/es\/producto\/boya-by-mm1-pro-microfono-de-canon-dual\/","title":{"rendered":"BOYA BY-MM1 Pro Micr\u00f3fono de Ca\u00f1\u00f3n Dual"},"content":{"rendered":"<p><strong>Ya sea que use un dispositivo m\u00f3vil o una c\u00e1mara, el micr\u00f3fono de ca\u00f1\u00f3n BOYA BY-MM1 PRO ofrece flexibilidad de captaci\u00f3n seleccionable direccionalmente, as\u00ed como calidad de audio. El BY-MM1 PRO utiliza dos c\u00e1psulas (una en cada extremo en la parte delantera y trasera) y un interruptor de 3 posiciones para permitir la selecci\u00f3n seleccionable o en ambos extremos. <\/strong><\/p>\n<p> <strong>LUCES<\/strong><\/p>\n<ul>\n<li>  Periodista m\u00f3vil, Vlogger, Run &amp; Gun<\/li>\n<li>  Para dispositivos m\u00f3viles, c\u00e1maras y grabadoras<\/li>\n<li>  Funciona con alimentaci\u00f3n enchufable<\/li>\n<li>  Modos de disparo delanteros\/traseros seleccionables<\/li>\n<li>  Cable adjunto con miniconector TRRS de 3,5 mm<\/li>\n<li>  Puerto para auriculares de 3,5 mm<\/li>\n<li>  C\u00e1psulas de condensador supercardioide dual<\/li>\n<li>  Ultracompacto y ultraligero<\/li>\n<li>  El parabrisas peludo minimiza el ruido del viento<\/li>\n<li>  Soporte antichoque con zapata Rycote extra\u00edble<\/li>\n<\/ul>\n<p>  Ya sea que dispares con un dispositivo m\u00f3vil o con una c\u00e1mara, el micr\u00f3fono de ca\u00f1\u00f3n ultracompacto con montaje en c\u00e1mara BOYA BY-MM1 PRO te brinda la flexibilidad de una orientaci\u00f3n de captaci\u00f3n de sonido seleccionable, as\u00ed como una calidad de audio mejorada por el micr\u00f3fono incorporado de tu dispositivo. El BY-MM1 PRO utiliza dos c\u00e1psulas supercardioides (una en cada extremo) y un interruptor de 3 posiciones para permitir la direccionalidad seleccionable desde la parte delantera, trasera o ambos extremos. <\/p>\n<p>  Los vloggers, periodistas m\u00f3viles y vide\u00f3grafos de todos los niveles de experiencia se beneficiar\u00e1n de una operaci\u00f3n simple del micr\u00f3fono; No requiere bater\u00edas porque funciona con energ\u00eda enchufable de su dispositivo. El BY-MM1 PRO cuenta con un cable en espiral conectado con un conector mini TRRS en \u00e1ngulo recto de 3,5 mm para conectar el micr\u00f3fono a su tel\u00e9fono inteligente, tableta, DSLR, videoc\u00e1mara o grabadora de audio port\u00e1til y cuenta con un puerto de auriculares dedicado de 3,5 mm, lo que permite un f\u00e1cil monitoreo de la se\u00f1al de audio mientras la salida principal permanece conectada a su dispositivo de grabaci\u00f3n. <\/p>\n<p>  El soporte antivibratorio desmontable Rycote se conecta directamente a la zapata de su c\u00e1mara y reduce el ruido del manejo de la c\u00e1mara. Para reducir el ruido del viento y los ventiladores, los parabrisas de espuma (para uso en interiores) y los parabrisas peludos (para uso en exteriores) se suministran con el BY-MM1 PRO. <\/p>\n<p> <strong>Ultracompacto y ultraligero<\/strong><\/p>\n<p>  Duradero y peque\u00f1o, el BY-MM1 PRO con cuerpo de aluminio mide solo 3.3&#8243; de largo y pesa solo 2.4 onzas. Esto lo convierte en un compa\u00f1ero discreto para su equipo de tiro. <\/p>\n<p> <strong>C\u00e1psulas de condensador doble<\/strong><\/p>\n<p>  Equipado con dos c\u00e1psulas de condensador supercardioide (una en cada extremo del micr\u00f3fono) y un interruptor de 3 posiciones, el BY-MM1 PRO le permite seleccionar entre tres modos de captaci\u00f3n direccionales para que el micr\u00f3fono se centre en el sonido delante, detr\u00e1s o ambos.<\/p>\n<p> <strong>Salidas principales y de auriculares<\/strong><\/p>\n<p>  El BY-MM1 PRO cuenta con dos salidas de 3,5 mm: una salida principal TRRS en un cable en espiral conectado para la conexi\u00f3n a su dispositivo de grabaci\u00f3n y una salida de auriculares TRS para un monitoreo conveniente de la se\u00f1al de entrada o la reproducci\u00f3n desde aplicaciones compatibles.<\/p>\n<p> <strong>No requiere bater\u00edas<\/strong><\/p>\n<p>  Debido a que el micr\u00f3fono funciona con la alimentaci\u00f3n enchufable de su dispositivo de grabaci\u00f3n, no necesita bater\u00edas ni alimentaci\u00f3n fantasma.<\/p>\n<p> <strong>Accesorios suministrados<\/strong><\/p>\n<p>  El soporte antivibratorio extra\u00edble Rycote Lyre se conecta directamente a la zapata de la c\u00e1mara e inhibe eficazmente la transferencia de vibraciones al micr\u00f3fono. Los parabrisas peludos incluidos son ideales para minimizar el ruido no deseado del viento cuando se dispara al aire libre, mientras que los parabrisas de espuma son preferibles cuando se trabaja en interiores. <\/p>\n<p> <strong>CARACTER\u00cdSTICAS T\u00c9CNICAS<\/strong> <\/p>\n<p style=\"margin-bottom: 0cm; border-top: none; border-bottom: 1pt solid #cdcdcd; border-left: none; border-right: none; padding: 0cm 0cm 0.05cm; line-height: 200%;\"> <span style=\"font-family: OpenSans, Segoe UI, Helvetica, Roboto, Arial, sans-serif;\">Micr\u00f3fono<\/span> <\/p>\n<table border=\"0\" width=\"407\" cellspacing=\"0\" cellpadding=\"2\">\n<colgroup>\n<col width=\"128\">\n<col width=\"271\"><\/colgroup>\n<tbody>\n<tr>\n<td width=\"128\">\n<p style=\"border: none; padding: 0cm;\" align=\"LEFT\">  Factor de forma<\/p>\n<\/td>\n<td width=\"271\">\n<p style=\"border: none; padding: 0cm;\">  Soporte de c\u00e1mara<\/p>\n<\/td>\n<\/tr>\n<tr>\n<td width=\"128\">\n<p style=\"border: none; padding: 0cm;\" align=\"LEFT\">  Campo sonoro<\/p>\n<\/td>\n<td width=\"271\">\n<p style=\"border: none; padding: 0cm;\">  Mono<\/p>\n<\/td>\n<\/tr>\n<tr>\n<td width=\"128\">\n<p style=\"border: none; padding: 0cm;\" align=\"LEFT\">  Principio de funcionamiento<\/p>\n<\/td>\n<td width=\"271\">\n<p style=\"border: none; padding: 0cm;\">  Gradiente de presi\u00f3n<\/p>\n<\/td>\n<\/tr>\n<tr>\n<td width=\"128\">\n<p style=\"border: none; padding: 0cm;\" align=\"LEFT\">  C\u00e1psula<\/p>\n<\/td>\n<td width=\"271\">\n<p style=\"border: none; padding: 0cm;\"> <strong>2 x<\/strong> Condensador Electret<\/p>\n<\/td>\n<\/tr>\n<tr>\n<td width=\"128\">\n<p style=\"border: none; padding: 0cm;\" align=\"LEFT\">  Patr\u00f3n polar<\/p>\n<\/td>\n<td width=\"271\">\n<p style=\"border: none; padding: 0cm;\">  Supercardioide<\/p>\n<\/td>\n<\/tr>\n<tr>\n<td width=\"128\">\n<p style=\"border: none; padding: 0cm;\" align=\"LEFT\">  Selecci\u00f3n de patrones<\/p>\n<\/td>\n<td width=\"271\">\n<p style=\"border: none; padding: 0cm;\">  Conmutado (ajustable en el micr\u00f3fono)<\/p>\n<\/td>\n<\/tr>\n<tr>\n<td width=\"128\">\n<p style=\"border: none; padding: 0cm;\" align=\"LEFT\">  Orientaci\u00f3n<\/p>\n<\/td>\n<td width=\"271\">\n<p style=\"border: none; padding: 0cm;\">  Direcci\u00f3n final<\/p>\n<\/td>\n<\/tr>\n<tr>\n<td width=\"128\">\n<p style=\"border: none; padding: 0cm;\" align=\"LEFT\">  Circuitos<\/p>\n<\/td>\n<td width=\"271\">\n<p style=\"border: none; padding: 0cm;\">  Estado s\u00f3lido<\/p>\n<\/td>\n<\/tr>\n<tr>\n<td width=\"128\">\n<p style=\"border: none; padding: 0cm;\" align=\"LEFT\">  Coj\u00edn<\/p>\n<\/td>\n<td width=\"271\">\n<p style=\"border: none; padding: 0cm;\"> <em>Ninguno<\/em><\/p>\n<\/td>\n<\/tr>\n<tr>\n<td width=\"128\">\n<p style=\"border: none; padding: 0cm;\" align=\"LEFT\">  Filtro de paso alto<\/p>\n<\/td>\n<td width=\"271\">\n<p style=\"border: none; padding: 0cm;\"> <em>Ninguno<\/em><\/p>\n<\/td>\n<\/tr>\n<tr>\n<td width=\"128\">\n<p style=\"border: none; padding: 0cm;\" align=\"LEFT\">  Ajuste de tono<\/p>\n<\/td>\n<td width=\"271\">\n<p style=\"border: none; padding: 0cm;\"> <em>Ninguno<\/em><\/p>\n<\/td>\n<\/tr>\n<tr>\n<td width=\"128\">\n<p style=\"border: none; padding: 0cm;\" align=\"LEFT\">  Indicadores<\/p>\n<\/td>\n<td width=\"271\">\n<p style=\"border: none; padding: 0cm;\"> <em>Ninguno<\/em><\/p>\n<\/td>\n<\/tr>\n<tr>\n<td width=\"128\">\n<p style=\"border: none; padding: 0cm;\" align=\"LEFT\">  Controles integrados<\/p>\n<\/td>\n<td width=\"271\">\n<p style=\"border: none; padding: 0cm;\">  Patr\u00f3n polar<\/p>\n<\/td>\n<\/tr>\n<tr>\n<td width=\"128\">\n<p style=\"border: none; padding: 0cm;\" align=\"LEFT\">  Parabrisas<\/p>\n<\/td>\n<td width=\"271\">\n<p style=\"border: none; padding: 0cm;\">  Espuma, manga de viento\/Windjammer (incluido)  <\/p>\n<\/td>\n<\/tr>\n<\/tbody>\n<\/table>\n<p style=\"margin-bottom: 0cm; border-top: none; border-bottom: 1pt solid #cdcdcd; border-left: none; border-right: none; padding: 0cm 0cm 0.05cm; line-height: 200%;\"> <span style=\"font-family: OpenSans, Segoe UI, Helvetica, Roboto, Arial, sans-serif;\">interino<\/span> <\/p>\n<table border=\"0\" width=\"328\" cellspacing=\"0\" cellpadding=\"2\">\n<colgroup>\n<col width=\"143\">\n<col width=\"177\"><\/colgroup>\n<tbody>\n<tr>\n<td width=\"143\">\n<p style=\"border: none; padding: 0cm;\" align=\"LEFT\">  Rango de frecuencia<\/p>\n<\/td>\n<td width=\"177\">\n<p style=\"border: none; padding: 0cm;\">  De 45 Hz a 18 kHz<\/p>\n<\/td>\n<\/tr>\n<tr>\n<td width=\"143\">\n<p style=\"border: none; padding: 0cm;\" align=\"LEFT\">  Sensibilidad<\/p>\n<\/td>\n<td width=\"177\">\n<p style=\"border: none; padding: 0cm;\">  -32 dBV\/Pa a 1 kHz<\/p>\n<\/td>\n<\/tr>\n<tr>\n<td width=\"143\">\n<p style=\"border: none; padding: 0cm;\" align=\"LEFT\">  La relaci\u00f3n se\u00f1al\/ruido<\/p>\n<\/td>\n<td width=\"177\">\n<p style=\"border: none; padding: 0cm;\">  80 dB ponderaci\u00f3n A (1 kHz)  <\/p>\n<\/td>\n<\/tr>\n<\/tbody>\n<\/table>\n<p style=\"margin-bottom: 0cm; border-top: none; border-bottom: 1pt solid #cdcdcd; border-left: none; border-right: none; padding: 0cm 0cm 0.05cm; line-height: 200%;\"> <span style=\"font-family: OpenSans, Segoe UI, Helvetica, Roboto, Arial, sans-serif;\">Conectividad<\/span> <\/p>\n<table border=\"0\" width=\"519\" cellspacing=\"0\" cellpadding=\"2\">\n<colgroup>\n<col width=\"185\">\n<col width=\"326\"><\/colgroup>\n<tbody>\n<tr>\n<td width=\"185\">\n<p style=\"border: none; padding: 0cm;\" align=\"LEFT\">  Conectores de salida (anal\u00f3gicos)<\/p>\n<\/td>\n<td width=\"326\">\n<p style=\"border: none; padding: 0cm;\"> <strong>1 x<\/strong> TRRS macho de 1\/8&#8243; \/ 3,5 mm (en el cable conectado)<\/p>\n<\/td>\n<\/tr>\n<tr>\n<td width=\"185\">\n<p style=\"border: none; padding: 0cm;\" align=\"LEFT\">  Conector para auriculares<\/p>\n<\/td>\n<td width=\"326\">\n<p style=\"border: none; padding: 0cm;\"> <strong>1 x<\/strong> 1\/8&#8243; \/ 3,5 mm  <\/p>\n<\/td>\n<\/tr>\n<\/tbody>\n<\/table>\n<p style=\"margin-bottom: 0cm; border-top: none; border-bottom: 1pt solid #cdcdcd; border-left: none; border-right: none; padding: 0cm 0cm 0.05cm; line-height: 200%;\"> <span style=\"font-family: OpenSans, Segoe UI, Helvetica, Roboto, Arial, sans-serif;\">Poder<\/span> <\/p>\n<table border=\"0\" width=\"331\" cellspacing=\"0\" cellpadding=\"2\">\n<colgroup>\n<col width=\"119\">\n<col width=\"204\"><\/colgroup>\n<tbody>\n<tr>\n<td width=\"119\">\n<p style=\"border: none; padding: 0cm;\" align=\"LEFT\">  Voltaje de funcionamiento<\/p>\n<\/td>\n<td width=\"204\">\n<p style=\"border: none; padding: 0cm;\">  No especificado por el fabricante  <\/p>\n<\/td>\n<\/tr>\n<\/tbody>\n<\/table>\n<p style=\"margin-bottom: 0cm; border-top: none; border-bottom: 1pt solid #cdcdcd; border-left: none; border-right: none; padding: 0cm 0cm 0.05cm; line-height: 200%;\"> <span style=\"font-family: OpenSans, Segoe UI, Helvetica, Roboto, Arial, sans-serif;\">F\u00edsico<\/span> <\/p>\n<table border=\"0\" width=\"547\" cellspacing=\"0\" cellpadding=\"2\">\n<colgroup>\n<col width=\"143\">\n<col width=\"396\"><\/colgroup>\n<tbody>\n<tr>\n<td width=\"143\">\n<p style=\"border: none; padding: 0cm;\" align=\"LEFT\">  Color<\/p>\n<\/td>\n<td width=\"396\">\n<p style=\"border: none; padding: 0cm;\">  Negro<\/p>\n<\/td>\n<\/tr>\n<tr>\n<td width=\"143\">\n<p style=\"border: none; padding: 0cm;\" align=\"LEFT\">  Montura<\/p>\n<\/td>\n<td width=\"396\">\n<p style=\"border: none; padding: 0cm;\">  Soporte para c\u00e1mara\/zapata, soporte antivibratorio (con hardware incluido)<\/p>\n<\/td>\n<\/tr>\n<tr>\n<td width=\"143\">\n<p style=\"border: none; padding: 0cm;\" align=\"LEFT\">  Material de construcci\u00f3n<\/p>\n<\/td>\n<td width=\"396\">\n<p style=\"border: none; padding: 0cm;\">  Aluminio<\/p>\n<\/td>\n<\/tr>\n<tr>\n<td width=\"143\">\n<p style=\"border: none; padding: 0cm;\" align=\"LEFT\">  Dimensiones<\/p>\n<\/td>\n<td width=\"396\">\n<p style=\"border: none; padding: 0cm;\">  \u00f8: 0,9 x W: 3,3&#8243; \/ \u00f8: 22 x W: 84 mm (micr\u00f3fono)<\/p>\n<\/td>\n<\/tr>\n<tr>\n<td width=\"143\">\n<p style=\"border: none; padding: 0cm;\" align=\"LEFT\">  Peso<\/p>\n<\/td>\n<td width=\"396\">\n<p style=\"border: none; padding: 0cm;\">  2.4 oz \/ 68 g<\/p>\n<\/td>\n<\/tr>\n<\/tbody>\n<\/table>\n","protected":false},"excerpt":{"rendered":"<p>Ya sea que use un dispositivo m\u00f3vil o una c\u00e1mara, el micr\u00f3fono de ca\u00f1\u00f3n BOYA BY-MM1 PRO ofrece flexibilidad de<\/p>\n","protected":false},"featured_media":29117,"comment_status":"closed","ping_status":"open","template":"","meta":{"_acf_changed":false},"product_brand":[2621],"product_cat":[901],"product_tag":[],"class_list":{"0":"post-72254","1":"product","2":"type-product","3":"status-publish","4":"has-post-thumbnail","6":"product_brand-boya-es","7":"product_cat-canon-microfonos","9":"first","10":"instock","11":"taxable","12":"shipping-taxable","13":"purchasable","14":"product-type-simple"},"bundled_by":[],"bundle_stock_status":"instock","bundle_stock_quantity":1,"bundle_virtual":false,"bundle_layout":"","bundle_add_to_cart_form_location":"","bundle_editable_in_cart":false,"bundle_sold_individually_context":"","bundle_item_grouping":"","bundle_min_size":"","bundle_max_size":"","bundle_price":[],"bundled_items":[],"bundle_sell_ids":[],"acf":[],"_links":{"self":[{"href":"https:\/\/hi-techwonder.com\/es\/wp-json\/wp\/v2\/product\/72254","targetHints":{"allow":["GET"]}}],"collection":[{"href":"https:\/\/hi-techwonder.com\/es\/wp-json\/wp\/v2\/product"}],"about":[{"href":"https:\/\/hi-techwonder.com\/es\/wp-json\/wp\/v2\/types\/product"}],"replies":[{"embeddable":true,"href":"https:\/\/hi-techwonder.com\/es\/wp-json\/wp\/v2\/comments?post=72254"}],"wp:featuredmedia":[{"embeddable":true,"href":"https:\/\/hi-techwonder.com\/es\/wp-json\/wp\/v2\/media\/29117"}],"wp:attachment":[{"href":"https:\/\/hi-techwonder.com\/es\/wp-json\/wp\/v2\/media?parent=72254"}],"wp:term":[{"taxonomy":"product_brand","embeddable":true,"href":"https:\/\/hi-techwonder.com\/es\/wp-json\/wp\/v2\/product_brand?post=72254"},{"taxonomy":"product_cat","embeddable":true,"href":"https:\/\/hi-techwonder.com\/es\/wp-json\/wp\/v2\/product_cat?post=72254"},{"taxonomy":"product_tag","embeddable":true,"href":"https:\/\/hi-techwonder.com\/es\/wp-json\/wp\/v2\/product_tag?post=72254"}],"curies":[{"name":"wp","href":"https:\/\/api.w.org\/{rel}","templated":true}]}}