{"id":72256,"date":"2025-07-28T23:52:51","date_gmt":"2025-07-28T23:52:51","guid":{"rendered":"https:\/\/fv6qoy3ls0.wpdns.site\/produto\/boya-by-pm300-microfono-de-escritorio-usb-tipo-a-y-tipo-c\/"},"modified":"2026-04-15T17:54:36","modified_gmt":"2026-04-15T16:54:36","slug":"boya-by-pm300-microfono-de-escritorio-usb-tipo-a-y-tipo-c","status":"publish","type":"product","link":"https:\/\/hi-techwonder.com\/es\/producto\/boya-by-pm300-microfono-de-escritorio-usb-tipo-a-y-tipo-c\/","title":{"rendered":"BOYA BY-PM300 Micr\u00f3fono de escritorio USB Tipo-A y Tipo-C"},"content":{"rendered":"<p><strong>BOYA BY-PM300 Micr\u00f3fono de escritorio USB Tipo-A y Tipo-C<\/strong><\/p>\n<p><strong>Funciones:<\/strong><\/p>\n<ul>\n<li>Micr\u00f3fono de sobremesa de alta calidad con UBS Tipo-A (USB Convencional) y USB Tipo-C (USB-C)<\/li>\n<li>Ideal para grabaci\u00f3n en estudio casero, podcasting, interpretaci\u00f3n vocal, etc.<\/li>\n<li>Compatible con la mayor\u00eda de los tel\u00e9fonos inteligentes Android, computadoras Windows \/ Mac<\/li>\n<li>Control de ganancia, control de volumen de auriculares&nbsp;<\/li>\n<li>Funci\u00f3n de silencio<\/li>\n<li>Conector para auriculares de 3,5 mm para monitoreo en tiempo real<\/li>\n<li>Excelente patr\u00f3n polar cardioide<\/li>\n<li>Soporte de mesa de micr\u00f3fono extra\u00edble y duradero<\/li>\n<\/ul>\n<p><strong>Contenido del paquete:<\/strong><\/p>\n<ul>\n<li>Micr\u00f3fono BY-PM300<\/li>\n<li>Apoyo<\/li>\n<li>Cable USB tipo C a USB tipo A<\/li>\n<li>Cable USB tipo C a USB tipo C&nbsp;<\/li>\n<\/ul>\n<p>BOYA BY-PM300 es un micr\u00f3fono USB de escritorio, compatible con la mayor\u00eda de los tel\u00e9fonos inteligentes Android y computadoras Windows \/ Mac, con un excelente patr\u00f3n de captaci\u00f3n cardioide,<\/p>\n<p>El BY-PM300 est\u00e1 enfocado en captar el sonido frente al micr\u00f3fono y reducir efectivamente el ruido de fondo no deseado, es ideal para grabaci\u00f3n en estudio en casa, podcasting, interpretaci\u00f3n vocal y m\u00e1s.<\/p>\n<p>BY-PM300 tiene control de ganancia, control de volumen de auriculares y funci\u00f3n de silencio para silenciar, el uso de auriculares jack de 3.5mm permite monitoreo en tiempo real. El soporte de mesa extra\u00edble le permite ajustar el micr\u00f3fono al \u00e1ngulo deseado. <\/p>\n<p><strong>Caracter\u00edsticas t\u00e9cnicas:<\/strong><\/p>\n<ul>\n<li>Patr\u00f3n polar: cardioide<\/li>\n<li>Respuesta de frecuencia: 20Hz-20KHz<\/li>\n<li>Sensibilidad: -45dB (0dB=1V\/Pa, 1kHz 1Pa)<\/li>\n<li>Consumo de energ\u00eda: 5V \/ 120mA<\/li>\n<li>Relaci\u00f3n se\u00f1al\/ruido: 75dB<\/li>\n<li>SPL m\u00e1ximo: 110dB<\/li>\n<li>Ganancia del micr\u00f3fono: 38dB<\/li>\n<li>Frecuencia de muestreo: 48kHz<\/li>\n<li>Profundidad de bits: 16 bits\/24 bits<\/li>\n<li>Conector de salida de audio<\/li>\n<li>Conector de salida de audio: 1 x USB tipo C (USB-C) hembra<\/li>\n<li>Conector para auriculares: 1 conector hembra de 3,5 mm<\/li>\n<li>Dimensiones: 249,6 \u00d7 114,9 \u00d7 118,8 mm<\/li>\n<li>Peso: 556g<\/li>\n<\/ul>\n","protected":false},"excerpt":{"rendered":"<p>BOYA BY-PM300 Micr\u00f3fono de escritorio USB Tipo-A y Tipo-C Funciones: Micr\u00f3fono de sobremesa de alta calidad con UBS Tipo-A (USB<\/p>\n","protected":false},"featured_media":29292,"comment_status":"closed","ping_status":"open","template":"","meta":{"_acf_changed":false},"product_brand":[2621],"product_cat":[897],"product_tag":[],"class_list":{"0":"post-72256","1":"product","2":"type-product","3":"status-publish","4":"has-post-thumbnail","6":"product_brand-boya-es","7":"product_cat-sobremesa","9":"first","10":"instock","11":"taxable","12":"shipping-taxable","13":"purchasable","14":"product-type-simple"},"bundled_by":[],"bundle_stock_status":"instock","bundle_stock_quantity":2,"bundle_virtual":false,"bundle_layout":"","bundle_add_to_cart_form_location":"","bundle_editable_in_cart":false,"bundle_sold_individually_context":"","bundle_item_grouping":"","bundle_min_size":"","bundle_max_size":"","bundle_price":[],"bundled_items":[],"bundle_sell_ids":[],"acf":[],"_links":{"self":[{"href":"https:\/\/hi-techwonder.com\/es\/wp-json\/wp\/v2\/product\/72256","targetHints":{"allow":["GET"]}}],"collection":[{"href":"https:\/\/hi-techwonder.com\/es\/wp-json\/wp\/v2\/product"}],"about":[{"href":"https:\/\/hi-techwonder.com\/es\/wp-json\/wp\/v2\/types\/product"}],"replies":[{"embeddable":true,"href":"https:\/\/hi-techwonder.com\/es\/wp-json\/wp\/v2\/comments?post=72256"}],"wp:featuredmedia":[{"embeddable":true,"href":"https:\/\/hi-techwonder.com\/es\/wp-json\/wp\/v2\/media\/29292"}],"wp:attachment":[{"href":"https:\/\/hi-techwonder.com\/es\/wp-json\/wp\/v2\/media?parent=72256"}],"wp:term":[{"taxonomy":"product_brand","embeddable":true,"href":"https:\/\/hi-techwonder.com\/es\/wp-json\/wp\/v2\/product_brand?post=72256"},{"taxonomy":"product_cat","embeddable":true,"href":"https:\/\/hi-techwonder.com\/es\/wp-json\/wp\/v2\/product_cat?post=72256"},{"taxonomy":"product_tag","embeddable":true,"href":"https:\/\/hi-techwonder.com\/es\/wp-json\/wp\/v2\/product_tag?post=72256"}],"curies":[{"name":"wp","href":"https:\/\/api.w.org\/{rel}","templated":true}]}}