{"id":72265,"date":"2025-07-29T09:53:15","date_gmt":"2025-07-29T09:53:15","guid":{"rendered":"https:\/\/fv6qoy3ls0.wpdns.site\/produto\/canon-rp-108-juego-de-tinta-y-papel-postal\/"},"modified":"2025-09-04T13:29:50","modified_gmt":"2025-09-04T13:29:50","slug":"canon-rp-108-juego-de-tinta-y-papel-postal","status":"publish","type":"product","link":"https:\/\/hi-techwonder.com\/es\/producto\/canon-rp-108-juego-de-tinta-y-papel-postal\/","title":{"rendered":"CANON RP-108 Juego de tinta y papel &#8211; Postal"},"content":{"rendered":"<p><span style=\"font-size: small;\">El juego RP-108 le proporciona tinta y papel para hasta 108 impresiones en tama\u00f1o postal est\u00e1ndar. Con 100 x 148 mm (4 x 6&#8243;), el tama\u00f1o de impresi\u00f3n de la RP-108 es perfecto para sus \u00e1lbumes familiares o marcos de fotos. <\/span><\/p>\n<p><span style=\"font-family: verdana, geneva;\"><span style=\"font-size: small;\"><strong>Contenido:<\/strong><\/span><\/span><\/p>\n<ul>\n<li><span style=\"font-size: small;\">108x hojas<\/span><\/li>\n<li><span style=\"font-size: small;\">2x Tintoreros<\/span><\/li>\n<\/ul>\n<p><strong><span style=\"font-family: verdana, geneva;\"><span style=\"font-size: small;\">Compatibilidad:<\/span><\/span><\/strong><\/p>\n<ul>\n<li><span style=\"font-size: small;\">SELPHY CP820<\/span><\/li>\n<li><span style=\"font-size: small;\">  SELPHY CP910<\/span><\/li>\n<li><span style=\"font-size: small;\"> <a href=\"https:\/\/hi-techwonder.com\/productsList.aspx?s=4&amp;id=cp1200\">SELPHY CP1200<\/a><\/span><\/li>\n<li><span style=\"font-size: small;\">  SELPHY CP1000<\/span><\/li>\n<li><span style=\"font-size: small;\"> <a href=\"https:\/\/hi-techwonder.com\/productsList.aspx?s=4&amp;id=cp1300\">SELPHY CP1300<\/a><\/span><\/li>\n<\/ul>\n","protected":false},"excerpt":{"rendered":"<p>El juego RP-108 le proporciona tinta y papel para hasta 108 impresiones en tama\u00f1o postal est\u00e1ndar. Con 100 x 148<\/p>\n","protected":false},"featured_media":55470,"comment_status":"closed","ping_status":"open","template":"","meta":{"_acf_changed":false},"product_brand":[2538],"product_cat":[982],"product_tag":[],"class_list":{"0":"post-72265","1":"product","2":"type-product","3":"status-publish","4":"has-post-thumbnail","6":"product_brand-canon-es","7":"product_cat-tintas","9":"first","10":"onbackorder","11":"taxable","12":"shipping-taxable","13":"purchasable","14":"product-type-simple"},"bundled_by":[],"bundle_stock_status":"onbackorder","bundle_stock_quantity":null,"bundle_virtual":false,"bundle_layout":"","bundle_add_to_cart_form_location":"","bundle_editable_in_cart":false,"bundle_sold_individually_context":"","bundle_item_grouping":"","bundle_min_size":"","bundle_max_size":"","bundle_price":[],"bundled_items":[],"bundle_sell_ids":[],"acf":[],"_links":{"self":[{"href":"https:\/\/hi-techwonder.com\/es\/wp-json\/wp\/v2\/product\/72265","targetHints":{"allow":["GET"]}}],"collection":[{"href":"https:\/\/hi-techwonder.com\/es\/wp-json\/wp\/v2\/product"}],"about":[{"href":"https:\/\/hi-techwonder.com\/es\/wp-json\/wp\/v2\/types\/product"}],"replies":[{"embeddable":true,"href":"https:\/\/hi-techwonder.com\/es\/wp-json\/wp\/v2\/comments?post=72265"}],"wp:featuredmedia":[{"embeddable":true,"href":"https:\/\/hi-techwonder.com\/es\/wp-json\/wp\/v2\/media\/55470"}],"wp:attachment":[{"href":"https:\/\/hi-techwonder.com\/es\/wp-json\/wp\/v2\/media?parent=72265"}],"wp:term":[{"taxonomy":"product_brand","embeddable":true,"href":"https:\/\/hi-techwonder.com\/es\/wp-json\/wp\/v2\/product_brand?post=72265"},{"taxonomy":"product_cat","embeddable":true,"href":"https:\/\/hi-techwonder.com\/es\/wp-json\/wp\/v2\/product_cat?post=72265"},{"taxonomy":"product_tag","embeddable":true,"href":"https:\/\/hi-techwonder.com\/es\/wp-json\/wp\/v2\/product_tag?post=72265"}],"curies":[{"name":"wp","href":"https:\/\/api.w.org\/{rel}","templated":true}]}}