{"id":72270,"date":"2025-07-28T23:53:47","date_gmt":"2025-07-28T23:53:47","guid":{"rendered":"https:\/\/fv6qoy3ls0.wpdns.site\/produto\/soporte-de-microfono-boya-by-c10-soporte-de-choque\/"},"modified":"2026-01-31T03:23:51","modified_gmt":"2026-01-31T03:23:51","slug":"boya-soporte-de-microfono-boya-by-c10-soporte-de-choque","status":"publish","type":"product","link":"https:\/\/hi-techwonder.com\/es\/producto\/boya-soporte-de-microfono-boya-by-c10-soporte-de-choque\/","title":{"rendered":"Soporte de micr\u00f3fono BOYA BY-C10 Soporte de choque"},"content":{"rendered":"<p><span style=\"font-size: small\">El soporte antichoque Boya BY-C10 es un soporte para micr\u00f3fono, grabadora digital, l\u00e1mpara LED, receptores inal\u00e1mbricos, etc.<\/p>\n<p>El soporte se puede utilizar para reducir las vibraciones de la c\u00e1mara, est\u00e1 hecho de materiales de alta calidad como ABS, aluminio y nailon de poliamida (PA). El BY-10C tiene una gran plataforma de montaje de 25 x 50 mm con alfombrilla de goma y un adaptador de zapata. El peso m\u00e1ximo que se puede montar en el BY-C10 es de 1 kg. En la parte inferior del soporte encontrar\u00e1 una rosca hembra de 3\/8&#8243;. Puede conectar el soporte a una c\u00e1mara con el adaptador suministrado. La parte superior del adaptador est\u00e1 equipada con una rosca macho de 3\/8&#8243; y la parte inferior con una rosca hembra de 1\/4.<br \/>El BY-C10 es compatible con la mayor\u00eda de los grabadores digitales port\u00e1tiles, por ejemplo:   <\/p>\n<p><\/span><\/p>\n<ul>\n<li><span style=\"font-size: small\">Zoom H4n Handy Recorder<\/span><\/li>\n<li><span style=\"font-size: small\">Grabadora de audio digital port\u00e1til Tascam DR-07mkII<\/span><\/li>\n<li><span style=\"font-size: small\">Tascam DR-100mkII &#8211; Grabadora port\u00e1til<\/span><\/li>\n<li><span style=\"font-size: small\">Zoom H1 Grabador de audio digital ultraport\u00e1til<\/span><\/li>\n<li><span style=\"font-size: small\">Zoom H6 Grabadora Handy<\/span><\/li>\n<li><span style=\"font-size: small\">Grabadora port\u00e1til Zoom H5<\/span><\/li>\n<li><span style=\"font-size: small\">Grabadora de audio digital port\u00e1til Tascam DR-40<\/span><\/li>\n<li><span style=\"font-size: small\">Tascam DR-05 Grabadora de audio digital port\u00e1til<\/span><\/li>\n<li><span style=\"font-size: small\">Grabadora de audio port\u00e1til Sony PCM-M10<\/span><\/li>\n<li><span style=\"font-size: small\">Tascam DR-40 Grabadora de audio digital de 4 pistas<\/span><\/li>\n<li><span style=\"font-size: small\">Grabadora de audio digital port\u00e1til Roland R-05<\/span><\/li>\n<li><span style=\"font-size: small\">Tascam DR-22WL Grabadora port\u00e1til<\/span><\/li>\n<li><span style=\"font-size: small\">Grabadora de audio port\u00e1til Sony PCM-D100<\/span><\/li>\n<li><span style=\"font-size: small\">Grabadora de audio port\u00e1til Sony PCM-M10<\/span><\/li>\n<li><span style=\"font-size: small\">Tascam DR-44WL Grabadora port\u00e1til<\/span><\/li>\n<li><span style=\"font-size: small\">Olympus LS-12 Grabador PCM lineal<\/span><\/li>\n<li><span style=\"font-size: small\">Grabador de audio de campo digital de 6 canales Roland R-26<\/span><\/li>\n<li><span style=\"font-size: small\">Grabadora de audio port\u00e1til Sony PCM-M10<\/span><\/li>\n<li><span style=\"font-size: small\">Grabadora Olympus LS-100<\/span><\/li>\n<\/ul>\n<p><span style=\"font-size: small\"><br \/><strong>Contenido de la caja:<\/strong><br \/><\/span><\/p>\n<ul>\n<li><span style=\"font-size: small\">1x Soporte de micr\u00f3fono de montaje antivibratorio BY-C10<\/span><\/li>\n<li><span style=\"font-size: small\">1x adaptador de zapata<\/span><\/li>\n<li><span style=\"font-size: small\">1x Manual<\/span><\/li>\n<\/ul>\n","protected":false},"excerpt":{"rendered":"<p>El soporte antichoque Boya BY-C10 es un soporte para micr\u00f3fono, grabadora digital, l\u00e1mpara LED, receptores inal\u00e1mbricos, etc. El soporte se<\/p>\n","protected":false},"featured_media":29575,"comment_status":"closed","ping_status":"open","template":"","meta":{"_acf_changed":false},"product_brand":[2621],"product_cat":[899],"product_tag":[],"class_list":{"0":"post-72270","1":"product","2":"type-product","3":"status-publish","4":"has-post-thumbnail","6":"product_brand-boya-es","7":"product_cat-otros-accesorios","9":"first","10":"instock","11":"taxable","12":"shipping-taxable","13":"purchasable","14":"product-type-simple"},"bundled_by":[],"bundle_stock_status":"instock","bundle_stock_quantity":1,"bundle_virtual":false,"bundle_layout":"","bundle_add_to_cart_form_location":"","bundle_editable_in_cart":false,"bundle_sold_individually_context":"","bundle_item_grouping":"","bundle_min_size":"","bundle_max_size":"","bundle_price":[],"bundled_items":[],"bundle_sell_ids":[],"acf":[],"_links":{"self":[{"href":"https:\/\/hi-techwonder.com\/es\/wp-json\/wp\/v2\/product\/72270","targetHints":{"allow":["GET"]}}],"collection":[{"href":"https:\/\/hi-techwonder.com\/es\/wp-json\/wp\/v2\/product"}],"about":[{"href":"https:\/\/hi-techwonder.com\/es\/wp-json\/wp\/v2\/types\/product"}],"replies":[{"embeddable":true,"href":"https:\/\/hi-techwonder.com\/es\/wp-json\/wp\/v2\/comments?post=72270"}],"wp:featuredmedia":[{"embeddable":true,"href":"https:\/\/hi-techwonder.com\/es\/wp-json\/wp\/v2\/media\/29575"}],"wp:attachment":[{"href":"https:\/\/hi-techwonder.com\/es\/wp-json\/wp\/v2\/media?parent=72270"}],"wp:term":[{"taxonomy":"product_brand","embeddable":true,"href":"https:\/\/hi-techwonder.com\/es\/wp-json\/wp\/v2\/product_brand?post=72270"},{"taxonomy":"product_cat","embeddable":true,"href":"https:\/\/hi-techwonder.com\/es\/wp-json\/wp\/v2\/product_cat?post=72270"},{"taxonomy":"product_tag","embeddable":true,"href":"https:\/\/hi-techwonder.com\/es\/wp-json\/wp\/v2\/product_tag?post=72270"}],"curies":[{"name":"wp","href":"https:\/\/api.w.org\/{rel}","templated":true}]}}