{"id":72284,"date":"2025-07-29T09:02:03","date_gmt":"2025-07-29T09:02:03","guid":{"rendered":"https:\/\/fv6qoy3ls0.wpdns.site\/produto\/tienda-de-campana-caruba-camouflage-para-1-persona\/"},"modified":"2026-05-16T10:04:46","modified_gmt":"2026-05-16T09:04:46","slug":"caruba-tienda-de-campana-caruba-camouflage-para-1-persona","status":"publish","type":"product","link":"https:\/\/hi-techwonder.com\/es\/producto\/caruba-tienda-de-campana-caruba-camouflage-para-1-persona\/","title":{"rendered":"Tienda de campa\u00f1a CARUBA Camouflage para 1 persona"},"content":{"rendered":"<h3><b>Tienda de campa\u00f1a CARUBA Camouflage para 1 persona<\/b><\/h3>\n<p>La Carpa de Camuflaje para 1 persona es ideal para largas horas de observaci\u00f3n y fotograf\u00eda sin que la vida silvestre y las aves se den cuenta. Esc\u00e1pese juntos de la rutina diaria durante unas horas en el campo o el bosque, o incluso en su propio jard\u00edn. <\/p>\n<p><img decoding=\"async\" src=\"https:\/\/disnet.ams3.cdn.digitaloceanspaces.com\/uploads\/1665396240_093.jpg\" style=\"width: 25%\" alt=\"\"><\/p>\n<p>La observaci\u00f3n se ve facilitada por una gran ventana con cremallera en la parte delantera, ventanas dobles en las puertas delanteras y ventanas dobles en las puertas laterales. Incluye un panel frontal de malla completa y cubiertas de paneles laterales. &nbsp;<\/p>\n<p>Los asientos interiores integrados tienen reposabrazos ajustables, lo que le permite observar con comodidad.&nbsp;&nbsp;<\/p>\n<p><img decoding=\"async\" src=\"https:\/\/disnet.ams3.cdn.digitaloceanspaces.com\/uploads\/1680013102_940.jpg\" style=\"width: 236.25px\" alt=\"\"><\/p>\n<p>La carpa de camuflaje se instala f\u00e1cilmente en segundos y ofrece suficiente espacio para usar dos monopi\u00e9s o tr\u00edpodes.&nbsp;  Incluye una pr\u00e1ctica mochila en la que podr\u00e1s llevar f\u00e1cilmente la tienda.<\/p>\n<h4>Funciones<\/h4>\n<ul>\n<li>Silla integrada<\/li>\n<li>Montaje en pocos segundos<\/li>\n<li>4 ventanas laterales con cremallera<\/li>\n<li>1 ventana frontal con cremallera<\/li>\n<li>1 ventana frontal con cremallera con vista completa<\/li>\n<li>Resistente a la intemperie<\/li>\n<li>Tama\u00f1o de la silla: 51 (W) x43 (D) x86 (H) CM<\/li>\n<li>Tama\u00f1o abierto: 86 (ancho) x 114 (profundidad) x 137 (alto) CM<\/li>\n<\/ul>\n<h4>En la caja<\/h4>\n<ul>\n<li>Carpa de camuflaje para 1 persona (con silla)<\/li>\n<li>Estuche de transporte<\/li>\n<li>Clavijas de tierra<\/li>\n<\/ul>\n","protected":false},"excerpt":{"rendered":"<p>Tienda de campa\u00f1a CARUBA Camouflage para 1 persona La Carpa de Camuflaje para 1 persona es ideal para largas horas<\/p>\n","protected":false},"featured_media":44376,"comment_status":"closed","ping_status":"closed","template":"","meta":{"_acf_changed":false},"product_brand":[2546],"product_cat":[1067],"product_tag":[],"class_list":{"0":"post-72284","1":"product","2":"type-product","3":"status-publish","4":"has-post-thumbnail","6":"product_brand-caruba-es","7":"product_cat-camuflaje","9":"first","10":"onbackorder","11":"taxable","12":"shipping-taxable","13":"purchasable","14":"product-type-simple"},"bundled_by":[],"bundle_stock_status":"onbackorder","bundle_stock_quantity":null,"bundle_virtual":false,"bundle_layout":"","bundle_add_to_cart_form_location":"","bundle_editable_in_cart":false,"bundle_sold_individually_context":"","bundle_item_grouping":"","bundle_min_size":"","bundle_max_size":"","bundle_price":[],"bundled_items":[],"bundle_sell_ids":[],"acf":[],"_links":{"self":[{"href":"https:\/\/hi-techwonder.com\/es\/wp-json\/wp\/v2\/product\/72284","targetHints":{"allow":["GET"]}}],"collection":[{"href":"https:\/\/hi-techwonder.com\/es\/wp-json\/wp\/v2\/product"}],"about":[{"href":"https:\/\/hi-techwonder.com\/es\/wp-json\/wp\/v2\/types\/product"}],"replies":[{"embeddable":true,"href":"https:\/\/hi-techwonder.com\/es\/wp-json\/wp\/v2\/comments?post=72284"}],"wp:featuredmedia":[{"embeddable":true,"href":"https:\/\/hi-techwonder.com\/es\/wp-json\/wp\/v2\/media\/44376"}],"wp:attachment":[{"href":"https:\/\/hi-techwonder.com\/es\/wp-json\/wp\/v2\/media?parent=72284"}],"wp:term":[{"taxonomy":"product_brand","embeddable":true,"href":"https:\/\/hi-techwonder.com\/es\/wp-json\/wp\/v2\/product_brand?post=72284"},{"taxonomy":"product_cat","embeddable":true,"href":"https:\/\/hi-techwonder.com\/es\/wp-json\/wp\/v2\/product_cat?post=72284"},{"taxonomy":"product_tag","embeddable":true,"href":"https:\/\/hi-techwonder.com\/es\/wp-json\/wp\/v2\/product_tag?post=72284"}],"curies":[{"name":"wp","href":"https:\/\/api.w.org\/{rel}","templated":true}]}}