{"id":72286,"date":"2025-07-29T00:04:40","date_gmt":"2025-07-29T00:04:40","guid":{"rendered":"https:\/\/fv6qoy3ls0.wpdns.site\/produto\/bolsa-para-tripode-caruba-tb-2-76cm\/"},"modified":"2026-01-31T03:13:45","modified_gmt":"2026-01-31T03:13:45","slug":"caruba-bolsa-para-tripode-caruba-tb-2-76cm","status":"publish","type":"product","link":"https:\/\/hi-techwonder.com\/es\/producto\/caruba-bolsa-para-tripode-caruba-tb-2-76cm\/","title":{"rendered":"Bolsa para tr\u00edpode CARUBA TB-2 76cm"},"content":{"rendered":"<p>La robusta bolsa para tr\u00edpode de Caruba es ligera y adecuada para tr\u00edpodes con una longitud m\u00e1xima de 76 cent\u00edmetros.<\/p>\n<p>  Cuenta con cremalleras de alta calidad y cuenta con un divisor en la parte trasera para guardar accesorios.<\/p>\n<p>  La bolsa est\u00e1 hecha de nailon y protege su tr\u00edpode de ara\u00f1azos, polvo, suciedad y da\u00f1os.  <\/p>\n<p>Con bandolera incluida. Interior acolchado para proteger contra da\u00f1os por impacto.   <\/p>\n<table style=\"width: 700px\" border=\"0\">\n<tbody>\n<tr>\n<td width=\"336\">Dimensiones (cm):<\/td>\n<td>\n<p><span lang=\"pt\">Interiores:76x10x11<\/span><\/p>\n<p><span lang=\"pt\">Exteriores: 76,5&#215;10,5&#215;11,5<\/span><\/p>\n<\/td>\n<\/tr>\n<tr>\n<td width=\"336\">Tipo de cierre:<\/td>\n<td><span id=\"result_box3\" lang=\"pt\">Cremallera<\/span><\/td>\n<\/tr>\n<tr>\n<td width=\"336\">Color:<\/td>\n<td>Negro<\/td>\n<\/tr>\n<tr>\n<td width=\"336\">Material:<\/td>\n<td><span id=\"result_box\" lang=\"pt\">Nailon <br \/><\/span><\/td>\n<\/tr>\n<tr>\n<td width=\"336\">Peso (kg):<\/td>\n<td>0.42<\/td>\n<\/tr>\n<\/tbody>\n<\/table>\n","protected":false},"excerpt":{"rendered":"<p>La robusta bolsa para tr\u00edpode de Caruba es ligera y adecuada para tr\u00edpodes con una longitud m\u00e1xima de 76 cent\u00edmetros.<\/p>\n","protected":false},"featured_media":33068,"comment_status":"closed","ping_status":"open","template":"","meta":{"_acf_changed":false},"product_brand":[2546],"product_cat":[916],"product_tag":[],"class_list":{"0":"post-72286","1":"product","2":"type-product","3":"status-publish","4":"has-post-thumbnail","6":"product_brand-caruba-es","7":"product_cat-para-tripodes","9":"first","10":"onbackorder","11":"taxable","12":"shipping-taxable","13":"purchasable","14":"product-type-simple"},"bundled_by":[],"bundle_stock_status":"onbackorder","bundle_stock_quantity":null,"bundle_virtual":false,"bundle_layout":"","bundle_add_to_cart_form_location":"","bundle_editable_in_cart":false,"bundle_sold_individually_context":"","bundle_item_grouping":"","bundle_min_size":"","bundle_max_size":"","bundle_price":[],"bundled_items":[],"bundle_sell_ids":[],"acf":[],"_links":{"self":[{"href":"https:\/\/hi-techwonder.com\/es\/wp-json\/wp\/v2\/product\/72286","targetHints":{"allow":["GET"]}}],"collection":[{"href":"https:\/\/hi-techwonder.com\/es\/wp-json\/wp\/v2\/product"}],"about":[{"href":"https:\/\/hi-techwonder.com\/es\/wp-json\/wp\/v2\/types\/product"}],"replies":[{"embeddable":true,"href":"https:\/\/hi-techwonder.com\/es\/wp-json\/wp\/v2\/comments?post=72286"}],"wp:featuredmedia":[{"embeddable":true,"href":"https:\/\/hi-techwonder.com\/es\/wp-json\/wp\/v2\/media\/33068"}],"wp:attachment":[{"href":"https:\/\/hi-techwonder.com\/es\/wp-json\/wp\/v2\/media?parent=72286"}],"wp:term":[{"taxonomy":"product_brand","embeddable":true,"href":"https:\/\/hi-techwonder.com\/es\/wp-json\/wp\/v2\/product_brand?post=72286"},{"taxonomy":"product_cat","embeddable":true,"href":"https:\/\/hi-techwonder.com\/es\/wp-json\/wp\/v2\/product_cat?post=72286"},{"taxonomy":"product_tag","embeddable":true,"href":"https:\/\/hi-techwonder.com\/es\/wp-json\/wp\/v2\/product_tag?post=72286"}],"curies":[{"name":"wp","href":"https:\/\/api.w.org\/{rel}","templated":true}]}}