{"id":72294,"date":"2025-07-29T09:16:29","date_gmt":"2025-07-29T09:16:29","guid":{"rendered":"https:\/\/fv6qoy3ls0.wpdns.site\/produto\/gorra-caruba-snap-on-con-cable-para-lente-de-40-5mm\/"},"modified":"2026-01-31T02:32:16","modified_gmt":"2026-01-31T02:32:16","slug":"caruba-gorra-caruba-snap-on-con-cable-para-lente-de-40-5mm","status":"publish","type":"product","link":"https:\/\/hi-techwonder.com\/es\/producto\/caruba-gorra-caruba-snap-on-con-cable-para-lente-de-40-5mm\/","title":{"rendered":"Gorra CARUBA Snap-On con Cable para Lente de 40.5mm"},"content":{"rendered":"<p>\u00a1La tapa de lente Caruba Clip Cap se puede colocar r\u00e1pidamente en su lente y brinda una excelente protecci\u00f3n! La tapa del objetivo es adecuada para todos los objetivos con este tama\u00f1o de filtro. <\/p>\n","protected":false},"excerpt":{"rendered":"<p>\u00a1La tapa de lente Caruba Clip Cap se puede colocar r\u00e1pidamente en su lente y brinda una excelente protecci\u00f3n! La<\/p>\n","protected":false},"featured_media":46927,"comment_status":"closed","ping_status":"open","template":"","meta":{"_acf_changed":false},"product_brand":[2546],"product_cat":[1040],"product_tag":[],"class_list":{"0":"post-72294","1":"product","2":"type-product","3":"status-publish","4":"has-post-thumbnail","6":"product_brand-caruba-es","7":"product_cat-tapas","9":"first","10":"instock","11":"taxable","12":"shipping-taxable","13":"purchasable","14":"product-type-simple"},"bundled_by":[],"bundle_stock_status":"instock","bundle_stock_quantity":1,"bundle_virtual":false,"bundle_layout":"","bundle_add_to_cart_form_location":"","bundle_editable_in_cart":false,"bundle_sold_individually_context":"","bundle_item_grouping":"","bundle_min_size":"","bundle_max_size":"","bundle_price":[],"bundled_items":[],"bundle_sell_ids":[],"acf":[],"_links":{"self":[{"href":"https:\/\/hi-techwonder.com\/es\/wp-json\/wp\/v2\/product\/72294","targetHints":{"allow":["GET"]}}],"collection":[{"href":"https:\/\/hi-techwonder.com\/es\/wp-json\/wp\/v2\/product"}],"about":[{"href":"https:\/\/hi-techwonder.com\/es\/wp-json\/wp\/v2\/types\/product"}],"replies":[{"embeddable":true,"href":"https:\/\/hi-techwonder.com\/es\/wp-json\/wp\/v2\/comments?post=72294"}],"wp:featuredmedia":[{"embeddable":true,"href":"https:\/\/hi-techwonder.com\/es\/wp-json\/wp\/v2\/media\/46927"}],"wp:attachment":[{"href":"https:\/\/hi-techwonder.com\/es\/wp-json\/wp\/v2\/media?parent=72294"}],"wp:term":[{"taxonomy":"product_brand","embeddable":true,"href":"https:\/\/hi-techwonder.com\/es\/wp-json\/wp\/v2\/product_brand?post=72294"},{"taxonomy":"product_cat","embeddable":true,"href":"https:\/\/hi-techwonder.com\/es\/wp-json\/wp\/v2\/product_cat?post=72294"},{"taxonomy":"product_tag","embeddable":true,"href":"https:\/\/hi-techwonder.com\/es\/wp-json\/wp\/v2\/product_tag?post=72294"}],"curies":[{"name":"wp","href":"https:\/\/api.w.org\/{rel}","templated":true}]}}