{"id":72297,"date":"2025-07-29T08:59:59","date_gmt":"2025-07-29T08:59:59","guid":{"rendered":"https:\/\/fv6qoy3ls0.wpdns.site\/produto\/dji-nd-16-64-256-dji-mini-4-pro-juego-de-filtros\/"},"modified":"2025-09-22T15:09:55","modified_gmt":"2025-09-22T15:09:55","slug":"dji-nd-16-64-256-dji-mini-4-pro-juego-de-filtros","status":"publish","type":"product","link":"https:\/\/hi-techwonder.com\/es\/producto\/dji-nd-16-64-256-dji-mini-4-pro-juego-de-filtros\/","title":{"rendered":"DJI ND 16\/64\/256 DJI Mini 4 Pro Juego de filtros"},"content":{"rendered":"<p><strong>DJI ND 16\/64\/256 DJI Mini 4 Pro Juego de filtros<\/strong><\/p>\n<p><strong>Funciones:<\/strong><\/p>\n<ul>\n<li>Para drones DJI Mini 4 Pro<\/li>\n<li>Filtros ND16, ND64 y ND256<\/li>\n<li>Hecho para condiciones de iluminaci\u00f3n adversas<\/li>\n<li>Reduce la luz en 4, 6 y 8 pasos<\/li>\n<li>Crea un desenfoque natural para objetos en movimiento<\/li>\n<li>Ideal para lapso de tiempo de larga exposici\u00f3n<\/li>\n<\/ul>\n<p><strong>Contenido de la l\u00ednea de base:<\/strong><\/p>\n<ul>\n<li>1 x Filtro ND16<\/li>\n<li>1 x Filtro ND64<\/li>\n<li>1 x Filtro ND256<\/li>\n<\/ul>\n<p><img loading=\"lazy\" decoding=\"async\" src=\"https:\/\/stormsend1.djicdn.com\/tpc\/uploads\/photo\/image\/bf0139e325a16e9576910d7a1f1e6b1e@origin.jpg\" width=\"392\" height=\"261\" alt=\"\"><\/p>\n<p>Captura im\u00e1genes equilibradas en condiciones de iluminaci\u00f3n adversas cuando utilices este kit de filtros ND DJI Mini 4 Pro. Este paquete de 3 filtros incluye ND16, ND64 y ND256, que reducen la luz en 4, 6 y 8 pasos, respectivamente. El set cubre d\u00edas brillantes a extremadamente brillantes, con los filtros ND64 y ND256 que tambi\u00e9n proporcionan un efecto de desenfoque natural a los sujetos en movimiento. Con este tipo de reducci\u00f3n de luz, son ideales para usar con la funci\u00f3n Hyperlapse del Mini 4 Pro cuando se graban videos de lapso de tiempo de larga exposici\u00f3n.   <\/p>\n<p><strong>Compatibilidad:<\/strong><\/p>\n<ul>\n<li>DJI Mini 4 Pro<\/li>\n<\/ul>\n<p><strong>Caracter\u00edsticas t\u00e9cnicas:<\/strong><\/p>\n<ul>\n<li>Filtros DJI Mini 4 Pro ND 16\/64\/256<\/li>\n<li>DJI CP. MA.00000729.02<\/li>\n<\/ul>\n","protected":false},"excerpt":{"rendered":"<p>DJI ND 16\/64\/256 DJI Mini 4 Pro Juego de filtros Funciones: Para drones DJI Mini 4 Pro Filtros ND16, ND64<\/p>\n","protected":false},"featured_media":43758,"comment_status":"closed","ping_status":"open","template":"","meta":{"_acf_changed":false},"product_brand":[2542],"product_cat":[936],"product_tag":[],"class_list":{"0":"post-72297","1":"product","2":"type-product","3":"status-publish","4":"has-post-thumbnail","6":"product_brand-dji-es","7":"product_cat-accesorios-drones","9":"first","10":"onbackorder","11":"taxable","12":"shipping-taxable","13":"purchasable","14":"product-type-simple"},"bundled_by":[],"bundle_stock_status":"onbackorder","bundle_stock_quantity":null,"bundle_virtual":false,"bundle_layout":"","bundle_add_to_cart_form_location":"","bundle_editable_in_cart":false,"bundle_sold_individually_context":"","bundle_item_grouping":"","bundle_min_size":"","bundle_max_size":"","bundle_price":[],"bundled_items":[],"bundle_sell_ids":[],"acf":[],"_links":{"self":[{"href":"https:\/\/hi-techwonder.com\/es\/wp-json\/wp\/v2\/product\/72297","targetHints":{"allow":["GET"]}}],"collection":[{"href":"https:\/\/hi-techwonder.com\/es\/wp-json\/wp\/v2\/product"}],"about":[{"href":"https:\/\/hi-techwonder.com\/es\/wp-json\/wp\/v2\/types\/product"}],"replies":[{"embeddable":true,"href":"https:\/\/hi-techwonder.com\/es\/wp-json\/wp\/v2\/comments?post=72297"}],"wp:featuredmedia":[{"embeddable":true,"href":"https:\/\/hi-techwonder.com\/es\/wp-json\/wp\/v2\/media\/43758"}],"wp:attachment":[{"href":"https:\/\/hi-techwonder.com\/es\/wp-json\/wp\/v2\/media?parent=72297"}],"wp:term":[{"taxonomy":"product_brand","embeddable":true,"href":"https:\/\/hi-techwonder.com\/es\/wp-json\/wp\/v2\/product_brand?post=72297"},{"taxonomy":"product_cat","embeddable":true,"href":"https:\/\/hi-techwonder.com\/es\/wp-json\/wp\/v2\/product_cat?post=72297"},{"taxonomy":"product_tag","embeddable":true,"href":"https:\/\/hi-techwonder.com\/es\/wp-json\/wp\/v2\/product_tag?post=72297"}],"curies":[{"name":"wp","href":"https:\/\/api.w.org\/{rel}","templated":true}]}}