{"id":72307,"date":"2025-07-29T10:56:59","date_gmt":"2025-07-29T10:56:59","guid":{"rendered":"https:\/\/fv6qoy3ls0.wpdns.site\/produto\/base-dji-para-osmo-mobile-2\/"},"modified":"2026-01-31T01:21:02","modified_gmt":"2026-01-31T01:21:02","slug":"dji-base-dji-para-osmo-mobile-2","status":"publish","type":"product","link":"https:\/\/hi-techwonder.com\/es\/producto\/dji-base-dji-para-osmo-mobile-2\/","title":{"rendered":"Base DJI para Osmo Mobile 2"},"content":{"rendered":"<p>La base DJI para OSMO Mobile 2 bloquea firmemente el estabilizador de su tel\u00e9fono inteligente OSMO Mobile 2 en su lugar sobre una superficie plana. Esta soluci\u00f3n ofrece disparos manos libres desde tomas est\u00e1ticas o programadas sobre la marcha. <\/p>\n<p><strong>Caracter\u00edsticas t\u00e9cnicas:<\/strong><\/p>\n<table style=\"width: 326px\" border=\"0\" cellspacing=\"0\" cellpadding=\"2\">\n<colgroup>\n<col width=\"181\">\n<col width=\"137\"><\/colgroup>\n<tbody>\n<tr>\n<td width=\"181\">\n<p>Dimensiones<\/p>\n<\/td>\n<td width=\"137\">\n<p>10 x 10 x 3,5 cm<\/p>\n<\/td>\n<\/tr>\n<tr>\n<td width=\"181\">\n<p>Peso<\/p>\n<\/td>\n<td width=\"137\">\n<p>155 gramos<\/p>\n<\/td>\n<\/tr>\n<\/tbody>\n<\/table>\n<table style=\"width: 326px\" border=\"0\" cellspacing=\"0\" cellpadding=\"2\">\n<colgroup>\n<col width=\"180\">\n<col width=\"138\"><\/colgroup>\n<tbody>\n<tr>\n<th colspan=\"2\" width=\"322\">\n<p><a name=\"shipping\"><\/a>Informaci\u00f3n de embalaje<\/p>\n<\/th>\n<\/tr>\n<tr>\n<td width=\"180\">\n<p>Peso del paquete<\/p>\n<\/td>\n<td width=\"138\">\n<p>181 gramos<\/p>\n<\/td>\n<\/tr>\n<tr>\n<td width=\"180\">\n<p>Dimensiones de la caja (LxWxH)<\/p>\n<\/td>\n<td width=\"138\">\n<p>10,2 x 10,2 x 3,8 cm<\/p>\n<\/td>\n<\/tr>\n<\/tbody>\n<\/table>\n","protected":false},"excerpt":{"rendered":"<p>La base DJI para OSMO Mobile 2 bloquea firmemente el estabilizador de su tel\u00e9fono inteligente OSMO Mobile 2 en su<\/p>\n","protected":false},"featured_media":69940,"comment_status":"closed","ping_status":"open","template":"","meta":{"_acf_changed":false},"product_brand":[2542],"product_cat":[1113],"product_tag":[],"class_list":{"0":"post-72307","1":"product","2":"type-product","3":"status-publish","4":"has-post-thumbnail","6":"product_brand-dji-es","7":"product_cat-accesorios-gimbals-video","9":"first","10":"instock","11":"taxable","12":"shipping-taxable","13":"purchasable","14":"product-type-simple"},"bundled_by":[],"bundle_stock_status":"instock","bundle_stock_quantity":1,"bundle_virtual":false,"bundle_layout":"","bundle_add_to_cart_form_location":"","bundle_editable_in_cart":false,"bundle_sold_individually_context":"","bundle_item_grouping":"","bundle_min_size":"","bundle_max_size":"","bundle_price":[],"bundled_items":[],"bundle_sell_ids":[],"acf":[],"_links":{"self":[{"href":"https:\/\/hi-techwonder.com\/es\/wp-json\/wp\/v2\/product\/72307","targetHints":{"allow":["GET"]}}],"collection":[{"href":"https:\/\/hi-techwonder.com\/es\/wp-json\/wp\/v2\/product"}],"about":[{"href":"https:\/\/hi-techwonder.com\/es\/wp-json\/wp\/v2\/types\/product"}],"replies":[{"embeddable":true,"href":"https:\/\/hi-techwonder.com\/es\/wp-json\/wp\/v2\/comments?post=72307"}],"wp:featuredmedia":[{"embeddable":true,"href":"https:\/\/hi-techwonder.com\/es\/wp-json\/wp\/v2\/media\/69940"}],"wp:attachment":[{"href":"https:\/\/hi-techwonder.com\/es\/wp-json\/wp\/v2\/media?parent=72307"}],"wp:term":[{"taxonomy":"product_brand","embeddable":true,"href":"https:\/\/hi-techwonder.com\/es\/wp-json\/wp\/v2\/product_brand?post=72307"},{"taxonomy":"product_cat","embeddable":true,"href":"https:\/\/hi-techwonder.com\/es\/wp-json\/wp\/v2\/product_cat?post=72307"},{"taxonomy":"product_tag","embeddable":true,"href":"https:\/\/hi-techwonder.com\/es\/wp-json\/wp\/v2\/product_tag?post=72307"}],"curies":[{"name":"wp","href":"https:\/\/api.w.org\/{rel}","templated":true}]}}