{"id":72308,"date":"2025-07-29T09:00:07","date_gmt":"2025-07-29T09:00:07","guid":{"rendered":"https:\/\/fv6qoy3ls0.wpdns.site\/produto\/juego-de-filtros-nd-dji-air-3s-nd8-32-128\/"},"modified":"2026-02-15T10:32:40","modified_gmt":"2026-02-15T10:32:40","slug":"dji-juego-de-filtros-nd-dji-air-3s-nd8-32-128","status":"publish","type":"product","link":"https:\/\/hi-techwonder.com\/es\/producto\/dji-juego-de-filtros-nd-dji-air-3s-nd8-32-128\/","title":{"rendered":"Juego de filtros ND DJI Air 3S (ND8\/32\/128)"},"content":{"rendered":"<p><strong>T\u00edtulo:<\/strong> Juego de filtros ND DJI Air 3S (ND8\/32\/128): juego de filtros ND para un control preciso de la exposici\u00f3n en entornos con mucha luz<\/p>\n<hr>\n<p><strong>Funciones<\/strong><\/p>\n<ul>\n<li><strong>Control preciso de la velocidad de obturaci\u00f3n<\/strong>: Permite a los usuarios experimentados ajustar la velocidad de obturaci\u00f3n para lograr im\u00e1genes fluidas en entornos con mucha luz, reduciendo la velocidad de obturaci\u00f3n para evitar la sobreexposici\u00f3n.<\/li>\n<li><strong>Im\u00e1genes claras y sin ruido<\/strong>: el uso flexible de los filtros ND garantiza im\u00e1genes n\u00edtidas incluso con el obturador abierto a 180\u00b0 e ISO bajo*, ideal para tomas cinematogr\u00e1ficas en condiciones de luz brillante.<\/li>\n<\/ul>\n<hr>\n<p><strong>Contenido del paquete<\/strong><\/p>\n<ul>\n<li>1 Un. Filtro ND8 <\/li>\n<li>1 Un. Filtro ND32 <\/li>\n<li>1 Un. Filtro ND128 <\/li>\n<\/ul>\n<hr>\n<p><strong>Especificaciones t\u00e9cnicas<\/strong><\/p>\n<ul>\n<li><strong>Tama\u00f1o de transmisi\u00f3n de luz<\/strong>:\n<ul>\n<li>C\u00e1mara de teleobjetivo mediana: 15,08 x 13,25 mm<\/li>\n<li>C\u00e1mara gran angular: 17,15 x 14,53 mm<\/li>\n<\/ul>\n<\/li>\n<li><strong>Peso (por filtro):<\/strong> 2,84 g<\/li>\n<\/ul>\n<p><strong>Compatibilidad<\/strong><\/p>\n<ul>\n<li><strong>Compatible con<\/strong>: DJI Air 3S<\/li>\n<\/ul>\n<p>Observaci\u00f3n<\/p>\n<ul>\n<li><em>\u00c1ngulo de apertura del obturador<\/em>: Una forma com\u00fan de describir la velocidad de obturaci\u00f3n en relaci\u00f3n con la velocidad de fotogramas. Tiempo de exposici\u00f3n = \u00e1ngulo de apertura del obturador \/ (velocidad de fotogramas \u00d7 360\u00b0). Por ejemplo, cuando se dispara a 24 fps con el obturador abierto a 180\u00b0, el tiempo de exposici\u00f3n es de 1\/48 seg.  <\/li>\n<\/ul>\n<hr>\n<p><strong>Informaci\u00f3n adicional<\/strong><br \/>\n<br \/>Nota: Im\u00e1genes ilustrativas. Equipo adicional no incluido. Consulte el contenido y las especificaciones del paquete para obtener m\u00e1s detalles.  <\/p>\n","protected":false},"excerpt":{"rendered":"<p>T\u00edtulo: Juego de filtros ND DJI Air 3S (ND8\/32\/128): juego de filtros ND para un control preciso de la exposici\u00f3n<\/p>\n","protected":false},"featured_media":43807,"comment_status":"closed","ping_status":"open","template":"","meta":{"_acf_changed":false},"product_brand":[2542],"product_cat":[936],"product_tag":[],"class_list":{"0":"post-72308","1":"product","2":"type-product","3":"status-publish","4":"has-post-thumbnail","6":"product_brand-dji-es","7":"product_cat-accesorios-drones","9":"first","10":"instock","11":"taxable","12":"shipping-taxable","13":"purchasable","14":"product-type-simple"},"bundled_by":[],"bundle_stock_status":"instock","bundle_stock_quantity":1,"bundle_virtual":false,"bundle_layout":"","bundle_add_to_cart_form_location":"","bundle_editable_in_cart":false,"bundle_sold_individually_context":"","bundle_item_grouping":"","bundle_min_size":"","bundle_max_size":"","bundle_price":[],"bundled_items":[],"bundle_sell_ids":[],"acf":[],"_links":{"self":[{"href":"https:\/\/hi-techwonder.com\/es\/wp-json\/wp\/v2\/product\/72308","targetHints":{"allow":["GET"]}}],"collection":[{"href":"https:\/\/hi-techwonder.com\/es\/wp-json\/wp\/v2\/product"}],"about":[{"href":"https:\/\/hi-techwonder.com\/es\/wp-json\/wp\/v2\/types\/product"}],"replies":[{"embeddable":true,"href":"https:\/\/hi-techwonder.com\/es\/wp-json\/wp\/v2\/comments?post=72308"}],"wp:featuredmedia":[{"embeddable":true,"href":"https:\/\/hi-techwonder.com\/es\/wp-json\/wp\/v2\/media\/43807"}],"wp:attachment":[{"href":"https:\/\/hi-techwonder.com\/es\/wp-json\/wp\/v2\/media?parent=72308"}],"wp:term":[{"taxonomy":"product_brand","embeddable":true,"href":"https:\/\/hi-techwonder.com\/es\/wp-json\/wp\/v2\/product_brand?post=72308"},{"taxonomy":"product_cat","embeddable":true,"href":"https:\/\/hi-techwonder.com\/es\/wp-json\/wp\/v2\/product_cat?post=72308"},{"taxonomy":"product_tag","embeddable":true,"href":"https:\/\/hi-techwonder.com\/es\/wp-json\/wp\/v2\/product_tag?post=72308"}],"curies":[{"name":"wp","href":"https:\/\/api.w.org\/{rel}","templated":true}]}}