{"id":72309,"date":"2025-07-28T23:28:18","date_gmt":"2025-07-28T23:28:18","guid":{"rendered":"https:\/\/fv6qoy3ls0.wpdns.site\/produto\/bateria-inteligente-dji-air-3s\/"},"modified":"2026-02-06T18:01:31","modified_gmt":"2026-02-06T18:01:31","slug":"dji-bateria-inteligente-dji-air-3s","status":"publish","type":"product","link":"https:\/\/hi-techwonder.com\/es\/producto\/dji-bateria-inteligente-dji-air-3s\/","title":{"rendered":"Bater\u00eda inteligente DJI Air 3S"},"content":{"rendered":"<p><strong>T\u00edtulo:<\/strong> Bater\u00eda de vuelo inteligente DJI Air 3S: bater\u00eda inteligente para extender su tiempo de vuelo y facilitar la transferencia de archivos<\/p>\n<hr \/>\n<p><strong>Funciones<\/strong><\/p>\n<ul>\n<li><strong>Tiempo de vuelo extendido<\/strong>: La bater\u00eda de vuelo inteligente proporciona hasta 45 minutos de tiempo de vuelo para DJI Air 3S*, lo que le permite capturar im\u00e1genes y videos sin interrupci\u00f3n.<\/li>\n<li><strong>Transferencia r\u00e1pida de estado apagado de QuickTransfer<\/strong>: facilita la transferencia de archivos directamente a su tel\u00e9fono inteligente, incluso con el dron apagado, manteni\u00e9ndolo en modo de suspensi\u00f3n hasta por 12 horas**.<\/li>\n<\/ul>\n<hr \/>\n<p><strong>Contenido del paquete<\/strong><\/p>\n<ul>\n<li>1 Un. Bater\u00eda de vuelo inteligente DJI Air 3S<\/li>\n<\/ul>\n<hr \/>\n<p><strong>Especificaciones t\u00e9cnicas<\/strong><\/p>\n<ul>\n<li><strong>Modelo<\/strong>: BWX234-4276-14.6<\/li>\n<li><strong>Capacidad<\/strong>: 4276 mAh<\/li>\n<li><strong>Tipo de bater\u00eda<\/strong>: Li-ion 4S<\/li>\n<li><strong>Temperatura de carga<\/strong>: 5 \u00b0 a 40 \u00b0 C (41 \u00b0 a 104 \u00b0 F)<\/li>\n<\/ul>\n<ul>\n<li><strong>Compatible con<\/strong>: DJI Air 3S, DJI Air 3\n<p>Observaciones<\/p>\n<ul style=\"margin-bottom: 10px\">\n<li>* Los datos de rango de vuelo se midieron con DJI Air 3S a una velocidad constante de 32,4 km\/h en un entorno sin viento al nivel del mar, con Evitaci\u00f3n de obst\u00e1culos configurado en Bloqueo y en modo foto. Estos datos son solo de referencia; Siga siempre las instrucciones de la aplicaci\u00f3n durante el vuelo.<\/li>\n<li>** Despu\u00e9s de apagar el dron, entra en modo de suspensi\u00f3n, lo que permite la funci\u00f3n de transferencia de archivos hasta por 12 horas. El consumo de bater\u00eda en modo de suspensi\u00f3n es de aproximadamente el 2% en 6 horas. El modo de suspensi\u00f3n se apaga autom\u00e1ticamente despu\u00e9s de 12 horas y se puede reactivar con una breve pulsaci\u00f3n del bot\u00f3n de encendido.<\/li>\n<\/ul>\n<\/li>\n<\/ul>\n<hr \/>\n<p><strong>Informaci\u00f3n adicional<\/strong><br \/>\nNota: Im\u00e1genes ilustrativas. Equipo adicional no incluido. Consulte el contenido y las especificaciones del paquete para obtener m\u00e1s detalles.<\/p>\n<hr \/>\n<p><strong>Metadatos<\/strong><br \/>\nDJI Air 3S, bater\u00eda inteligente, tiempo de vuelo extendido, QuickTransfer, transferencia r\u00e1pida de archivos, 4276 mAh, bater\u00eda de iones de litio, compatibilidad con DJI Air 3.<\/p>\n","protected":false},"excerpt":{"rendered":"<p>T\u00edtulo: Bater\u00eda de vuelo inteligente DJI Air 3S: bater\u00eda inteligente para extender su tiempo de vuelo y facilitar la transferencia<\/p>\n","protected":false},"featured_media":22339,"comment_status":"closed","ping_status":"closed","template":"","meta":{"_acf_changed":false},"product_brand":[2542],"product_cat":[857],"product_tag":[],"class_list":{"0":"post-72309","1":"product","2":"type-product","3":"status-publish","4":"has-post-thumbnail","6":"product_brand-dji-es","7":"product_cat-dji-es","9":"first","10":"instock","11":"taxable","12":"shipping-taxable","13":"purchasable","14":"product-type-simple"},"bundled_by":[],"bundle_stock_status":"instock","bundle_stock_quantity":2,"bundle_virtual":false,"bundle_layout":"","bundle_add_to_cart_form_location":"","bundle_editable_in_cart":false,"bundle_sold_individually_context":"","bundle_item_grouping":"","bundle_min_size":"","bundle_max_size":"","bundle_price":[],"bundled_items":[],"bundle_sell_ids":[],"acf":[],"_links":{"self":[{"href":"https:\/\/hi-techwonder.com\/es\/wp-json\/wp\/v2\/product\/72309","targetHints":{"allow":["GET"]}}],"collection":[{"href":"https:\/\/hi-techwonder.com\/es\/wp-json\/wp\/v2\/product"}],"about":[{"href":"https:\/\/hi-techwonder.com\/es\/wp-json\/wp\/v2\/types\/product"}],"replies":[{"embeddable":true,"href":"https:\/\/hi-techwonder.com\/es\/wp-json\/wp\/v2\/comments?post=72309"}],"wp:featuredmedia":[{"embeddable":true,"href":"https:\/\/hi-techwonder.com\/es\/wp-json\/wp\/v2\/media\/22339"}],"wp:attachment":[{"href":"https:\/\/hi-techwonder.com\/es\/wp-json\/wp\/v2\/media?parent=72309"}],"wp:term":[{"taxonomy":"product_brand","embeddable":true,"href":"https:\/\/hi-techwonder.com\/es\/wp-json\/wp\/v2\/product_brand?post=72309"},{"taxonomy":"product_cat","embeddable":true,"href":"https:\/\/hi-techwonder.com\/es\/wp-json\/wp\/v2\/product_cat?post=72309"},{"taxonomy":"product_tag","embeddable":true,"href":"https:\/\/hi-techwonder.com\/es\/wp-json\/wp\/v2\/product_tag?post=72309"}],"curies":[{"name":"wp","href":"https:\/\/api.w.org\/{rel}","templated":true}]}}