{"id":72310,"date":"2025-07-29T00:16:33","date_gmt":"2025-07-29T00:16:33","guid":{"rendered":"https:\/\/fv6qoy3ls0.wpdns.site\/produto\/dicapac-wp-s5-dslr-estuche-impermeable\/"},"modified":"2025-10-01T14:58:21","modified_gmt":"2025-10-01T14:58:21","slug":"dicapac-wp-s5-dslr-estuche-impermeable","status":"publish","type":"product","link":"https:\/\/hi-techwonder.com\/es\/producto\/dicapac-wp-s5-dslr-estuche-impermeable\/","title":{"rendered":"DICAPAC WP-S5 DSLR Estuche impermeable"},"content":{"rendered":"<p><strong>DICAPAC WP-S5 DSLR Estuche impermeable<\/strong><\/p>\n<p>El DiCAPAC es un estuche resistente al agua para peque\u00f1as c\u00e1maras DSLR o sin espejo. Es una carcasa submarina transparente, construida con PVC y TPU duraderos, con una clasificaci\u00f3n de profundidad submarina de hasta 5 m, por debajo de los est\u00e1ndares de inmersi\u00f3n JIS-8 e IPX8. La funda para los dedos incorporada le permite acceder a todos los controles de la c\u00e1mara. La bolsa cuenta con un puerto de entrada de lente \u00f3ptica con un elemento frontal plano de pulido UV que permite objetos que van desde 50 mm de longitud hasta 95 mm de longitud y hasta 82 mm de di\u00e1metro.   <\/p>\n<p>_____________________________________________________________________________________________________________________________________________________________________________________<\/p>\n<p><span style=\"font-size: small;\"><strong>ASPECTOS DESTACADOS DEL PRODUCTO<\/strong><\/p>\n<p><\/span><\/p>\n<ul>\n<li><span style=\"font-size: small;\">Construcci\u00f3n duradera de PVC\/TPU<\/span><\/li>\n<li><span style=\"font-size: small;\">Funda para los dedos para facilitar el control de los botones<\/span><\/li>\n<li><span style=\"font-size: small;\">Acceso a todos los controles de la c\u00e1mara<\/span><\/li>\n<li><span style=\"font-size: small;\">Profundidad: <span style=\"color: #000000;\"><span style=\"font-size: small;\">5,0 m<\/span><\/span><\/span><\/li>\n<li><span style=\"font-size: small;\">Puerto de lente de policarbonato plano con revestimiento UV<\/span><\/li>\n<li><span style=\"font-size: small;\">Acepta lentes <span style=\"color: #000000;\"><span style=\"font-size: small;\">de 5 cm a 9,5 cm de<\/span> longitud<\/span><\/span><\/li>\n<li><span style=\"font-size: small;\">Acepta lentes de hasta 82 mm de di\u00e1metro<\/span><\/li>\n<li><span style=\"font-size: small;\">Flotabilidad neutra a positiva<\/span><\/li>\n<\/ul>\n<div><object data=\"https:\/\/www.youtube.com\/v\/4k9NDHnE1ds\" type=\"application\/x-shockwave-flash\" width=\"425\" height=\"350\"><param name=\"src\" value=\"https:\/\/www.youtube.com\/v\/4k9NDHnE1ds\"><\/object><\/div>\n<div><span style=\"font-size: small;\">&nbsp;<\/span><\/div>\n<div><span style=\"font-size: small;\">La carcasa impermeable DiCAPac WP-S5 para c\u00e1maras DSLR peque\u00f1as es una carcasa transparente bajo el agua para c\u00e1maras r\u00e9flex digitales compactas. Construido con PVC y TPU duraderos, el WP-S5 tiene una clasificaci\u00f3n de profundidad de 16,4 pies (5,0 m), cumpliendo con los est\u00e1ndares JIS-8 e IPX8 para inmersi\u00f3n. La funda para los dedos integrada permite un f\u00e1cil acceso a todos los controles de la c\u00e1mara. El estuche cuenta con un puerto de lente \u00f3ptica con un elemento frontal de policarbonato con recubrimiento UV plano y acepta lentes de 5 cm a 9,5 cm de largo y hasta 82 mm de di\u00e1metro. El elemento frontal tambi\u00e9n tiene un tratamiento antivaho y resistente a los ara\u00f1azos. La caja tiene flotabilidad neutra a positiva. Se incluye una correa para el cuello, al igual que una esponja que encaja en la parte inferior de la carcasa si es necesario para levantar cuerpos de c\u00e1mara m\u00e1s cortos para que sus lentes est\u00e9n al ras del puerto.      <\/p>\n<p><strong>Detalles constructivos<\/strong><br \/>Hecho de PVC y TPU duraderos<br \/><strong>Clasificaci\u00f3n de profundidad<\/strong><br \/>16,4&#8242; (5,0 m), que cumple con los est\u00e1ndares JIS-8 e IPX8 para inmersi\u00f3n<br \/><strong>Control de acceso<\/strong><br \/>La funda para los dedos incorporada permite un f\u00e1cil acceso a todos los controles de la c\u00e1mara<br \/><strong>Puerto de lente<\/strong><br \/>Cuenta con un puerto de lente \u00f3ptica con un elemento frontal de policarbonato plano con recubrimiento UV y acepta lentes de 2.0&#8243; a 3.75&#8243; de longitud y hasta 82 mm de di\u00e1metro. El elemento frontal tiene un tratamiento antivaho y resistente a los ara\u00f1azos, as\u00ed como <br \/><strong>Flotabilidad<\/strong><br \/>Neutral a positivo<br \/><strong>Sistema de cierre<\/strong><br \/>Cierre impermeable con cremallera, rollo y tacto<br \/><strong>Compatibilidad<\/strong><br \/>Compatible con c\u00e1maras r\u00e9flex digitales compactas<br \/><strong>Accesorios suministrados<\/strong><br \/>Se incluye una correa para el cuello, al igual que una esponja que encaja en la parte inferior del estuche si es necesario para levantar cuerpos de c\u00e1mara m\u00e1s cortos para que sus lentes est\u00e9n al ras del puerto<\/span><\/div>\n<div><span style=\"font-size: small;\">&nbsp;<\/span><\/div>\n<div>\n<table style=\"box-sizing: border-box; margin: 0px 0px 35px; padding: 0px; border: 0px none; font-style: normal; font-variant-ligatures: normal; font-variant-caps: normal; font-variant-numeric: inherit; font-variant-east-asian: inherit; font-weight: 400; font-stretch: inherit; font-size: 12px; line-height: inherit; vertical-align: baseline; border-collapse: separate; border-spacing: 0px; clear: both; width: 631px; color: #595959; letter-spacing: normal; text-align: start; text-indent: 0px; text-transform: none; white-space: normal; word-spacing: 0px; -webkit-text-stroke-width: 0px; text-decoration-style: initial; text-decoration-color: initial;\" border=\"0\">\n<tbody style=\"box-sizing: border-box; margin: 0px; padding: 0px; border: 0px none; font-style: inherit; font-variant: inherit; font-weight: inherit; font-stretch: inherit; font-size: inherit; line-height: inherit; vertical-align: baseline;\">\n<tr style=\"box-sizing: border-box; margin: 0px; padding: 0px; border: 0px none; font-style: inherit; font-variant: inherit; font-weight: inherit; font-stretch: inherit; font-size: inherit; line-height: inherit; vertical-align: baseline;\">\n<td style=\"box-sizing: border-box; margin: 0px; padding: 0px 0px 20px; border-image: initial; font-style: inherit; font-variant: inherit; font-weight: inherit; font-stretch: inherit; line-height: 22px; vertical-align: baseline; text-align: left; width: 239px; border: medium 0px 1px none none solid currentcolor currentcolor #e6e7e8;\"><span style=\"font-size: small;\">Material de construcci\u00f3n<\/span><\/td>\n<td style=\"box-sizing: border-box; margin: 0px; padding: 0px 0px 20px 40px; border-image: initial; font-style: inherit; font-variant: inherit; font-weight: inherit; font-stretch: inherit; line-height: 22px; vertical-align: baseline; text-align: left; border: medium 0px 1px none none solid currentcolor currentcolor #e6e7e8;\"><span style=\"font-size: small;\">PVC, TPU<\/span><\/td>\n<\/tr>\n<tr style=\"box-sizing: border-box; margin: 0px; padding: 0px; border: 0px none; font-style: inherit; font-variant: inherit; font-weight: inherit; font-stretch: inherit; font-size: inherit; line-height: inherit; vertical-align: baseline;\">\n<td style=\"box-sizing: border-box; margin: 0px; padding: 20px 0px; border-image: initial; font-style: inherit; font-variant: inherit; font-weight: inherit; font-stretch: inherit; line-height: 22px; vertical-align: baseline; text-align: left; width: 239px; border: medium 0px 1px none none solid currentcolor currentcolor #e6e7e8;\"><span style=\"font-size: small;\">Mandos<\/span><\/td>\n<td style=\"box-sizing: border-box; margin: 0px; padding: 20px 0px 20px 40px; border-image: initial; font-style: inherit; font-variant: inherit; font-weight: inherit; font-stretch: inherit; line-height: 22px; vertical-align: baseline; text-align: left; border: medium 0px 1px none none solid currentcolor currentcolor #e6e7e8;\"><span style=\"font-size: small;\">Acceso a todos los controles de la c\u00e1mara<\/span><\/td>\n<\/tr>\n<tr style=\"box-sizing: border-box; margin: 0px; padding: 0px; border: 0px none; font-style: inherit; font-variant: inherit; font-weight: inherit; font-stretch: inherit; font-size: inherit; line-height: inherit; vertical-align: baseline;\">\n<td style=\"box-sizing: border-box; margin: 0px; padding: 20px 0px; border-image: initial; font-style: inherit; font-variant: inherit; font-weight: inherit; font-stretch: inherit; line-height: 22px; vertical-align: baseline; text-align: left; width: 239px; border: medium 0px 1px none none solid currentcolor currentcolor #e6e7e8;\"><span style=\"font-size: small;\">Clasificaci\u00f3n de profundidad<\/span><\/td>\n<td style=\"box-sizing: border-box; margin: 0px; padding: 20px 0px 20px 40px; border-image: initial; font-style: inherit; font-variant: inherit; font-weight: inherit; font-stretch: inherit; line-height: 22px; vertical-align: baseline; text-align: left; border: medium 0px 1px none none solid currentcolor currentcolor #e6e7e8;\"><span style=\"font-size: small;\">16,4&#8242; (5,0 m)<br style=\"box-sizing: border-box; -webkit-font-smoothing: antialiased;\">Cumple con los est\u00e1ndares JIS-8 e IPX8<\/span><\/td>\n<\/tr>\n<tr style=\"box-sizing: border-box; margin: 0px; padding: 0px; border: 0px none; font-style: inherit; font-variant: inherit; font-weight: inherit; font-stretch: inherit; font-size: inherit; line-height: inherit; vertical-align: baseline;\">\n<td style=\"box-sizing: border-box; margin: 0px; padding: 20px 0px; border-image: initial; font-style: inherit; font-variant: inherit; font-weight: inherit; font-stretch: inherit; line-height: 22px; vertical-align: baseline; text-align: left; width: 239px; border: medium 0px 1px none none solid currentcolor currentcolor #e6e7e8;\"><span style=\"font-size: small;\">Puerto de lente<\/span><\/td>\n<td style=\"box-sizing: border-box; margin: 0px; padding: 20px 0px 20px 40px; border-image: initial; font-style: inherit; font-variant: inherit; font-weight: inherit; font-stretch: inherit; line-height: 22px; vertical-align: baseline; text-align: left; border: medium 0px 1px none none solid currentcolor currentcolor #e6e7e8;\"><span style=\"font-size: small;\">Di\u00e1metro interior: 3,75&#8243; (95 mm)<br style=\"box-sizing: border-box; -webkit-font-smoothing: antialiased;\">Elemento frontal plano, con revestimiento multi-UV, de policarbonato con tratamiento antivaho y resistente a los ara\u00f1azos<br style=\"box-sizing: border-box; -webkit-font-smoothing: antialiased;\">Cuerpo de silicona<br style=\"box-sizing: border-box; -webkit-font-smoothing: antialiased;\">Acepta lentes de 2.0-3.75&#8243; (50-95 mm) de largo<br style=\"box-sizing: border-box; -webkit-font-smoothing: antialiased;\">Acepta lentes de hasta 3,2&#8243; (82 mm) de di\u00e1metro<\/span><\/td>\n<\/tr>\n<tr style=\"box-sizing: border-box; margin: 0px; padding: 0px; border: 0px none; font-style: inherit; font-variant: inherit; font-weight: inherit; font-stretch: inherit; font-size: inherit; line-height: inherit; vertical-align: baseline;\">\n<td style=\"box-sizing: border-box; margin: 0px; padding: 20px 0px; border-image: initial; font-style: inherit; font-variant: inherit; font-weight: inherit; font-stretch: inherit; line-height: 22px; vertical-align: baseline; text-align: left; width: 239px; border: medium 0px 1px none none solid currentcolor currentcolor #e6e7e8;\"><span style=\"font-size: small;\">Flotabilidad<\/span><\/td>\n<td style=\"box-sizing: border-box; margin: 0px; padding: 20px 0px 20px 40px; border-image: initial; font-style: inherit; font-variant: inherit; font-weight: inherit; font-stretch: inherit; line-height: 22px; vertical-align: baseline; text-align: left; border: medium 0px 1px none none solid currentcolor currentcolor #e6e7e8;\"><span style=\"font-size: small;\">Neutral a positivo<\/span><\/td>\n<\/tr>\n<tr style=\"box-sizing: border-box; margin: 0px; padding: 0px; border: 0px none; font-style: inherit; font-variant: inherit; font-weight: inherit; font-stretch: inherit; font-size: inherit; line-height: inherit; vertical-align: baseline;\">\n<td style=\"box-sizing: border-box; margin: 0px; padding: 20px 0px; border-image: initial; font-style: inherit; font-variant: inherit; font-weight: inherit; font-stretch: inherit; line-height: 22px; vertical-align: baseline; text-align: left; width: 239px; border: medium 0px 1px none none solid currentcolor currentcolor #e6e7e8;\"><span style=\"font-size: small;\">Dimensiones (ancho x alto)<\/span><\/td>\n<td style=\"box-sizing: border-box; margin: 0px; padding: 20px 0px 20px 40px; border-image: initial; font-style: inherit; font-variant: inherit; font-weight: inherit; font-stretch: inherit; line-height: 22px; vertical-align: baseline; text-align: left; border: medium 0px 1px none none solid currentcolor currentcolor #e6e7e8;\"><span style=\"font-size: small;\">5,9 x 7,5&#8243; (15 x 19 cm)<\/span><\/td>\n<\/tr>\n<\/tbody>\n<\/table>\n<\/div>\n","protected":false},"excerpt":{"rendered":"<p>DICAPAC WP-S5 DSLR Estuche impermeable El DiCAPAC es un estuche resistente al agua para peque\u00f1as c\u00e1maras DSLR o sin espejo.<\/p>\n","protected":false},"featured_media":36982,"comment_status":"closed","ping_status":"open","template":"","meta":{"_acf_changed":false},"product_brand":[2654],"product_cat":[904],"product_tag":[],"class_list":{"0":"post-72310","1":"product","2":"type-product","3":"status-publish","4":"has-post-thumbnail","6":"product_brand-dicapac-es","7":"product_cat-bolsas-estancas","9":"first","10":"instock","11":"taxable","12":"shipping-taxable","13":"purchasable","14":"product-type-simple"},"bundled_by":[],"bundle_stock_status":"instock","bundle_stock_quantity":1,"bundle_virtual":false,"bundle_layout":"","bundle_add_to_cart_form_location":"","bundle_editable_in_cart":false,"bundle_sold_individually_context":"","bundle_item_grouping":"","bundle_min_size":"","bundle_max_size":"","bundle_price":[],"bundled_items":[],"bundle_sell_ids":[],"acf":[],"_links":{"self":[{"href":"https:\/\/hi-techwonder.com\/es\/wp-json\/wp\/v2\/product\/72310","targetHints":{"allow":["GET"]}}],"collection":[{"href":"https:\/\/hi-techwonder.com\/es\/wp-json\/wp\/v2\/product"}],"about":[{"href":"https:\/\/hi-techwonder.com\/es\/wp-json\/wp\/v2\/types\/product"}],"replies":[{"embeddable":true,"href":"https:\/\/hi-techwonder.com\/es\/wp-json\/wp\/v2\/comments?post=72310"}],"wp:featuredmedia":[{"embeddable":true,"href":"https:\/\/hi-techwonder.com\/es\/wp-json\/wp\/v2\/media\/36982"}],"wp:attachment":[{"href":"https:\/\/hi-techwonder.com\/es\/wp-json\/wp\/v2\/media?parent=72310"}],"wp:term":[{"taxonomy":"product_brand","embeddable":true,"href":"https:\/\/hi-techwonder.com\/es\/wp-json\/wp\/v2\/product_brand?post=72310"},{"taxonomy":"product_cat","embeddable":true,"href":"https:\/\/hi-techwonder.com\/es\/wp-json\/wp\/v2\/product_cat?post=72310"},{"taxonomy":"product_tag","embeddable":true,"href":"https:\/\/hi-techwonder.com\/es\/wp-json\/wp\/v2\/product_tag?post=72310"}],"curies":[{"name":"wp","href":"https:\/\/api.w.org\/{rel}","templated":true}]}}