{"id":72313,"date":"2025-07-29T09:00:16","date_gmt":"2025-07-29T09:00:16","guid":{"rendered":"https:\/\/fv6qoy3ls0.wpdns.site\/produto\/centro-de-carga-bidireccional-dji-dji-neo\/"},"modified":"2026-01-31T02:49:28","modified_gmt":"2026-01-31T02:49:28","slug":"dji-centro-de-carga-bidireccional-dji-dji-neo","status":"publish","type":"product","link":"https:\/\/hi-techwonder.com\/es\/producto\/dji-centro-de-carga-bidireccional-dji-dji-neo\/","title":{"rendered":"Centro de carga bidireccional DJI DJI Neo"},"content":{"rendered":"<p><strong>T\u00edtulo:<\/strong> Concentrador de carga bidireccional DJI Neo: almacenamiento y carga simult\u00e1neos para tres bater\u00edas<\/p>\n<hr>\n<p><strong>Funciones<\/strong><\/p>\n<ul>\n<li><strong>Carga simult\u00e1nea de tres bater\u00edas<\/strong>: Cuando se usa con el cargador port\u00e1til DJI de 65 W, el concentrador carga hasta tres bater\u00edas de vuelo inteligentes en solo 60 minutos.<\/li>\n<li><strong>Funcionalidad de banco de energ\u00eda<\/strong>: Con al menos una bater\u00eda almacenada, el concentrador puede actuar como un banco de energ\u00eda, lo que le permite cargar dispositivos, como gafas o tel\u00e9fonos inteligentes, utilizando la energ\u00eda restante de la bater\u00eda.<\/li>\n<\/ul>\n<hr>\n<p><strong>Contenido del paquete<\/strong><\/p>\n<ul>\n<li>1 Un. Centro de carga bidireccional DJI Neo <\/li>\n<\/ul>\n<hr>\n<p><strong>Especificaciones t\u00e9cnicas<\/strong><\/p>\n<ul>\n<li><strong>Entrada<\/strong>: 5-20 V, m\u00e1ximo 3 A<\/li>\n<li><strong>Salida (carga):<\/strong> 5 V, 2 A<\/li>\n<li><strong>M\u00e9todo de carga<\/strong>: carga hasta tres bater\u00edas simult\u00e1neamente (con cargador de m\u00e1s de 45 W)<\/li>\n<\/ul>\n<p><strong>Compatibilidad<\/strong><\/p>\n<ul>\n<li><strong>Compatible con<\/strong>: DJI Neo<\/li>\n<\/ul>\n<p>Consejos<\/p>\n<ul>\n<li>La cantidad de bater\u00edas que se pueden cargar simult\u00e1neamente depende de la potencia del cargador utilizado. Los cargadores de m\u00e1s de 45 W le permiten cargar tres bater\u00edas al mismo tiempo, mientras que los cargadores de menos de 45 W permiten cargar simult\u00e1neamente solo dos bater\u00edas. <\/li>\n<\/ul>\n<hr>\n<p><strong>Informaci\u00f3n adicional<\/strong><br \/>\nNota: Im\u00e1genes ilustrativas. Equipo adicional no incluido. Consulte el contenido y las especificaciones del paquete para obtener m\u00e1s detalles.  <\/p>\n","protected":false},"excerpt":{"rendered":"<p>T\u00edtulo: Concentrador de carga bidireccional DJI Neo: almacenamiento y carga simult\u00e1neos para tres bater\u00edas Funciones Carga simult\u00e1nea de tres bater\u00edas:<\/p>\n","protected":false},"featured_media":43838,"comment_status":"closed","ping_status":"open","template":"","meta":{"_acf_changed":false},"product_brand":[2542],"product_cat":[936],"product_tag":[],"class_list":{"0":"post-72313","1":"product","2":"type-product","3":"status-publish","4":"has-post-thumbnail","6":"product_brand-dji-es","7":"product_cat-accesorios-drones","9":"first","10":"onbackorder","11":"taxable","12":"shipping-taxable","13":"purchasable","14":"product-type-simple"},"bundled_by":[],"bundle_stock_status":"onbackorder","bundle_stock_quantity":0,"bundle_virtual":false,"bundle_layout":"","bundle_add_to_cart_form_location":"","bundle_editable_in_cart":false,"bundle_sold_individually_context":"","bundle_item_grouping":"","bundle_min_size":"","bundle_max_size":"","bundle_price":[],"bundled_items":[],"bundle_sell_ids":[],"acf":[],"_links":{"self":[{"href":"https:\/\/hi-techwonder.com\/es\/wp-json\/wp\/v2\/product\/72313","targetHints":{"allow":["GET"]}}],"collection":[{"href":"https:\/\/hi-techwonder.com\/es\/wp-json\/wp\/v2\/product"}],"about":[{"href":"https:\/\/hi-techwonder.com\/es\/wp-json\/wp\/v2\/types\/product"}],"replies":[{"embeddable":true,"href":"https:\/\/hi-techwonder.com\/es\/wp-json\/wp\/v2\/comments?post=72313"}],"wp:featuredmedia":[{"embeddable":true,"href":"https:\/\/hi-techwonder.com\/es\/wp-json\/wp\/v2\/media\/43838"}],"wp:attachment":[{"href":"https:\/\/hi-techwonder.com\/es\/wp-json\/wp\/v2\/media?parent=72313"}],"wp:term":[{"taxonomy":"product_brand","embeddable":true,"href":"https:\/\/hi-techwonder.com\/es\/wp-json\/wp\/v2\/product_brand?post=72313"},{"taxonomy":"product_cat","embeddable":true,"href":"https:\/\/hi-techwonder.com\/es\/wp-json\/wp\/v2\/product_cat?post=72313"},{"taxonomy":"product_tag","embeddable":true,"href":"https:\/\/hi-techwonder.com\/es\/wp-json\/wp\/v2\/product_tag?post=72313"}],"curies":[{"name":"wp","href":"https:\/\/api.w.org\/{rel}","templated":true}]}}