{"id":72314,"date":"2025-07-29T08:59:36","date_gmt":"2025-07-29T08:59:36","guid":{"rendered":"https:\/\/fv6qoy3ls0.wpdns.site\/produto\/juego-de-filtros-nd-dji-4-8-32-para-mavic-air2\/"},"modified":"2026-01-31T02:49:47","modified_gmt":"2026-01-31T02:49:47","slug":"dji-juego-de-filtros-nd-dji-4-8-32-para-mavic-air2","status":"publish","type":"product","link":"https:\/\/hi-techwonder.com\/es\/producto\/dji-juego-de-filtros-nd-dji-4-8-32-para-mavic-air2\/","title":{"rendered":"Juego de filtros ND DJI (4\/8\/32) para Mavic Air2"},"content":{"rendered":"<p><strong>Juego de filtros ND DJI (4\/8\/32) para Mavic Air 2<\/strong><\/p>\n<p><strong>Funciones:<\/strong><\/p>\n<ul>\n<li>Buena cobertura para diferentes condiciones de luz<\/li>\n<li>Materiales \u00f3pticos de alta calidad<\/li>\n<li>Reproducci\u00f3n fiel del color<\/li>\n<li>Dise\u00f1o mec\u00e1nico preciso<\/li>\n<\/ul>\n<p><strong>Contenido del paquete:<\/strong><\/p>\n<ul>\n<li>1 x Filtro ND4<\/li>\n<li>1 x Filtro ND8<\/li>\n<li>1 x Filtro ND32<\/li>\n<li>1 x Estuche<\/li>\n<\/ul>\n<p>Hecho espec\u00edficamente para el Mavic Air 2. Este conjunto incluye filtros ND4, ND8 y ND32. Filtros ND de alta calidad que reducen la cantidad de luz que ingresa al sensor, lo que le brinda m\u00e1s control de la apertura, el tiempo de exposici\u00f3n y la configuraci\u00f3n de sensibilidad del sensor de la c\u00e1mara.  <\/p>\n<p>Estas alternativas ofrecen m\u00e1s opciones para ajustar la velocidad de obturaci\u00f3n y el disparo de larga exposici\u00f3n, y responden de manera efectiva en fotos, videos y videos hyperlapse.<\/p>\n<p><strong>Compatibilidad:<\/strong><\/p>\n<ul>\n<li>Mavic Air 2<\/li>\n<\/ul>\n<p><strong>Caracter\u00edsticas t\u00e9cnicas:<\/strong> <\/p>\n<table border=\"0\" width=\"100%\" cellspacing=\"0\" cellpadding=\"2\">\n<colgroup>\n<col width=\"122*\">\n<col width=\"134*\"> <\/colgroup>\n<tbody>\n<tr>\n<td width=\"48%\"> Densidad del filtro ND4: <\/td>\n<td width=\"52%\"> 0.6 (2 pasos) <\/td>\n<\/tr>\n<tr>\n<td width=\"48%\"> Densidad del filtro ND8: <\/td>\n<td width=\"52%\"> 0.9 (3 pasos) <\/td>\n<\/tr>\n<tr>\n<td width=\"48%\"> Densidad del filtro ND32: <\/td>\n<td width=\"52%\"> 1.5 (5 paradas) <\/td>\n<\/tr>\n<tr>\n<td width=\"48%\"> Tama\u00f1o: <\/td>\n<td width=\"52%\"> 16 \u00d7 10 mm <\/td>\n<\/tr>\n<tr>\n<td width=\"48%\"> Peso: <\/td>\n<td width=\"52%\"> 0,77 g (cada uno) <\/td>\n<\/tr>\n<\/tbody>\n<\/table>\n","protected":false},"excerpt":{"rendered":"<p>Juego de filtros ND DJI (4\/8\/32) para Mavic Air 2 Funciones: Buena cobertura para diferentes condiciones de luz Materiales \u00f3pticos<\/p>\n","protected":false},"featured_media":43699,"comment_status":"closed","ping_status":"closed","template":"","meta":{"_acf_changed":false},"product_brand":[2542],"product_cat":[936],"product_tag":[],"class_list":{"0":"post-72314","1":"product","2":"type-product","3":"status-publish","4":"has-post-thumbnail","6":"product_brand-dji-es","7":"product_cat-accesorios-drones","9":"first","10":"instock","11":"taxable","12":"shipping-taxable","13":"purchasable","14":"product-type-simple"},"bundled_by":[],"bundle_stock_status":"instock","bundle_stock_quantity":3,"bundle_virtual":false,"bundle_layout":"","bundle_add_to_cart_form_location":"","bundle_editable_in_cart":false,"bundle_sold_individually_context":"","bundle_item_grouping":"","bundle_min_size":"","bundle_max_size":"","bundle_price":[],"bundled_items":[],"bundle_sell_ids":[],"acf":[],"_links":{"self":[{"href":"https:\/\/hi-techwonder.com\/es\/wp-json\/wp\/v2\/product\/72314","targetHints":{"allow":["GET"]}}],"collection":[{"href":"https:\/\/hi-techwonder.com\/es\/wp-json\/wp\/v2\/product"}],"about":[{"href":"https:\/\/hi-techwonder.com\/es\/wp-json\/wp\/v2\/types\/product"}],"replies":[{"embeddable":true,"href":"https:\/\/hi-techwonder.com\/es\/wp-json\/wp\/v2\/comments?post=72314"}],"wp:featuredmedia":[{"embeddable":true,"href":"https:\/\/hi-techwonder.com\/es\/wp-json\/wp\/v2\/media\/43699"}],"wp:attachment":[{"href":"https:\/\/hi-techwonder.com\/es\/wp-json\/wp\/v2\/media?parent=72314"}],"wp:term":[{"taxonomy":"product_brand","embeddable":true,"href":"https:\/\/hi-techwonder.com\/es\/wp-json\/wp\/v2\/product_brand?post=72314"},{"taxonomy":"product_cat","embeddable":true,"href":"https:\/\/hi-techwonder.com\/es\/wp-json\/wp\/v2\/product_cat?post=72314"},{"taxonomy":"product_tag","embeddable":true,"href":"https:\/\/hi-techwonder.com\/es\/wp-json\/wp\/v2\/product_tag?post=72314"}],"curies":[{"name":"wp","href":"https:\/\/api.w.org\/{rel}","templated":true}]}}