{"id":72316,"date":"2025-07-29T09:00:47","date_gmt":"2025-07-29T09:00:47","guid":{"rendered":"https:\/\/fv6qoy3ls0.wpdns.site\/produto\/concentrador-de-carga-triple-dji-para-dji-mavic-4-pro\/"},"modified":"2026-01-31T02:49:02","modified_gmt":"2026-01-31T02:49:02","slug":"dji-concentrador-de-carga-triple-dji-para-dji-mavic-4-pro","status":"publish","type":"product","link":"https:\/\/hi-techwonder.com\/es\/producto\/dji-concentrador-de-carga-triple-dji-para-dji-mavic-4-pro\/","title":{"rendered":"Concentrador de carga triple DJI para DJI Mavic 4 Pro"},"content":{"rendered":"<p data-start=\"498\" data-end=\"553\"><strong data-start=\"498\" data-end=\"553\">Concentrador de carga triple DJI para DJI Mavic 4 Pro (concentrador de carga paralelo)<\/strong><\/p>\n<p data-start=\"498\" data-end=\"553\"><strong data-start=\"498\" data-end=\"553\"><br \/><\/strong><\/p>\n<p data-start=\"555\" data-end=\"1078\"><strong data-start=\"555\" data-end=\"573\">Funciones<\/strong><br data-start=\"573\" data-end=\"576\">\u2022 . Carga hasta 3 bater\u00edas de vuelo inteligentes de forma simult\u00e1nea o secuencial (requiere un cargador dedicado).<br data-start=\"684\" data-end=\"687\">\u2022 . Compatible con el adaptador de corriente DJI de 240 W (se vende por separado).<br data-start=\"766\" data-end=\"769\">\u2022 . Tambi\u00e9n funciona como un banco de energ\u00eda USB-C de 100 W para cargar r\u00e1pidamente dispositivos externos.<br data-start=\"869\" data-end=\"872\">\u2022 . Incluye funci\u00f3n de acumulaci\u00f3n de energ\u00eda, que transfiere la carga restante de varias bater\u00edas a la bater\u00eda con m\u00e1s energ\u00eda restante.<br data-start=\"1010\" data-end=\"1013\">\u2022 . Dise\u00f1o port\u00e1til y compacto ideal para operaciones de campo.<\/p>\n<p data-start=\"555\" data-end=\"1078\"><\/p>\n<p data-start=\"1080\" data-end=\"1161\"><strong data-start=\"1080\" data-end=\"1105\">Contenido del paquete<\/strong><br data-start=\"1105\" data-end=\"1108\">\u2022 . Concentrador de carga paralelo DJI Mavic 4 Pro \u00d7 1<\/p>\n<p data-start=\"1080\" data-end=\"1161\"><\/p>\n<p data-start=\"1163\" data-end=\"2031\"><strong data-start=\"1163\" data-end=\"1176\">Descripci\u00f3n<\/strong><br data-start=\"1176\" data-end=\"1179\">\u2022 . El centro de carga triple DJI para Mavic 4 Pro le permite cargar hasta tres bater\u00edas de vuelo inteligentes de forma simult\u00e1nea o secuencial, eliminando la necesidad de intercambios manuales y reduciendo el tiempo de carga general.<br data-start=\"1407\" data-end=\"1410\">\u2022 . Cuando se usa con el adaptador de corriente DJI de 240 W (se vende por separado), le permite cargar completamente una bater\u00eda en solo 51 minutos, o tres bater\u00edas en aproximadamente 90 minutos.<br data-start=\"1604\" data-end=\"1607\">\u2022 . Adem\u00e1s, el concentrador convierte la energ\u00eda almacenada en las bater\u00edas en un cargador port\u00e1til de 100 W a trav\u00e9s de USB-C, ideal para alimentar otros dispositivos electr\u00f3nicos mientras viaja.<br data-start=\"1795\" data-end=\"1798\">\u2022 . La funci\u00f3n de almacenamiento de energ\u00eda permite una gesti\u00f3n inteligente de la carga entre bater\u00edas de bajo consumo, optimizando la autonom\u00eda general.<br data-start=\"1938\" data-end=\"1941\">\u2022 .<b>Nota: El cargador DJI de 240 W <u>no est\u00e1 incluido <\/u>y debe comprarse por separado.<\/b><\/p>\n<p data-start=\"1163\" data-end=\"2031\"><\/p>\n<p data-start=\"2033\" data-end=\"2535\"><strong data-start=\"2033\" data-end=\"2060\">Especificaciones t\u00e9cnicas<\/strong><br data-start=\"2060\" data-end=\"2063\">\u2022 . Modelo: DJI Mavic 4 Pro Triple Charging Hub<br data-start=\"2116\" data-end=\"2119\">\u2022 . Referencia del fabricante: DJI Mavic 4 Pro Charging Hub<br data-start=\"2176\" data-end=\"2179\">\u2022 . EAN: 6937224109971<br data-start=\"2200\" data-end=\"2203\">\u2022 . Entrada USB-C: 5\u201320 V, hasta 5 A<br data-start=\"2236\" data-end=\"2239\">\u2022 . Entrada Mini SDC: 11,2\u201317,6 V, hasta 15 A<br data-start=\"2281\" data-end=\"2284\">\u2022 . Puerto de bater\u00eda de salida: 10\u201317,2 V, hasta 12 A<br data-start=\"2330\" data-end=\"2333\">\u2022 . Alimentaci\u00f3n USB-C: hasta 100 W<br data-start=\"2361\" data-end=\"2364\" data-is-only-node=\"\">\u2022 . Potencia Mini SDC: hasta 240 W (15 A)<br data-start=\"2402\" data-end=\"2405\">\u2022 . Compatibilidad: Bater\u00eda de vuelo inteligente DJI Mavic 4 Pro, adaptador de corriente DJI Mavic de 240 W, cargador DJI USB-C de 100 W<\/p>\n<p data-start=\"2033\" data-end=\"2535\"><\/p>\n<p data-start=\"2537\" data-end=\"2800\"><strong data-start=\"2537\" data-end=\"2565\">Informaci\u00f3n de embalaje<\/strong><br data-start=\"2565\" data-end=\"2568\">\u2022 . Peso del paquete: 233 g<br data-start=\"2595\" data-end=\"2598\">\u2022 . Dimensiones del paquete (LxAxA): No especificado por el fabricante<\/p>\n<p data-start=\"2537\" data-end=\"2800\"><br data-start=\"2665\" data-end=\"2668\"><b><br \/>\n\u2022 . Nota:<\/b> Im\u00e1genes ilustrativas. Dron y cargador no incluidos. Consulte el contenido del paquete y los detalles en las especificaciones del producto.  <\/p>\n<p data-start=\"2537\" data-end=\"2800\"><\/p>\n","protected":false},"excerpt":{"rendered":"<p>Concentrador de carga triple DJI para DJI Mavic 4 Pro (concentrador de carga paralelo) Funciones\u2022 . Carga hasta 3 bater\u00edas<\/p>\n","protected":false},"featured_media":43955,"comment_status":"closed","ping_status":"open","template":"","meta":{"_acf_changed":false},"product_brand":[2542],"product_cat":[936],"product_tag":[],"class_list":{"0":"post-72316","1":"product","2":"type-product","3":"status-publish","4":"has-post-thumbnail","6":"product_brand-dji-es","7":"product_cat-accesorios-drones","9":"first","10":"pre-order","11":"taxable","12":"shipping-taxable","13":"purchasable","14":"product-type-simple"},"bundled_by":[],"bundle_stock_status":"pre-order","bundle_stock_quantity":0,"bundle_virtual":false,"bundle_layout":"","bundle_add_to_cart_form_location":"","bundle_editable_in_cart":false,"bundle_sold_individually_context":"","bundle_item_grouping":"","bundle_min_size":"","bundle_max_size":"","bundle_price":[],"bundled_items":[],"bundle_sell_ids":[],"acf":[],"_links":{"self":[{"href":"https:\/\/hi-techwonder.com\/es\/wp-json\/wp\/v2\/product\/72316","targetHints":{"allow":["GET"]}}],"collection":[{"href":"https:\/\/hi-techwonder.com\/es\/wp-json\/wp\/v2\/product"}],"about":[{"href":"https:\/\/hi-techwonder.com\/es\/wp-json\/wp\/v2\/types\/product"}],"replies":[{"embeddable":true,"href":"https:\/\/hi-techwonder.com\/es\/wp-json\/wp\/v2\/comments?post=72316"}],"wp:featuredmedia":[{"embeddable":true,"href":"https:\/\/hi-techwonder.com\/es\/wp-json\/wp\/v2\/media\/43955"}],"wp:attachment":[{"href":"https:\/\/hi-techwonder.com\/es\/wp-json\/wp\/v2\/media?parent=72316"}],"wp:term":[{"taxonomy":"product_brand","embeddable":true,"href":"https:\/\/hi-techwonder.com\/es\/wp-json\/wp\/v2\/product_brand?post=72316"},{"taxonomy":"product_cat","embeddable":true,"href":"https:\/\/hi-techwonder.com\/es\/wp-json\/wp\/v2\/product_cat?post=72316"},{"taxonomy":"product_tag","embeddable":true,"href":"https:\/\/hi-techwonder.com\/es\/wp-json\/wp\/v2\/product_tag?post=72316"}],"curies":[{"name":"wp","href":"https:\/\/api.w.org\/{rel}","templated":true}]}}