{"id":72320,"date":"2025-07-28T23:32:25","date_gmt":"2025-07-28T23:32:25","guid":{"rendered":"https:\/\/fv6qoy3ls0.wpdns.site\/produto\/centro-de-carga-dji-para-baterias-avata-2\/"},"modified":"2026-01-31T03:50:40","modified_gmt":"2026-01-31T03:50:40","slug":"dji-centro-de-carga-dji-para-baterias-avata-2","status":"publish","type":"product","link":"https:\/\/hi-techwonder.com\/es\/producto\/dji-centro-de-carga-dji-para-baterias-avata-2\/","title":{"rendered":"DJI Centro de carga para bater\u00edas Avata 2"},"content":{"rendered":"<p><strong>Centro de carga DJI para bater\u00edas Avata 2<\/strong><\/p>\n<p><strong>Funciones:<\/strong><\/p>\n<ul>\n<li>Para bater\u00edas de vuelo DJI Avata 2<\/li>\n<li>Carga hasta 3 bater\u00edas en secuencia<\/li>\n<li>Funci\u00f3n de acumulaci\u00f3n de energ\u00eda<\/li>\n<li>Carga de dispositivos m\u00f3viles a trav\u00e9s de USB<\/li>\n<\/ul>\n<p><strong>Contenido del paquete:<\/strong><\/p>\n<ul>\n<li>Centro de carga bidireccional DJI para bater\u00edas de vuelo inteligente Avata 2<\/li>\n<\/ul>\n<p>Proporciona almacenamiento, carga y acumulaci\u00f3n de energ\u00eda para bater\u00edas. Junto con el cargador port\u00e1til DJI de 65 W, puede cargar completamente una bater\u00eda de vuelo inteligente en solo 45 minutos. Puede cargar tres bater\u00edas secuencialmente a la vez, eliminando la molestia de cargarlas una por una. Tambi\u00e9n puede servir como un banco de energ\u00eda m\u00f3vil para cargar dispositivos como DJI Goggles y tel\u00e9fonos inteligentes.   <\/p>\n<p><strong>Compatibilidad:<\/strong><\/p>\n<ul>\n<li>DJI Avata 2<\/li>\n<\/ul>\n<p><strong>Caracter\u00edsticas t\u00e9cnicas:<\/strong><\/p>\n<ul>\n<li>Entrada: 5-20 V, m\u00e1x. 3 A <\/li>\n<li>Entrada (acumulaci\u00f3n de energ\u00eda): M\u00e1x. 65 W <\/li>\n<li>Salida (carga): M\u00e1x. 17 V <\/li>\n<li>Salida (USB): 5 V, 2 A<\/li>\n<li>M\u00e9todo de carga: Tres bater\u00edas cargadas en secuencia<\/li>\n<li>Cargadores recomendados: Cargador port\u00e1til DJI de 65 W, cargador de coche DJI de 65 W u otros cargadores USB Power Delivery<\/li>\n<\/ul>\n","protected":false},"excerpt":{"rendered":"<p>Centro de carga DJI para bater\u00edas Avata 2 Funciones: Para bater\u00edas de vuelo DJI Avata 2 Carga hasta 3 bater\u00edas<\/p>\n","protected":false},"featured_media":23538,"comment_status":"closed","ping_status":"closed","template":"","meta":{"_acf_changed":false},"product_brand":[2542],"product_cat":[868],"product_tag":[],"class_list":{"0":"post-72320","1":"product","2":"type-product","3":"status-publish","4":"has-post-thumbnail","6":"product_brand-dji-es","7":"product_cat-dji-cargadores","9":"first","10":"onbackorder","11":"taxable","12":"shipping-taxable","13":"purchasable","14":"product-type-simple"},"bundled_by":[],"bundle_stock_status":"onbackorder","bundle_stock_quantity":null,"bundle_virtual":false,"bundle_layout":"","bundle_add_to_cart_form_location":"","bundle_editable_in_cart":false,"bundle_sold_individually_context":"","bundle_item_grouping":"","bundle_min_size":"","bundle_max_size":"","bundle_price":[],"bundled_items":[],"bundle_sell_ids":[],"acf":[],"_links":{"self":[{"href":"https:\/\/hi-techwonder.com\/es\/wp-json\/wp\/v2\/product\/72320","targetHints":{"allow":["GET"]}}],"collection":[{"href":"https:\/\/hi-techwonder.com\/es\/wp-json\/wp\/v2\/product"}],"about":[{"href":"https:\/\/hi-techwonder.com\/es\/wp-json\/wp\/v2\/types\/product"}],"replies":[{"embeddable":true,"href":"https:\/\/hi-techwonder.com\/es\/wp-json\/wp\/v2\/comments?post=72320"}],"wp:featuredmedia":[{"embeddable":true,"href":"https:\/\/hi-techwonder.com\/es\/wp-json\/wp\/v2\/media\/23538"}],"wp:attachment":[{"href":"https:\/\/hi-techwonder.com\/es\/wp-json\/wp\/v2\/media?parent=72320"}],"wp:term":[{"taxonomy":"product_brand","embeddable":true,"href":"https:\/\/hi-techwonder.com\/es\/wp-json\/wp\/v2\/product_brand?post=72320"},{"taxonomy":"product_cat","embeddable":true,"href":"https:\/\/hi-techwonder.com\/es\/wp-json\/wp\/v2\/product_cat?post=72320"},{"taxonomy":"product_tag","embeddable":true,"href":"https:\/\/hi-techwonder.com\/es\/wp-json\/wp\/v2\/product_tag?post=72320"}],"curies":[{"name":"wp","href":"https:\/\/api.w.org\/{rel}","templated":true}]}}