{"id":72321,"date":"2025-07-29T08:58:06","date_gmt":"2025-07-29T08:58:06","guid":{"rendered":"https:\/\/fv6qoy3ls0.wpdns.site\/produto\/combo-dji-flip-fly-more-dji-rc-2\/"},"modified":"2026-04-09T10:33:29","modified_gmt":"2026-04-09T09:33:29","slug":"dji-combo-dji-flip-fly-more-dji-rc-2","status":"publish","type":"product","link":"https:\/\/hi-techwonder.com\/es\/producto\/dji-combo-dji-flip-fly-more-dji-rc-2\/","title":{"rendered":"Combo DJI Flip Fly More (DJI RC 2)"},"content":{"rendered":"<h3><strong>Combo DJI Flip Fly More (DJI RC 2)<\/strong><\/h3>\n<hr>\n<h4><strong>Funciones<\/strong><\/h4>\n<ul>\n<li><strong>DJI Flip con kit completo de accesorios<\/strong><br \/>Incluye el dron DJI Flip, el control remoto DJI RC 2, bater\u00edas adicionales y un centro de carga para un mayor tiempo de vuelo y comodidad.<\/li>\n<li><strong>Protectores de h\u00e9lice plegables<\/strong><br \/>Seguridad total sin renunciar a la portabilidad, apta para principiantes o usuarios avanzados.<\/li>\n<li><strong>Menos de 249 g<\/strong><br \/>Facilidad de transporte, que requiere registro adicional en muchos pa\u00edses (consulte la legislaci\u00f3n local).<\/li>\n<li><strong>C\u00e1mara avanzada<\/strong><br \/>Sensor de 1\/1,3&#8243; para fotos de 48 MP y v\u00eddeos 4K HDR a 60 fps, adem\u00e1s de c\u00e1mara lenta 4K\/100 fps.<\/li>\n<li><strong>Seguimiento de IA<\/strong><br \/>Mantiene el objetivo resaltado para capturar videos y fotos con gran estabilidad.<\/li>\n<li><strong>Tiempo de vuelo extendido<\/strong><br \/>El combo incluye bater\u00edas adicionales y un centro de carga paralelo (admite la carga de dos bater\u00edas simult\u00e1neamente).<\/li>\n<li><strong>Conectividad O4<\/strong><br \/>Transmisi\u00f3n de 1080p \/ 60fps hasta 13 km de distancia, con capacidad antiinterferente avanzada.<\/li>\n<\/ul>\n<p><iframe loading=\"lazy\" frameborder=\"0\" src=\"https:\/\/www.youtube.com\/embed\/KmEdcFcJUuo\" width=\"640\" height=\"360\"><\/iframe><\/p>\n<hr>\n<h4><strong>Contenido del paquete (DJI Flip Fly More Combo (DJI RC 2))<\/strong><\/h4>\n<ul>\n<li>1 \u00d7 <strong>Avi\u00f3n DJI Flip<\/strong><\/li>\n<li>1 \u00d7 Mando a distancia <strong>DJI RC 2<\/strong><\/li>\n<li>3 \u00d7 Bater\u00eda de vuelo inteligente (total, incluida la instalada)<\/li>\n<li>1 \u00d7 Concentrador de carga en paralelo (carga 2 bater\u00edas simult\u00e1neamente)<\/li>\n<li>1 \u00d7 Juego de h\u00e9lices (pares) + h\u00e9lices de repuesto<\/li>\n<li>1 \u00d7 Cargador o adaptador de corriente adecuado<\/li>\n<li>1 \u00d7 Manual de usuario y documentaci\u00f3n<\/li>\n<\/ul>\n<p><em>(El contenido exacto puede variar seg\u00fan las regiones o las campa\u00f1as promocionales).<\/em><\/p>\n<hr>\n<h4><strong>Descripci\u00f3n<\/strong><\/h4>\n<p>El <strong>DJI Flip Fly More Combo (DJI RC 2)<\/strong> re\u00fane el potente dron DJI Flip con todos los accesorios esenciales para una mayor autonom\u00eda y comodidad. Recibe bater\u00edas adicionales, el hub de carga en paralelo y el mando a distancia <strong>DJI RC 2<\/strong>, que ofrece una pantalla integrada de 5,5\u00bb y 700 nits de brillo, simplificando el vuelo sin necesidad de un smartphone. <\/p>\n<p>Este conjunto optimizado garantiza m\u00e1s tiempo de vuelo (hasta 31 minutos por bater\u00eda), recargas m\u00e1s r\u00e1pidas y la comodidad de volar en m\u00faltiples sesiones. Conserva las mismas capacidades que el DJI Flip: un dise\u00f1o plegable ultraligero, sensor de 1\/1,3&#8243; para captura 4K HDR y c\u00e1mara lenta 4K\/100fps. El seguimiento de sujetos con IA, el control por voz y la transmisi\u00f3n estable de O4 completan el paquete, lo que lo hace ideal para los creadores que necesitan eficiencia y versatilidad.  <\/p>\n<hr>\n<h4><strong>Especificaciones t\u00e9cnicas (DJI Flip Fly More Combo (DJI RC 2))<\/strong><\/h4>\n<ul>\n<li><strong>Peso (avi\u00f3n):<\/strong> 249 g (aprox.)<\/li>\n<li><strong>Control remoto:<\/strong> DJI RC 2 (pantalla de 5,5&#8243;, 700 nits)<\/li>\n<li><strong>Capacidad de la c\u00e1mara:<\/strong> Fotos de 48 MP, video 4K\/60 fps en HDR, c\u00e1mara lenta 4K\/100 fps<\/li>\n<li><strong>Transmisi\u00f3n de video:<\/strong> Hasta 13 km, 1080p\/60 fps<\/li>\n<li><strong>Bater\u00edas de vuelo inteligentes:<\/strong> 3 unidades (tiempo m\u00e1ximo de vuelo de 31 min cada una)<\/li>\n<li><strong>Centro de carga paralelo:<\/strong> Carga hasta 2 bater\u00edas simult\u00e1neamente<\/li>\n<li><strong>Modos de vuelo inteligentes:<\/strong> Sigue AI, MasterShots, Hyperlapse, FocusTrack, etc.<\/li>\n<li><strong>Conectividad:<\/strong> Wi-Fi, Bluetooth, control por voz (ingl\u00e9s\/chino)<\/li>\n<li><strong>Rango de temperatura de funcionamiento:<\/strong> 0\u201340 \u00b0C (aprox.)<\/li>\n<\/ul>\n<hr>\n<h4><strong>Informaci\u00f3n adicional<\/strong><\/h4>\n<p>Nota: Im\u00e1genes demostrativas. Consulte las leyes de vuelo locales antes de usarlo. El centro de carga requiere un cargador con una potencia de salida de m\u00e1s de 65 W para cargar dos bater\u00edas simult\u00e1neamente.  <\/p>\n","protected":false},"excerpt":{"rendered":"<p>Combo DJI Flip Fly More (DJI RC 2) Funciones DJI Flip con kit completo de accesoriosIncluye el dron DJI Flip,<\/p>\n","protected":false},"featured_media":43570,"comment_status":"closed","ping_status":"open","template":"","meta":{"_acf_changed":false},"product_brand":[2542],"product_cat":[937],"product_tag":[],"class_list":{"0":"post-72321","1":"product","2":"type-product","3":"status-publish","4":"has-post-thumbnail","6":"product_brand-dji-es","7":"product_cat-drones-drones-es","9":"first","10":"instock","11":"sale","12":"taxable","13":"shipping-taxable","14":"purchasable","15":"product-type-simple"},"bundled_by":[],"bundle_stock_status":"instock","bundle_stock_quantity":1,"bundle_virtual":false,"bundle_layout":"","bundle_add_to_cart_form_location":"","bundle_editable_in_cart":false,"bundle_sold_individually_context":"","bundle_item_grouping":"","bundle_min_size":"","bundle_max_size":"","bundle_price":[],"bundled_items":[],"bundle_sell_ids":[],"acf":[],"_links":{"self":[{"href":"https:\/\/hi-techwonder.com\/es\/wp-json\/wp\/v2\/product\/72321","targetHints":{"allow":["GET"]}}],"collection":[{"href":"https:\/\/hi-techwonder.com\/es\/wp-json\/wp\/v2\/product"}],"about":[{"href":"https:\/\/hi-techwonder.com\/es\/wp-json\/wp\/v2\/types\/product"}],"replies":[{"embeddable":true,"href":"https:\/\/hi-techwonder.com\/es\/wp-json\/wp\/v2\/comments?post=72321"}],"wp:featuredmedia":[{"embeddable":true,"href":"https:\/\/hi-techwonder.com\/es\/wp-json\/wp\/v2\/media\/43570"}],"wp:attachment":[{"href":"https:\/\/hi-techwonder.com\/es\/wp-json\/wp\/v2\/media?parent=72321"}],"wp:term":[{"taxonomy":"product_brand","embeddable":true,"href":"https:\/\/hi-techwonder.com\/es\/wp-json\/wp\/v2\/product_brand?post=72321"},{"taxonomy":"product_cat","embeddable":true,"href":"https:\/\/hi-techwonder.com\/es\/wp-json\/wp\/v2\/product_cat?post=72321"},{"taxonomy":"product_tag","embeddable":true,"href":"https:\/\/hi-techwonder.com\/es\/wp-json\/wp\/v2\/product_tag?post=72321"}],"curies":[{"name":"wp","href":"https:\/\/api.w.org\/{rel}","templated":true}]}}