{"id":72323,"date":"2025-07-29T08:59:52","date_gmt":"2025-07-29T08:59:52","guid":{"rendered":"https:\/\/fv6qoy3ls0.wpdns.site\/produto\/helices-dji-para-dji-mini-4-pro-mini-3-pro\/"},"modified":"2026-05-04T16:51:03","modified_gmt":"2026-05-04T15:51:03","slug":"dji-helices-dji-para-dji-mini-4-pro-mini-3-pro","status":"publish","type":"product","link":"https:\/\/hi-techwonder.com\/es\/producto\/dji-helices-dji-para-dji-mini-4-pro-mini-3-pro\/","title":{"rendered":"H\u00e9lices DJI para DJI Mini 4 Pro \/ Mini 3 Pro"},"content":{"rendered":"<p><strong>H\u00e9lices DJI para <\/strong><b>DJI Mini 4 Pro \/ Mini 3 Pro<\/b><\/p>\n<p><strong>Contenido del paquete:<\/strong><\/p>\n<ul>\n<li>2 x H\u00e9lices (par)<\/li>\n<li>12 x Tornillos<\/li>\n<\/ul>\n<p><strong>Compatibilidad:<\/strong><\/p>\n<ul>\n<li>DJI Drone Mini 4 Pro<\/li>\n<li>DJI Drone Mini 3 Pro&nbsp;<\/li>\n<\/ul>\n<p><\/p>\n<p>Las h\u00e9lices fabricadas especialmente para DJI Mini 3 \/ Mini 3 Pro producen menos ruido y se han sometido a pruebas precisas de equilibrio din\u00e1mico para proporcionar una mayor eficiencia aerodin\u00e1mica y un potente empuje al dron.<\/p>\n<p>Nota: Siga las instrucciones y fije las h\u00e9lices a los brazos de bastidor correctos. Al cambiar las h\u00e9lices, use las h\u00e9lices en el mismo paquete. No mezcle h\u00e9lices de diferentes envases.  <\/p>\n<p><strong>Caracter\u00edsticas t\u00e9cnicas:<\/strong><\/p>\n<ul>\n<li>Di\u00e1metro \u00d7 Paso de rosca: 15,2 x 7,6 cm<\/li>\n<li>Peso (cada uno): 0,9 g<\/li>\n<\/ul>\n","protected":false},"excerpt":{"rendered":"<p>H\u00e9lices DJI para DJI Mini 4 Pro \/ Mini 3 Pro Contenido del paquete: 2 x H\u00e9lices (par) 12 x<\/p>\n","protected":false},"featured_media":43726,"comment_status":"closed","ping_status":"open","template":"","meta":{"_acf_changed":false},"product_brand":[2542],"product_cat":[936],"product_tag":[],"class_list":{"0":"post-72323","1":"product","2":"type-product","3":"status-publish","4":"has-post-thumbnail","6":"product_brand-dji-es","7":"product_cat-accesorios-drones","9":"first","10":"instock","11":"taxable","12":"shipping-taxable","13":"purchasable","14":"product-type-simple"},"bundled_by":[],"bundle_stock_status":"instock","bundle_stock_quantity":1,"bundle_virtual":false,"bundle_layout":"","bundle_add_to_cart_form_location":"","bundle_editable_in_cart":false,"bundle_sold_individually_context":"","bundle_item_grouping":"","bundle_min_size":"","bundle_max_size":"","bundle_price":[],"bundled_items":[],"bundle_sell_ids":[],"acf":[],"_links":{"self":[{"href":"https:\/\/hi-techwonder.com\/es\/wp-json\/wp\/v2\/product\/72323","targetHints":{"allow":["GET"]}}],"collection":[{"href":"https:\/\/hi-techwonder.com\/es\/wp-json\/wp\/v2\/product"}],"about":[{"href":"https:\/\/hi-techwonder.com\/es\/wp-json\/wp\/v2\/types\/product"}],"replies":[{"embeddable":true,"href":"https:\/\/hi-techwonder.com\/es\/wp-json\/wp\/v2\/comments?post=72323"}],"wp:featuredmedia":[{"embeddable":true,"href":"https:\/\/hi-techwonder.com\/es\/wp-json\/wp\/v2\/media\/43726"}],"wp:attachment":[{"href":"https:\/\/hi-techwonder.com\/es\/wp-json\/wp\/v2\/media?parent=72323"}],"wp:term":[{"taxonomy":"product_brand","embeddable":true,"href":"https:\/\/hi-techwonder.com\/es\/wp-json\/wp\/v2\/product_brand?post=72323"},{"taxonomy":"product_cat","embeddable":true,"href":"https:\/\/hi-techwonder.com\/es\/wp-json\/wp\/v2\/product_cat?post=72323"},{"taxonomy":"product_tag","embeddable":true,"href":"https:\/\/hi-techwonder.com\/es\/wp-json\/wp\/v2\/product_tag?post=72323"}],"curies":[{"name":"wp","href":"https:\/\/api.w.org\/{rel}","templated":true}]}}