{"id":72324,"date":"2025-07-29T08:58:06","date_gmt":"2025-07-29T08:58:06","guid":{"rendered":"https:\/\/fv6qoy3ls0.wpdns.site\/produto\/dji-flip-dji-rc-n3\/"},"modified":"2026-05-07T00:55:30","modified_gmt":"2026-05-06T23:55:30","slug":"dji-flip-dji-rc-n3","status":"publish","type":"product","link":"https:\/\/hi-techwonder.com\/es\/producto\/dji-flip-dji-rc-n3\/","title":{"rendered":"DJI Flip (DJI RC-N3)"},"content":{"rendered":"<h3><strong>DJI Flip<\/strong><\/h3>\n<hr>\n<h4><strong>Funciones<\/strong><\/h4>\n<ul>\n<li><strong>Dise\u00f1o plegable y ultracompacto<\/strong><br \/>Facilita su transporte y cabe en la palma de la mano, con un peso inferior a 249 g (aprox.).<\/li>\n<li><strong>Protecci\u00f3n completa de la h\u00e9lice<\/strong><br \/>Primer dron DJI con protectores de h\u00e9lice plegables, que combina ligereza y seguridad \u00f3ptima.<\/li>\n<li><strong>Despegue de la palma de la mano<\/strong><br \/>Permite iniciar el vuelo f\u00e1cilmente, sin necesidad de mando a distancia.<\/li>\n<li><strong>Seguimiento de sujetos con IA<\/strong><br \/>Mantiene el sujeto principal perfectamente encuadrado, capturando videos de forma natural.<\/li>\n<li><strong>Sensor CMOS de 1\/1,3&#8243;<\/strong><br \/>Produce fotos de 48MP y videos 4K a 60 fps en HDR, con p\u00edxeles 4 en 1 de 2.4 \u03bcm.<\/li>\n<li><strong>Modo de color D-Log M de 10 bits<\/strong><br \/>Registra hasta mil millones de colores, con mayor rango din\u00e1mico y flexibilidad en la edici\u00f3n.<\/li>\n<li><strong>Velocidad de escritura lenta 4K \/ 100 fps<\/strong><br \/>Efectos de c\u00e1mara lenta para mejorar las actividades deportivas y los momentos de acci\u00f3n.<\/li>\n<li><strong>Transmisi\u00f3n de v\u00eddeo hasta 13 km<\/strong><br \/>Admite transmisi\u00f3n de 1080p \/ 60 fps, con alta capacidad antiinterferente (en entorno abierto).<\/li>\n<li><strong>Tiempo m\u00e1ximo de vuelo 31 minutos<\/strong><br \/>Permite grabaciones y fotograf\u00edas extendidas, minimizando los cambios de bater\u00eda.<\/li>\n<li><strong>Control a trav\u00e9s de Wi-Fi<\/strong><br \/>Conexi\u00f3n r\u00e1pida con el smartphone, sin necesidad del mando a distancia, y posibilidad de control por voz en ingl\u00e9s o chino.<\/li>\n<\/ul>\n<p><iframe loading=\"lazy\" frameborder=\"0\" src=\"https:\/\/www.youtube.com\/embed\/KmEdcFcJUuo\" width=\"640\" height=\"360\" class=\"note-video-clip\" referrerpolicy=\"strict-origin-when-cross-origin\"><\/iframe><\/p>\n<hr>\n<h4><strong>Contenido del paquete (DJI Flip)<\/strong><\/h4>\n<ul>\n<li>1 \u00d7 <strong>Avi\u00f3n DJI Flip<\/strong><\/li>\n<li>1 \u00d7 Mando a distancia <strong>DJI RC-N3<\/strong><\/li>\n<li>1 \u00d7 Bater\u00eda de vuelo inteligente<\/li>\n<li>1 \u00d7 Juego de h\u00e9lices (pares)<\/li>\n<li>1 \u00d7 Cable de alimentaci\u00f3n y\/o cable de datos<\/li>\n<li>1 \u00d7 Manual de usuario<\/li>\n<\/ul>\n<p><em>(Nota: Los accesorios adicionales pueden variar seg\u00fan la regi\u00f3n o el kit).<\/em><\/p>\n<hr>\n<h4><strong>Descripci\u00f3n<\/strong><\/h4>\n<p>El <strong>DJI Flip<\/strong> presenta una innovadora forma plegable con protectores de h\u00e9lice livianos y resistentes, lo que brinda una experiencia de vuelo simple y segura. Con menos de 249 g, est\u00e1 exento de registros adicionales en la mayor\u00eda de los pa\u00edses, lo que permite a los nuevos usuarios comenzar a volar con confianza. <\/p>\n<p>El seguimiento de IA ofrece un encuadre din\u00e1mico y un seguimiento estable del sujeto. El sensor CMOS de 1\/1,3&#8243; captura fotos de 48 MP y grabaciones 4K HDR, lo que garantiza una excelente calidad de imagen. La versatilidad para el despegue de la palma de la mano y el control por voz o Wi-Fi hacen de DJI Flip el compa\u00f1ero ideal de vlogs y viajes.  <\/p>\n<hr>\n<h4><strong>Especificaciones t\u00e9cnicas (DJI Flip)<\/strong><\/h4>\n<ul>\n<li><strong>Peso aproximado:<\/strong> 249 g<\/li>\n<li><strong>Protectores de h\u00e9lice:<\/strong> Plegable, cobertura total<\/li>\n<li><strong>Distancia m\u00e1xima de transmisi\u00f3n:<\/strong> Hasta 13 km<\/li>\n<li><strong>C\u00e1mara:<\/strong>\n<ul>\n<li>Sensor: CMOS de 1\/1,3&#8243;<\/li>\n<li>Resoluciones: video de hasta 4K \/ 60 fps en HDR, fotos de 48MP<\/li>\n<li>Modo de color: D-Log M (10 bits)<\/li>\n<\/ul>\n<\/li>\n<li><strong>Bater\u00eda de vuelo inteligente:<\/strong> Autonom\u00eda hasta 31 minutos<\/li>\n<li><strong>Modos inteligentes:<\/strong> Follow (IA), MasterShots, Hyperlapse, FocusTrack (ActiveTrack 4.0, Spotlight 2.0, Point of Interest 3.0), Panorama<\/li>\n<li><strong>Velocidades de escritura lentas:<\/strong> 4K a 100 fps<\/li>\n<li><strong>Conectividad:<\/strong> Wi-Fi Direct, Bluetooth, mando a distancia RC-N3<\/li>\n<li><strong>Control por voz:<\/strong> Disponible en ingl\u00e9s o chino<\/li>\n<li><strong>Temperatura de funcionamiento:<\/strong> 0\u201340 \u00b0C (aprox.)<\/li>\n<\/ul>\n<hr>\n<h4><strong>Informaci\u00f3n adicional<\/strong><\/h4>\n<p>Nota: Las im\u00e1genes son solo para fines ilustrativos. Consulte las leyes y regulaciones de vuelo locales antes de usar. Los equipos adicionales, como un centro de carga o filtros ND, se venden por separado.  <\/p>\n","protected":false},"excerpt":{"rendered":"<p>DJI Flip Funciones Dise\u00f1o plegable y ultracompactoFacilita su transporte y cabe en la palma de la mano, con un peso<\/p>\n","protected":false},"featured_media":43532,"comment_status":"closed","ping_status":"closed","template":"","meta":{"_acf_changed":false},"product_brand":[187],"product_cat":[313],"product_tag":[],"class_list":{"0":"post-72324","1":"product","2":"type-product","3":"status-publish","4":"has-post-thumbnail","6":"product_brand-dji","7":"product_cat-drones-2","8":"pa_cartoes-memoria-compativeis-microsd","9":"pa_resolucao-de-video-4k","10":"pa_resolucao-mp-48-mp","11":"pa_sensor-1-1-3-polegadas","13":"first","14":"pre-order","15":"sale","16":"taxable","17":"shipping-taxable","18":"purchasable","19":"product-type-simple"},"bundled_by":[],"bundle_stock_status":"pre-order","bundle_stock_quantity":null,"bundle_virtual":false,"bundle_layout":"","bundle_add_to_cart_form_location":"","bundle_editable_in_cart":false,"bundle_sold_individually_context":"","bundle_item_grouping":"","bundle_min_size":"","bundle_max_size":"","bundle_price":[],"bundled_items":[],"bundle_sell_ids":[],"acf":[],"_links":{"self":[{"href":"https:\/\/hi-techwonder.com\/es\/wp-json\/wp\/v2\/product\/72324","targetHints":{"allow":["GET"]}}],"collection":[{"href":"https:\/\/hi-techwonder.com\/es\/wp-json\/wp\/v2\/product"}],"about":[{"href":"https:\/\/hi-techwonder.com\/es\/wp-json\/wp\/v2\/types\/product"}],"replies":[{"embeddable":true,"href":"https:\/\/hi-techwonder.com\/es\/wp-json\/wp\/v2\/comments?post=72324"}],"wp:featuredmedia":[{"embeddable":true,"href":"https:\/\/hi-techwonder.com\/es\/wp-json\/wp\/v2\/media\/43532"}],"wp:attachment":[{"href":"https:\/\/hi-techwonder.com\/es\/wp-json\/wp\/v2\/media?parent=72324"}],"wp:term":[{"taxonomy":"product_brand","embeddable":true,"href":"https:\/\/hi-techwonder.com\/es\/wp-json\/wp\/v2\/product_brand?post=72324"},{"taxonomy":"product_cat","embeddable":true,"href":"https:\/\/hi-techwonder.com\/es\/wp-json\/wp\/v2\/product_cat?post=72324"},{"taxonomy":"product_tag","embeddable":true,"href":"https:\/\/hi-techwonder.com\/es\/wp-json\/wp\/v2\/product_tag?post=72324"}],"curies":[{"name":"wp","href":"https:\/\/api.w.org\/{rel}","templated":true}]}}