{"id":72328,"date":"2025-07-28T23:48:37","date_gmt":"2025-07-28T23:48:37","guid":{"rendered":"https:\/\/fv6qoy3ls0.wpdns.site\/produto\/dji-lavalier-mic-microfono-de-solapa\/"},"modified":"2026-03-02T14:58:28","modified_gmt":"2026-03-02T14:58:28","slug":"dji-lavalier-mic-microfono-de-solapa","status":"publish","type":"product","link":"https:\/\/hi-techwonder.com\/es\/producto\/dji-lavalier-mic-microfono-de-solapa\/","title":{"rendered":"DJI Lavalier Mic &#8211; Micr\u00f3fono de solapa"},"content":{"rendered":"<p><strong>DJI Lavalier Mic &#8211; Micr\u00f3fono de solapa<\/strong><\/p>\n<p><strong>Funciones:<\/strong><\/p>\n<ul>\n<li>Conector TRS de \u00e1ngulo recto de 3,5 mm<\/li>\n<li>Patr\u00f3n de captaci\u00f3n omnidireccional<\/li>\n<li>Dise\u00f1o de cable giratorio<\/li>\n<li>Con esponja para micr\u00f3fono de solapa<\/li>\n<\/ul>\n<p><strong>Contenido del paquete:<\/strong><\/p>\n<ul>\n<li>1 x Micr\u00f3fono de solapa DJI (micr\u00f3fono de solapa)<\/li>\n<li>1 x Clip<\/li>\n<li>1 x Esponja<\/li>\n<\/ul>\n<p>El dise\u00f1o giratorio \u00fanico permite una grabaci\u00f3n flexible, mientras que el dise\u00f1o de enrutamiento de cables evita desconexiones accidentales. Compacto y f\u00e1cil de ocultar, garantiza una calidad de sonido excepcional para entrevistas, vlogs, transmisiones en vivo y m\u00e1s. <\/p>\n<p><strong>Compatibilidad<\/strong><\/p>\n<ul>\n<li>Micr\u00f3fono DJI&nbsp;<\/li>\n<li>Micr\u00f3fono DJI 2<\/li>\n<\/ul>\n<p><strong>Caracter\u00edsticas t\u00e9cnicas:<\/strong><\/p>\n<ul>\n<li>Tipo de micr\u00f3fono: Lavalier<\/li>\n<li>Fuentes de sonido previstas: Voz\/Voz en off<\/li>\n<li>Campo de sonido: Mono<\/li>\n<li>Patr\u00f3n polar: omnidireccional<\/li>\n<li>Conector de salida: 1x TRS de 3,5 mm<\/li>\n<li>Fuentes de alimentaci\u00f3n: Alimentaci\u00f3n enchufable<\/li>\n<li>Color: Negro<\/li>\n<\/ul>\n","protected":false},"excerpt":{"rendered":"<p>DJI Lavalier Mic &#8211; Micr\u00f3fono de solapa Funciones: Conector TRS de \u00e1ngulo recto de 3,5 mm Patr\u00f3n de captaci\u00f3n omnidireccional<\/p>\n","protected":false},"featured_media":28119,"comment_status":"closed","ping_status":"open","template":"","meta":{"_acf_changed":false},"product_brand":[2542],"product_cat":[896],"product_tag":[],"class_list":{"0":"post-72328","1":"product","2":"type-product","3":"status-publish","4":"has-post-thumbnail","6":"product_brand-dji-es","7":"product_cat-solapa","9":"first","10":"instock","11":"taxable","12":"shipping-taxable","13":"purchasable","14":"product-type-simple"},"bundled_by":[],"bundle_stock_status":"instock","bundle_stock_quantity":5,"bundle_virtual":false,"bundle_layout":"","bundle_add_to_cart_form_location":"","bundle_editable_in_cart":false,"bundle_sold_individually_context":"","bundle_item_grouping":"","bundle_min_size":"","bundle_max_size":"","bundle_price":[],"bundled_items":[],"bundle_sell_ids":[],"acf":[],"_links":{"self":[{"href":"https:\/\/hi-techwonder.com\/es\/wp-json\/wp\/v2\/product\/72328","targetHints":{"allow":["GET"]}}],"collection":[{"href":"https:\/\/hi-techwonder.com\/es\/wp-json\/wp\/v2\/product"}],"about":[{"href":"https:\/\/hi-techwonder.com\/es\/wp-json\/wp\/v2\/types\/product"}],"replies":[{"embeddable":true,"href":"https:\/\/hi-techwonder.com\/es\/wp-json\/wp\/v2\/comments?post=72328"}],"wp:featuredmedia":[{"embeddable":true,"href":"https:\/\/hi-techwonder.com\/es\/wp-json\/wp\/v2\/media\/28119"}],"wp:attachment":[{"href":"https:\/\/hi-techwonder.com\/es\/wp-json\/wp\/v2\/media?parent=72328"}],"wp:term":[{"taxonomy":"product_brand","embeddable":true,"href":"https:\/\/hi-techwonder.com\/es\/wp-json\/wp\/v2\/product_brand?post=72328"},{"taxonomy":"product_cat","embeddable":true,"href":"https:\/\/hi-techwonder.com\/es\/wp-json\/wp\/v2\/product_cat?post=72328"},{"taxonomy":"product_tag","embeddable":true,"href":"https:\/\/hi-techwonder.com\/es\/wp-json\/wp\/v2\/product_tag?post=72328"}],"curies":[{"name":"wp","href":"https:\/\/api.w.org\/{rel}","templated":true}]}}