{"id":72333,"date":"2025-07-29T08:59:36","date_gmt":"2025-07-29T08:59:36","guid":{"rendered":"https:\/\/fv6qoy3ls0.wpdns.site\/produto\/dji-mavic-mini-kit-creativo-diy\/"},"modified":"2025-07-29T08:59:36","modified_gmt":"2025-07-29T08:59:36","slug":"dji-mavic-mini-kit-creativo-diy","status":"publish","type":"product","link":"https:\/\/hi-techwonder.com\/es\/producto\/dji-mavic-mini-kit-creativo-diy\/","title":{"rendered":"DJI Mavic Mini Kit Creativo DIY"},"content":{"rendered":"<p>El kit creativo incluye pegatinas en blanco y marcadores autom\u00e1ticos que permiten a los usuarios personalizar y decorar el <strong>Mavic Mini<\/strong> .  <\/p>\n<p><iframe loading=\"lazy\" style=\"min-height: 500px; width: 100%; height: auto;\" src=\"\/\/www.youtube.com\/embed\/zOSL5hM89Hk\" width=\"560\" height=\"314\" allowfullscreen=\"allowfullscreen\"><\/iframe> <strong>Caracter\u00edsticas principales:<\/strong><\/p>\n<ul>\n<li>  Personaliza tu Mavic Mini<\/li>\n<li>  6 x Mavic Mini Sticker Skins en blanco<\/li>\n<li>  Pel\u00edcula Scotchcal resistente a los rayos UV de 3M<\/li>\n<li>  5 x marcadores de colores<\/li>\n<\/ul>\n<p>  A\u00f1ade un poco de estilo y creatividad a tu Mavic Mini con este kit creativo de bricolaje Mavic Mini de DJI. El kit viene con seis pieles de pegatinas en blanco que se cortan con la forma de la carcasa del Mavic Mini. Usa los cinco marcadores incluidos para dibujar tu propio dise\u00f1o \u00fanico en las pegatinas y apl\u00edcalos al dron. Las pegatinas est\u00e1n hechas de pel\u00edcula 3M Scotchcal y son resistentes a los rayos UV. Para ayudar a garantizar que las pegatinas est\u00e9n correctamente adheridas al casco del Mavic Mini, DJI tambi\u00e9n incluye seis pares de toallitas h\u00famedas \/ secas para preparar el dron para su aplicaci\u00f3n.      <\/p>\n<table class=\"table_o418fscimQZEg1oshu4aX\" style=\"box-sizing: inherit; width: 726.667px; font-family: OpenSans, 'Segoe UI', Helvetica, Roboto, Arial, sans-serif; font-size: 16px; background-color: #ffffff;\" data-selenium=\"specsItemGroupTable\">\n<tbody style=\"box-sizing: inherit;\">\n<tr class=\"pair_3u9fnESIQrtuEu6ye_zM4k\" style=\"box-sizing: inherit; border-bottom: 0.0625rem solid #e7e7e7;\" data-selenium=\"specsItemGroupTableRow\">\n<td class=\"label_3bLwbW8ibvYc5tUwpKVQsL firstSpecWhenNoGroupName_2L9ob5rxYHNpmiwoNrY0FE\" style=\"box-sizing: inherit; width: 275.556px; padding: 0px 0px 1.25rem; border-top: none; vertical-align: baseline; font-size: 1.125rem; color: #666666; line-height: 1.375rem;\" data-selenium=\"specsItemGroupTableColumnLabel\"> <strong>Material de construcci\u00f3n<\/strong> <\/td>\n<td class=\"value_11Av1yGkVYn9TX48mQeu9v firstSpecWhenNoGroupName_2L9ob5rxYHNpmiwoNrY0FE\" style=\"box-sizing: inherit; padding: 0px 0px 1.25rem 2.5rem; vertical-align: baseline; font-size: 1.125rem; color: #666666; line-height: 1.375rem;\" data-selenium=\"specsItemGroupTableColumnValue\"> 3M Pel\u00edcula escocesa (Serie 12A) <\/td>\n<\/tr>\n<tr class=\"pair_3u9fnESIQrtuEu6ye_zM4k\" style=\"box-sizing: inherit; border-bottom: 0.0625rem solid #e7e7e7;\" data-selenium=\"specsItemGroupTableRow\">\n<td class=\"label_3bLwbW8ibvYc5tUwpKVQsL\" style=\"box-sizing: inherit; width: 275.556px; padding: 1.25rem 0px; border-top: none; vertical-align: baseline; font-size: 1.125rem; color: #666666; line-height: 1.375rem;\" data-selenium=\"specsItemGroupTableColumnLabel\"> <strong>Proceso de impresi\u00f3n<\/strong> <\/td>\n<td class=\"value_11Av1yGkVYn9TX48mQeu9v\" style=\"box-sizing: inherit; padding: 1.25rem 0px 1.25rem 2.5rem; vertical-align: baseline; font-size: 1.125rem; color: #666666; line-height: 1.375rem;\" data-selenium=\"specsItemGroupTableColumnValue\"> Impresi\u00f3n UV<\/td>\n<\/tr>\n<\/tbody>\n<\/table>\n<p> <strong>En la caja:<\/strong><\/p>\n<ul>\n<li>  Marcador rojo<\/li>\n<li>  Marcador azul<\/li>\n<li>  Marcador amarillo<\/li>\n<li>  Marcador naranja<\/li>\n<li>  Marcador verde<\/li>\n<li>  6 x Piel de pegatina<\/li>\n<li>  6 x Par de toallitas h\u00famedas\/secas<\/li>\n<\/ul>\n","protected":false},"excerpt":{"rendered":"<p>El kit creativo incluye pegatinas en blanco y marcadores autom\u00e1ticos que permiten a los usuarios personalizar y decorar el Mavic<\/p>\n","protected":false},"featured_media":43696,"comment_status":"closed","ping_status":"open","template":"","meta":{"_acf_changed":false},"product_brand":[2542],"product_cat":[936],"product_tag":[],"class_list":{"0":"post-72333","1":"product","2":"type-product","3":"status-publish","4":"has-post-thumbnail","6":"product_brand-dji-es","7":"product_cat-accesorios-drones","9":"first","10":"instock","11":"taxable","12":"shipping-taxable","13":"purchasable","14":"product-type-simple"},"bundled_by":[],"bundle_stock_status":"instock","bundle_stock_quantity":1,"bundle_virtual":false,"bundle_layout":"","bundle_add_to_cart_form_location":"","bundle_editable_in_cart":false,"bundle_sold_individually_context":"","bundle_item_grouping":"","bundle_min_size":"","bundle_max_size":"","bundle_price":[],"bundled_items":[],"bundle_sell_ids":[],"acf":[],"_links":{"self":[{"href":"https:\/\/hi-techwonder.com\/es\/wp-json\/wp\/v2\/product\/72333","targetHints":{"allow":["GET"]}}],"collection":[{"href":"https:\/\/hi-techwonder.com\/es\/wp-json\/wp\/v2\/product"}],"about":[{"href":"https:\/\/hi-techwonder.com\/es\/wp-json\/wp\/v2\/types\/product"}],"replies":[{"embeddable":true,"href":"https:\/\/hi-techwonder.com\/es\/wp-json\/wp\/v2\/comments?post=72333"}],"wp:featuredmedia":[{"embeddable":true,"href":"https:\/\/hi-techwonder.com\/es\/wp-json\/wp\/v2\/media\/43696"}],"wp:attachment":[{"href":"https:\/\/hi-techwonder.com\/es\/wp-json\/wp\/v2\/media?parent=72333"}],"wp:term":[{"taxonomy":"product_brand","embeddable":true,"href":"https:\/\/hi-techwonder.com\/es\/wp-json\/wp\/v2\/product_brand?post=72333"},{"taxonomy":"product_cat","embeddable":true,"href":"https:\/\/hi-techwonder.com\/es\/wp-json\/wp\/v2\/product_cat?post=72333"},{"taxonomy":"product_tag","embeddable":true,"href":"https:\/\/hi-techwonder.com\/es\/wp-json\/wp\/v2\/product_tag?post=72333"}],"curies":[{"name":"wp","href":"https:\/\/api.w.org\/{rel}","templated":true}]}}