{"id":72334,"date":"2025-07-29T08:58:06","date_gmt":"2025-07-29T08:58:06","guid":{"rendered":"https:\/\/fv6qoy3ls0.wpdns.site\/produto\/dji-flip-dji-rc-2\/"},"modified":"2026-05-07T00:55:30","modified_gmt":"2026-05-06T23:55:30","slug":"dji-flip-dji-rc-2","status":"publish","type":"product","link":"https:\/\/hi-techwonder.com\/es\/producto\/dji-flip-dji-rc-2\/","title":{"rendered":"DJI Flip (DJI RC 2)"},"content":{"rendered":"<h3><strong style=\"color: inherit; --darkreader-inline-color: inherit;\" data-darkreader-inline-color=\"\">DJI Flip (DJI RC 2)<\/strong><\/h3>\n<hr>\n<h4><strong>Funciones<\/strong><\/h4>\n<ul>\n<li><strong>DJI Flip Aircraft con control remoto DJI RC 2<\/strong><br \/>Viene con el DJI RC 2, que integra una pantalla de alto brillo de 5,5 pulgadas a 700 nits, lo que facilita su visualizaci\u00f3n en entornos m\u00e1s brillantes.<\/li>\n<li><strong>Protectores de h\u00e9lice plegables<\/strong><br \/>Seguridad y simplicidad de transporte, manteniendo la aeronave protegida contra impactos.<\/li>\n<li><strong>Menos de 249 g<\/strong><br \/>Ligero y manejable, sin necesidad de registros adicionales en la mayor\u00eda de las regiones (consulte las leyes locales).<\/li>\n<li><strong>Sensor CMOS de 1\/1,3&#8243;<\/strong><br \/>Garantiza fotos de 48 MP y videos 4K de hasta 60 fps con HDR, ofreciendo im\u00e1genes de alta calidad.<\/li>\n<li><strong>Seguimiento de sujetos con IA<\/strong><br \/>Mantiene el objetivo centrado de manera inteligente y estable.<\/li>\n<li><strong>Tiempo de vuelo de hasta 31 minutos<\/strong><br \/>Permitiendo capturas m\u00e1s seguras y menos cambios de bater\u00eda.<\/li>\n<li><strong>Transmisi\u00f3n de video O4<\/strong><br \/>Alcance de hasta 13 km a 1080p\/60 fps, con excelente capacidad antiinterferencias.<\/li>\n<li><strong>Control por voz<\/strong><br \/>Cuando se conecta al tel\u00e9fono inteligente a trav\u00e9s de Wi-Fi, admite comandos de voz (ingl\u00e9s o chino).<\/li>\n<\/ul>\n<p><iframe loading=\"lazy\" frameborder=\"0\" src=\"https:\/\/www.youtube.com\/embed\/KmEdcFcJUuo\" width=\"640\" height=\"360\" class=\"note-video-clip\" referrerpolicy=\"strict-origin-when-cross-origin\"><\/iframe><\/p>\n<hr>\n<h4><strong>Contenido del paquete (DJI Flip (DJI RC 2))<\/strong><\/h4>\n<ul>\n<li>1 \u00d7 <strong>Avi\u00f3n DJI Flip<\/strong><\/li>\n<li>1 \u00d7 <strong>Mando a distancia DJI RC 2<\/strong> (pantalla de 5,5&#8243; 1080p\/700 nits)<\/li>\n<li>1 \u00d7 Bater\u00eda de vuelo inteligente<\/li>\n<li>1 \u00d7 Juego de h\u00e9lices (pares)<\/li>\n<li>1 \u00d7 Adaptador de carga o cables<\/li>\n<li>1 \u00d7 Manual de usuario<\/li>\n<\/ul>\n<p><em>(Las variaciones pueden variar seg\u00fan la regi\u00f3n).<\/em><\/p>\n<hr>\n<h4><strong>Descripci\u00f3n<\/strong><\/h4>\n<p><strong>DJI Flip (DJI RC 2)<\/strong> ofrece la comodidad de volar en un factor de forma ultraligero y plegable, junto con el control remoto inteligente <strong>DJI RC 2<\/strong>, que cuenta con una pantalla de alto brillo incorporada. La pantalla clara del transmisor simplifica el vuelo, eliminando la necesidad de un tel\u00e9fono inteligente en control. <\/p>\n<p>Manteniendo las mismas ventajas de DJI Flip, como la detecci\u00f3n inteligente de sujetos, el modo HDR 4K\/60 fps, la c\u00e1mara lenta 4K\/100 fps y hasta 31 minutos de vuelo, esta versi\u00f3n mejora la experiencia de conducci\u00f3n con una mayor comodidad de visualizaci\u00f3n en entornos con mucha luz. Ideal para entusiastas que exigen practicidad y rendimiento en un solo paquete. <\/p>\n<hr>\n<h4><strong>Especificaciones t\u00e9cnicas (DJI Flip (DJI RC 2))<\/strong><\/h4>\n<ul>\n<li><strong>Peso (avi\u00f3n):<\/strong> 249 g (aprox.)<\/li>\n<li><strong>Control remoto:<\/strong> DJI RC 2 con pantalla de 5,5&#8243; (resoluci\u00f3n 1080p, 700 nits)<\/li>\n<li><strong>Sensor de c\u00e1mara:<\/strong> CMOS de 1\/1,3&#8243;, 48 MP, v\u00eddeo HDR de hasta 4K\/60 fps, c\u00e1mara lenta 4K\/100 fps<\/li>\n<li><strong>Protectores de h\u00e9lice:<\/strong> Plegable, cobertura total<\/li>\n<li><strong>Distancia de transmisi\u00f3n:<\/strong> Hasta 13 km a 1080p\/60 fps<\/li>\n<li><strong>Bater\u00eda de vuelo:<\/strong> Hasta 31 minutos de duraci\u00f3n de la bater\u00eda<\/li>\n<li><strong>Modos inteligentes:<\/strong> MasterShots, Hyperlapse, FocusTrack, etc.<\/li>\n<li><strong>Conectividad:<\/strong> Wi-Fi, Bluetooth, control por voz (ingl\u00e9s\/chino)<\/li>\n<li><strong>Rango de temperatura de funcionamiento:<\/strong> 0\u201340 \u00b0C (aprox.)<\/li>\n<\/ul>\n<hr>\n<h4><strong>Informaci\u00f3n adicional<\/strong><\/h4>\n<p>Nota: Comprueba la disponibilidad de accesorios adicionales, como el centro de carga o los filtros ND, que pueden venderse por separado. Respete siempre las reglas y regulaciones de vuelo locales. <\/p>\n","protected":false},"excerpt":{"rendered":"<p>DJI Flip (DJI RC 2) Funciones DJI Flip Aircraft con control remoto DJI RC 2Viene con el DJI RC 2,<\/p>\n","protected":false},"featured_media":43551,"comment_status":"closed","ping_status":"closed","template":"","meta":{"_acf_changed":false},"product_brand":[187],"product_cat":[313],"product_tag":[],"class_list":{"0":"post-72334","1":"product","2":"type-product","3":"status-publish","4":"has-post-thumbnail","6":"product_brand-dji","7":"product_cat-drones-2","8":"pa_cartoes-memoria-compativeis-microsd","9":"pa_resolucao-de-video-4k","10":"pa_resolucao-mp-48-mp","11":"pa_sensor-1-1-3-polegadas","13":"first","14":"instock","15":"sale","16":"taxable","17":"shipping-taxable","18":"purchasable","19":"product-type-simple"},"bundled_by":[],"bundle_stock_status":"instock","bundle_stock_quantity":3,"bundle_virtual":false,"bundle_layout":"","bundle_add_to_cart_form_location":"","bundle_editable_in_cart":false,"bundle_sold_individually_context":"","bundle_item_grouping":"","bundle_min_size":"","bundle_max_size":"","bundle_price":[],"bundled_items":[],"bundle_sell_ids":[],"acf":[],"_links":{"self":[{"href":"https:\/\/hi-techwonder.com\/es\/wp-json\/wp\/v2\/product\/72334","targetHints":{"allow":["GET"]}}],"collection":[{"href":"https:\/\/hi-techwonder.com\/es\/wp-json\/wp\/v2\/product"}],"about":[{"href":"https:\/\/hi-techwonder.com\/es\/wp-json\/wp\/v2\/types\/product"}],"replies":[{"embeddable":true,"href":"https:\/\/hi-techwonder.com\/es\/wp-json\/wp\/v2\/comments?post=72334"}],"wp:featuredmedia":[{"embeddable":true,"href":"https:\/\/hi-techwonder.com\/es\/wp-json\/wp\/v2\/media\/43551"}],"wp:attachment":[{"href":"https:\/\/hi-techwonder.com\/es\/wp-json\/wp\/v2\/media?parent=72334"}],"wp:term":[{"taxonomy":"product_brand","embeddable":true,"href":"https:\/\/hi-techwonder.com\/es\/wp-json\/wp\/v2\/product_brand?post=72334"},{"taxonomy":"product_cat","embeddable":true,"href":"https:\/\/hi-techwonder.com\/es\/wp-json\/wp\/v2\/product_cat?post=72334"},{"taxonomy":"product_tag","embeddable":true,"href":"https:\/\/hi-techwonder.com\/es\/wp-json\/wp\/v2\/product_tag?post=72334"}],"curies":[{"name":"wp","href":"https:\/\/api.w.org\/{rel}","templated":true}]}}