{"id":72338,"date":"2025-07-29T10:45:05","date_gmt":"2025-07-29T10:45:05","guid":{"rendered":"https:\/\/fv6qoy3ls0.wpdns.site\/produto\/dji-r-cable-de-control-multicamara-mini-usb-30-cm\/"},"modified":"2025-07-29T10:45:05","modified_gmt":"2025-07-29T10:45:05","slug":"dji-r-cable-de-control-multicamara-mini-usb-30-cm","status":"publish","type":"product","link":"https:\/\/hi-techwonder.com\/es\/producto\/dji-r-cable-de-control-multicamara-mini-usb-30-cm\/","title":{"rendered":"DJI R &#8211; Cable de control multic\u00e1mara mini-USB (30 cm)"},"content":{"rendered":"<p>El cable de control multic\u00e1mara DJI R (Mini-USB) conecta una c\u00e1mara con un puerto Mini-USB al puerto de control DJI RS 2\/DJI RSC 2 para el control de la c\u00e1mara.<br style=\"box-sizing: inherit; color: #666666; font-family: Roboto, sans-serif; font-size: 14px; letter-spacing: 1px; background-color: #ffffff;\"><br style=\"box-sizing: inherit; color: #666666; font-family: Roboto, sans-serif; font-size: 14px; letter-spacing: 1px; background-color: #ffffff;\">Especificaciones &#8211; Longitud: 30 cm<br style=\"box-sizing: inherit; color: #666666; font-family: Roboto, sans-serif; font-size: 14px; letter-spacing: 1px; background-color: #ffffff;\"><br style=\"box-sizing: inherit; color: #666666; font-family: Roboto, sans-serif; font-size: 14px; letter-spacing: 1px; background-color: #ffffff;\">Compatibilidad:<br style=\"box-sizing: inherit; color: #666666; font-family: Roboto, sans-serif; font-size: 14px; letter-spacing: 1px; background-color: #ffffff;\"><br style=\"box-sizing: inherit; color: #666666; font-family: Roboto, sans-serif; font-size: 14px; letter-spacing: 1px; background-color: #ffffff;\">&#8211; DJI RS 2<br style=\"box-sizing: inherit; color: #666666; font-family: Roboto, sans-serif; font-size: 14px; letter-spacing: 1px; background-color: #ffffff;\">&#8211; DJI RSC 2<\/p>\n","protected":false},"excerpt":{"rendered":"<p>El cable de control multic\u00e1mara DJI R (Mini-USB) conecta una c\u00e1mara con un puerto Mini-USB al puerto de control DJI<\/p>\n","protected":false},"featured_media":66962,"comment_status":"closed","ping_status":"open","template":"","meta":{"_acf_changed":false},"product_brand":[2542],"product_cat":[1102],"product_tag":[],"class_list":{"0":"post-72338","1":"product","2":"type-product","3":"status-publish","4":"has-post-thumbnail","6":"product_brand-dji-es","7":"product_cat-cables-y-conversores","9":"first","10":"instock","11":"taxable","12":"shipping-taxable","13":"purchasable","14":"product-type-simple"},"bundled_by":[],"bundle_stock_status":"instock","bundle_stock_quantity":1,"bundle_virtual":false,"bundle_layout":"","bundle_add_to_cart_form_location":"","bundle_editable_in_cart":false,"bundle_sold_individually_context":"","bundle_item_grouping":"","bundle_min_size":"","bundle_max_size":"","bundle_price":[],"bundled_items":[],"bundle_sell_ids":[],"acf":[],"_links":{"self":[{"href":"https:\/\/hi-techwonder.com\/es\/wp-json\/wp\/v2\/product\/72338","targetHints":{"allow":["GET"]}}],"collection":[{"href":"https:\/\/hi-techwonder.com\/es\/wp-json\/wp\/v2\/product"}],"about":[{"href":"https:\/\/hi-techwonder.com\/es\/wp-json\/wp\/v2\/types\/product"}],"replies":[{"embeddable":true,"href":"https:\/\/hi-techwonder.com\/es\/wp-json\/wp\/v2\/comments?post=72338"}],"wp:featuredmedia":[{"embeddable":true,"href":"https:\/\/hi-techwonder.com\/es\/wp-json\/wp\/v2\/media\/66962"}],"wp:attachment":[{"href":"https:\/\/hi-techwonder.com\/es\/wp-json\/wp\/v2\/media?parent=72338"}],"wp:term":[{"taxonomy":"product_brand","embeddable":true,"href":"https:\/\/hi-techwonder.com\/es\/wp-json\/wp\/v2\/product_brand?post=72338"},{"taxonomy":"product_cat","embeddable":true,"href":"https:\/\/hi-techwonder.com\/es\/wp-json\/wp\/v2\/product_cat?post=72338"},{"taxonomy":"product_tag","embeddable":true,"href":"https:\/\/hi-techwonder.com\/es\/wp-json\/wp\/v2\/product_tag?post=72338"}],"curies":[{"name":"wp","href":"https:\/\/api.w.org\/{rel}","templated":true}]}}