{"id":72345,"date":"2025-07-28T23:29:37","date_gmt":"2025-07-28T23:29:37","guid":{"rendered":"https:\/\/fv6qoy3ls0.wpdns.site\/produto\/bateria-duracell-dmw-blh7-700mah\/"},"modified":"2026-01-31T03:54:04","modified_gmt":"2026-01-31T03:54:04","slug":"duracell-bateria-duracell-dmw-blh7-700mah","status":"publish","type":"product","link":"https:\/\/hi-techwonder.com\/es\/producto\/duracell-bateria-duracell-dmw-blh7-700mah\/","title":{"rendered":"Bater\u00eda DURACELL DMW-BLH7 &#8211; 700mAh"},"content":{"rendered":"<p><span style=\"font-size: small\"><strong>Bater\u00eda DURACELL DMW-BLH7 &#8211; 700mAh<\/strong><\/span><\/p>\n<p><strong>RES\u00daMENES<\/strong><\/p>\n<ul>\n<li>Qu\u00edmica de la bater\u00eda: Iones recargables, Nuevo tipo de recargables que dan un mejor rendimiento que los recargables actuales.<\/li>\n<li>Voltaje: 7,4 V<\/li>\n<li>Capacidad: 700 mAh<\/li>\n<li>Potencia de salida: 5 Wh<\/li>\n<li>Peso: 29g<\/li>\n<li>Dimensiones: 42 mm x 36 mm x 11 mm<\/li>\n<\/ul>\n<p>Bater\u00eda recargable de c\u00e1mara digital Duracell de alta calidad. Las bater\u00edas para c\u00e1maras digitales y videoc\u00e1maras Duracell est\u00e1n construidas con los m\u00e1s altos est\u00e1ndares posibles, como cabr\u00eda esperar de una marca tan confiable, y tienen una garant\u00eda limitada de 3 a\u00f1os. <\/p>\n<p>Cada bater\u00eda est\u00e1 garantizada &#8216;sin efecto memoria&#8217;. Los productos Duracell est\u00e1n dise\u00f1ados para ofrecer la m\u00e1xima potencia. <\/p>\n<p>Sean cuales sean sus necesidades de energ\u00eda, durar\u00e1 m\u00e1s con Duracell.<\/p>\n<ul>\n<li>Se adapta a Panasonic <a href=\"https:\/\/hi-techwonder.com\/panasonic-lumix-dc-gx800-_-12-32mm-f\/3_5-5_6-asph\" target=\"_blank\" rel=\"noopener\">GX800<\/a> GF7, GM1, GM5<\/li>\n<\/ul>\n","protected":false},"excerpt":{"rendered":"<p>Bater\u00eda DURACELL DMW-BLH7 &#8211; 700mAh RES\u00daMENES Qu\u00edmica de la bater\u00eda: Iones recargables, Nuevo tipo de recargables que dan un mejor<\/p>\n","protected":false},"featured_media":22773,"comment_status":"closed","ping_status":"closed","template":"","meta":{"_acf_changed":false},"product_brand":[2557],"product_cat":[862],"product_tag":[],"class_list":{"0":"post-72345","1":"product","2":"type-product","3":"status-publish","4":"has-post-thumbnail","6":"product_brand-duracell-es","7":"product_cat-panasonic-es","9":"first","10":"instock","11":"taxable","12":"shipping-taxable","13":"purchasable","14":"product-type-simple"},"bundled_by":[],"bundle_stock_status":"instock","bundle_stock_quantity":1,"bundle_virtual":false,"bundle_layout":"","bundle_add_to_cart_form_location":"","bundle_editable_in_cart":false,"bundle_sold_individually_context":"","bundle_item_grouping":"","bundle_min_size":"","bundle_max_size":"","bundle_price":[],"bundled_items":[],"bundle_sell_ids":[],"acf":[],"_links":{"self":[{"href":"https:\/\/hi-techwonder.com\/es\/wp-json\/wp\/v2\/product\/72345","targetHints":{"allow":["GET"]}}],"collection":[{"href":"https:\/\/hi-techwonder.com\/es\/wp-json\/wp\/v2\/product"}],"about":[{"href":"https:\/\/hi-techwonder.com\/es\/wp-json\/wp\/v2\/types\/product"}],"replies":[{"embeddable":true,"href":"https:\/\/hi-techwonder.com\/es\/wp-json\/wp\/v2\/comments?post=72345"}],"wp:featuredmedia":[{"embeddable":true,"href":"https:\/\/hi-techwonder.com\/es\/wp-json\/wp\/v2\/media\/22773"}],"wp:attachment":[{"href":"https:\/\/hi-techwonder.com\/es\/wp-json\/wp\/v2\/media?parent=72345"}],"wp:term":[{"taxonomy":"product_brand","embeddable":true,"href":"https:\/\/hi-techwonder.com\/es\/wp-json\/wp\/v2\/product_brand?post=72345"},{"taxonomy":"product_cat","embeddable":true,"href":"https:\/\/hi-techwonder.com\/es\/wp-json\/wp\/v2\/product_cat?post=72345"},{"taxonomy":"product_tag","embeddable":true,"href":"https:\/\/hi-techwonder.com\/es\/wp-json\/wp\/v2\/product_tag?post=72345"}],"curies":[{"name":"wp","href":"https:\/\/api.w.org\/{rel}","templated":true}]}}