{"id":72377,"date":"2025-07-29T10:56:59","date_gmt":"2025-07-29T10:56:59","guid":{"rendered":"https:\/\/fv6qoy3ls0.wpdns.site\/produto\/abrazadera-de-accesorios-de-cardan-feelworld\/"},"modified":"2026-01-31T01:21:00","modified_gmt":"2026-01-31T01:21:00","slug":"feelworld-abrazadera-de-accesorios-de-cardan-feelworld","status":"publish","type":"product","link":"https:\/\/hi-techwonder.com\/es\/producto\/feelworld-abrazadera-de-accesorios-de-cardan-feelworld\/","title":{"rendered":"Abrazadera de accesorios de card\u00e1n FEELWORLD"},"content":{"rendered":"<p><strong>Abrazadera de accesorios de card\u00e1n<\/strong><br \/><strong><br \/>Compatibilidades:<\/strong><\/p>\n<ul>\n<li>DJI Ronin-S<\/li>\n<li>Gr\u00faa Zhiyun-Tech-2<\/li>\n<li>Cuenta A1  <\/li>\n<\/ul>\n<p><strong><br \/>Resistente y fabricado en aleaci\u00f3n de aluminio<\/strong><br \/>Esta abrazadera resistente y duradera, construida con un dise\u00f1o simple y hermoso, est\u00e1 dise\u00f1ada para que pueda montarse en los estabilizadores, lo que le permite montar otros accesorios.<\/p>\n<p><strong>Caucho interior<\/strong><br \/>El interior del brazalete contiene una alfombrilla de goma para evitar que se raye el estabilizador.<br \/><strong><br \/>Permite el montaje de accesorios <\/strong><br \/>Incluye varios orificios de 1\/4&#8243; y 3\/8&#8243; para que puedas montar f\u00e1cilmente accesorios, como un micr\u00f3fono, un monitor, una luz LED, etc.<\/p>\n","protected":false},"excerpt":{"rendered":"<p>Abrazadera de accesorios de card\u00e1nCompatibilidades: DJI Ronin-S Gr\u00faa Zhiyun-Tech-2 Cuenta A1 Resistente y fabricado en aleaci\u00f3n de aluminioEsta abrazadera resistente<\/p>\n","protected":false},"featured_media":69951,"comment_status":"closed","ping_status":"open","template":"","meta":{"_acf_changed":false},"product_brand":[2573],"product_cat":[1113],"product_tag":[],"class_list":{"0":"post-72377","1":"product","2":"type-product","3":"status-publish","4":"has-post-thumbnail","6":"product_brand-feelworld-es","7":"product_cat-accesorios-gimbals-video","9":"first","10":"instock","11":"taxable","12":"shipping-taxable","13":"purchasable","14":"product-type-simple"},"bundled_by":[],"bundle_stock_status":"instock","bundle_stock_quantity":1,"bundle_virtual":false,"bundle_layout":"","bundle_add_to_cart_form_location":"","bundle_editable_in_cart":false,"bundle_sold_individually_context":"","bundle_item_grouping":"","bundle_min_size":"","bundle_max_size":"","bundle_price":[],"bundled_items":[],"bundle_sell_ids":[],"acf":[],"_links":{"self":[{"href":"https:\/\/hi-techwonder.com\/es\/wp-json\/wp\/v2\/product\/72377","targetHints":{"allow":["GET"]}}],"collection":[{"href":"https:\/\/hi-techwonder.com\/es\/wp-json\/wp\/v2\/product"}],"about":[{"href":"https:\/\/hi-techwonder.com\/es\/wp-json\/wp\/v2\/types\/product"}],"replies":[{"embeddable":true,"href":"https:\/\/hi-techwonder.com\/es\/wp-json\/wp\/v2\/comments?post=72377"}],"wp:featuredmedia":[{"embeddable":true,"href":"https:\/\/hi-techwonder.com\/es\/wp-json\/wp\/v2\/media\/69951"}],"wp:attachment":[{"href":"https:\/\/hi-techwonder.com\/es\/wp-json\/wp\/v2\/media?parent=72377"}],"wp:term":[{"taxonomy":"product_brand","embeddable":true,"href":"https:\/\/hi-techwonder.com\/es\/wp-json\/wp\/v2\/product_brand?post=72377"},{"taxonomy":"product_cat","embeddable":true,"href":"https:\/\/hi-techwonder.com\/es\/wp-json\/wp\/v2\/product_cat?post=72377"},{"taxonomy":"product_tag","embeddable":true,"href":"https:\/\/hi-techwonder.com\/es\/wp-json\/wp\/v2\/product_tag?post=72377"}],"curies":[{"name":"wp","href":"https:\/\/api.w.org\/{rel}","templated":true}]}}